{"id":14816,"date":"2022-11-04T11:30:11","date_gmt":"2022-11-04T10:30:11","guid":{"rendered":"https:\/\/www.ile-blanche.com\/le-parc-aquatique\/"},"modified":"2022-11-10T17:36:12","modified_gmt":"2022-11-10T16:36:12","slug":"el-parque-acuatico","status":"publish","type":"page","link":"https:\/\/www.ile-blanche.com\/es\/el-parque-acuatico\/","title":{"rendered":"Le parc aquatique"},"content":{"rendered":"<section id=\"ls-section-block_5d2147c53576ab95a160178f752c99c1\" class=\"ls-section  page-one home-fourth m-b-0\" >\n        <div class=\"container container--wide\">\n        \n\n<div class=\"wp-block-columns are-vertically-aligned-center is-layout-flex wp-container-core-columns-is-layout-9d6595d7 wp-block-columns-is-layout-flex\">\n<div class=\"wp-block-column is-vertically-aligned-center is-layout-flow wp-block-column-is-layout-flow\">\n<iframe loading=\"lazy\" title=\"Zona acu\u00e1tica - Camping \u00cele Blanche (\u00cele de R\u00e9)\" width=\"100%\" height=\"450\" src=\"https:\/\/www.youtube.com\/embed\/ev2OLT3nvlU?feature=oembed\" frameborder=\"0\" allow=\"accelerometer; autoplay; clipboard-write; encrypted-media; gyroscope; picture-in-picture\" allowfullscreen=\"\" class=\"video\"><\/iframe>\n<\/div>\n\n\n\n<div class=\"wp-block-column is-vertically-aligned-center is-layout-flow wp-block-column-is-layout-flow\">\n<h1 class=\"ls-heading wp-block-heading\">CAMPING CON PISCINA EN LA ISLA DE R\u00c9 EN CHARENTE-MARITIME<\/h1>\n\n\n\n<p class=\"ls-paragraph\">Alojarse en un camping de <strong>la isla de R\u00e9 con piscina<\/strong> es la guinda del pastel. Aunque estamos rodeados por el oc\u00e9ano, la imagen de las vacaciones estar\u00eda incompleta sin una piscina de agua fresca de color turquesa, \u00bfno es as\u00ed?<\/p>\n\n\n\n<p class=\"ls-paragraph\">Toda la familia puede disfrutar de la piscina interior\/exterior climatizada a 28\u00b0 de abril a septiembre, de su zona de bienestar para adultos y de su zona infantil con juegos de agua. En el <a href=\"\/es\/\">camping Ile Blanche<\/a> hay algo para toda la familia.<\/p>\n<\/div>\n<\/div>\n\n\n    <\/div>\n<\/section>\n\n<section id=\"ls-section-block_da383c28ac810947a936946e1f877cbf\" class=\"ls-section  page-two home-second has-background has-color-4-background-color\" >\n        <div class=\"container container--full\">\n        \n\n<div class=\"wp-block-columns are-vertically-aligned-center m-b-8 is-layout-flex wp-container-core-columns-is-layout-9d6595d7 wp-block-columns-is-layout-flex\">\n<div class=\"wp-block-column is-vertically-aligned-center column-left is-layout-flow wp-block-column-is-layout-flow\" style=\"flex-basis:33.33%\">\n<h2 class=\"ls-heading wp-block-heading\">Un espacio acu\u00e1tico climatizado en el coraz\u00f3n de la isla de R\u00e9<\/h2>\n\n\n\n<p class=\"ls-paragraph\">El camping L&#8217;\u00eele Blanche dispone de <strong>una piscina cubierta y climatizada<\/strong> a 28\u00b0, un emocionante elemento acu\u00e1tico para pasar momentos inolvidables en familia, que permite ba\u00f1arse incluso en d\u00edas de lluvia. La nueva piscina ergon\u00f3mica con dos profundidades diferentes y una entrada adaptada gustar\u00e1 a todos.<\/p>\n\n\n\n<p class=\"ls-paragraph\">Los campistas que vienen a alojarse en un c\u00f3modo alojamiento tambi\u00e9n pueden relajarse a la sombra o al sol en las tumbonas de la piscina. En temporada alta, durante las vacaciones escolares, se ofrecen actividades como pilates, aquagym y meditaci\u00f3n-automasaje.<br>Nuestra zona acu\u00e1tica fue completamente renovada en 2022.<\/p>\n<\/div>\n\n\n\n<div class=\"wp-block-column is-vertically-aligned-center is-layout-flow wp-block-column-is-layout-flow\" style=\"flex-basis:66.66%\">\n<figure class=\"wp-block-gallery has-nested-images columns-1 is-cropped galerie-image wp-block-gallery-1 is-layout-flex wp-block-gallery-is-layout-flex\">\n<figure class=\"wp-block-image size-full\"><a href=\"https:\/\/www.ile-blanche.com\/wp-content\/uploads\/2022\/09\/piscine-couverte-vacances-ile-de-re.jpg\"><img decoding=\"async\" width=\"900\" height=\"600\" data-id=\"13381\" src=\"https:\/\/www.ile-blanche.com\/wp-content\/uploads\/2022\/09\/piscine-couverte-vacances-ile-de-re.jpg\" alt=\"piscina cubierta vacaciones ile de re\" class=\"wp-image-13381\" srcset=\"https:\/\/www.ile-blanche.com\/wp-content\/uploads\/2022\/09\/piscine-couverte-vacances-ile-de-re.jpg 900w, https:\/\/www.ile-blanche.com\/wp-content\/uploads\/2022\/09\/piscine-couverte-vacances-ile-de-re-300x200.jpg 300w, https:\/\/www.ile-blanche.com\/wp-content\/uploads\/2022\/09\/piscine-couverte-vacances-ile-de-re-768x512.jpg 768w\" sizes=\"(max-width: 900px) 100vw, 900px\" \/><\/a><\/figure>\n\n\n\n<figure class=\"wp-block-image size-full\"><a href=\"https:\/\/www.ile-blanche.com\/wp-content\/uploads\/2022\/09\/aquagym.jpg\"><img decoding=\"async\" width=\"990\" height=\"634\" data-id=\"14182\" src=\"https:\/\/www.ile-blanche.com\/wp-content\/uploads\/2022\/09\/aquagym.jpg\" alt=\"aqua-gym\" class=\"wp-image-14182\" srcset=\"https:\/\/www.ile-blanche.com\/wp-content\/uploads\/2022\/09\/aquagym.jpg 990w, https:\/\/www.ile-blanche.com\/wp-content\/uploads\/2022\/09\/aquagym-300x192.jpg 300w, https:\/\/www.ile-blanche.com\/wp-content\/uploads\/2022\/09\/aquagym-768x492.jpg 768w\" sizes=\"(max-width: 990px) 100vw, 990px\" \/><\/a><\/figure>\n\n\n\n<figure class=\"wp-block-image size-full\"><a href=\"https:\/\/www.ile-blanche.com\/wp-content\/uploads\/2022\/09\/terrasse-piscine.jpg\"><img decoding=\"async\" width=\"990\" height=\"634\" data-id=\"13586\" src=\"https:\/\/www.ile-blanche.com\/wp-content\/uploads\/2022\/09\/terrasse-piscine.jpg\" alt=\"terraza de la piscina\" class=\"wp-image-13586\" srcset=\"https:\/\/www.ile-blanche.com\/wp-content\/uploads\/2022\/09\/terrasse-piscine.jpg 990w, https:\/\/www.ile-blanche.com\/wp-content\/uploads\/2022\/09\/terrasse-piscine-300x192.jpg 300w, https:\/\/www.ile-blanche.com\/wp-content\/uploads\/2022\/09\/terrasse-piscine-768x492.jpg 768w\" sizes=\"(max-width: 990px) 100vw, 990px\" \/><\/a><\/figure>\n\n\n\n<figure class=\"wp-block-image size-full\"><a href=\"https:\/\/www.ile-blanche.com\/wp-content\/uploads\/2022\/09\/parc-aquatique-ile-de-re.jpg\"><img decoding=\"async\" width=\"990\" height=\"634\" data-id=\"13596\" src=\"https:\/\/www.ile-blanche.com\/wp-content\/uploads\/2022\/09\/parc-aquatique-ile-de-re.jpg\" alt=\"parque acu\u00e1tico ile de re\" class=\"wp-image-13596\" srcset=\"https:\/\/www.ile-blanche.com\/wp-content\/uploads\/2022\/09\/parc-aquatique-ile-de-re.jpg 990w, https:\/\/www.ile-blanche.com\/wp-content\/uploads\/2022\/09\/parc-aquatique-ile-de-re-300x192.jpg 300w, https:\/\/www.ile-blanche.com\/wp-content\/uploads\/2022\/09\/parc-aquatique-ile-de-re-768x492.jpg 768w\" sizes=\"(max-width: 990px) 100vw, 990px\" \/><\/a><\/figure>\n<\/figure>\n<\/div>\n<\/div>\n\n\n    <\/div>\n<\/section>\n\n<section id=\"ls-section-block_39e2b84de527e9075d87140f9a6e7e12\" class=\"ls-section  home-seventh \" >\n        <div class=\"container container--full\">\n        \n\n<div class=\"wp-block-columns are-vertically-aligned-center is-layout-flex wp-container-core-columns-is-layout-9d6595d7 wp-block-columns-is-layout-flex\">\n<div class=\"wp-block-column is-vertically-aligned-center is-layout-flow wp-block-column-is-layout-flow\" style=\"flex-basis:66.66%\">\n<figure class=\"wp-block-image size-large\"><img decoding=\"async\" width=\"1024\" height=\"683\" src=\"https:\/\/www.ile-blanche.com\/wp-content\/uploads\/2022\/09\/jacuzzi-spa-ile-de-re-1024x683.jpg\" alt=\"jacuzzi spa ile de re\" class=\"wp-image-14028\" srcset=\"https:\/\/www.ile-blanche.com\/wp-content\/uploads\/2022\/09\/jacuzzi-spa-ile-de-re-1024x683.jpg 1024w, https:\/\/www.ile-blanche.com\/wp-content\/uploads\/2022\/09\/jacuzzi-spa-ile-de-re-300x200.jpg 300w, https:\/\/www.ile-blanche.com\/wp-content\/uploads\/2022\/09\/jacuzzi-spa-ile-de-re-768x512.jpg 768w, https:\/\/www.ile-blanche.com\/wp-content\/uploads\/2022\/09\/jacuzzi-spa-ile-de-re.jpg 1200w\" sizes=\"(max-width: 1024px) 100vw, 1024px\" \/><\/figure>\n<\/div>\n\n\n\n<div class=\"wp-block-column is-vertically-aligned-center column-right is-layout-flow wp-block-column-is-layout-flow\" style=\"flex-basis:33.33%\">\n<h2 class=\"ls-heading wp-block-heading\">Una zona de relajaci\u00f3n para un mayor bienestar<\/h2>\n\n\n\n<p class=\"ls-paragraph\">Para la relajaci\u00f3n de los adultos ofrecemos una zona de bienestar con <strong>jacuzzi<\/strong> <strong>sauna<\/strong> y <strong>solarium<\/strong> venga a disfrutar de las burbujas regeneradoras del <strong>Jacuzzi para 8 personas<\/strong> Desintox\u00edquese con la sauna, seguida de la ducha fr\u00eda balinesa (cardioestimulante y llena de beneficios para el cuerpo) y, finalmente, rel\u00e1jese en el sol\u00e1rium rodeado de flores y plantas para un capullo regenerador. <\/p>\n\n\n\n<p class=\"ls-paragraph\">Un merecido descanso en vacaciones, \u00a1una aut\u00e9ntica cura de recuperaci\u00f3n!<\/p>\n<\/div>\n<\/div>\n\n\n    <\/div>\n<\/section>\n\n<section id=\"ls-section-block_3695b8356bad47e402b46f1394c094d6\" class=\"ls-section  page-four has-background-image has-p-t p-t-13\" >\n    <div class=\"ls-section__background-image opacity-100\"><img decoding=\"async\" src=\"https:\/\/www.ile-blanche.com\/wp-content\/uploads\/2022\/09\/jeux-deau-camping-ile-de-re.jpg\" alt=\"jeux deau camping ile de re\"><\/div>    <div class=\"container container--wide\">\n        \n\n<h2 class=\"ls__heading has-text-align-left wp-block-heading\">Una zona infantil con juegos de agua<\/h2>\n\n\n\n<p class=\"ls-paragraph has-text-align-left\">Los ni\u00f1os tambi\u00e9n son mimados en el camping Ile Blanche con la nueva zona de <strong>juegos acu\u00e1ticos<\/strong> y su <strong>piscina infantil<\/strong> segura para los m\u00e1s peque\u00f1os. \u00a1La tortuga Lul\u00fa, la familia de mariquitas y la hipop\u00f3tamo Rose le esperan para compartir momentos inolvidables con usted y sus amigos! <\/p>\n\n\n\n<p class=\"ls-paragraph has-text-align-left\">Una zona de juegos y de ba\u00f1o ideal para divertirse.<\/p>\n\n\n    <\/div>\n<\/section>\n\n<section id=\"ls-section-block_70f73a7e93966d0adaaf5fbf33cd35d7\" class=\"ls-section  home-eighth m-b-0\" >\n        <div class=\"container container--wide\">\n        \n\n<div id=\"ls-heading ls-titre-div-block_09847cde4df809ff42566d901e213f46\" class=\"ls-titre-div aligncenter h2-like\" >\n    Acceso directo al mar y a nuestras actividades de ocio en la isla de R\u00e9<\/div>\n\n\n<div id=\"ls-maillage-block_530b42f72785781084b14206ac68f77a\" class=\"ls-maillage cta-style-normal\" data-rows=\"3\">\r\n    <div class=\"wp-block-columns\"><div class=\"wp-block-column\"><div class=\"ls-cta\">\n\n<a href=\"https:\/\/www.ile-blanche.com\/es\/playa\/\" target=\"\" rel=\"noopener\" class=\"ls-cta__link\">\n\n\t<div class=\"ls-cta__image\"><img decoding=\"async\" src=\"https:\/\/www.ile-blanche.com\/wp-content\/uploads\/2022\/08\/hebergement-bord-mer-ile-de-re.jpg\" alt=\"hebergement bord mer ile de re\"><\/div>\t<span class=\"ile-blanche-right-arrow\"><\/span>\n\t<div class=\"ls-cta__title\">\n\t\t> Playa\t<\/div>\n\n\t\n<\/a><\/div><\/div><div class=\"wp-block-column\"><div class=\"ls-cta\">\n\n<a href=\"https:\/\/www.ile-blanche.com\/es\/cafeteria-y-restaurante\/\" target=\"\" rel=\"noopener\" class=\"ls-cta__link\">\n\n\t<div class=\"ls-cta__image\"><img decoding=\"async\" src=\"https:\/\/www.ile-blanche.com\/wp-content\/uploads\/2022\/08\/restaurant-terasse-ile-de-re.jpg\" alt=\"restaurant-terrasse-ile-de-re\"><\/div>\t<span class=\"ile-blanche-right-arrow\"><\/span>\n\t<div class=\"ls-cta__title\">\n\t\t> Merienda y catering\t<\/div>\n\n\t\n<\/a><\/div><\/div><div class=\"wp-block-column\"><div class=\"ls-cta\">\n\n<a href=\"https:\/\/www.ile-blanche.com\/es\/ocio-y-entretenimiento\/\" target=\"\" rel=\"noopener\" class=\"ls-cta__link\">\n\n\t<div class=\"ls-cta__image\"><img decoding=\"async\" src=\"https:\/\/www.ile-blanche.com\/wp-content\/uploads\/2022\/09\/animation-camping-re.jpg\" alt=\"animation camping re\"><\/div>\t<span class=\"ile-blanche-right-arrow\"><\/span>\n\t<div class=\"ls-cta__title\">\n\t\t> Ocio y actividades\t<\/div>\n\n\t\n<\/a><\/div><\/div><\/div><\/div>\n\n    <\/div>\n<\/section>","protected":false},"excerpt":{"rendered":"","protected":false},"author":1,"featured_media":13376,"parent":0,"menu_order":0,"comment_status":"closed","ping_status":"closed","template":"","meta":{"_acf_changed":false,"footnotes":""},"sujet":[],"class_list":["post-14816","page","type-page","status-publish","has-post-thumbnail","hentry"],"acf":[],"yoast_head":"<!-- This site is optimized with the Yoast SEO plugin v25.3 - https:\/\/yoast.com\/wordpress\/plugins\/seo\/ -->\n<title>Camping en la Isla de R\u00e9 con piscina cubierta y climatizada en La Flotte en R\u00e9<\/title>\n<meta name=\"description\" content=\"Disfrute de un momento de relax en la piscina del camping L&#039;\u00eele Blanche. Piscina climatizada, cubierta y al aire libre\" \/>\n<meta name=\"robots\" content=\"index, follow, max-snippet:-1, max-image-preview:large, max-video-preview:-1\" \/>\n<link rel=\"canonical\" href=\"https:\/\/www.ile-blanche.com\/es\/el-parque-acuatico\/\" \/>\n<meta property=\"og:locale\" content=\"es_ES\" \/>\n<meta property=\"og:type\" content=\"article\" \/>\n<meta property=\"og:title\" content=\"Camping en la Isla de R\u00e9 con piscina cubierta y climatizada en La Flotte en R\u00e9\" \/>\n<meta property=\"og:description\" content=\"Disfrute de un momento de relax en la piscina del camping L&#039;\u00eele Blanche. Piscina climatizada, cubierta y al aire libre\" \/>\n<meta property=\"og:url\" content=\"https:\/\/www.ile-blanche.com\/es\/el-parque-acuatico\/\" \/>\n<meta property=\"og:site_name\" content=\"L&#039;\u00cele Blanche\" \/>\n<meta property=\"article:modified_time\" content=\"2022-11-10T16:36:12+00:00\" \/>\n<meta property=\"og:image\" content=\"https:\/\/www.ile-blanche.com\/wp-content\/uploads\/2022\/09\/camping-ile-de-re-piscine.jpg\" \/>\n\t<meta property=\"og:image:width\" content=\"1920\" \/>\n\t<meta property=\"og:image:height\" content=\"480\" \/>\n\t<meta property=\"og:image:type\" content=\"image\/jpeg\" \/>\n<meta name=\"twitter:card\" content=\"summary_large_image\" \/>\n<meta name=\"twitter:label1\" content=\"Tiempo de lectura\" \/>\n\t<meta name=\"twitter:data1\" content=\"3 minutos\" \/>\n<script type=\"application\/ld+json\" class=\"yoast-schema-graph\">{\"@context\":\"https:\/\/schema.org\",\"@graph\":[{\"@type\":\"WebPage\",\"@id\":\"https:\/\/www.ile-blanche.com\/es\/el-parque-acuatico\/\",\"url\":\"https:\/\/www.ile-blanche.com\/es\/el-parque-acuatico\/\",\"name\":\"Camping en la Isla de R\u00e9 con piscina cubierta y climatizada en La Flotte en R\u00e9\",\"isPartOf\":{\"@id\":\"https:\/\/www.ile-blanche.com\/es\/#website\"},\"primaryImageOfPage\":{\"@id\":\"https:\/\/www.ile-blanche.com\/es\/el-parque-acuatico\/#primaryimage\"},\"image\":{\"@id\":\"https:\/\/www.ile-blanche.com\/es\/el-parque-acuatico\/#primaryimage\"},\"thumbnailUrl\":\"https:\/\/www.ile-blanche.com\/wp-content\/uploads\/2022\/09\/camping-ile-de-re-piscine.jpg\",\"datePublished\":\"2022-11-04T10:30:11+00:00\",\"dateModified\":\"2022-11-10T16:36:12+00:00\",\"description\":\"Disfrute de un momento de relax en la piscina del camping L'\u00eele Blanche. Piscina climatizada, cubierta y al aire libre\",\"breadcrumb\":{\"@id\":\"https:\/\/www.ile-blanche.com\/es\/el-parque-acuatico\/#breadcrumb\"},\"inLanguage\":\"es\",\"potentialAction\":[{\"@type\":\"ReadAction\",\"target\":[\"https:\/\/www.ile-blanche.com\/es\/el-parque-acuatico\/\"]}]},{\"@type\":\"ImageObject\",\"inLanguage\":\"es\",\"@id\":\"https:\/\/www.ile-blanche.com\/es\/el-parque-acuatico\/#primaryimage\",\"url\":\"https:\/\/www.ile-blanche.com\/wp-content\/uploads\/2022\/09\/camping-ile-de-re-piscine.jpg\",\"contentUrl\":\"https:\/\/www.ile-blanche.com\/wp-content\/uploads\/2022\/09\/camping-ile-de-re-piscine.jpg\",\"width\":1920,\"height\":480,\"caption\":\"camping ile de re piscine\"},{\"@type\":\"BreadcrumbList\",\"@id\":\"https:\/\/www.ile-blanche.com\/es\/el-parque-acuatico\/#breadcrumb\",\"itemListElement\":[{\"@type\":\"ListItem\",\"position\":1,\"name\":\"Camping Isla de Re\",\"item\":\"https:\/\/www.ile-blanche.com\/es\/\"},{\"@type\":\"ListItem\",\"position\":2,\"name\":\"Camping con piscina Ile de R\u00e9\"}]},{\"@type\":\"WebSite\",\"@id\":\"https:\/\/www.ile-blanche.com\/es\/#website\",\"url\":\"https:\/\/www.ile-blanche.com\/es\/\",\"name\":\"L'\u00cele Blanche\",\"description\":\"\",\"publisher\":{\"@id\":\"https:\/\/www.ile-blanche.com\/es\/#organization\"},\"potentialAction\":[{\"@type\":\"SearchAction\",\"target\":{\"@type\":\"EntryPoint\",\"urlTemplate\":\"https:\/\/www.ile-blanche.com\/es\/?s={search_term_string}\"},\"query-input\":{\"@type\":\"PropertyValueSpecification\",\"valueRequired\":true,\"valueName\":\"search_term_string\"}}],\"inLanguage\":\"es\"},{\"@type\":\"Organization\",\"@id\":\"https:\/\/www.ile-blanche.com\/es\/#organization\",\"name\":\"L'\u00cele Blanche\",\"url\":\"https:\/\/www.ile-blanche.com\/es\/\",\"logo\":{\"@type\":\"ImageObject\",\"inLanguage\":\"es\",\"@id\":\"https:\/\/www.ile-blanche.com\/es\/#\/schema\/logo\/image\/\",\"url\":\"https:\/\/www.ile-blanche.com\/wp-content\/uploads\/2022\/06\/cropped-logo-alt-ile-blanche.png\",\"contentUrl\":\"https:\/\/www.ile-blanche.com\/wp-content\/uploads\/2022\/06\/cropped-logo-alt-ile-blanche.png\",\"width\":512,\"height\":512,\"caption\":\"L'\u00cele Blanche\"},\"image\":{\"@id\":\"https:\/\/www.ile-blanche.com\/es\/#\/schema\/logo\/image\/\"}}]}<\/script>\n<!-- \/ Yoast SEO plugin. -->","yoast_head_json":{"title":"Camping en la Isla de R\u00e9 con piscina cubierta y climatizada en La Flotte en R\u00e9","description":"Disfrute de un momento de relax en la piscina del camping L'\u00eele Blanche. Piscina climatizada, cubierta y al aire libre","robots":{"index":"index","follow":"follow","max-snippet":"max-snippet:-1","max-image-preview":"max-image-preview:large","max-video-preview":"max-video-preview:-1"},"canonical":"https:\/\/www.ile-blanche.com\/es\/el-parque-acuatico\/","og_locale":"es_ES","og_type":"article","og_title":"Camping en la Isla de R\u00e9 con piscina cubierta y climatizada en La Flotte en R\u00e9","og_description":"Disfrute de un momento de relax en la piscina del camping L'\u00eele Blanche. Piscina climatizada, cubierta y al aire libre","og_url":"https:\/\/www.ile-blanche.com\/es\/el-parque-acuatico\/","og_site_name":"L&#039;\u00cele Blanche","article_modified_time":"2022-11-10T16:36:12+00:00","og_image":[{"width":1920,"height":480,"url":"https:\/\/www.ile-blanche.com\/wp-content\/uploads\/2022\/09\/camping-ile-de-re-piscine.jpg","type":"image\/jpeg"}],"twitter_card":"summary_large_image","twitter_misc":{"Tiempo de lectura":"3 minutos"},"schema":{"@context":"https:\/\/schema.org","@graph":[{"@type":"WebPage","@id":"https:\/\/www.ile-blanche.com\/es\/el-parque-acuatico\/","url":"https:\/\/www.ile-blanche.com\/es\/el-parque-acuatico\/","name":"Camping en la Isla de R\u00e9 con piscina cubierta y climatizada en La Flotte en R\u00e9","isPartOf":{"@id":"https:\/\/www.ile-blanche.com\/es\/#website"},"primaryImageOfPage":{"@id":"https:\/\/www.ile-blanche.com\/es\/el-parque-acuatico\/#primaryimage"},"image":{"@id":"https:\/\/www.ile-blanche.com\/es\/el-parque-acuatico\/#primaryimage"},"thumbnailUrl":"https:\/\/www.ile-blanche.com\/wp-content\/uploads\/2022\/09\/camping-ile-de-re-piscine.jpg","datePublished":"2022-11-04T10:30:11+00:00","dateModified":"2022-11-10T16:36:12+00:00","description":"Disfrute de un momento de relax en la piscina del camping L'\u00eele Blanche. Piscina climatizada, cubierta y al aire libre","breadcrumb":{"@id":"https:\/\/www.ile-blanche.com\/es\/el-parque-acuatico\/#breadcrumb"},"inLanguage":"es","potentialAction":[{"@type":"ReadAction","target":["https:\/\/www.ile-blanche.com\/es\/el-parque-acuatico\/"]}]},{"@type":"ImageObject","inLanguage":"es","@id":"https:\/\/www.ile-blanche.com\/es\/el-parque-acuatico\/#primaryimage","url":"https:\/\/www.ile-blanche.com\/wp-content\/uploads\/2022\/09\/camping-ile-de-re-piscine.jpg","contentUrl":"https:\/\/www.ile-blanche.com\/wp-content\/uploads\/2022\/09\/camping-ile-de-re-piscine.jpg","width":1920,"height":480,"caption":"camping ile de re piscine"},{"@type":"BreadcrumbList","@id":"https:\/\/www.ile-blanche.com\/es\/el-parque-acuatico\/#breadcrumb","itemListElement":[{"@type":"ListItem","position":1,"name":"Camping Isla de Re","item":"https:\/\/www.ile-blanche.com\/es\/"},{"@type":"ListItem","position":2,"name":"Camping con piscina Ile de R\u00e9"}]},{"@type":"WebSite","@id":"https:\/\/www.ile-blanche.com\/es\/#website","url":"https:\/\/www.ile-blanche.com\/es\/","name":"L'\u00cele Blanche","description":"","publisher":{"@id":"https:\/\/www.ile-blanche.com\/es\/#organization"},"potentialAction":[{"@type":"SearchAction","target":{"@type":"EntryPoint","urlTemplate":"https:\/\/www.ile-blanche.com\/es\/?s={search_term_string}"},"query-input":{"@type":"PropertyValueSpecification","valueRequired":true,"valueName":"search_term_string"}}],"inLanguage":"es"},{"@type":"Organization","@id":"https:\/\/www.ile-blanche.com\/es\/#organization","name":"L'\u00cele Blanche","url":"https:\/\/www.ile-blanche.com\/es\/","logo":{"@type":"ImageObject","inLanguage":"es","@id":"https:\/\/www.ile-blanche.com\/es\/#\/schema\/logo\/image\/","url":"https:\/\/www.ile-blanche.com\/wp-content\/uploads\/2022\/06\/cropped-logo-alt-ile-blanche.png","contentUrl":"https:\/\/www.ile-blanche.com\/wp-content\/uploads\/2022\/06\/cropped-logo-alt-ile-blanche.png","width":512,"height":512,"caption":"L'\u00cele Blanche"},"image":{"@id":"https:\/\/www.ile-blanche.com\/es\/#\/schema\/logo\/image\/"}}]}},"_links":{"self":[{"href":"https:\/\/www.ile-blanche.com\/es\/wp-json\/wp\/v2\/pages\/14816","targetHints":{"allow":["GET"]}}],"collection":[{"href":"https:\/\/www.ile-blanche.com\/es\/wp-json\/wp\/v2\/pages"}],"about":[{"href":"https:\/\/www.ile-blanche.com\/es\/wp-json\/wp\/v2\/types\/page"}],"author":[{"embeddable":true,"href":"https:\/\/www.ile-blanche.com\/es\/wp-json\/wp\/v2\/users\/1"}],"replies":[{"embeddable":true,"href":"https:\/\/www.ile-blanche.com\/es\/wp-json\/wp\/v2\/comments?post=14816"}],"version-history":[{"count":8,"href":"https:\/\/www.ile-blanche.com\/es\/wp-json\/wp\/v2\/pages\/14816\/revisions"}],"predecessor-version":[{"id":16470,"href":"https:\/\/www.ile-blanche.com\/es\/wp-json\/wp\/v2\/pages\/14816\/revisions\/16470"}],"wp:featuredmedia":[{"embeddable":true,"href":"https:\/\/www.ile-blanche.com\/es\/wp-json\/wp\/v2\/media\/13376"}],"wp:attachment":[{"href":"https:\/\/www.ile-blanche.com\/es\/wp-json\/wp\/v2\/media?parent=14816"}],"wp:term":[{"taxonomy":"sujet","embeddable":true,"href":"https:\/\/www.ile-blanche.com\/es\/wp-json\/wp\/v2\/sujet?post=14816"}],"curies":[{"name":"wp","href":"https:\/\/api.w.org\/{rel}","templated":true}]}}