{"id":14807,"date":"2022-11-04T10:59:08","date_gmt":"2022-11-04T09:59:08","guid":{"rendered":"https:\/\/www.ile-blanche.com\/contact-et-acces\/"},"modified":"2022-11-08T12:34:57","modified_gmt":"2022-11-08T11:34:57","slug":"contacto-y-acceso","status":"publish","type":"page","link":"https:\/\/www.ile-blanche.com\/es\/contacto-y-acceso\/","title":{"rendered":"Contact et acc\u00e8s"},"content":{"rendered":"<section id=\"ls-section-block_9ef3d2cbb43f82f3bfda7db83912fa77\" class=\"ls-section  has-background has-color-white-background-color has-p-b p-b-0\" >\n        <div class=\"container \">\n        \n\n<h1 class=\"ls__heading has-text-align-center wp-block-heading\">CONTACTO E INFORMACI\u00d3N<\/h1>\n\n\n    <\/div>\n<\/section>\n\n<section id=\"ls-section-block_23a2480cce02a61864c2d6e8a5cb29d7\" class=\"ls-section  has-background has-color-4-background-color\" >\n        <div class=\"container container--wide\">\n        \n\n<div class=\"wp-block-columns is-layout-flex wp-container-core-columns-is-layout-9d6595d7 wp-block-columns-is-layout-flex\">\n<div class=\"wp-block-column is-layout-flow wp-block-column-is-layout-flow\">\n<div class=\"wpcf7 no-js\" id=\"wpcf7-f14999-o1\" lang=\"fr-FR\" dir=\"ltr\">\n<div class=\"screen-reader-response\"><p role=\"status\" aria-live=\"polite\" aria-atomic=\"true\"><\/p> <ul><\/ul><\/div>\n<form action=\"\/es\/wp-json\/wp\/v2\/pages\/14807#wpcf7-f14999-o1\" method=\"post\" class=\"wpcf7-form init\" aria-label=\"Formulaire de contact\" novalidate=\"novalidate\" data-status=\"init\">\n<div style=\"display: none;\">\n<input type=\"hidden\" name=\"_wpcf7\" value=\"14999\" \/>\n<input type=\"hidden\" name=\"_wpcf7_version\" value=\"5.9.8\" \/>\n<input type=\"hidden\" name=\"_wpcf7_locale\" value=\"fr_FR\" \/>\n<input type=\"hidden\" name=\"_wpcf7_unit_tag\" value=\"wpcf7-f14999-o1\" \/>\n<input type=\"hidden\" name=\"_wpcf7_container_post\" value=\"0\" \/>\n<input type=\"hidden\" name=\"_wpcf7_posted_data_hash\" value=\"\" \/>\n<input type=\"hidden\" name=\"_wpcf7_recaptcha_response\" value=\"\" \/>\n<\/div>\n<p><label> Su nombre<br \/>\n<span class=\"wpcf7-form-control-wrap\" data-name=\"your-name\"><input size=\"40\" maxlength=\"400\" class=\"wpcf7-form-control wpcf7-text wpcf7-validates-as-required\" aria-required=\"true\" aria-invalid=\"false\" value=\"\" type=\"text\" name=\"your-name\" \/><\/span> <\/label>\n<\/p>\n<p><label> Su correo electr\u00f3nico<br \/>\n<span class=\"wpcf7-form-control-wrap\" data-name=\"your-email\"><input size=\"40\" maxlength=\"400\" class=\"wpcf7-form-control wpcf7-email wpcf7-validates-as-required wpcf7-text wpcf7-validates-as-email\" aria-required=\"true\" aria-invalid=\"false\" value=\"\" type=\"email\" name=\"your-email\" \/><\/span> <\/label>\n<\/p>\n<p><label> Asunto<br \/>\n<span class=\"wpcf7-form-control-wrap\" data-name=\"your-subject\"><input size=\"40\" maxlength=\"400\" class=\"wpcf7-form-control wpcf7-text wpcf7-validates-as-required\" aria-required=\"true\" aria-invalid=\"false\" value=\"\" type=\"text\" name=\"your-subject\" \/><\/span> <\/label>\n<\/p>\n<p><label> Su mensaje<br \/>\n<span class=\"wpcf7-form-control-wrap\" data-name=\"your-message\"><textarea cols=\"40\" rows=\"10\" maxlength=\"2000\" class=\"wpcf7-form-control wpcf7-textarea\" aria-invalid=\"false\" name=\"your-message\"><\/textarea><\/span> <\/label><br \/>\n<span class=\"wpcf7-form-control-wrap\" data-name=\"acceptance-553\"><span class=\"wpcf7-form-control wpcf7-acceptance\"><span class=\"wpcf7-list-item\"><label><input type=\"checkbox\" name=\"acceptance-553\" value=\"1\" aria-invalid=\"false\" \/><span class=\"wpcf7-list-item-label\">Al marcar esta casilla, acepto la <a href=\"\/es\/politica-de-privacidad\/\" rel=\"nofollow\" target=\"_blank\">Pol\u00edtica de privacidad<\/a> de este sitio web.<\/span><\/label><\/span><\/span><\/span>\n<\/p>\n<p><input class=\"wpcf7-form-control wpcf7-submit has-spinner\" type=\"submit\" value=\"Enviar\" \/>\n<\/p><div class=\"wpcf7-response-output\" aria-hidden=\"true\"><\/div>\n<\/form>\n<\/div>\n\n<\/div>\n\n\n\n<div class=\"wp-block-column is-vertically-aligned-center is-layout-flow wp-block-column-is-layout-flow\">\n<h2 class=\"ls-heading wp-block-heading\">Para contactar con el camping<\/h2>\n\n\n\n<p class=\"ls-paragraph\">Nuestro equipo est\u00e1 a su disposici\u00f3n y puede asesorarle por tel\u00e9fono en el <strong>05 46 09 52 43<\/strong> o por correo electr\u00f3nico en <strong>contact@ile-blanche.com<\/strong>.<\/p>\n\n\n\n<p class=\"ls-paragraph\">Un c\u00f3modo formulario de contacto en l\u00ednea le permite hacer una consulta o solicitar informaci\u00f3n en unos pocos clics.<\/p>\n\n\n\n<p class=\"ls-paragraph\">Le responderemos lo antes posible.<\/p>\n\n\n\n<p class=\"ls-paragraph\">No dude en ponerse en contacto con nosotros si tiene <strong>alguna pregunta<\/strong> sobre nuestro alojamiento, las instalaciones o el funcionamiento de nuestro camping.<\/p>\n\n\n\n<p class=\"ls-paragraph\">Tambi\u00e9n podemos ayudarle a hacer su reserva en l\u00ednea o ayudarle a hacer su elecci\u00f3n.<\/p>\n<\/div>\n<\/div>\n\n\n    <\/div>\n<\/section>\n\n<section id=\"ls-section-block_584d929b61c8fac5ce5c4f3979a15415\" class=\"ls-section  p-t-0 has-background has-color-white-background-color\" >\n        <div class=\"container container--full\">\n        \n\n<div class=\"wp-block-columns is-layout-flex wp-container-core-columns-is-layout-9d6595d7 wp-block-columns-is-layout-flex\">\n<div class=\"wp-block-column is-vertically-aligned-center p-l-6 is-layout-flow wp-block-column-is-layout-flow\">\n<h2 class=\"ls__heading has-color-white-color has-text-color wp-block-heading\"><mark style=\"background-color:rgba(0, 0, 0, 0)\" class=\"has-inline-color has-color-1-color\">\u00bfC\u00f3mo llegar al camping Ile Blanche?<\/mark><\/h2>\n\n\n\n<p class=\"ls-paragraph\"><strong>Adresse :<\/strong> 9 Chemin des Bardonni\u00e8res<br>17630 La Flotte en R\u00e9<br><strong>GPS :<\/strong> 46.189546,-1.349886<\/p>\n\n\n\n<p class=\"ls-paragraph\">El <a href=\"\/\">camping Ile Blanche, en la isla de R\u00e9<\/a>, le acoge en un entorno natural preservado. Disfrute de unas bonitas vacaciones junto al mar en familia o con amigos en este hotel de 4 estrellas situado al oeste de La Flotte, a 8 km del puente que une la isla de R\u00e9 con el continente.<\/p>\n\n\n\n<p class=\"ls-paragraph\">Si llega a la isla en coche, deber\u00e1 tomar la D 735 desde Rivedoux Plage. Esta ruta sigue la l\u00ednea de la costa y evita el pueblo de La Flotte-en-R\u00e9, y le lleva a su destino.<\/p>\n\n\n\n<p class=\"ls-paragraph\">El tren es otra forma c\u00f3moda de viajar. En este caso, los trenes TGV y TER procedentes de Par\u00eds, Nantes o Burdeos dan servicio a la estaci\u00f3n de La Rochelle, a 12 km del puente.<\/p>\n\n\n\n<p class=\"ls-paragraph\">Los diez pueblos que componen la isla de R\u00e9 tambi\u00e9n est\u00e1n atendidos durante todo el a\u00f1o por la l\u00ednea de autob\u00fas 3\/3E.<\/p>\n\n\n\n<p class=\"ls-paragraph\">La l\u00ednea de autobuses 3\/3E da servicio a los <a href=\"https:\/\/www.ile-blanche.com\/actualites\/les-villages-de-lile-de-re\/\">diez pueblos de la isla<\/a> durante todo el a\u00f1o. Por \u00faltimo, el aeropuerto de La Rochelle &#8211; Ile de R\u00e9 est\u00e1 situado en la costa y a pocos pasos del puente. Se puede llegar a la isla por varios medios tras el aterrizaje (taxi, autob\u00fas, bicicleta&#8230;).<\/p>\n<\/div>\n\n\n\n<div class=\"wp-block-column is-layout-flow wp-block-column-is-layout-flow\">\n<iframe src=\"https:\/\/www.google.com\/maps\/embed?pb=!1m18!1m12!1m3!1d260974.05516419484!2d-1.4231266278395!3d46.20771650519509!2m3!1f0!2f0!3f0!3m2!1i1024!2i768!4f13.1!3m3!1m2!1s0x4803f8b308005a47%3A0x7a5853b82a866319!2sCamping%20%C3%AEle%20Blanche%20-%20Ile%20de%20R%C3%A9!5e0!3m2!1sfr!2sfr!4v1661501261298!5m2!1sfr!2sfr\" width=\"100%\" height=\"600\" style=\"border:0;\" allowfullscreen=\"\" loading=\"lazy\" referrerpolicy=\"no-referrer-when-downgrade\"><\/iframe>\n<\/div>\n<\/div>\n\n\n    <\/div>\n<\/section>\n\n<section id=\"ls-section-block_5089ff2e33c47338897fdd1775b954f1\" class=\"ls-section  has-background has-color-4-background-color\" >\n        <div class=\"container \">\n        \n\n<h2 class=\"ls__heading has-text-align-center wp-block-heading\">Para reservar sus vacaciones en la Isla Blanca<\/h2>\n\n\n\n<p class=\"ls-paragraph has-text-align-center\">Para reservar su <strong>alquiler<\/strong> directamente desde nuestra p\u00e1gina web, es muy sencillo: compruebe la disponibilidad introduciendo sus fechas y el tipo de estancia que desea en la barra de la parte superior de la pantalla. Descubra nuestras propuestas, sus <strong>tarifas<\/strong> y elija la f\u00f3rmula que m\u00e1s le convenga. Su reserva se completa en unos pocos clics. El pago seguro en el sitio le permite pagar el dep\u00f3sito en l\u00ednea. <\/p>\n\n\n    <\/div>\n<\/section>","protected":false},"excerpt":{"rendered":"","protected":false},"author":1,"featured_media":11436,"parent":0,"menu_order":0,"comment_status":"closed","ping_status":"closed","template":"","meta":{"_acf_changed":false,"footnotes":""},"sujet":[],"class_list":["post-14807","page","type-page","status-publish","has-post-thumbnail","hentry"],"acf":[],"yoast_head":"<!-- This site is optimized with the Yoast SEO plugin v25.3 - https:\/\/yoast.com\/wordpress\/plugins\/seo\/ -->\n<title>\u00bfC\u00f3mo llegar a La Flotte en R\u00e9? Contacto y acceso a la Isla Blanca<\/title>\n<meta name=\"description\" content=\"\u00bfC\u00f3mo llegar al camping Ile Blanche? \u00bfCon qu\u00e9 medios de transporte? Hemos seleccionado todas las respuestas a sus preguntas.\" \/>\n<meta name=\"robots\" content=\"index, follow, max-snippet:-1, max-image-preview:large, max-video-preview:-1\" \/>\n<link rel=\"canonical\" href=\"https:\/\/www.ile-blanche.com\/es\/contacto-y-acceso\/\" \/>\n<meta property=\"og:locale\" content=\"es_ES\" \/>\n<meta property=\"og:type\" content=\"article\" \/>\n<meta property=\"og:title\" content=\"\u00bfC\u00f3mo llegar a La Flotte en R\u00e9? Contacto y acceso a la Isla Blanca\" \/>\n<meta property=\"og:description\" content=\"\u00bfC\u00f3mo llegar al camping Ile Blanche? \u00bfCon qu\u00e9 medios de transporte? Hemos seleccionado todas las respuestas a sus preguntas.\" \/>\n<meta property=\"og:url\" content=\"https:\/\/www.ile-blanche.com\/es\/contacto-y-acceso\/\" \/>\n<meta property=\"og:site_name\" content=\"L&#039;\u00cele Blanche\" \/>\n<meta property=\"article:modified_time\" content=\"2022-11-08T11:34:57+00:00\" \/>\n<meta property=\"og:image\" content=\"https:\/\/www.ile-blanche.com\/wp-content\/uploads\/2022\/08\/contact-camping-ile-blanche.jpg\" \/>\n\t<meta property=\"og:image:width\" content=\"1905\" \/>\n\t<meta property=\"og:image:height\" content=\"480\" \/>\n\t<meta property=\"og:image:type\" content=\"image\/jpeg\" \/>\n<meta name=\"twitter:card\" content=\"summary_large_image\" \/>\n<meta name=\"twitter:label1\" content=\"Tiempo de lectura\" \/>\n\t<meta name=\"twitter:data1\" content=\"3 minutos\" \/>\n<script type=\"application\/ld+json\" class=\"yoast-schema-graph\">{\"@context\":\"https:\/\/schema.org\",\"@graph\":[{\"@type\":\"WebPage\",\"@id\":\"https:\/\/www.ile-blanche.com\/es\/contacto-y-acceso\/\",\"url\":\"https:\/\/www.ile-blanche.com\/es\/contacto-y-acceso\/\",\"name\":\"\u00bfC\u00f3mo llegar a La Flotte en R\u00e9? Contacto y acceso a la Isla Blanca\",\"isPartOf\":{\"@id\":\"https:\/\/www.ile-blanche.com\/es\/#website\"},\"primaryImageOfPage\":{\"@id\":\"https:\/\/www.ile-blanche.com\/es\/contacto-y-acceso\/#primaryimage\"},\"image\":{\"@id\":\"https:\/\/www.ile-blanche.com\/es\/contacto-y-acceso\/#primaryimage\"},\"thumbnailUrl\":\"https:\/\/www.ile-blanche.com\/wp-content\/uploads\/2022\/08\/contact-camping-ile-blanche.jpg\",\"datePublished\":\"2022-11-04T09:59:08+00:00\",\"dateModified\":\"2022-11-08T11:34:57+00:00\",\"description\":\"\u00bfC\u00f3mo llegar al camping Ile Blanche? \u00bfCon qu\u00e9 medios de transporte? Hemos seleccionado todas las respuestas a sus preguntas.\",\"breadcrumb\":{\"@id\":\"https:\/\/www.ile-blanche.com\/es\/contacto-y-acceso\/#breadcrumb\"},\"inLanguage\":\"es\",\"potentialAction\":[{\"@type\":\"ReadAction\",\"target\":[\"https:\/\/www.ile-blanche.com\/es\/contacto-y-acceso\/\"]}]},{\"@type\":\"ImageObject\",\"inLanguage\":\"es\",\"@id\":\"https:\/\/www.ile-blanche.com\/es\/contacto-y-acceso\/#primaryimage\",\"url\":\"https:\/\/www.ile-blanche.com\/wp-content\/uploads\/2022\/08\/contact-camping-ile-blanche.jpg\",\"contentUrl\":\"https:\/\/www.ile-blanche.com\/wp-content\/uploads\/2022\/08\/contact-camping-ile-blanche.jpg\",\"width\":1905,\"height\":480,\"caption\":\"contact camping ile blanche\"},{\"@type\":\"BreadcrumbList\",\"@id\":\"https:\/\/www.ile-blanche.com\/es\/contacto-y-acceso\/#breadcrumb\",\"itemListElement\":[{\"@type\":\"ListItem\",\"position\":1,\"name\":\"Camping Isla de Re\",\"item\":\"https:\/\/www.ile-blanche.com\/es\/\"},{\"@type\":\"ListItem\",\"position\":2,\"name\":\"Acceso a la Isla Blanca\"}]},{\"@type\":\"WebSite\",\"@id\":\"https:\/\/www.ile-blanche.com\/es\/#website\",\"url\":\"https:\/\/www.ile-blanche.com\/es\/\",\"name\":\"L'\u00cele Blanche\",\"description\":\"\",\"publisher\":{\"@id\":\"https:\/\/www.ile-blanche.com\/es\/#organization\"},\"potentialAction\":[{\"@type\":\"SearchAction\",\"target\":{\"@type\":\"EntryPoint\",\"urlTemplate\":\"https:\/\/www.ile-blanche.com\/es\/?s={search_term_string}\"},\"query-input\":{\"@type\":\"PropertyValueSpecification\",\"valueRequired\":true,\"valueName\":\"search_term_string\"}}],\"inLanguage\":\"es\"},{\"@type\":\"Organization\",\"@id\":\"https:\/\/www.ile-blanche.com\/es\/#organization\",\"name\":\"L'\u00cele Blanche\",\"url\":\"https:\/\/www.ile-blanche.com\/es\/\",\"logo\":{\"@type\":\"ImageObject\",\"inLanguage\":\"es\",\"@id\":\"https:\/\/www.ile-blanche.com\/es\/#\/schema\/logo\/image\/\",\"url\":\"https:\/\/www.ile-blanche.com\/wp-content\/uploads\/2022\/06\/cropped-logo-alt-ile-blanche.png\",\"contentUrl\":\"https:\/\/www.ile-blanche.com\/wp-content\/uploads\/2022\/06\/cropped-logo-alt-ile-blanche.png\",\"width\":512,\"height\":512,\"caption\":\"L'\u00cele Blanche\"},\"image\":{\"@id\":\"https:\/\/www.ile-blanche.com\/es\/#\/schema\/logo\/image\/\"}}]}<\/script>\n<!-- \/ Yoast SEO plugin. -->","yoast_head_json":{"title":"\u00bfC\u00f3mo llegar a La Flotte en R\u00e9? Contacto y acceso a la Isla Blanca","description":"\u00bfC\u00f3mo llegar al camping Ile Blanche? \u00bfCon qu\u00e9 medios de transporte? Hemos seleccionado todas las respuestas a sus preguntas.","robots":{"index":"index","follow":"follow","max-snippet":"max-snippet:-1","max-image-preview":"max-image-preview:large","max-video-preview":"max-video-preview:-1"},"canonical":"https:\/\/www.ile-blanche.com\/es\/contacto-y-acceso\/","og_locale":"es_ES","og_type":"article","og_title":"\u00bfC\u00f3mo llegar a La Flotte en R\u00e9? Contacto y acceso a la Isla Blanca","og_description":"\u00bfC\u00f3mo llegar al camping Ile Blanche? \u00bfCon qu\u00e9 medios de transporte? Hemos seleccionado todas las respuestas a sus preguntas.","og_url":"https:\/\/www.ile-blanche.com\/es\/contacto-y-acceso\/","og_site_name":"L&#039;\u00cele Blanche","article_modified_time":"2022-11-08T11:34:57+00:00","og_image":[{"width":1905,"height":480,"url":"https:\/\/www.ile-blanche.com\/wp-content\/uploads\/2022\/08\/contact-camping-ile-blanche.jpg","type":"image\/jpeg"}],"twitter_card":"summary_large_image","twitter_misc":{"Tiempo de lectura":"3 minutos"},"schema":{"@context":"https:\/\/schema.org","@graph":[{"@type":"WebPage","@id":"https:\/\/www.ile-blanche.com\/es\/contacto-y-acceso\/","url":"https:\/\/www.ile-blanche.com\/es\/contacto-y-acceso\/","name":"\u00bfC\u00f3mo llegar a La Flotte en R\u00e9? Contacto y acceso a la Isla Blanca","isPartOf":{"@id":"https:\/\/www.ile-blanche.com\/es\/#website"},"primaryImageOfPage":{"@id":"https:\/\/www.ile-blanche.com\/es\/contacto-y-acceso\/#primaryimage"},"image":{"@id":"https:\/\/www.ile-blanche.com\/es\/contacto-y-acceso\/#primaryimage"},"thumbnailUrl":"https:\/\/www.ile-blanche.com\/wp-content\/uploads\/2022\/08\/contact-camping-ile-blanche.jpg","datePublished":"2022-11-04T09:59:08+00:00","dateModified":"2022-11-08T11:34:57+00:00","description":"\u00bfC\u00f3mo llegar al camping Ile Blanche? \u00bfCon qu\u00e9 medios de transporte? Hemos seleccionado todas las respuestas a sus preguntas.","breadcrumb":{"@id":"https:\/\/www.ile-blanche.com\/es\/contacto-y-acceso\/#breadcrumb"},"inLanguage":"es","potentialAction":[{"@type":"ReadAction","target":["https:\/\/www.ile-blanche.com\/es\/contacto-y-acceso\/"]}]},{"@type":"ImageObject","inLanguage":"es","@id":"https:\/\/www.ile-blanche.com\/es\/contacto-y-acceso\/#primaryimage","url":"https:\/\/www.ile-blanche.com\/wp-content\/uploads\/2022\/08\/contact-camping-ile-blanche.jpg","contentUrl":"https:\/\/www.ile-blanche.com\/wp-content\/uploads\/2022\/08\/contact-camping-ile-blanche.jpg","width":1905,"height":480,"caption":"contact camping ile blanche"},{"@type":"BreadcrumbList","@id":"https:\/\/www.ile-blanche.com\/es\/contacto-y-acceso\/#breadcrumb","itemListElement":[{"@type":"ListItem","position":1,"name":"Camping Isla de Re","item":"https:\/\/www.ile-blanche.com\/es\/"},{"@type":"ListItem","position":2,"name":"Acceso a la Isla Blanca"}]},{"@type":"WebSite","@id":"https:\/\/www.ile-blanche.com\/es\/#website","url":"https:\/\/www.ile-blanche.com\/es\/","name":"L'\u00cele Blanche","description":"","publisher":{"@id":"https:\/\/www.ile-blanche.com\/es\/#organization"},"potentialAction":[{"@type":"SearchAction","target":{"@type":"EntryPoint","urlTemplate":"https:\/\/www.ile-blanche.com\/es\/?s={search_term_string}"},"query-input":{"@type":"PropertyValueSpecification","valueRequired":true,"valueName":"search_term_string"}}],"inLanguage":"es"},{"@type":"Organization","@id":"https:\/\/www.ile-blanche.com\/es\/#organization","name":"L'\u00cele Blanche","url":"https:\/\/www.ile-blanche.com\/es\/","logo":{"@type":"ImageObject","inLanguage":"es","@id":"https:\/\/www.ile-blanche.com\/es\/#\/schema\/logo\/image\/","url":"https:\/\/www.ile-blanche.com\/wp-content\/uploads\/2022\/06\/cropped-logo-alt-ile-blanche.png","contentUrl":"https:\/\/www.ile-blanche.com\/wp-content\/uploads\/2022\/06\/cropped-logo-alt-ile-blanche.png","width":512,"height":512,"caption":"L'\u00cele Blanche"},"image":{"@id":"https:\/\/www.ile-blanche.com\/es\/#\/schema\/logo\/image\/"}}]}},"_links":{"self":[{"href":"https:\/\/www.ile-blanche.com\/es\/wp-json\/wp\/v2\/pages\/14807","targetHints":{"allow":["GET"]}}],"collection":[{"href":"https:\/\/www.ile-blanche.com\/es\/wp-json\/wp\/v2\/pages"}],"about":[{"href":"https:\/\/www.ile-blanche.com\/es\/wp-json\/wp\/v2\/types\/page"}],"author":[{"embeddable":true,"href":"https:\/\/www.ile-blanche.com\/es\/wp-json\/wp\/v2\/users\/1"}],"replies":[{"embeddable":true,"href":"https:\/\/www.ile-blanche.com\/es\/wp-json\/wp\/v2\/comments?post=14807"}],"version-history":[{"count":4,"href":"https:\/\/www.ile-blanche.com\/es\/wp-json\/wp\/v2\/pages\/14807\/revisions"}],"predecessor-version":[{"id":15562,"href":"https:\/\/www.ile-blanche.com\/es\/wp-json\/wp\/v2\/pages\/14807\/revisions\/15562"}],"wp:featuredmedia":[{"embeddable":true,"href":"https:\/\/www.ile-blanche.com\/es\/wp-json\/wp\/v2\/media\/11436"}],"wp:attachment":[{"href":"https:\/\/www.ile-blanche.com\/es\/wp-json\/wp\/v2\/media?parent=14807"}],"wp:term":[{"taxonomy":"sujet","embeddable":true,"href":"https:\/\/www.ile-blanche.com\/es\/wp-json\/wp\/v2\/sujet?post=14807"}],"curies":[{"name":"wp","href":"https:\/\/api.w.org\/{rel}","templated":true}]}}