{"id":14746,"date":"2022-11-03T16:23:11","date_gmt":"2022-11-03T15:23:11","guid":{"rendered":"https:\/\/www.ile-blanche.com\/hogar-del-perro\/"},"modified":"2022-11-10T17:34:46","modified_gmt":"2022-11-10T16:34:46","slug":"hogar-del-perro","status":"publish","type":"page","link":"https:\/\/www.ile-blanche.com\/es\/hogar-del-perro\/","title":{"rendered":"Acceuil des chiens"},"content":{"rendered":"<section id=\"ls-section-block_15ef6662cd8aa868efb40cfbcae82e9f\" class=\"ls-section  page-one home-fourth m-b-0\" >\n        <div class=\"container container--wide\">\n        \n\n<div class=\"wp-block-columns is-layout-flex wp-container-core-columns-is-layout-9d6595d7 wp-block-columns-is-layout-flex\">\n<div class=\"wp-block-column is-vertically-aligned-center is-layout-flow wp-block-column-is-layout-flow\">\n<figure class=\"wp-block-image size-full\"><a href=\"https:\/\/www.ile-blanche.com\/wp-content\/uploads\/2022\/08\/vacances-animal-compagnie-charente-maritime.jpg\"><img decoding=\"async\" width=\"990\" height=\"634\" src=\"https:\/\/www.ile-blanche.com\/wp-content\/uploads\/2022\/08\/vacances-animal-compagnie-charente-maritime.jpg\" alt=\"vacaciones animal-compa\u00f1ero charente maritime\" class=\"wp-image-9220\" srcset=\"https:\/\/www.ile-blanche.com\/wp-content\/uploads\/2022\/08\/vacances-animal-compagnie-charente-maritime.jpg 990w, https:\/\/www.ile-blanche.com\/wp-content\/uploads\/2022\/08\/vacances-animal-compagnie-charente-maritime-300x192.jpg 300w, https:\/\/www.ile-blanche.com\/wp-content\/uploads\/2022\/08\/vacances-animal-compagnie-charente-maritime-768x492.jpg 768w\" sizes=\"(max-width: 990px) 100vw, 990px\" \/><\/a><\/figure>\n<\/div>\n\n\n\n<div class=\"wp-block-column is-vertically-aligned-center is-layout-flow wp-block-column-is-layout-flow\">\n<h1 class=\"ls-heading wp-block-heading\">CAMPING PARA PERROS EN CHARENTES MARITIMES<\/h1>\n\n\n\n<h2 class=\"ls-heading wp-block-heading\">Pase sus vacaciones en la Isla de R\u00e9 con su mascota<\/h2>\n\n\n\n<p class=\"ls-paragraph\">Nuestros amigos los animales son bienvenidos en <a href=\"\/es\/\">el camping Ile Blanche Ile de R\u00e9<\/a>, sin restricci\u00f3n de tama\u00f1o y sin coste adicional porque sabemos que unas vacaciones con su <strong>mascota<\/strong> son unas vacaciones exitosas.<\/p>\n<\/div>\n<\/div>\n\n\n    <\/div>\n<\/section>\n\n<section id=\"ls-section-block_fe615e2e38573c0b6e2acbfe47d1549d\" class=\"ls-section  page-two home-second has-background has-color-4-background-color\" >\n        <div class=\"container container--full\">\n        \n\n<div class=\"wp-block-columns m-b-8 is-layout-flex wp-container-core-columns-is-layout-9d6595d7 wp-block-columns-is-layout-flex\">\n<div class=\"wp-block-column is-vertically-aligned-center column-left is-layout-flow wp-block-column-is-layout-flow\" style=\"flex-basis:33.33%\">\n<p class=\"ls-paragraph\">Por el bienestar y la seguridad de todos, pedimos a los profesores :<\/p>\n\n\n\n<ul class=\"ls-list wp-block-list\"><li>Su cartilla de salud.<\/li><li>La correa (ya que las 4 patas deben estar atadas en todo el camping).<\/li><li>No los dejes solos en la vivienda de alquiler.<\/li><li>Comportarse como un \u00abbuen padre\u00bb seg\u00fan las normas del camping.<\/li><\/ul>\n<\/div>\n\n\n\n<div class=\"wp-block-column is-vertically-aligned-center is-layout-flow wp-block-column-is-layout-flow\" style=\"flex-basis:66.66%\">\n<figure class=\"wp-block-gallery has-nested-images columns-1 is-cropped galerie-image wp-block-gallery-1 is-layout-flex wp-block-gallery-is-layout-flex\">\n<figure class=\"wp-block-image size-full\"><a href=\"https:\/\/www.ile-blanche.com\/wp-content\/uploads\/2022\/08\/camping-chien-ile-de-re.jpg\"><img decoding=\"async\" width=\"991\" height=\"634\" data-id=\"9225\" src=\"https:\/\/www.ile-blanche.com\/wp-content\/uploads\/2022\/08\/camping-chien-ile-de-re.jpg\" alt=\"camping dog ile de re\" class=\"wp-image-9225\" srcset=\"https:\/\/www.ile-blanche.com\/wp-content\/uploads\/2022\/08\/camping-chien-ile-de-re.jpg 991w, https:\/\/www.ile-blanche.com\/wp-content\/uploads\/2022\/08\/camping-chien-ile-de-re-300x192.jpg 300w, https:\/\/www.ile-blanche.com\/wp-content\/uploads\/2022\/08\/camping-chien-ile-de-re-768x491.jpg 768w\" sizes=\"(max-width: 991px) 100vw, 991px\" \/><\/a><\/figure>\n\n\n\n<figure class=\"wp-block-image size-full\"><a href=\"https:\/\/www.ile-blanche.com\/wp-content\/uploads\/2022\/08\/sejour-animal-compagnie-ile-de-re.jpg\"><img decoding=\"async\" width=\"990\" height=\"634\" data-id=\"9239\" src=\"https:\/\/www.ile-blanche.com\/wp-content\/uploads\/2022\/08\/sejour-animal-compagnie-ile-de-re.jpg\" alt=\"estancia para mascotas ile de re\" class=\"wp-image-9239\" srcset=\"https:\/\/www.ile-blanche.com\/wp-content\/uploads\/2022\/08\/sejour-animal-compagnie-ile-de-re.jpg 990w, https:\/\/www.ile-blanche.com\/wp-content\/uploads\/2022\/08\/sejour-animal-compagnie-ile-de-re-300x192.jpg 300w, https:\/\/www.ile-blanche.com\/wp-content\/uploads\/2022\/08\/sejour-animal-compagnie-ile-de-re-768x492.jpg 768w\" sizes=\"(max-width: 990px) 100vw, 990px\" \/><\/a><\/figure>\n\n\n\n<figure class=\"wp-block-image size-full\"><a href=\"https:\/\/www.ile-blanche.com\/wp-content\/uploads\/2022\/08\/camping-animal-compagnie-ile-de-re.jpg\"><img decoding=\"async\" width=\"990\" height=\"634\" data-id=\"9210\" src=\"https:\/\/www.ile-blanche.com\/wp-content\/uploads\/2022\/08\/camping-animal-compagnie-ile-de-re.jpg\" alt=\"camping de mascotas ile de re\" class=\"wp-image-9210\" srcset=\"https:\/\/www.ile-blanche.com\/wp-content\/uploads\/2022\/08\/camping-animal-compagnie-ile-de-re.jpg 990w, https:\/\/www.ile-blanche.com\/wp-content\/uploads\/2022\/08\/camping-animal-compagnie-ile-de-re-300x192.jpg 300w, https:\/\/www.ile-blanche.com\/wp-content\/uploads\/2022\/08\/camping-animal-compagnie-ile-de-re-768x492.jpg 768w\" sizes=\"(max-width: 990px) 100vw, 990px\" \/><\/a><\/figure>\n\n\n\n<figure class=\"wp-block-image size-full\"><a href=\"https:\/\/www.ile-blanche.com\/wp-content\/uploads\/2022\/08\/vacances-animal-compagnie-ile-de-re.jpg\"><img decoding=\"async\" width=\"990\" height=\"634\" data-id=\"9235\" src=\"https:\/\/www.ile-blanche.com\/wp-content\/uploads\/2022\/08\/vacances-animal-compagnie-ile-de-re.jpg\" alt=\"vacaciones pet ile de re\" class=\"wp-image-9235\" srcset=\"https:\/\/www.ile-blanche.com\/wp-content\/uploads\/2022\/08\/vacances-animal-compagnie-ile-de-re.jpg 990w, https:\/\/www.ile-blanche.com\/wp-content\/uploads\/2022\/08\/vacances-animal-compagnie-ile-de-re-300x192.jpg 300w, https:\/\/www.ile-blanche.com\/wp-content\/uploads\/2022\/08\/vacances-animal-compagnie-ile-de-re-768x492.jpg 768w\" sizes=\"(max-width: 990px) 100vw, 990px\" \/><\/a><\/figure>\n<\/figure>\n<\/div>\n<\/div>\n\n\n    <\/div>\n<\/section>\n\n<section id=\"ls-section-block_74b333fa383834caa1ec016ed010aac1\" class=\"ls-section  home-seventh  has-m-b m-b-0\" >\n        <div class=\"container container--full\">\n        \n\n<div class=\"wp-block-columns are-vertically-aligned-center is-layout-flex wp-container-core-columns-is-layout-9d6595d7 wp-block-columns-is-layout-flex\">\n<div class=\"wp-block-column is-vertically-aligned-center is-layout-flow wp-block-column-is-layout-flow\" style=\"flex-basis:66.66%\">\n<figure class=\"wp-block-image size-full\"><img decoding=\"async\" width=\"991\" height=\"634\" src=\"https:\/\/www.ile-blanche.com\/wp-content\/uploads\/2022\/08\/camping-animal-compagnie-charente-maritime-1.jpg\" alt=\"camping compa\u00f1\u00eda de animales charente maritime\" class=\"wp-image-9230\" srcset=\"https:\/\/www.ile-blanche.com\/wp-content\/uploads\/2022\/08\/camping-animal-compagnie-charente-maritime-1.jpg 991w, https:\/\/www.ile-blanche.com\/wp-content\/uploads\/2022\/08\/camping-animal-compagnie-charente-maritime-1-300x192.jpg 300w, https:\/\/www.ile-blanche.com\/wp-content\/uploads\/2022\/08\/camping-animal-compagnie-charente-maritime-1-768x491.jpg 768w\" sizes=\"(max-width: 991px) 100vw, 991px\" \/><\/figure>\n<\/div>\n\n\n\n<div class=\"wp-block-column is-vertically-aligned-center column-right is-layout-flow wp-block-column-is-layout-flow\" style=\"flex-basis:33.33%\">\n<h2 class=\"ls-heading wp-block-heading\">Todo el equipamiento necesario para acoger a su perro en el camping<\/h2>\n\n\n\n<p class=\"ls-paragraph\"><strong>Los perros<\/strong> est\u00e1n disponibles en el sitio:<\/p>\n\n\n\n<ul class=\"ls-list wp-block-list\"><li>una c\u00e1lida bienvenida con una sonrisa,<\/li><li>Alquiler de bicicletas con carros especiales para perros grandes y peque\u00f1os para que los lleves a donde quieras<\/li><li>bolsas de basura para el respeto y la higiene del camping<\/li><li>la lista de <strong><mark style=\"background-color:rgba(0, 0, 0, 0)\" class=\"has-inline-color has-color-3-color\">playas y paseos forestales<\/mark><\/strong> permitidos a los perros<\/li><\/ul>\n\n\n\n<p class=\"ls-paragraph\">\u00a1Nos vemos pronto con sus animales!<\/p>\n<\/div>\n<\/div>\n\n\n    <\/div>\n<\/section>\n\n<section id=\"ls-section-block_08d6e7630308993b6813f38b0d5a39d4\" class=\"ls-section  home-eighth m-b-0\" >\n        <div class=\"container container--wide\">\n        \n\n<div id=\"ls-heading ls-titre-div-block_142edd553332607f0544370ecb9fe95e\" class=\"ls-titre-div aligncenter h2-like\" >\n    Nuestro restaurante, piscinas y actividades de ocio en la isla de R\u00e9<\/div>\n\n\n<div id=\"ls-maillage-block_724d015cca816f5f0ffe57e6dccb2024\" class=\"ls-maillage cta-style-normal\" data-rows=\"3\">\r\n    <div class=\"wp-block-columns\"><div class=\"wp-block-column\"><div class=\"ls-cta\">\n\n<a href=\"https:\/\/www.ile-blanche.com\/es\/el-parque-acuatico\/\" target=\"\" rel=\"noopener\" class=\"ls-cta__link\">\n\n\t<div class=\"ls-cta__image\"><img decoding=\"async\" src=\"https:\/\/www.ile-blanche.com\/wp-content\/uploads\/2022\/09\/pataugeoire-camping-re.jpg\" alt=\"pataugeoire camping re\"><\/div>\t<span class=\"ile-blanche-right-arrow\"><\/span>\n\t<div class=\"ls-cta__title\">\n\t\t> El parque acu\u00e1tico\t<\/div>\n\n\t\n<\/a><\/div><\/div><div class=\"wp-block-column\"><div class=\"ls-cta\">\n\n<a href=\"https:\/\/www.ile-blanche.com\/es\/cafeteria-y-restaurante\/\" target=\"\" rel=\"noopener\" class=\"ls-cta__link\">\n\n\t<div class=\"ls-cta__image\"><img decoding=\"async\" src=\"https:\/\/www.ile-blanche.com\/wp-content\/uploads\/2022\/08\/restaurant-terasse-ile-de-re.jpg\" alt=\"restaurant-terrasse-ile-de-re\"><\/div>\t<span class=\"ile-blanche-right-arrow\"><\/span>\n\t<div class=\"ls-cta__title\">\n\t\t> Merienda y catering\t<\/div>\n\n\t\n<\/a><\/div><\/div><div class=\"wp-block-column\"><div class=\"ls-cta\">\n\n<a href=\"https:\/\/www.ile-blanche.com\/es\/ocio-y-entretenimiento\/\" target=\"\" rel=\"noopener\" class=\"ls-cta__link\">\n\n\t<div class=\"ls-cta__image\"><img decoding=\"async\" src=\"https:\/\/www.ile-blanche.com\/wp-content\/uploads\/2022\/09\/animation-camping-re.jpg\" alt=\"animation camping re\"><\/div>\t<span class=\"ile-blanche-right-arrow\"><\/span>\n\t<div class=\"ls-cta__title\">\n\t\t> Ocio y actividades\t<\/div>\n\n\t\n<\/a><\/div><\/div><\/div><\/div>\n\n    <\/div>\n<\/section>","protected":false},"excerpt":{"rendered":"","protected":false},"author":1,"featured_media":9209,"parent":0,"menu_order":0,"comment_status":"closed","ping_status":"closed","template":"","meta":{"_acf_changed":false,"footnotes":""},"sujet":[],"class_list":["post-14746","page","type-page","status-publish","has-post-thumbnail","hentry"],"acf":[],"yoast_head":"<!-- This site is optimized with the Yoast SEO plugin v25.3 - https:\/\/yoast.com\/wordpress\/plugins\/seo\/ -->\n<title>Casa para perros - Camping Ile de R\u00e9 - \u00eele Blanche<\/title>\n<meta name=\"description\" content=\"Nuestros amigos los animales de compa\u00f1\u00eda son bienvenidos en el camping Ile Blanche Ile de R\u00e9, sin restricciones de tama\u00f1o y sin gastos adicionales\" \/>\n<meta name=\"robots\" content=\"index, follow, max-snippet:-1, max-image-preview:large, max-video-preview:-1\" \/>\n<link rel=\"canonical\" href=\"https:\/\/www.ile-blanche.com\/es\/hogar-del-perro\/\" \/>\n<meta property=\"og:locale\" content=\"es_ES\" \/>\n<meta property=\"og:type\" content=\"article\" \/>\n<meta property=\"og:title\" content=\"Casa para perros - Camping Ile de R\u00e9 - \u00eele Blanche\" \/>\n<meta property=\"og:description\" content=\"Nuestros amigos los animales de compa\u00f1\u00eda son bienvenidos en el camping Ile Blanche Ile de R\u00e9, sin restricciones de tama\u00f1o y sin gastos adicionales\" \/>\n<meta property=\"og:url\" content=\"https:\/\/www.ile-blanche.com\/es\/hogar-del-perro\/\" \/>\n<meta property=\"og:site_name\" content=\"L&#039;\u00cele Blanche\" \/>\n<meta property=\"article:modified_time\" content=\"2022-11-10T16:34:46+00:00\" \/>\n<meta property=\"og:image\" content=\"https:\/\/www.ile-blanche.com\/wp-content\/uploads\/2022\/08\/camping-chien-charente-maritime.jpg\" \/>\n\t<meta property=\"og:image:width\" content=\"1920\" \/>\n\t<meta property=\"og:image:height\" content=\"480\" \/>\n\t<meta property=\"og:image:type\" content=\"image\/jpeg\" \/>\n<meta name=\"twitter:card\" content=\"summary_large_image\" \/>\n<meta name=\"twitter:label1\" content=\"Tiempo de lectura\" \/>\n\t<meta name=\"twitter:data1\" content=\"3 minutos\" \/>\n<script type=\"application\/ld+json\" class=\"yoast-schema-graph\">{\"@context\":\"https:\/\/schema.org\",\"@graph\":[{\"@type\":\"WebPage\",\"@id\":\"https:\/\/www.ile-blanche.com\/es\/hogar-del-perro\/\",\"url\":\"https:\/\/www.ile-blanche.com\/es\/hogar-del-perro\/\",\"name\":\"Casa para perros - Camping Ile de R\u00e9 - \u00eele Blanche\",\"isPartOf\":{\"@id\":\"https:\/\/www.ile-blanche.com\/es\/#website\"},\"primaryImageOfPage\":{\"@id\":\"https:\/\/www.ile-blanche.com\/es\/hogar-del-perro\/#primaryimage\"},\"image\":{\"@id\":\"https:\/\/www.ile-blanche.com\/es\/hogar-del-perro\/#primaryimage\"},\"thumbnailUrl\":\"https:\/\/www.ile-blanche.com\/wp-content\/uploads\/2022\/08\/camping-chien-charente-maritime.jpg\",\"datePublished\":\"2022-11-03T15:23:11+00:00\",\"dateModified\":\"2022-11-10T16:34:46+00:00\",\"description\":\"Nuestros amigos los animales de compa\u00f1\u00eda son bienvenidos en el camping Ile Blanche Ile de R\u00e9, sin restricciones de tama\u00f1o y sin gastos adicionales\",\"breadcrumb\":{\"@id\":\"https:\/\/www.ile-blanche.com\/es\/hogar-del-perro\/#breadcrumb\"},\"inLanguage\":\"es\",\"potentialAction\":[{\"@type\":\"ReadAction\",\"target\":[\"https:\/\/www.ile-blanche.com\/es\/hogar-del-perro\/\"]}]},{\"@type\":\"ImageObject\",\"inLanguage\":\"es\",\"@id\":\"https:\/\/www.ile-blanche.com\/es\/hogar-del-perro\/#primaryimage\",\"url\":\"https:\/\/www.ile-blanche.com\/wp-content\/uploads\/2022\/08\/camping-chien-charente-maritime.jpg\",\"contentUrl\":\"https:\/\/www.ile-blanche.com\/wp-content\/uploads\/2022\/08\/camping-chien-charente-maritime.jpg\",\"width\":1920,\"height\":480,\"caption\":\"camping chien charente maritime\"},{\"@type\":\"BreadcrumbList\",\"@id\":\"https:\/\/www.ile-blanche.com\/es\/hogar-del-perro\/#breadcrumb\",\"itemListElement\":[{\"@type\":\"ListItem\",\"position\":1,\"name\":\"Camping Isla de Re\",\"item\":\"https:\/\/www.ile-blanche.com\/es\/\"},{\"@type\":\"ListItem\",\"position\":2,\"name\":\"Hogar del perro\"}]},{\"@type\":\"WebSite\",\"@id\":\"https:\/\/www.ile-blanche.com\/es\/#website\",\"url\":\"https:\/\/www.ile-blanche.com\/es\/\",\"name\":\"L'\u00cele Blanche\",\"description\":\"\",\"publisher\":{\"@id\":\"https:\/\/www.ile-blanche.com\/es\/#organization\"},\"potentialAction\":[{\"@type\":\"SearchAction\",\"target\":{\"@type\":\"EntryPoint\",\"urlTemplate\":\"https:\/\/www.ile-blanche.com\/es\/?s={search_term_string}\"},\"query-input\":{\"@type\":\"PropertyValueSpecification\",\"valueRequired\":true,\"valueName\":\"search_term_string\"}}],\"inLanguage\":\"es\"},{\"@type\":\"Organization\",\"@id\":\"https:\/\/www.ile-blanche.com\/es\/#organization\",\"name\":\"L'\u00cele Blanche\",\"url\":\"https:\/\/www.ile-blanche.com\/es\/\",\"logo\":{\"@type\":\"ImageObject\",\"inLanguage\":\"es\",\"@id\":\"https:\/\/www.ile-blanche.com\/es\/#\/schema\/logo\/image\/\",\"url\":\"https:\/\/www.ile-blanche.com\/wp-content\/uploads\/2022\/06\/cropped-logo-alt-ile-blanche.png\",\"contentUrl\":\"https:\/\/www.ile-blanche.com\/wp-content\/uploads\/2022\/06\/cropped-logo-alt-ile-blanche.png\",\"width\":512,\"height\":512,\"caption\":\"L'\u00cele Blanche\"},\"image\":{\"@id\":\"https:\/\/www.ile-blanche.com\/es\/#\/schema\/logo\/image\/\"}}]}<\/script>\n<!-- \/ Yoast SEO plugin. -->","yoast_head_json":{"title":"Casa para perros - Camping Ile de R\u00e9 - \u00eele Blanche","description":"Nuestros amigos los animales de compa\u00f1\u00eda son bienvenidos en el camping Ile Blanche Ile de R\u00e9, sin restricciones de tama\u00f1o y sin gastos adicionales","robots":{"index":"index","follow":"follow","max-snippet":"max-snippet:-1","max-image-preview":"max-image-preview:large","max-video-preview":"max-video-preview:-1"},"canonical":"https:\/\/www.ile-blanche.com\/es\/hogar-del-perro\/","og_locale":"es_ES","og_type":"article","og_title":"Casa para perros - Camping Ile de R\u00e9 - \u00eele Blanche","og_description":"Nuestros amigos los animales de compa\u00f1\u00eda son bienvenidos en el camping Ile Blanche Ile de R\u00e9, sin restricciones de tama\u00f1o y sin gastos adicionales","og_url":"https:\/\/www.ile-blanche.com\/es\/hogar-del-perro\/","og_site_name":"L&#039;\u00cele Blanche","article_modified_time":"2022-11-10T16:34:46+00:00","og_image":[{"width":1920,"height":480,"url":"https:\/\/www.ile-blanche.com\/wp-content\/uploads\/2022\/08\/camping-chien-charente-maritime.jpg","type":"image\/jpeg"}],"twitter_card":"summary_large_image","twitter_misc":{"Tiempo de lectura":"3 minutos"},"schema":{"@context":"https:\/\/schema.org","@graph":[{"@type":"WebPage","@id":"https:\/\/www.ile-blanche.com\/es\/hogar-del-perro\/","url":"https:\/\/www.ile-blanche.com\/es\/hogar-del-perro\/","name":"Casa para perros - Camping Ile de R\u00e9 - \u00eele Blanche","isPartOf":{"@id":"https:\/\/www.ile-blanche.com\/es\/#website"},"primaryImageOfPage":{"@id":"https:\/\/www.ile-blanche.com\/es\/hogar-del-perro\/#primaryimage"},"image":{"@id":"https:\/\/www.ile-blanche.com\/es\/hogar-del-perro\/#primaryimage"},"thumbnailUrl":"https:\/\/www.ile-blanche.com\/wp-content\/uploads\/2022\/08\/camping-chien-charente-maritime.jpg","datePublished":"2022-11-03T15:23:11+00:00","dateModified":"2022-11-10T16:34:46+00:00","description":"Nuestros amigos los animales de compa\u00f1\u00eda son bienvenidos en el camping Ile Blanche Ile de R\u00e9, sin restricciones de tama\u00f1o y sin gastos adicionales","breadcrumb":{"@id":"https:\/\/www.ile-blanche.com\/es\/hogar-del-perro\/#breadcrumb"},"inLanguage":"es","potentialAction":[{"@type":"ReadAction","target":["https:\/\/www.ile-blanche.com\/es\/hogar-del-perro\/"]}]},{"@type":"ImageObject","inLanguage":"es","@id":"https:\/\/www.ile-blanche.com\/es\/hogar-del-perro\/#primaryimage","url":"https:\/\/www.ile-blanche.com\/wp-content\/uploads\/2022\/08\/camping-chien-charente-maritime.jpg","contentUrl":"https:\/\/www.ile-blanche.com\/wp-content\/uploads\/2022\/08\/camping-chien-charente-maritime.jpg","width":1920,"height":480,"caption":"camping chien charente maritime"},{"@type":"BreadcrumbList","@id":"https:\/\/www.ile-blanche.com\/es\/hogar-del-perro\/#breadcrumb","itemListElement":[{"@type":"ListItem","position":1,"name":"Camping Isla de Re","item":"https:\/\/www.ile-blanche.com\/es\/"},{"@type":"ListItem","position":2,"name":"Hogar del perro"}]},{"@type":"WebSite","@id":"https:\/\/www.ile-blanche.com\/es\/#website","url":"https:\/\/www.ile-blanche.com\/es\/","name":"L'\u00cele Blanche","description":"","publisher":{"@id":"https:\/\/www.ile-blanche.com\/es\/#organization"},"potentialAction":[{"@type":"SearchAction","target":{"@type":"EntryPoint","urlTemplate":"https:\/\/www.ile-blanche.com\/es\/?s={search_term_string}"},"query-input":{"@type":"PropertyValueSpecification","valueRequired":true,"valueName":"search_term_string"}}],"inLanguage":"es"},{"@type":"Organization","@id":"https:\/\/www.ile-blanche.com\/es\/#organization","name":"L'\u00cele Blanche","url":"https:\/\/www.ile-blanche.com\/es\/","logo":{"@type":"ImageObject","inLanguage":"es","@id":"https:\/\/www.ile-blanche.com\/es\/#\/schema\/logo\/image\/","url":"https:\/\/www.ile-blanche.com\/wp-content\/uploads\/2022\/06\/cropped-logo-alt-ile-blanche.png","contentUrl":"https:\/\/www.ile-blanche.com\/wp-content\/uploads\/2022\/06\/cropped-logo-alt-ile-blanche.png","width":512,"height":512,"caption":"L'\u00cele Blanche"},"image":{"@id":"https:\/\/www.ile-blanche.com\/es\/#\/schema\/logo\/image\/"}}]}},"_links":{"self":[{"href":"https:\/\/www.ile-blanche.com\/es\/wp-json\/wp\/v2\/pages\/14746","targetHints":{"allow":["GET"]}}],"collection":[{"href":"https:\/\/www.ile-blanche.com\/es\/wp-json\/wp\/v2\/pages"}],"about":[{"href":"https:\/\/www.ile-blanche.com\/es\/wp-json\/wp\/v2\/types\/page"}],"author":[{"embeddable":true,"href":"https:\/\/www.ile-blanche.com\/es\/wp-json\/wp\/v2\/users\/1"}],"replies":[{"embeddable":true,"href":"https:\/\/www.ile-blanche.com\/es\/wp-json\/wp\/v2\/comments?post=14746"}],"version-history":[{"count":7,"href":"https:\/\/www.ile-blanche.com\/es\/wp-json\/wp\/v2\/pages\/14746\/revisions"}],"predecessor-version":[{"id":16465,"href":"https:\/\/www.ile-blanche.com\/es\/wp-json\/wp\/v2\/pages\/14746\/revisions\/16465"}],"wp:featuredmedia":[{"embeddable":true,"href":"https:\/\/www.ile-blanche.com\/es\/wp-json\/wp\/v2\/media\/9209"}],"wp:attachment":[{"href":"https:\/\/www.ile-blanche.com\/es\/wp-json\/wp\/v2\/media?parent=14746"}],"wp:term":[{"taxonomy":"sujet","embeddable":true,"href":"https:\/\/www.ile-blanche.com\/es\/wp-json\/wp\/v2\/sujet?post=14746"}],"curies":[{"name":"wp","href":"https:\/\/api.w.org\/{rel}","templated":true}]}}