{"id":14690,"date":"2022-06-27T14:21:46","date_gmt":"2022-06-27T12:21:46","guid":{"rendered":"https:\/\/www.ile-blanche.com\/diverses-locations\/"},"modified":"2022-11-10T16:48:10","modified_gmt":"2022-11-10T15:48:10","slug":"miscellaneous-rentals","status":"publish","type":"page","link":"https:\/\/www.ile-blanche.com\/en\/miscellaneous-rentals\/","title":{"rendered":"Location v\u00e9lo"},"content":{"rendered":"<section id=\"ls-section-block_137c911f348ec968c11e662ea814b219\" class=\"ls-section  page-one home-fourth m-b-0\" >\n        <div class=\"container container--wide\">\n        \n\n<div class=\"wp-block-columns is-layout-flex wp-container-core-columns-is-layout-9d6595d7 wp-block-columns-is-layout-flex\">\n<div class=\"wp-block-column is-vertically-aligned-center is-layout-flow wp-block-column-is-layout-flow\">\n<figure class=\"wp-block-image size-full\"><a href=\"https:\/\/www.ile-blanche.com\/wp-content\/uploads\/2022\/08\/balade-velo-charente-maritime.jpg\"><img decoding=\"async\" width=\"990\" height=\"634\" src=\"https:\/\/www.ile-blanche.com\/wp-content\/uploads\/2022\/08\/balade-velo-charente-maritime.jpg\" alt=\"balade velo charente maritime\" class=\"wp-image-8914\" srcset=\"https:\/\/www.ile-blanche.com\/wp-content\/uploads\/2022\/08\/balade-velo-charente-maritime.jpg 990w, https:\/\/www.ile-blanche.com\/wp-content\/uploads\/2022\/08\/balade-velo-charente-maritime-300x192.jpg 300w, https:\/\/www.ile-blanche.com\/wp-content\/uploads\/2022\/08\/balade-velo-charente-maritime-768x492.jpg 768w\" sizes=\"(max-width: 990px) 100vw, 990px\" \/><\/a><\/figure>\n<\/div>\n\n\n\n<div class=\"wp-block-column is-vertically-aligned-center is-layout-flow wp-block-column-is-layout-flow\">\n<h1 class=\"ls-heading wp-block-heading\">BIKE RENTAL ON THE \u00ceLE DE R\u00c9<\/h1>\n\n\n\n<h2 class=\"ls-heading wp-block-heading\">Why rent a bike on the Ile de R\u00e9 ?<\/h2>\n\n\n\n<p class=\"ls-paragraph\">Ideal for your stay with friends or family, <strong>the bike rental Ile de R\u00e9<\/strong> remains the best alternative to explore La Flotte en R\u00e9 and its surroundings!<\/p>\n\n\n\n<p class=\"ls-paragraph\">The White Island, <a href=\"\/en\/\">4 star campsite on the Ile de R\u00e9<\/a>, offers bike rental: the ideal way to get around and discover the sublime landscape of the island, the road bike is practiced on more than <a href=\"https:\/\/www.ile-blanche.com\/en\/activities-ile-de-re\/bicycle-ile-de-re\/\">100 km of bicycle paths<\/a> that the Ile de R\u00e9 has, making it possible to combine tourism and respect for the environment during bike rides along the greenways.<\/p>\n\n\n\n<p class=\"ls-paragraph\">Close to the <strong>Mus\u00e9e du Platin<\/strong>, the <strong>Arnerault beach<\/strong>, for example, can be reached in a handful of minutes by city bike, while the nearest shops are only 1 kilometer away.<\/p>\n<\/div>\n<\/div>\n\n\n    <\/div>\n<\/section>\n\n<section id=\"ls-section-block_3026e477b4e7a9ed838092728f8f7718\" class=\"ls-section  page-two home-second has-background has-color-4-background-color\" >\n        <div class=\"container container--full\">\n        \n\n<div class=\"wp-block-columns m-b-8 is-layout-flex wp-container-core-columns-is-layout-9d6595d7 wp-block-columns-is-layout-flex\">\n<div class=\"wp-block-column is-vertically-aligned-center column-left is-layout-flow wp-block-column-is-layout-flow\" style=\"flex-basis:33.33%\">\n<p class=\"ls-paragraph\">By choosing this means of transport, you will combine sport and relaxation and will make your journeys convivial by walking in group like a peloton of the Tour de France, moreover you will not have any difficulty to join any part of the island so much the cycle touring is developed offering cycle tracks on all the island.<\/p>\n\n\n\n<p class=\"ls-paragraph\">The possibility of strolling in the numerous surrounding paths will also be pleasant and useful, some of them being able to be used as shortcuts like the <strong>Chemin des Bardonni\u00e8res<\/strong>.<\/p>\n\n\n\r\n<a href=\"\/activites-ile-de-re\/velo-ile-de-re\/\" id=\"ls-button-block_79ab5e1a6a8e3db5f9ecfcd9f239cdbf\" target=\"\" rel=\"\" class=\"ls-button\">\r\n    <span>\r\n        <i class='ile-blanche-right-arrow'><\/i>\r\n        Discover the itineraries    <\/span>\r\n<\/a><\/div>\n\n\n\n<div class=\"wp-block-column is-vertically-aligned-center is-layout-flow wp-block-column-is-layout-flow\" style=\"flex-basis:66.66%\">\n<figure class=\"wp-block-gallery has-nested-images columns-1 is-cropped galerie-image wp-block-gallery-1 is-layout-flex wp-block-gallery-is-layout-flex\">\n<figure class=\"wp-block-image size-full\"><a href=\"https:\/\/www.ile-blanche.com\/wp-content\/uploads\/2022\/08\/activite-velo-charente-maritime.jpg\"><img decoding=\"async\" width=\"990\" height=\"634\" data-id=\"8930\" src=\"https:\/\/www.ile-blanche.com\/wp-content\/uploads\/2022\/08\/activite-velo-charente-maritime.jpg\" alt=\"cycling activity charente maritime\" class=\"wp-image-8930\" srcset=\"https:\/\/www.ile-blanche.com\/wp-content\/uploads\/2022\/08\/activite-velo-charente-maritime.jpg 990w, https:\/\/www.ile-blanche.com\/wp-content\/uploads\/2022\/08\/activite-velo-charente-maritime-300x192.jpg 300w, https:\/\/www.ile-blanche.com\/wp-content\/uploads\/2022\/08\/activite-velo-charente-maritime-768x492.jpg 768w\" sizes=\"(max-width: 990px) 100vw, 990px\" \/><\/a><\/figure>\n\n\n\n<figure class=\"wp-block-image size-full\"><a href=\"https:\/\/www.ile-blanche.com\/wp-content\/uploads\/2022\/08\/pistes-cyclables-charente-maritime.jpg\"><img decoding=\"async\" width=\"990\" height=\"634\" data-id=\"8898\" src=\"https:\/\/www.ile-blanche.com\/wp-content\/uploads\/2022\/08\/pistes-cyclables-charente-maritime.jpg\" alt=\"pistes cyclables charente maritime\" class=\"wp-image-8898\" srcset=\"https:\/\/www.ile-blanche.com\/wp-content\/uploads\/2022\/08\/pistes-cyclables-charente-maritime.jpg 990w, https:\/\/www.ile-blanche.com\/wp-content\/uploads\/2022\/08\/pistes-cyclables-charente-maritime-300x192.jpg 300w, https:\/\/www.ile-blanche.com\/wp-content\/uploads\/2022\/08\/pistes-cyclables-charente-maritime-768x492.jpg 768w\" sizes=\"(max-width: 990px) 100vw, 990px\" \/><\/a><\/figure>\n\n\n\n<figure class=\"wp-block-image size-full\"><a href=\"https:\/\/www.ile-blanche.com\/wp-content\/uploads\/2022\/08\/activite-velo-ile-de-re.jpg\"><img decoding=\"async\" width=\"990\" height=\"634\" data-id=\"8934\" src=\"https:\/\/www.ile-blanche.com\/wp-content\/uploads\/2022\/08\/activite-velo-ile-de-re.jpg\" alt=\"activite velo ile de re\" class=\"wp-image-8934\" srcset=\"https:\/\/www.ile-blanche.com\/wp-content\/uploads\/2022\/08\/activite-velo-ile-de-re.jpg 990w, https:\/\/www.ile-blanche.com\/wp-content\/uploads\/2022\/08\/activite-velo-ile-de-re-300x192.jpg 300w, https:\/\/www.ile-blanche.com\/wp-content\/uploads\/2022\/08\/activite-velo-ile-de-re-768x492.jpg 768w\" sizes=\"(max-width: 990px) 100vw, 990px\" \/><\/a><\/figure>\n\n\n\n<figure class=\"wp-block-image size-full\"><a href=\"https:\/\/www.ile-blanche.com\/wp-content\/uploads\/2022\/08\/louer-velo-charente-maritime.jpg\"><img decoding=\"async\" width=\"990\" height=\"634\" data-id=\"8921\" src=\"https:\/\/www.ile-blanche.com\/wp-content\/uploads\/2022\/08\/louer-velo-charente-maritime.jpg\" alt=\"louer velo charente maritime\" class=\"wp-image-8921\" srcset=\"https:\/\/www.ile-blanche.com\/wp-content\/uploads\/2022\/08\/louer-velo-charente-maritime.jpg 990w, https:\/\/www.ile-blanche.com\/wp-content\/uploads\/2022\/08\/louer-velo-charente-maritime-300x192.jpg 300w, https:\/\/www.ile-blanche.com\/wp-content\/uploads\/2022\/08\/louer-velo-charente-maritime-768x492.jpg 768w\" sizes=\"(max-width: 990px) 100vw, 990px\" \/><\/a><\/figure>\n<\/figure>\n<\/div>\n<\/div>\n\n\n    <\/div>\n<\/section>\n\n<section id=\"ls-section-block_421336100e45cce8853dadcf3b72192f\" class=\"ls-section \" >\n        <div class=\"container \">\n        \n\n<h2 class=\"ls__heading has-text-align-center p-b-4 wp-block-heading\">Ile de R\u00e9 rental rates<\/h2>\n\n\n\n<table id=\"tablepress-5\" class=\"tablepress tablepress-id-5\">\n<thead>\n<tr class=\"row-1\">\n\t<td class=\"column-1\"><\/td><th class=\"column-2\">1 day<\/th><th class=\"column-3\">2 days<\/th><th class=\"column-4\">3 days<\/th><th class=\"column-5\">4 days<\/th><th class=\"column-6\">5 days<\/th><th class=\"column-7\">6 days<\/th><th class=\"column-8\">additional days<\/th>\n<\/tr>\n<\/thead>\n<tbody class=\"row-striping row-hover\">\n<tr class=\"row-2\">\n\t<td class=\"column-1\">Follower<\/td><td class=\"column-2\">11\u20ac<\/td><td class=\"column-3\">18\u20ac<\/td><td class=\"column-4\">25\u20ac<\/td><td class=\"column-5\">31\u20ac<\/td><td class=\"column-6\">36\u20ac<\/td><td class=\"column-7\">41\u20ac<\/td><td class=\"column-8\">5\/DAY<\/td>\n<\/tr>\n<tr class=\"row-3\">\n\t<td class=\"column-1\">Adult<\/td><td class=\"column-2\">15\u20ac<\/td><td class=\"column-3\">23\u20ac<\/td><td class=\"column-4\">31\u20ac<\/td><td class=\"column-5\">38\u20ac<\/td><td class=\"column-6\">44\u20ac<\/td><td class=\"column-7\">50\u20ac<\/td><td class=\"column-8\">12\/DAY<\/td>\n<\/tr>\n<tr class=\"row-4\">\n\t<td class=\"column-1\">Trailer<\/td><td class=\"column-2\">15\u20ac<\/td><td class=\"column-3\">22\u20ac<\/td><td class=\"column-4\">28\u20ac<\/td><td class=\"column-5\">34\u20ac<\/td><td class=\"column-6\">39\u20ac<\/td><td class=\"column-7\">45\u20ac<\/td><td class=\"column-8\">5\/DAY<\/td>\n<\/tr>\n<tr class=\"row-5\">\n\t<td class=\"column-1\">Baby Seat<\/td><td class=\"column-2\">2\u20ac<\/td><td class=\"column-3\">4\u20ac<\/td><td class=\"column-4\">6\u20ac<\/td><td class=\"column-5\">8\u20ac<\/td><td class=\"column-6\">10\u20ac<\/td><td class=\"column-7\">12\u20ac<\/td><td class=\"column-8\">1\/DAY<\/td>\n<\/tr>\n<tr class=\"row-6\">\n\t<td class=\"column-1\">Electric<\/td><td class=\"column-2\">29\u20ac<\/td><td class=\"column-3\">49\u20ac<\/td><td class=\"column-4\">69\u20ac<\/td><td class=\"column-5\">85\u20ac<\/td><td class=\"column-6\">99\u20ac<\/td><td class=\"column-7\">112\u20ac<\/td><td class=\"column-8\">18\/DAY<\/td>\n<\/tr>\n<\/tbody>\n<\/table>\n<!-- #tablepress-5 from cache -->\n\n\n    <\/div>\n<\/section>\n\n<section id=\"ls-section-block_c2cf29ce604e3bec29e73d38f323d5bb\" class=\"ls-section  home-seventh\" >\n        <div class=\"container container--full\">\n        \n\n<div class=\"wp-block-columns are-vertically-aligned-center is-layout-flex wp-container-core-columns-is-layout-9d6595d7 wp-block-columns-is-layout-flex\">\n<div class=\"wp-block-column is-vertically-aligned-center is-layout-flow wp-block-column-is-layout-flow\" style=\"flex-basis:66.66%\">\n<figure class=\"wp-block-image size-full\"><img decoding=\"async\" width=\"990\" height=\"634\" src=\"https:\/\/www.ile-blanche.com\/wp-content\/uploads\/2022\/08\/pistes-cyclables-ile-de-re.jpg\" alt=\"pistes cyclables ile de re\" class=\"wp-image-8939\" srcset=\"https:\/\/www.ile-blanche.com\/wp-content\/uploads\/2022\/08\/pistes-cyclables-ile-de-re.jpg 990w, https:\/\/www.ile-blanche.com\/wp-content\/uploads\/2022\/08\/pistes-cyclables-ile-de-re-300x192.jpg 300w, https:\/\/www.ile-blanche.com\/wp-content\/uploads\/2022\/08\/pistes-cyclables-ile-de-re-768x492.jpg 768w\" sizes=\"(max-width: 990px) 100vw, 990px\" \/><\/figure>\n<\/div>\n\n\n\n<div class=\"wp-block-column is-vertically-aligned-center column-right is-layout-flow wp-block-column-is-layout-flow\" style=\"flex-basis:33.33%\">\n<h2 class=\"ls-heading wp-block-heading\">Cycling itinerary on the Ile de R\u00e9<\/h2>\n\n\n\n<p class=\"ls-paragraph\">To take full advantage of an <strong>Ile de R\u00e9 bike rental<\/strong>, check out our <strong>tours<\/strong> and <strong>itineraries<\/strong>.<\/p>\n\n\n\n<p class=\"ls-paragraph\">At the tourist level, several itineraries are possible to go around the Ile de R\u00e9 by bike from the campsite in La Flotte en R\u00e9.<\/p>\n\n\n\n<ul class=\"ls-list wp-block-list\"><li>From Ars-en-R\u00e9 to Sainte-Marie-de-R\u00e9 through Le Bois-Plage, Saint-Martin-de-R\u00e9, or Les Portes-en-R\u00e9, go ahead with your head in the handlebars and pedal for economical and ecological travel.<br\/><br\/><\/li><li>Don&#8217;t forget to go through La Couarde-sur-Mer, Saint-Cl\u00e9ment-des-Baleines and Rivedoux-Plage if you want to make a complete tour of the Charente archipelago by bicycle.<\/li><\/ul>\n<\/div>\n<\/div>\n\n\n    <\/div>\n<\/section>\n\n<section id=\"ls-section-block_6a5802112eff2a09f854f2e0a04016ea\" class=\"ls-section  page-four has-background-image\" >\n    <div class=\"ls-section__background-image opacity-100\"><img decoding=\"async\" src=\"https:\/\/www.ile-blanche.com\/wp-content\/uploads\/2022\/08\/location-velo-charente-maritime.jpg\" alt=\"location velo charente maritime\"><\/div>    <div class=\"container container--wide\">\n        \n\n<div class=\"wp-block-columns is-layout-flex wp-container-core-columns-is-layout-9d6595d7 wp-block-columns-is-layout-flex\">\n<div class=\"wp-block-column is-layout-flow wp-block-column-is-layout-flow\">\n<p class=\"ls-paragraph\">To be able to get in the saddle, come and rent an electrically assisted bicycle at the campsite l&#8217;\u00cele Blanche **** and give yourself over to the joys of cycling. You won&#8217;t be able to let go of your two-wheeler during your travels as it will be so pleasant to ride during the vacations.<\/p>\n\n\n\n<p class=\"ls-paragraph\">The rental rates can be consulted in the table opposite and vary according to the specificities of each type of bike to rent.<\/p>\n\n\n\n<p class=\"ls-paragraph\">Please note that a deposit of 200\u20ac will be required for each <strong>bike rental on the Ile de R\u00e9<\/strong> as a MTB. And a deposit of 1000\u20ac will be required for the rental of an electric bike.<\/p>\n<\/div>\n<\/div>\n\n\n    <\/div>\n<\/section>\n\n<section id=\"ls-section-block_5d2abddfa7d921518eb1c28805ed26c8\" class=\"ls-section  home-eighth m-b-0\" >\n        <div class=\"container container--wide\">\n        \n\n<div id=\"ls-heading ls-titre-div-block_ce880878a81b41a362cde19c90b28c39\" class=\"ls-titre-div aligncenter h2-like\" >\n    Our catering and activities on the Ile de R\u00e9<\/div>\n\n\n<div id=\"ls-maillage-block_626d8a1a1baae13157d66f337f86122c\" class=\"ls-maillage cta-style-normal\" data-rows=\"3\">\r\n    <div class=\"wp-block-columns\"><div class=\"wp-block-column\"><div class=\"ls-cta\">\n\n<a href=\"https:\/\/www.ile-blanche.com\/en\/campsite-ile-de-re-swimming-pool\/\" target=\"\" rel=\"noopener\" class=\"ls-cta__link\">\n\n\t<div class=\"ls-cta__image\"><img decoding=\"async\" src=\"https:\/\/www.ile-blanche.com\/wp-content\/uploads\/2022\/09\/pataugeoire-camping-re.jpg\" alt=\"pataugeoire camping re\"><\/div>\t<span class=\"ile-blanche-right-arrow\"><\/span>\n\t<div class=\"ls-cta__title\">\n\t\t> The aquatic park\t<\/div>\n\n\t\n<\/a><\/div><\/div><div class=\"wp-block-column\"><div class=\"ls-cta\">\n\n<a href=\"https:\/\/www.ile-blanche.com\/en\/restaurant-campsite-ile-de-re\/\" target=\"\" rel=\"noopener\" class=\"ls-cta__link\">\n\n\t<div class=\"ls-cta__image\"><img decoding=\"async\" src=\"https:\/\/www.ile-blanche.com\/wp-content\/uploads\/2022\/08\/restaurant-terasse-ile-de-re.jpg\" alt=\"restaurant-terrasse-ile-de-re\"><\/div>\t<span class=\"ile-blanche-right-arrow\"><\/span>\n\t<div class=\"ls-cta__title\">\n\t\t> Snack and catering\t<\/div>\n\n\t\n<\/a><\/div><\/div><div class=\"wp-block-column\"><div class=\"ls-cta\">\n\n<a href=\"https:\/\/www.ile-blanche.com\/en\/leisure-camping-ile-de-re\/\" target=\"\" rel=\"noopener\" class=\"ls-cta__link\">\n\n\t<div class=\"ls-cta__image\"><img decoding=\"async\" src=\"https:\/\/www.ile-blanche.com\/wp-content\/uploads\/2022\/09\/animation-camping-re.jpg\" alt=\"animation camping re\"><\/div>\t<span class=\"ile-blanche-right-arrow\"><\/span>\n\t<div class=\"ls-cta__title\">\n\t\t> Activities\t<\/div>\n\n\t\n<\/a><\/div><\/div><\/div><\/div>\n\n    <\/div>\n<\/section>","protected":false},"excerpt":{"rendered":"","protected":false},"author":1,"featured_media":8881,"parent":0,"menu_order":0,"comment_status":"closed","ping_status":"closed","template":"","meta":{"_acf_changed":false,"footnotes":""},"sujet":[],"class_list":["post-14690","page","type-page","status-publish","has-post-thumbnail","hentry"],"acf":[],"yoast_head":"<!-- This site is optimized with the Yoast SEO plugin v25.3 - https:\/\/yoast.com\/wordpress\/plugins\/seo\/ -->\n<title>Bike rental on the Ile de R\u00e9 in Charente-Maritime in La Flotte en R\u00e9<\/title>\n<meta name=\"description\" content=\"Learn more about the various rentals at the Ile Blanche campsite: discover our bike rentals, barbecue and other services.\" \/>\n<meta name=\"robots\" content=\"index, follow, max-snippet:-1, max-image-preview:large, max-video-preview:-1\" \/>\n<link rel=\"canonical\" href=\"https:\/\/www.ile-blanche.com\/en\/miscellaneous-rentals\/\" \/>\n<meta property=\"og:locale\" content=\"en_US\" \/>\n<meta property=\"og:type\" content=\"article\" \/>\n<meta property=\"og:title\" content=\"Bike rental on the Ile de R\u00e9 in Charente-Maritime in La Flotte en R\u00e9\" \/>\n<meta property=\"og:description\" content=\"Learn more about the various rentals at the Ile Blanche campsite: discover our bike rentals, barbecue and other services.\" \/>\n<meta property=\"og:url\" content=\"https:\/\/www.ile-blanche.com\/en\/miscellaneous-rentals\/\" \/>\n<meta property=\"og:site_name\" content=\"L&#039;\u00cele Blanche\" \/>\n<meta property=\"article:modified_time\" content=\"2022-11-10T15:48:10+00:00\" \/>\n<meta property=\"og:image\" content=\"https:\/\/www.ile-blanche.com\/wp-content\/uploads\/2022\/08\/louer-velo-ile-de-re.jpg\" \/>\n\t<meta property=\"og:image:width\" content=\"1920\" \/>\n\t<meta property=\"og:image:height\" content=\"480\" \/>\n\t<meta property=\"og:image:type\" content=\"image\/jpeg\" \/>\n<meta name=\"twitter:card\" content=\"summary_large_image\" \/>\n<meta name=\"twitter:label1\" content=\"Est. reading time\" \/>\n\t<meta name=\"twitter:data1\" content=\"4 minutes\" \/>\n<script type=\"application\/ld+json\" class=\"yoast-schema-graph\">{\"@context\":\"https:\/\/schema.org\",\"@graph\":[{\"@type\":\"WebPage\",\"@id\":\"https:\/\/www.ile-blanche.com\/en\/miscellaneous-rentals\/\",\"url\":\"https:\/\/www.ile-blanche.com\/en\/miscellaneous-rentals\/\",\"name\":\"Bike rental on the Ile de R\u00e9 in Charente-Maritime in La Flotte en R\u00e9\",\"isPartOf\":{\"@id\":\"https:\/\/www.ile-blanche.com\/en\/#website\"},\"primaryImageOfPage\":{\"@id\":\"https:\/\/www.ile-blanche.com\/en\/miscellaneous-rentals\/#primaryimage\"},\"image\":{\"@id\":\"https:\/\/www.ile-blanche.com\/en\/miscellaneous-rentals\/#primaryimage\"},\"thumbnailUrl\":\"https:\/\/www.ile-blanche.com\/wp-content\/uploads\/2022\/08\/louer-velo-ile-de-re.jpg\",\"datePublished\":\"2022-06-27T12:21:46+00:00\",\"dateModified\":\"2022-11-10T15:48:10+00:00\",\"description\":\"Learn more about the various rentals at the Ile Blanche campsite: discover our bike rentals, barbecue and other services.\",\"breadcrumb\":{\"@id\":\"https:\/\/www.ile-blanche.com\/en\/miscellaneous-rentals\/#breadcrumb\"},\"inLanguage\":\"en-US\",\"potentialAction\":[{\"@type\":\"ReadAction\",\"target\":[\"https:\/\/www.ile-blanche.com\/en\/miscellaneous-rentals\/\"]}]},{\"@type\":\"ImageObject\",\"inLanguage\":\"en-US\",\"@id\":\"https:\/\/www.ile-blanche.com\/en\/miscellaneous-rentals\/#primaryimage\",\"url\":\"https:\/\/www.ile-blanche.com\/wp-content\/uploads\/2022\/08\/louer-velo-ile-de-re.jpg\",\"contentUrl\":\"https:\/\/www.ile-blanche.com\/wp-content\/uploads\/2022\/08\/louer-velo-ile-de-re.jpg\",\"width\":1920,\"height\":480,\"caption\":\"louer velo ile de re\"},{\"@type\":\"BreadcrumbList\",\"@id\":\"https:\/\/www.ile-blanche.com\/en\/miscellaneous-rentals\/#breadcrumb\",\"itemListElement\":[{\"@type\":\"ListItem\",\"position\":1,\"name\":\"Campsite \u00cele de R\u00e9\",\"item\":\"https:\/\/www.ile-blanche.com\/en\/\"},{\"@type\":\"ListItem\",\"position\":2,\"name\":\"Rent a bike on the Ile de R\u00e9\"}]},{\"@type\":\"WebSite\",\"@id\":\"https:\/\/www.ile-blanche.com\/en\/#website\",\"url\":\"https:\/\/www.ile-blanche.com\/en\/\",\"name\":\"L'\u00cele Blanche\",\"description\":\"\",\"publisher\":{\"@id\":\"https:\/\/www.ile-blanche.com\/en\/#organization\"},\"potentialAction\":[{\"@type\":\"SearchAction\",\"target\":{\"@type\":\"EntryPoint\",\"urlTemplate\":\"https:\/\/www.ile-blanche.com\/en\/?s={search_term_string}\"},\"query-input\":{\"@type\":\"PropertyValueSpecification\",\"valueRequired\":true,\"valueName\":\"search_term_string\"}}],\"inLanguage\":\"en-US\"},{\"@type\":\"Organization\",\"@id\":\"https:\/\/www.ile-blanche.com\/en\/#organization\",\"name\":\"L'\u00cele Blanche\",\"url\":\"https:\/\/www.ile-blanche.com\/en\/\",\"logo\":{\"@type\":\"ImageObject\",\"inLanguage\":\"en-US\",\"@id\":\"https:\/\/www.ile-blanche.com\/en\/#\/schema\/logo\/image\/\",\"url\":\"https:\/\/www.ile-blanche.com\/wp-content\/uploads\/2022\/06\/cropped-logo-alt-ile-blanche.png\",\"contentUrl\":\"https:\/\/www.ile-blanche.com\/wp-content\/uploads\/2022\/06\/cropped-logo-alt-ile-blanche.png\",\"width\":512,\"height\":512,\"caption\":\"L'\u00cele Blanche\"},\"image\":{\"@id\":\"https:\/\/www.ile-blanche.com\/en\/#\/schema\/logo\/image\/\"}}]}<\/script>\n<!-- \/ Yoast SEO plugin. -->","yoast_head_json":{"title":"Bike rental on the Ile de R\u00e9 in Charente-Maritime in La Flotte en R\u00e9","description":"Learn more about the various rentals at the Ile Blanche campsite: discover our bike rentals, barbecue and other services.","robots":{"index":"index","follow":"follow","max-snippet":"max-snippet:-1","max-image-preview":"max-image-preview:large","max-video-preview":"max-video-preview:-1"},"canonical":"https:\/\/www.ile-blanche.com\/en\/miscellaneous-rentals\/","og_locale":"en_US","og_type":"article","og_title":"Bike rental on the Ile de R\u00e9 in Charente-Maritime in La Flotte en R\u00e9","og_description":"Learn more about the various rentals at the Ile Blanche campsite: discover our bike rentals, barbecue and other services.","og_url":"https:\/\/www.ile-blanche.com\/en\/miscellaneous-rentals\/","og_site_name":"L&#039;\u00cele Blanche","article_modified_time":"2022-11-10T15:48:10+00:00","og_image":[{"width":1920,"height":480,"url":"https:\/\/www.ile-blanche.com\/wp-content\/uploads\/2022\/08\/louer-velo-ile-de-re.jpg","type":"image\/jpeg"}],"twitter_card":"summary_large_image","twitter_misc":{"Est. reading time":"4 minutes"},"schema":{"@context":"https:\/\/schema.org","@graph":[{"@type":"WebPage","@id":"https:\/\/www.ile-blanche.com\/en\/miscellaneous-rentals\/","url":"https:\/\/www.ile-blanche.com\/en\/miscellaneous-rentals\/","name":"Bike rental on the Ile de R\u00e9 in Charente-Maritime in La Flotte en R\u00e9","isPartOf":{"@id":"https:\/\/www.ile-blanche.com\/en\/#website"},"primaryImageOfPage":{"@id":"https:\/\/www.ile-blanche.com\/en\/miscellaneous-rentals\/#primaryimage"},"image":{"@id":"https:\/\/www.ile-blanche.com\/en\/miscellaneous-rentals\/#primaryimage"},"thumbnailUrl":"https:\/\/www.ile-blanche.com\/wp-content\/uploads\/2022\/08\/louer-velo-ile-de-re.jpg","datePublished":"2022-06-27T12:21:46+00:00","dateModified":"2022-11-10T15:48:10+00:00","description":"Learn more about the various rentals at the Ile Blanche campsite: discover our bike rentals, barbecue and other services.","breadcrumb":{"@id":"https:\/\/www.ile-blanche.com\/en\/miscellaneous-rentals\/#breadcrumb"},"inLanguage":"en-US","potentialAction":[{"@type":"ReadAction","target":["https:\/\/www.ile-blanche.com\/en\/miscellaneous-rentals\/"]}]},{"@type":"ImageObject","inLanguage":"en-US","@id":"https:\/\/www.ile-blanche.com\/en\/miscellaneous-rentals\/#primaryimage","url":"https:\/\/www.ile-blanche.com\/wp-content\/uploads\/2022\/08\/louer-velo-ile-de-re.jpg","contentUrl":"https:\/\/www.ile-blanche.com\/wp-content\/uploads\/2022\/08\/louer-velo-ile-de-re.jpg","width":1920,"height":480,"caption":"louer velo ile de re"},{"@type":"BreadcrumbList","@id":"https:\/\/www.ile-blanche.com\/en\/miscellaneous-rentals\/#breadcrumb","itemListElement":[{"@type":"ListItem","position":1,"name":"Campsite \u00cele de R\u00e9","item":"https:\/\/www.ile-blanche.com\/en\/"},{"@type":"ListItem","position":2,"name":"Rent a bike on the Ile de R\u00e9"}]},{"@type":"WebSite","@id":"https:\/\/www.ile-blanche.com\/en\/#website","url":"https:\/\/www.ile-blanche.com\/en\/","name":"L'\u00cele Blanche","description":"","publisher":{"@id":"https:\/\/www.ile-blanche.com\/en\/#organization"},"potentialAction":[{"@type":"SearchAction","target":{"@type":"EntryPoint","urlTemplate":"https:\/\/www.ile-blanche.com\/en\/?s={search_term_string}"},"query-input":{"@type":"PropertyValueSpecification","valueRequired":true,"valueName":"search_term_string"}}],"inLanguage":"en-US"},{"@type":"Organization","@id":"https:\/\/www.ile-blanche.com\/en\/#organization","name":"L'\u00cele Blanche","url":"https:\/\/www.ile-blanche.com\/en\/","logo":{"@type":"ImageObject","inLanguage":"en-US","@id":"https:\/\/www.ile-blanche.com\/en\/#\/schema\/logo\/image\/","url":"https:\/\/www.ile-blanche.com\/wp-content\/uploads\/2022\/06\/cropped-logo-alt-ile-blanche.png","contentUrl":"https:\/\/www.ile-blanche.com\/wp-content\/uploads\/2022\/06\/cropped-logo-alt-ile-blanche.png","width":512,"height":512,"caption":"L'\u00cele Blanche"},"image":{"@id":"https:\/\/www.ile-blanche.com\/en\/#\/schema\/logo\/image\/"}}]}},"_links":{"self":[{"href":"https:\/\/www.ile-blanche.com\/en\/wp-json\/wp\/v2\/pages\/14690","targetHints":{"allow":["GET"]}}],"collection":[{"href":"https:\/\/www.ile-blanche.com\/en\/wp-json\/wp\/v2\/pages"}],"about":[{"href":"https:\/\/www.ile-blanche.com\/en\/wp-json\/wp\/v2\/types\/page"}],"author":[{"embeddable":true,"href":"https:\/\/www.ile-blanche.com\/en\/wp-json\/wp\/v2\/users\/1"}],"replies":[{"embeddable":true,"href":"https:\/\/www.ile-blanche.com\/en\/wp-json\/wp\/v2\/comments?post=14690"}],"version-history":[{"count":10,"href":"https:\/\/www.ile-blanche.com\/en\/wp-json\/wp\/v2\/pages\/14690\/revisions"}],"predecessor-version":[{"id":16404,"href":"https:\/\/www.ile-blanche.com\/en\/wp-json\/wp\/v2\/pages\/14690\/revisions\/16404"}],"wp:featuredmedia":[{"embeddable":true,"href":"https:\/\/www.ile-blanche.com\/en\/wp-json\/wp\/v2\/media\/8881"}],"wp:attachment":[{"href":"https:\/\/www.ile-blanche.com\/en\/wp-json\/wp\/v2\/media?parent=14690"}],"wp:term":[{"taxonomy":"sujet","embeddable":true,"href":"https:\/\/www.ile-blanche.com\/en\/wp-json\/wp\/v2\/sujet?post=14690"}],"curies":[{"name":"wp","href":"https:\/\/api.w.org\/{rel}","templated":true}]}}