{"id":14601,"date":"2022-06-27T14:19:49","date_gmt":"2022-06-27T12:19:49","guid":{"rendered":"https:\/\/www.ile-blanche.com\/camping-ile-de-re-avec-piscine\/"},"modified":"2022-11-10T17:12:33","modified_gmt":"2022-11-10T16:12:33","slug":"campsite-ile-de-re-swimming-pool","status":"publish","type":"page","link":"https:\/\/www.ile-blanche.com\/en\/campsite-ile-de-re-swimming-pool\/","title":{"rendered":"Le parc aquatique"},"content":{"rendered":"<section id=\"ls-section-block_20a3fafef76c80eeea349ca5c89161be\" class=\"ls-section  page-one home-fourth m-b-0\" >\n        <div class=\"container container--wide\">\n        \n\n<div class=\"wp-block-columns are-vertically-aligned-center is-layout-flex wp-container-core-columns-is-layout-9d6595d7 wp-block-columns-is-layout-flex\">\n<div class=\"wp-block-column is-vertically-aligned-center is-layout-flow wp-block-column-is-layout-flow\">\n<iframe loading=\"lazy\" title=\"Aquatic Space - Campsite \u00cele Blanche (Ile de R\u00e9)\" width=\"100%\" height=\"450\" src=\"https:\/\/www.youtube.com\/embed\/ev2OLT3nvlU?feature=oembed\" frameborder=\"0\" allow=\"accelerometer; autoplay; clipboard-write; encrypted-media; gyroscope; picture-in-picture\" allowfullscreen=\"\" class=\"video\"><\/iframe>\n<\/div>\n\n\n\n<div class=\"wp-block-column is-vertically-aligned-center is-layout-flow wp-block-column-is-layout-flow\">\n<h1 class=\"ls-heading wp-block-heading\">CAMPSITE WITH SWIMMING POOL ON THE \u00ceLE DE R\u00c9 IN CHARENTE-MARITIME<\/h1>\n\n\n\n<p class=\"ls-paragraph\">Staying in a <strong>campsite on the Ile de R\u00e9 with a swimming pool<\/strong> is the icing on the cake! Although we are surrounded by the ocean, the vacation picture would be incomplete without a pool of fresh turquoise water, wouldn&#8217;t it?<\/p>\n\n\n\n<p class=\"ls-paragraph\">The whole family will be able to enjoy the indoor\/outdoor swimming pool heated to 28\u00b0 from April to September, its wellness area for adults and its children&#8217;s area with water games. There is something for the whole family at the <a href=\"\/en\/\">Ile Blanche campsite<\/a> !<\/p>\n<\/div>\n<\/div>\n\n\n    <\/div>\n<\/section>\n\n<section id=\"ls-section-block_fd11cee7af5e59aab067899ed0c3b01b\" class=\"ls-section  page-two home-second has-background has-color-4-background-color\" >\n        <div class=\"container container--full\">\n        \n\n<div class=\"wp-block-columns are-vertically-aligned-center m-b-8 is-layout-flex wp-container-core-columns-is-layout-9d6595d7 wp-block-columns-is-layout-flex\">\n<div class=\"wp-block-column is-vertically-aligned-center column-left is-layout-flow wp-block-column-is-layout-flow\" style=\"flex-basis:33.33%\">\n<h2 class=\"ls-heading wp-block-heading\">A heated aquatic area in the heart of the Ile de R\u00e9<\/h2>\n\n\n\n<p class=\"ls-paragraph\">The campsite L&#8217;\u00eele Blanche offers you an <strong>indoor swimming pool heated<\/strong> to 28\u00b0, an exciting aquatic corner for unforgettable family moments allowing you to swim even in rainy weather. The new ergonomic pool with 2 different depths and its adapted entrance will please everyone.<\/p>\n\n\n\n<p class=\"ls-paragraph\">Campers who come to stay in comfortable accommodations can also relax in the shade or in the sun on the deck chairs set up by the pool. In high season, during school vacations, activities such as pilates, aquagym and meditation-automassage are offered.<br>Our aquatic space has been completely renovated in 2022.<\/p>\n<\/div>\n\n\n\n<div class=\"wp-block-column is-vertically-aligned-center is-layout-flow wp-block-column-is-layout-flow\" style=\"flex-basis:66.66%\">\n<figure class=\"wp-block-gallery has-nested-images columns-1 is-cropped galerie-image wp-block-gallery-1 is-layout-flex wp-block-gallery-is-layout-flex\">\n<figure class=\"wp-block-image size-full\"><a href=\"https:\/\/www.ile-blanche.com\/wp-content\/uploads\/2022\/09\/piscine-couverte-vacances-ile-de-re.jpg\"><img decoding=\"async\" width=\"900\" height=\"600\" data-id=\"13381\" src=\"https:\/\/www.ile-blanche.com\/wp-content\/uploads\/2022\/09\/piscine-couverte-vacances-ile-de-re.jpg\" alt=\"vacation indoor pool ile de re\" class=\"wp-image-13381\" srcset=\"https:\/\/www.ile-blanche.com\/wp-content\/uploads\/2022\/09\/piscine-couverte-vacances-ile-de-re.jpg 900w, https:\/\/www.ile-blanche.com\/wp-content\/uploads\/2022\/09\/piscine-couverte-vacances-ile-de-re-300x200.jpg 300w, https:\/\/www.ile-blanche.com\/wp-content\/uploads\/2022\/09\/piscine-couverte-vacances-ile-de-re-768x512.jpg 768w\" sizes=\"(max-width: 900px) 100vw, 900px\" \/><\/a><\/figure>\n\n\n\n<figure class=\"wp-block-image size-full\"><a href=\"https:\/\/www.ile-blanche.com\/wp-content\/uploads\/2022\/09\/aquagym.jpg\"><img decoding=\"async\" width=\"990\" height=\"634\" data-id=\"14182\" src=\"https:\/\/www.ile-blanche.com\/wp-content\/uploads\/2022\/09\/aquagym.jpg\" alt=\"aquagym\" class=\"wp-image-14182\" srcset=\"https:\/\/www.ile-blanche.com\/wp-content\/uploads\/2022\/09\/aquagym.jpg 990w, https:\/\/www.ile-blanche.com\/wp-content\/uploads\/2022\/09\/aquagym-300x192.jpg 300w, https:\/\/www.ile-blanche.com\/wp-content\/uploads\/2022\/09\/aquagym-768x492.jpg 768w\" sizes=\"(max-width: 990px) 100vw, 990px\" \/><\/a><\/figure>\n\n\n\n<figure class=\"wp-block-image size-full\"><a href=\"https:\/\/www.ile-blanche.com\/wp-content\/uploads\/2022\/09\/terrasse-piscine.jpg\"><img decoding=\"async\" width=\"990\" height=\"634\" data-id=\"13586\" src=\"https:\/\/www.ile-blanche.com\/wp-content\/uploads\/2022\/09\/terrasse-piscine.jpg\" alt=\"terrasse piscine\" class=\"wp-image-13586\" srcset=\"https:\/\/www.ile-blanche.com\/wp-content\/uploads\/2022\/09\/terrasse-piscine.jpg 990w, https:\/\/www.ile-blanche.com\/wp-content\/uploads\/2022\/09\/terrasse-piscine-300x192.jpg 300w, https:\/\/www.ile-blanche.com\/wp-content\/uploads\/2022\/09\/terrasse-piscine-768x492.jpg 768w\" sizes=\"(max-width: 990px) 100vw, 990px\" \/><\/a><\/figure>\n\n\n\n<figure class=\"wp-block-image size-full\"><a href=\"https:\/\/www.ile-blanche.com\/wp-content\/uploads\/2022\/09\/parc-aquatique-ile-de-re.jpg\"><img decoding=\"async\" width=\"990\" height=\"634\" data-id=\"13596\" src=\"https:\/\/www.ile-blanche.com\/wp-content\/uploads\/2022\/09\/parc-aquatique-ile-de-re.jpg\" alt=\"parc aquatique ile de re\" class=\"wp-image-13596\" srcset=\"https:\/\/www.ile-blanche.com\/wp-content\/uploads\/2022\/09\/parc-aquatique-ile-de-re.jpg 990w, https:\/\/www.ile-blanche.com\/wp-content\/uploads\/2022\/09\/parc-aquatique-ile-de-re-300x192.jpg 300w, https:\/\/www.ile-blanche.com\/wp-content\/uploads\/2022\/09\/parc-aquatique-ile-de-re-768x492.jpg 768w\" sizes=\"(max-width: 990px) 100vw, 990px\" \/><\/a><\/figure>\n<\/figure>\n<\/div>\n<\/div>\n\n\n    <\/div>\n<\/section>\n\n<section id=\"ls-section-block_b43e2f5894a81719c1005a8f86469d42\" class=\"ls-section  home-seventh \" >\n        <div class=\"container container--full\">\n        \n\n<div class=\"wp-block-columns are-vertically-aligned-center is-layout-flex wp-container-core-columns-is-layout-9d6595d7 wp-block-columns-is-layout-flex\">\n<div class=\"wp-block-column is-vertically-aligned-center is-layout-flow wp-block-column-is-layout-flow\" style=\"flex-basis:66.66%\">\n<figure class=\"wp-block-image size-large\"><img decoding=\"async\" width=\"1024\" height=\"683\" src=\"https:\/\/www.ile-blanche.com\/wp-content\/uploads\/2022\/09\/jacuzzi-spa-ile-de-re-1024x683.jpg\" alt=\"jacuzzi spa ile de re\" class=\"wp-image-14028\" srcset=\"https:\/\/www.ile-blanche.com\/wp-content\/uploads\/2022\/09\/jacuzzi-spa-ile-de-re-1024x683.jpg 1024w, https:\/\/www.ile-blanche.com\/wp-content\/uploads\/2022\/09\/jacuzzi-spa-ile-de-re-300x200.jpg 300w, https:\/\/www.ile-blanche.com\/wp-content\/uploads\/2022\/09\/jacuzzi-spa-ile-de-re-768x512.jpg 768w, https:\/\/www.ile-blanche.com\/wp-content\/uploads\/2022\/09\/jacuzzi-spa-ile-de-re.jpg 1200w\" sizes=\"(max-width: 1024px) 100vw, 1024px\" \/><\/figure>\n<\/div>\n\n\n\n<div class=\"wp-block-column is-vertically-aligned-center column-right is-layout-flow wp-block-column-is-layout-flow\" style=\"flex-basis:33.33%\">\n<h2 class=\"ls-heading wp-block-heading\">A relaxation area for more well-being<\/h2>\n\n\n\n<p class=\"ls-paragraph\">For the relaxation of adults we offer you a wellness area with <strong>jacuzzi<\/strong> <strong>sauna<\/strong> and <strong>solarium<\/strong> come and enjoy the regenerating bubbles of the <strong>jacuzzi 8 persons<\/strong>Detoxify yourself with the sauna followed by the cold Balinese shower (cardio stimulant and full of body benefits) and finally rest in the solarium surrounded by flowers and plants for a regenerating cocooning! <\/p>\n\n\n\n<p class=\"ls-paragraph\">A well-deserved rest on vacation, a real recovery cure!<\/p>\n<\/div>\n<\/div>\n\n\n    <\/div>\n<\/section>\n\n<section id=\"ls-section-block_e0249d1484e61334b1c125b975f41359\" class=\"ls-section  page-four has-background-image has-p-t p-t-13\" >\n    <div class=\"ls-section__background-image opacity-100\"><img decoding=\"async\" src=\"https:\/\/www.ile-blanche.com\/wp-content\/uploads\/2022\/09\/jeux-deau-camping-ile-de-re.jpg\" alt=\"jeux deau camping ile de re\"><\/div>    <div class=\"container container--wide\">\n        \n\n<h2 class=\"ls__heading has-text-align-left wp-block-heading\">A children&#8217;s area with water games<\/h2>\n\n\n\n<p class=\"ls-paragraph has-text-align-left\">Children are also spoiled at the campsite \u00eele blanche with the brand new <strong>aqualudic playground<\/strong> and its <strong>secure paddling pool<\/strong> for the little ones. Lulu the turtle, the ladybug family and rose the hippopotamus are waiting to share unforgettable moments with you and your friends! <\/p>\n\n\n\n<p class=\"ls-paragraph has-text-align-left\">A playground and swimming area ideal for fun!<\/p>\n\n\n    <\/div>\n<\/section>\n\n<section id=\"ls-section-block_919237ede1af84ac533a4b4d283bbd47\" class=\"ls-section  home-eighth m-b-0\" >\n        <div class=\"container container--wide\">\n        \n\n<div id=\"ls-heading ls-titre-div-block_5771fa66909c079cf26b8d7af4ab6329\" class=\"ls-titre-div aligncenter h2-like\" >\n    Direct access to the sea and our leisure activities on the Ile de R\u00e9<\/div>\n\n\n<div id=\"ls-maillage-block_2fa260fed63530c5cef5b3bc3b9148dd\" class=\"ls-maillage cta-style-normal\" data-rows=\"3\">\r\n    <div class=\"wp-block-columns\"><div class=\"wp-block-column\"><div class=\"ls-cta\">\n\n<a href=\"https:\/\/www.ile-blanche.com\/en\/campsite-ile-de-re-by-the-sea\/\" target=\"\" rel=\"noopener\" class=\"ls-cta__link\">\n\n\t<div class=\"ls-cta__image\"><img decoding=\"async\" src=\"https:\/\/www.ile-blanche.com\/wp-content\/uploads\/2022\/08\/hebergement-bord-mer-ile-de-re.jpg\" alt=\"hebergement bord mer ile de re\"><\/div>\t<span class=\"ile-blanche-right-arrow\"><\/span>\n\t<div class=\"ls-cta__title\">\n\t\t> Campsite by the sea\t<\/div>\n\n\t\n<\/a><\/div><\/div><div class=\"wp-block-column\"><div class=\"ls-cta\">\n\n<a href=\"https:\/\/www.ile-blanche.com\/en\/restaurant-campsite-ile-de-re\/\" target=\"\" rel=\"noopener\" class=\"ls-cta__link\">\n\n\t<div class=\"ls-cta__image\"><img decoding=\"async\" src=\"https:\/\/www.ile-blanche.com\/wp-content\/uploads\/2022\/08\/restaurant-terasse-ile-de-re.jpg\" alt=\"restaurant-terrasse-ile-de-re\"><\/div>\t<span class=\"ile-blanche-right-arrow\"><\/span>\n\t<div class=\"ls-cta__title\">\n\t\t> Snack and catering\t<\/div>\n\n\t\n<\/a><\/div><\/div><div class=\"wp-block-column\"><div class=\"ls-cta\">\n\n<a href=\"https:\/\/www.ile-blanche.com\/en\/leisure-camping-ile-de-re\/\" target=\"\" rel=\"noopener\" class=\"ls-cta__link\">\n\n\t<div class=\"ls-cta__image\"><img decoding=\"async\" src=\"https:\/\/www.ile-blanche.com\/wp-content\/uploads\/2022\/09\/animation-camping-re.jpg\" alt=\"animation camping re\"><\/div>\t<span class=\"ile-blanche-right-arrow\"><\/span>\n\t<div class=\"ls-cta__title\">\n\t\t> Activities\t<\/div>\n\n\t\n<\/a><\/div><\/div><\/div><\/div>\n\n    <\/div>\n<\/section>","protected":false},"excerpt":{"rendered":"","protected":false},"author":1,"featured_media":13374,"parent":0,"menu_order":0,"comment_status":"closed","ping_status":"closed","template":"","meta":{"_acf_changed":false,"footnotes":""},"sujet":[],"class_list":["post-14601","page","type-page","status-publish","has-post-thumbnail","hentry"],"acf":[],"yoast_head":"<!-- This site is optimized with the Yoast SEO plugin v25.3 - https:\/\/yoast.com\/wordpress\/plugins\/seo\/ -->\n<title>Ile de R\u00e9 campsite with covered and heated swimming pool in La Flotte en R\u00e9<\/title>\n<meta name=\"description\" content=\"Enjoy a relaxing moment by the pool of the campsite L&#039;\u00eele Blanche. Heated, covered and open-air pool!\" \/>\n<meta name=\"robots\" content=\"index, follow, max-snippet:-1, max-image-preview:large, max-video-preview:-1\" \/>\n<link rel=\"canonical\" href=\"https:\/\/www.ile-blanche.com\/en\/campsite-ile-de-re-swimming-pool\/\" \/>\n<meta property=\"og:locale\" content=\"en_US\" \/>\n<meta property=\"og:type\" content=\"article\" \/>\n<meta property=\"og:title\" content=\"Ile de R\u00e9 campsite with covered and heated swimming pool in La Flotte en R\u00e9\" \/>\n<meta property=\"og:description\" content=\"Enjoy a relaxing moment by the pool of the campsite L&#039;\u00eele Blanche. Heated, covered and open-air pool!\" \/>\n<meta property=\"og:url\" content=\"https:\/\/www.ile-blanche.com\/en\/campsite-ile-de-re-swimming-pool\/\" \/>\n<meta property=\"og:site_name\" content=\"L&#039;\u00cele Blanche\" \/>\n<meta property=\"article:modified_time\" content=\"2022-11-10T16:12:33+00:00\" \/>\n<meta property=\"og:image\" content=\"https:\/\/www.ile-blanche.com\/wp-content\/uploads\/2022\/09\/camping-ile-de-re-piscine.jpg\" \/>\n\t<meta property=\"og:image:width\" content=\"1920\" \/>\n\t<meta property=\"og:image:height\" content=\"480\" \/>\n\t<meta property=\"og:image:type\" content=\"image\/jpeg\" \/>\n<meta name=\"twitter:card\" content=\"summary_large_image\" \/>\n<meta name=\"twitter:label1\" content=\"Est. reading time\" \/>\n\t<meta name=\"twitter:data1\" content=\"3 minutes\" \/>\n<script type=\"application\/ld+json\" class=\"yoast-schema-graph\">{\"@context\":\"https:\/\/schema.org\",\"@graph\":[{\"@type\":\"WebPage\",\"@id\":\"https:\/\/www.ile-blanche.com\/en\/campsite-ile-de-re-swimming-pool\/\",\"url\":\"https:\/\/www.ile-blanche.com\/en\/campsite-ile-de-re-swimming-pool\/\",\"name\":\"Ile de R\u00e9 campsite with covered and heated swimming pool in La Flotte en R\u00e9\",\"isPartOf\":{\"@id\":\"https:\/\/www.ile-blanche.com\/en\/#website\"},\"primaryImageOfPage\":{\"@id\":\"https:\/\/www.ile-blanche.com\/en\/campsite-ile-de-re-swimming-pool\/#primaryimage\"},\"image\":{\"@id\":\"https:\/\/www.ile-blanche.com\/en\/campsite-ile-de-re-swimming-pool\/#primaryimage\"},\"thumbnailUrl\":\"https:\/\/www.ile-blanche.com\/wp-content\/uploads\/2022\/09\/camping-ile-de-re-piscine.jpg\",\"datePublished\":\"2022-06-27T12:19:49+00:00\",\"dateModified\":\"2022-11-10T16:12:33+00:00\",\"description\":\"Enjoy a relaxing moment by the pool of the campsite L'\u00eele Blanche. Heated, covered and open-air pool!\",\"breadcrumb\":{\"@id\":\"https:\/\/www.ile-blanche.com\/en\/campsite-ile-de-re-swimming-pool\/#breadcrumb\"},\"inLanguage\":\"en-US\",\"potentialAction\":[{\"@type\":\"ReadAction\",\"target\":[\"https:\/\/www.ile-blanche.com\/en\/campsite-ile-de-re-swimming-pool\/\"]}]},{\"@type\":\"ImageObject\",\"inLanguage\":\"en-US\",\"@id\":\"https:\/\/www.ile-blanche.com\/en\/campsite-ile-de-re-swimming-pool\/#primaryimage\",\"url\":\"https:\/\/www.ile-blanche.com\/wp-content\/uploads\/2022\/09\/camping-ile-de-re-piscine.jpg\",\"contentUrl\":\"https:\/\/www.ile-blanche.com\/wp-content\/uploads\/2022\/09\/camping-ile-de-re-piscine.jpg\",\"width\":1920,\"height\":480,\"caption\":\"camping ile de re piscine\"},{\"@type\":\"BreadcrumbList\",\"@id\":\"https:\/\/www.ile-blanche.com\/en\/campsite-ile-de-re-swimming-pool\/#breadcrumb\",\"itemListElement\":[{\"@type\":\"ListItem\",\"position\":1,\"name\":\"Campsite \u00cele de R\u00e9\",\"item\":\"https:\/\/www.ile-blanche.com\/en\/\"},{\"@type\":\"ListItem\",\"position\":2,\"name\":\"Campsite with swimming pool Ile de R\u00e9\"}]},{\"@type\":\"WebSite\",\"@id\":\"https:\/\/www.ile-blanche.com\/en\/#website\",\"url\":\"https:\/\/www.ile-blanche.com\/en\/\",\"name\":\"L'\u00cele Blanche\",\"description\":\"\",\"publisher\":{\"@id\":\"https:\/\/www.ile-blanche.com\/en\/#organization\"},\"potentialAction\":[{\"@type\":\"SearchAction\",\"target\":{\"@type\":\"EntryPoint\",\"urlTemplate\":\"https:\/\/www.ile-blanche.com\/en\/?s={search_term_string}\"},\"query-input\":{\"@type\":\"PropertyValueSpecification\",\"valueRequired\":true,\"valueName\":\"search_term_string\"}}],\"inLanguage\":\"en-US\"},{\"@type\":\"Organization\",\"@id\":\"https:\/\/www.ile-blanche.com\/en\/#organization\",\"name\":\"L'\u00cele Blanche\",\"url\":\"https:\/\/www.ile-blanche.com\/en\/\",\"logo\":{\"@type\":\"ImageObject\",\"inLanguage\":\"en-US\",\"@id\":\"https:\/\/www.ile-blanche.com\/en\/#\/schema\/logo\/image\/\",\"url\":\"https:\/\/www.ile-blanche.com\/wp-content\/uploads\/2022\/06\/cropped-logo-alt-ile-blanche.png\",\"contentUrl\":\"https:\/\/www.ile-blanche.com\/wp-content\/uploads\/2022\/06\/cropped-logo-alt-ile-blanche.png\",\"width\":512,\"height\":512,\"caption\":\"L'\u00cele Blanche\"},\"image\":{\"@id\":\"https:\/\/www.ile-blanche.com\/en\/#\/schema\/logo\/image\/\"}}]}<\/script>\n<!-- \/ Yoast SEO plugin. -->","yoast_head_json":{"title":"Ile de R\u00e9 campsite with covered and heated swimming pool in La Flotte en R\u00e9","description":"Enjoy a relaxing moment by the pool of the campsite L'\u00eele Blanche. Heated, covered and open-air pool!","robots":{"index":"index","follow":"follow","max-snippet":"max-snippet:-1","max-image-preview":"max-image-preview:large","max-video-preview":"max-video-preview:-1"},"canonical":"https:\/\/www.ile-blanche.com\/en\/campsite-ile-de-re-swimming-pool\/","og_locale":"en_US","og_type":"article","og_title":"Ile de R\u00e9 campsite with covered and heated swimming pool in La Flotte en R\u00e9","og_description":"Enjoy a relaxing moment by the pool of the campsite L'\u00eele Blanche. Heated, covered and open-air pool!","og_url":"https:\/\/www.ile-blanche.com\/en\/campsite-ile-de-re-swimming-pool\/","og_site_name":"L&#039;\u00cele Blanche","article_modified_time":"2022-11-10T16:12:33+00:00","og_image":[{"width":1920,"height":480,"url":"https:\/\/www.ile-blanche.com\/wp-content\/uploads\/2022\/09\/camping-ile-de-re-piscine.jpg","type":"image\/jpeg"}],"twitter_card":"summary_large_image","twitter_misc":{"Est. reading time":"3 minutes"},"schema":{"@context":"https:\/\/schema.org","@graph":[{"@type":"WebPage","@id":"https:\/\/www.ile-blanche.com\/en\/campsite-ile-de-re-swimming-pool\/","url":"https:\/\/www.ile-blanche.com\/en\/campsite-ile-de-re-swimming-pool\/","name":"Ile de R\u00e9 campsite with covered and heated swimming pool in La Flotte en R\u00e9","isPartOf":{"@id":"https:\/\/www.ile-blanche.com\/en\/#website"},"primaryImageOfPage":{"@id":"https:\/\/www.ile-blanche.com\/en\/campsite-ile-de-re-swimming-pool\/#primaryimage"},"image":{"@id":"https:\/\/www.ile-blanche.com\/en\/campsite-ile-de-re-swimming-pool\/#primaryimage"},"thumbnailUrl":"https:\/\/www.ile-blanche.com\/wp-content\/uploads\/2022\/09\/camping-ile-de-re-piscine.jpg","datePublished":"2022-06-27T12:19:49+00:00","dateModified":"2022-11-10T16:12:33+00:00","description":"Enjoy a relaxing moment by the pool of the campsite L'\u00eele Blanche. Heated, covered and open-air pool!","breadcrumb":{"@id":"https:\/\/www.ile-blanche.com\/en\/campsite-ile-de-re-swimming-pool\/#breadcrumb"},"inLanguage":"en-US","potentialAction":[{"@type":"ReadAction","target":["https:\/\/www.ile-blanche.com\/en\/campsite-ile-de-re-swimming-pool\/"]}]},{"@type":"ImageObject","inLanguage":"en-US","@id":"https:\/\/www.ile-blanche.com\/en\/campsite-ile-de-re-swimming-pool\/#primaryimage","url":"https:\/\/www.ile-blanche.com\/wp-content\/uploads\/2022\/09\/camping-ile-de-re-piscine.jpg","contentUrl":"https:\/\/www.ile-blanche.com\/wp-content\/uploads\/2022\/09\/camping-ile-de-re-piscine.jpg","width":1920,"height":480,"caption":"camping ile de re piscine"},{"@type":"BreadcrumbList","@id":"https:\/\/www.ile-blanche.com\/en\/campsite-ile-de-re-swimming-pool\/#breadcrumb","itemListElement":[{"@type":"ListItem","position":1,"name":"Campsite \u00cele de R\u00e9","item":"https:\/\/www.ile-blanche.com\/en\/"},{"@type":"ListItem","position":2,"name":"Campsite with swimming pool Ile de R\u00e9"}]},{"@type":"WebSite","@id":"https:\/\/www.ile-blanche.com\/en\/#website","url":"https:\/\/www.ile-blanche.com\/en\/","name":"L'\u00cele Blanche","description":"","publisher":{"@id":"https:\/\/www.ile-blanche.com\/en\/#organization"},"potentialAction":[{"@type":"SearchAction","target":{"@type":"EntryPoint","urlTemplate":"https:\/\/www.ile-blanche.com\/en\/?s={search_term_string}"},"query-input":{"@type":"PropertyValueSpecification","valueRequired":true,"valueName":"search_term_string"}}],"inLanguage":"en-US"},{"@type":"Organization","@id":"https:\/\/www.ile-blanche.com\/en\/#organization","name":"L'\u00cele Blanche","url":"https:\/\/www.ile-blanche.com\/en\/","logo":{"@type":"ImageObject","inLanguage":"en-US","@id":"https:\/\/www.ile-blanche.com\/en\/#\/schema\/logo\/image\/","url":"https:\/\/www.ile-blanche.com\/wp-content\/uploads\/2022\/06\/cropped-logo-alt-ile-blanche.png","contentUrl":"https:\/\/www.ile-blanche.com\/wp-content\/uploads\/2022\/06\/cropped-logo-alt-ile-blanche.png","width":512,"height":512,"caption":"L'\u00cele Blanche"},"image":{"@id":"https:\/\/www.ile-blanche.com\/en\/#\/schema\/logo\/image\/"}}]}},"_links":{"self":[{"href":"https:\/\/www.ile-blanche.com\/en\/wp-json\/wp\/v2\/pages\/14601","targetHints":{"allow":["GET"]}}],"collection":[{"href":"https:\/\/www.ile-blanche.com\/en\/wp-json\/wp\/v2\/pages"}],"about":[{"href":"https:\/\/www.ile-blanche.com\/en\/wp-json\/wp\/v2\/types\/page"}],"author":[{"embeddable":true,"href":"https:\/\/www.ile-blanche.com\/en\/wp-json\/wp\/v2\/users\/1"}],"replies":[{"embeddable":true,"href":"https:\/\/www.ile-blanche.com\/en\/wp-json\/wp\/v2\/comments?post=14601"}],"version-history":[{"count":7,"href":"https:\/\/www.ile-blanche.com\/en\/wp-json\/wp\/v2\/pages\/14601\/revisions"}],"predecessor-version":[{"id":16416,"href":"https:\/\/www.ile-blanche.com\/en\/wp-json\/wp\/v2\/pages\/14601\/revisions\/16416"}],"wp:featuredmedia":[{"embeddable":true,"href":"https:\/\/www.ile-blanche.com\/en\/wp-json\/wp\/v2\/media\/13374"}],"wp:attachment":[{"href":"https:\/\/www.ile-blanche.com\/en\/wp-json\/wp\/v2\/media?parent=14601"}],"wp:term":[{"taxonomy":"sujet","embeddable":true,"href":"https:\/\/www.ile-blanche.com\/en\/wp-json\/wp\/v2\/sujet?post=14601"}],"curies":[{"name":"wp","href":"https:\/\/api.w.org\/{rel}","templated":true}]}}