{"id":14520,"date":"2022-08-24T11:57:29","date_gmt":"2022-08-24T09:57:29","guid":{"rendered":"https:\/\/www.ile-blanche.com\/activities-ile-de-re\/thalasso-ile-de-re\/"},"modified":"2022-11-10T17:28:13","modified_gmt":"2022-11-10T16:28:13","slug":"thalasso-ile-de-re","status":"publish","type":"page","link":"https:\/\/www.ile-blanche.com\/en\/activities-ile-de-re\/thalasso-ile-de-re\/","title":{"rendered":"Vacances bien-\u00eatre sur l\u2019\u00eele de R\u00e9"},"content":{"rendered":"<section id=\"ls-section-block_88f37561701f87678b07df95e7058207\" class=\"ls-section  page-one home-fourth m-b-0\" >\n        <div class=\"container container--wide\">\n        \n\n<div class=\"wp-block-columns is-layout-flex wp-container-core-columns-is-layout-9d6595d7 wp-block-columns-is-layout-flex\">\n<div class=\"wp-block-column is-vertically-aligned-center is-layout-flow wp-block-column-is-layout-flow\">\n<figure class=\"wp-block-image size-full\"><a href=\"https:\/\/www.ile-blanche.com\/wp-content\/uploads\/2022\/09\/yoga-ile-de-re.jpg\"><img decoding=\"async\" width=\"900\" height=\"506\" src=\"https:\/\/www.ile-blanche.com\/wp-content\/uploads\/2022\/09\/yoga-ile-de-re.jpg\" alt=\"yoga ile de re\" class=\"wp-image-12816\" srcset=\"https:\/\/www.ile-blanche.com\/wp-content\/uploads\/2022\/09\/yoga-ile-de-re.jpg 900w, https:\/\/www.ile-blanche.com\/wp-content\/uploads\/2022\/09\/yoga-ile-de-re-300x169.jpg 300w, https:\/\/www.ile-blanche.com\/wp-content\/uploads\/2022\/09\/yoga-ile-de-re-768x432.jpg 768w\" sizes=\"(max-width: 900px) 100vw, 900px\" \/><\/a><\/figure>\n<\/div>\n\n\n\n<div class=\"wp-block-column is-vertically-aligned-center is-layout-flow wp-block-column-is-layout-flow\">\n<h1 class=\"ls-heading wp-block-heading\">THALASSO ON \u00ceLE DE R\u00c9<\/h1>\n\n\n\n<h2 class=\"ls-heading wp-block-heading\">ILE DE R\u00c9 THALASSO : ALL YOU NEED TO KNOW<\/h2>\n\n\n\n<p class=\"ls-paragraph\">Are you dreaming of a thalasso holiday on the Ile de R\u00e9 ?<br>Holidaymakers who dream of a relaxing weekend or a wellness-oriented vacation are welcome on the Ile de R\u00e9. The seawater of the island meets all the conditions to offer you delicious moments of well-being that you will ask for again.<\/p>\n\n\n\n<p class=\"ls-paragraph\">The pure and iodized air, the phytoplankton, the seaweed, the marine mud contain substances to heal rheumatism, skin problems and other diseases. They will also help you to evacuate all your stress and relax. The Ile de R\u00e9 also offers an exceptional environment.<\/p>\n\n\n\n<p class=\"ls-paragraph\">The idyllic setting and the impeccable quality of the sea are particularly conducive to rest, relaxation and rejuvenation, and there are many activities available on the island. And to welcome you, the Ile de R\u00e9 offers several thalasso centers ile de R\u00e9, installed in the heart of nature, you can also do yoga on the island of R\u00e9 to continue your stay relaxation.<\/p>\n<\/div>\n<\/div>\n\n\n    <\/div>\n<\/section>\n\n<section id=\"ls-section-block_0e3d651ed368d5c63913972da44862fc\" class=\"ls-section  p-t-0 m-b-0 p-b-0\" >\n        <div class=\"container container--full\">\n        \n\n<div class=\"wp-block-columns is-layout-flex wp-container-core-columns-is-layout-9d6595d7 wp-block-columns-is-layout-flex\">\n<div class=\"wp-block-column is-vertically-aligned-center column-left is-layout-flow wp-block-column-is-layout-flow\" style=\"flex-basis:50%\">\n<h2 class=\"ls-heading wp-block-heading\">THALASSO CURE \u00ceLE DE R\u00c9<\/h2>\n\n\n\n<p class=\"ls-paragraph\">Thalassotherapy is a true source of well-being. The fitness cures using sea water, seaweed and marine mud provide undeniable benefits. A large number of curists come and return throughout the year to enjoy a few days of happiness in the thalasso centers of Ile de R\u00e9 and spaces dedicated to the well-being of the Rhone.<\/p>\n\n\n\n<p class=\"ls-paragraph\">Forget the stress and the daily routine and let yourself be invaded by moments of pure relaxation for a few days. You can of course combine your wellness stay with discoveries and a range of activities.<\/p>\n<\/div>\n\n\n\n<div class=\"wp-block-column is-vertically-aligned-center is-layout-flow wp-block-column-is-layout-flow\" style=\"flex-basis:50%\">\n<figure class=\"wp-block-image size-full\"><img decoding=\"async\" width=\"990\" height=\"634\" src=\"https:\/\/www.ile-blanche.com\/wp-content\/uploads\/2022\/09\/balneotherapie-ile-de-re.jpg\" alt=\"balneotherapie ile de re\" class=\"wp-image-12822\" srcset=\"https:\/\/www.ile-blanche.com\/wp-content\/uploads\/2022\/09\/balneotherapie-ile-de-re.jpg 990w, https:\/\/www.ile-blanche.com\/wp-content\/uploads\/2022\/09\/balneotherapie-ile-de-re-300x192.jpg 300w, https:\/\/www.ile-blanche.com\/wp-content\/uploads\/2022\/09\/balneotherapie-ile-de-re-768x492.jpg 768w\" sizes=\"(max-width: 990px) 100vw, 990px\" \/><\/figure>\n<\/div>\n<\/div>\n\n\n    <\/div>\n<\/section>\n\n<section id=\"ls-section-block_859a9c88fc9b18e7f12e41975e4963be\" class=\"ls-section  m-t-0 p-t-0 m-b-0 p-b-0\" >\n        <div class=\"container container--full\">\n        \n\n<div class=\"wp-block-columns is-layout-flex wp-container-core-columns-is-layout-9d6595d7 wp-block-columns-is-layout-flex\">\n<div class=\"wp-block-column is-vertically-aligned-top is-layout-flow wp-block-column-is-layout-flow\" style=\"flex-basis:50%\">\n<figure class=\"wp-block-image size-full\"><img decoding=\"async\" width=\"990\" height=\"634\" src=\"https:\/\/www.ile-blanche.com\/wp-content\/uploads\/2022\/09\/massage-pierres-chaudes-re.jpg\" alt=\"massage pierres chaudes re\" class=\"wp-image-12830\" srcset=\"https:\/\/www.ile-blanche.com\/wp-content\/uploads\/2022\/09\/massage-pierres-chaudes-re.jpg 990w, https:\/\/www.ile-blanche.com\/wp-content\/uploads\/2022\/09\/massage-pierres-chaudes-re-300x192.jpg 300w, https:\/\/www.ile-blanche.com\/wp-content\/uploads\/2022\/09\/massage-pierres-chaudes-re-768x492.jpg 768w\" sizes=\"(max-width: 990px) 100vw, 990px\" \/><\/figure>\n<\/div>\n\n\n\n<div class=\"wp-block-column is-vertically-aligned-center column-right is-layout-flow wp-block-column-is-layout-flow\" style=\"flex-basis:50%\">\n<h2 class=\"ls-heading wp-block-heading\">WEEKEND THALASSO \u00ceLE DE R\u00c9<\/h2>\n\n\n\n<p class=\"ls-paragraph\">The Ile de R\u00e9 is a destination that is easy to fall in love with, a heavenly place that one wishes to return to after a pleasant stay. One of the main reasons for going there is to enjoy the sea.<\/p>\n\n\n\n<p class=\"ls-paragraph\">The benefits of the sea air have been known to the general public for ages &#8211; the proximity to the sea is also promoted by many hotels, restaurants or <a href=\"\/en\/\">campsites in Ile de R\u00e9<\/a>, all over France.<\/p>\n\n\n\n<p class=\"ls-paragraph\">Staying by the sea is a way to recharge your batteries, erase muscle or joint fatigue, improve sleep, and much more. Even better, a thalasso weekend on the Ile de R\u00e9 also allows you to take advantage of treatments designed to enhance your well-being and general health.<\/p>\n<\/div>\n<\/div>\n\n\n    <\/div>\n<\/section>\n\n<section id=\"ls-section-block_859a9c88fc9b18e7f12e41975e4963be\" class=\"ls-section  m-t-0 p-t-0 m-b-0 p-b-0\" >\n        <div class=\"container container--full\">\n        \n\n<div class=\"wp-block-columns is-layout-flex wp-container-core-columns-is-layout-9d6595d7 wp-block-columns-is-layout-flex\">\n<div class=\"wp-block-column is-vertically-aligned-center column-left is-layout-flow wp-block-column-is-layout-flow\" style=\"flex-basis:50%\">\n<p class=\"ls-paragraph\">In particular, the stay is an opportunity to indulge in delicious moments of idleness in marine mud, which helps to treat rheumatism, skin problems and other pathologies. More broadly, thalassotherapy cures also include the use of sea water and algae.<\/p>\n\n\n\n<p class=\"ls-paragraph\">It is no coincidence that many visitors come back every year to enjoy the benefits of a spa treatment on the Ile de R\u00e9, especially since the destination, in addition to offering an idyllic setting, is full of wellness areas and welcoming <strong>thalasso centers<\/strong>.<\/p>\n\n\n\n<p class=\"ls-paragraph\">During your thalasso spa treatment in a wellness center on the Atlantic Ocean you will be able to try modeling, hammam, sauna, body wrap, aquagym, scrubbing, detox relaxation in an indoor heated seawater pool.<\/p>\n<\/div>\n\n\n\n<div class=\"wp-block-column is-vertically-aligned-top is-layout-flow wp-block-column-is-layout-flow\" style=\"flex-basis:50%\"><div class=\"wp-block-image\">\n<figure class=\"aligncenter size-full\"><img decoding=\"async\" width=\"990\" height=\"634\" src=\"https:\/\/www.ile-blanche.com\/wp-content\/uploads\/2022\/09\/huile-massage-re.jpg\" alt=\"huile massage re\" class=\"wp-image-12843\" srcset=\"https:\/\/www.ile-blanche.com\/wp-content\/uploads\/2022\/09\/huile-massage-re.jpg 990w, https:\/\/www.ile-blanche.com\/wp-content\/uploads\/2022\/09\/huile-massage-re-300x192.jpg 300w, https:\/\/www.ile-blanche.com\/wp-content\/uploads\/2022\/09\/huile-massage-re-768x492.jpg 768w\" sizes=\"(max-width: 990px) 100vw, 990px\" \/><\/figure>\n<\/div><\/div>\n<\/div>\n\n\n    <\/div>\n<\/section>\n\n<section id=\"ls-section-block_859a9c88fc9b18e7f12e41975e4963be\" class=\"ls-section  m-t-0 p-t-0 m-b-0 p-b-0\" >\n        <div class=\"container container--full\">\n        \n\n<div class=\"wp-block-columns is-layout-flex wp-container-core-columns-is-layout-9d6595d7 wp-block-columns-is-layout-flex\">\n<div class=\"wp-block-column is-vertically-aligned-top is-layout-flow wp-block-column-is-layout-flow\" style=\"flex-basis:50%\">\n<figure class=\"wp-block-image size-full\"><img decoding=\"async\" width=\"990\" height=\"634\" src=\"https:\/\/www.ile-blanche.com\/wp-content\/uploads\/2022\/09\/massages-ile-de-re.jpg\" alt=\"massages ile de re\" class=\"wp-image-12837\" srcset=\"https:\/\/www.ile-blanche.com\/wp-content\/uploads\/2022\/09\/massages-ile-de-re.jpg 990w, https:\/\/www.ile-blanche.com\/wp-content\/uploads\/2022\/09\/massages-ile-de-re-300x192.jpg 300w, https:\/\/www.ile-blanche.com\/wp-content\/uploads\/2022\/09\/massages-ile-de-re-768x492.jpg 768w\" sizes=\"(max-width: 990px) 100vw, 990px\" \/><\/figure>\n<\/div>\n\n\n\n<div class=\"wp-block-column is-vertically-aligned-center column-right is-layout-flow wp-block-column-is-layout-flow\" style=\"flex-basis:50%\">\n<h2 class=\"ls-heading wp-block-heading\">THALASSO STAYS ON \u00ceLE DE RE<\/h2>\n\n\n\n<p class=\"ls-paragraph\">Thalasso centers ile de R\u00e9 of reputation open their doors to the curists on the island of R\u00e9. The Thalacap is located in the heart of the wild beaches of Ars en R\u00e9, near the vineyards and salt marshes.<\/p>\n\n\n\n<p class=\"ls-paragraph\">Its thalasso institute, its spa ile de R\u00e9, its catering and its residence guarantee moments of softness and incomparable relaxation. The Relais-Thalasso awaits you in Sainte Marie de R\u00e9 in a magical haven caressed by the soft light of the sun.<\/p>\n<\/div>\n<\/div>\n\n\n    <\/div>\n<\/section>\n\n<section id=\"ls-section-block_859a9c88fc9b18e7f12e41975e4963be\" class=\"ls-section  m-t-0 p-t-0 m-b-0 p-b-0\" >\n        <div class=\"container container--full\">\n        \n\n<div class=\"wp-block-columns is-layout-flex wp-container-core-columns-is-layout-9d6595d7 wp-block-columns-is-layout-flex\">\n<div class=\"wp-block-column is-vertically-aligned-center column-left is-layout-flow wp-block-column-is-layout-flow\" style=\"flex-basis:50%\">\n<p class=\"ls-paragraph\">You will be in the heart of an exceptional nature and you will be offered \u00e0 la carte treatments to enjoy every minute. The Richelieu-Institut Thalgo is located in the village of La Flotte and offers ultra-sophisticated infrastructures, offering hydrotherapy, massage, osteopathy and aesthetic cures in its care menu.<\/p>\n\n\n\n<p class=\"ls-paragraph\">A wide range of treatments is offered by the institute.&nbsp;Many other beauty institutes or spas will also be delighted to offer you a relaxing break on the Ile de R\u00e9. Take the time to treat yourself!<\/p>\n<\/div>\n\n\n\n<div class=\"wp-block-column is-vertically-aligned-top is-layout-flow wp-block-column-is-layout-flow\" style=\"flex-basis:50%\"><div class=\"wp-block-image\">\n<figure class=\"aligncenter size-full\"><img decoding=\"async\" width=\"990\" height=\"634\" src=\"https:\/\/www.ile-blanche.com\/wp-content\/uploads\/2022\/09\/massage-mains-re.jpg\" alt=\"massage mains re\" class=\"wp-image-12849\" srcset=\"https:\/\/www.ile-blanche.com\/wp-content\/uploads\/2022\/09\/massage-mains-re.jpg 990w, https:\/\/www.ile-blanche.com\/wp-content\/uploads\/2022\/09\/massage-mains-re-300x192.jpg 300w, https:\/\/www.ile-blanche.com\/wp-content\/uploads\/2022\/09\/massage-mains-re-768x492.jpg 768w\" sizes=\"(max-width: 990px) 100vw, 990px\" \/><\/figure>\n<\/div><\/div>\n<\/div>\n\n\n    <\/div>\n<\/section>\n\n<section id=\"ls-section-block_32ba0fdeebda6707abef3a9da204ed24\" class=\"ls-section  home-eighth m-b-0\" >\n        <div class=\"container container--wide\">\n        \n\n<div id=\"ls-heading ls-titre-div-block_a78ec766ec8a13928dcc91ab4519970b\" class=\"ls-titre-div aligncenter h2-like\" >\n    DISCOVER THE AREA<\/div>\n\n\n<div id=\"ls-maillage-block_ea2a8ba1923fb184f96d6fa6ba68bc32\" class=\"ls-maillage cta-style-normal\" data-rows=\"3\">\r\n    <div class=\"wp-block-columns\"><div class=\"wp-block-column\"><div class=\"ls-cta\">\n\n<a href=\"https:\/\/www.ile-blanche.com\/en\/activities-ile-de-re\/bridge-of-re\/\" target=\"\" rel=\"noopener\" class=\"ls-cta__link\">\n\n\t<div class=\"ls-cta__image\"><img decoding=\"async\" src=\"https:\/\/www.ile-blanche.com\/wp-content\/uploads\/2022\/08\/ile-de-re-pont-768x432.jpg\" alt=\"ile de re pont\"><\/div>\t<span class=\"ile-blanche-right-arrow\"><\/span>\n\t<div class=\"ls-cta__title\">\n\t\t> Bridge of ile de r\u00e9\t<\/div>\n\n\t\n<\/a><\/div><\/div><div class=\"wp-block-column\"><div class=\"ls-cta\">\n\n<a href=\"https:\/\/www.ile-blanche.com\/en\/activities-ile-de-re\/water-sports-ile-de-re\/\" target=\"\" rel=\"noopener\" class=\"ls-cta__link\">\n\n\t<div class=\"ls-cta__image\"><img decoding=\"async\" src=\"https:\/\/www.ile-blanche.com\/wp-content\/uploads\/2022\/09\/ski-nautique-re-768x432.jpg\" alt=\"ski nautique re\"><\/div>\t<span class=\"ile-blanche-right-arrow\"><\/span>\n\t<div class=\"ls-cta__title\">\n\t\t> Water sports\t<\/div>\n\n\t\n<\/a><\/div><\/div><\/div><\/div>\n\n    <\/div>\n<\/section>","protected":false},"excerpt":{"rendered":"","protected":false},"author":1,"featured_media":12856,"parent":14337,"menu_order":0,"comment_status":"closed","ping_status":"closed","template":"","meta":{"_acf_changed":false,"footnotes":""},"sujet":[],"class_list":["post-14520","page","type-page","status-publish","has-post-thumbnail","hentry"],"acf":[],"yoast_head":"<!-- This site is optimized with the Yoast SEO plugin v25.3 - https:\/\/yoast.com\/wordpress\/plugins\/seo\/ -->\n<title>Thalasso \u00eele de R\u00e9 | Spa \u00eele de R\u00e9 | Thalasso stay ile de R\u00e9<\/title>\n<meta name=\"robots\" content=\"index, follow, max-snippet:-1, max-image-preview:large, max-video-preview:-1\" \/>\n<link rel=\"canonical\" href=\"https:\/\/www.ile-blanche.com\/en\/activities-ile-de-re\/thalasso-ile-de-re\/\" \/>\n<meta property=\"og:locale\" content=\"en_US\" \/>\n<meta property=\"og:type\" content=\"article\" \/>\n<meta property=\"og:title\" content=\"Thalasso \u00eele de R\u00e9 | Spa \u00eele de R\u00e9 | Thalasso stay ile de R\u00e9\" \/>\n<meta property=\"og:url\" content=\"https:\/\/www.ile-blanche.com\/en\/activities-ile-de-re\/thalasso-ile-de-re\/\" \/>\n<meta property=\"og:site_name\" content=\"L&#039;\u00cele Blanche\" \/>\n<meta property=\"article:modified_time\" content=\"2022-11-10T16:28:13+00:00\" \/>\n<meta property=\"og:image\" content=\"https:\/\/www.ile-blanche.com\/wp-content\/uploads\/2022\/09\/yoga-ile-de-re-vacances.jpg\" \/>\n\t<meta property=\"og:image:width\" content=\"1920\" \/>\n\t<meta property=\"og:image:height\" content=\"480\" \/>\n\t<meta property=\"og:image:type\" content=\"image\/jpeg\" \/>\n<meta name=\"twitter:card\" content=\"summary_large_image\" \/>\n<meta name=\"twitter:label1\" content=\"Est. reading time\" \/>\n\t<meta name=\"twitter:data1\" content=\"5 minutes\" \/>\n<script type=\"application\/ld+json\" class=\"yoast-schema-graph\">{\"@context\":\"https:\/\/schema.org\",\"@graph\":[{\"@type\":\"WebPage\",\"@id\":\"https:\/\/www.ile-blanche.com\/en\/activities-ile-de-re\/thalasso-ile-de-re\/\",\"url\":\"https:\/\/www.ile-blanche.com\/en\/activities-ile-de-re\/thalasso-ile-de-re\/\",\"name\":\"Thalasso \u00eele de R\u00e9 | Spa \u00eele de R\u00e9 | Thalasso stay ile de R\u00e9\",\"isPartOf\":{\"@id\":\"https:\/\/www.ile-blanche.com\/en\/#website\"},\"primaryImageOfPage\":{\"@id\":\"https:\/\/www.ile-blanche.com\/en\/activities-ile-de-re\/thalasso-ile-de-re\/#primaryimage\"},\"image\":{\"@id\":\"https:\/\/www.ile-blanche.com\/en\/activities-ile-de-re\/thalasso-ile-de-re\/#primaryimage\"},\"thumbnailUrl\":\"https:\/\/www.ile-blanche.com\/wp-content\/uploads\/2022\/09\/yoga-ile-de-re-vacances.jpg\",\"datePublished\":\"2022-08-24T09:57:29+00:00\",\"dateModified\":\"2022-11-10T16:28:13+00:00\",\"breadcrumb\":{\"@id\":\"https:\/\/www.ile-blanche.com\/en\/activities-ile-de-re\/thalasso-ile-de-re\/#breadcrumb\"},\"inLanguage\":\"en-US\",\"potentialAction\":[{\"@type\":\"ReadAction\",\"target\":[\"https:\/\/www.ile-blanche.com\/en\/activities-ile-de-re\/thalasso-ile-de-re\/\"]}]},{\"@type\":\"ImageObject\",\"inLanguage\":\"en-US\",\"@id\":\"https:\/\/www.ile-blanche.com\/en\/activities-ile-de-re\/thalasso-ile-de-re\/#primaryimage\",\"url\":\"https:\/\/www.ile-blanche.com\/wp-content\/uploads\/2022\/09\/yoga-ile-de-re-vacances.jpg\",\"contentUrl\":\"https:\/\/www.ile-blanche.com\/wp-content\/uploads\/2022\/09\/yoga-ile-de-re-vacances.jpg\",\"width\":1920,\"height\":480,\"caption\":\"yoga ile de re vacances\"},{\"@type\":\"BreadcrumbList\",\"@id\":\"https:\/\/www.ile-blanche.com\/en\/activities-ile-de-re\/thalasso-ile-de-re\/#breadcrumb\",\"itemListElement\":[{\"@type\":\"ListItem\",\"position\":1,\"name\":\"Campsite \u00cele de R\u00e9\",\"item\":\"https:\/\/www.ile-blanche.com\/en\/\"},{\"@type\":\"ListItem\",\"position\":2,\"name\":\"Ile de R\u00e9 activities\",\"item\":\"https:\/\/www.ile-blanche.com\/en\/activities-ile-de-re\/\"},{\"@type\":\"ListItem\",\"position\":3,\"name\":\"Thalasso \u00cele de R\u00e9\"}]},{\"@type\":\"WebSite\",\"@id\":\"https:\/\/www.ile-blanche.com\/en\/#website\",\"url\":\"https:\/\/www.ile-blanche.com\/en\/\",\"name\":\"L'\u00cele Blanche\",\"description\":\"\",\"publisher\":{\"@id\":\"https:\/\/www.ile-blanche.com\/en\/#organization\"},\"potentialAction\":[{\"@type\":\"SearchAction\",\"target\":{\"@type\":\"EntryPoint\",\"urlTemplate\":\"https:\/\/www.ile-blanche.com\/en\/?s={search_term_string}\"},\"query-input\":{\"@type\":\"PropertyValueSpecification\",\"valueRequired\":true,\"valueName\":\"search_term_string\"}}],\"inLanguage\":\"en-US\"},{\"@type\":\"Organization\",\"@id\":\"https:\/\/www.ile-blanche.com\/en\/#organization\",\"name\":\"L'\u00cele Blanche\",\"url\":\"https:\/\/www.ile-blanche.com\/en\/\",\"logo\":{\"@type\":\"ImageObject\",\"inLanguage\":\"en-US\",\"@id\":\"https:\/\/www.ile-blanche.com\/en\/#\/schema\/logo\/image\/\",\"url\":\"https:\/\/www.ile-blanche.com\/wp-content\/uploads\/2022\/06\/cropped-logo-alt-ile-blanche.png\",\"contentUrl\":\"https:\/\/www.ile-blanche.com\/wp-content\/uploads\/2022\/06\/cropped-logo-alt-ile-blanche.png\",\"width\":512,\"height\":512,\"caption\":\"L'\u00cele Blanche\"},\"image\":{\"@id\":\"https:\/\/www.ile-blanche.com\/en\/#\/schema\/logo\/image\/\"}}]}<\/script>\n<!-- \/ Yoast SEO plugin. -->","yoast_head_json":{"title":"Thalasso \u00eele de R\u00e9 | Spa \u00eele de R\u00e9 | Thalasso stay ile de R\u00e9","robots":{"index":"index","follow":"follow","max-snippet":"max-snippet:-1","max-image-preview":"max-image-preview:large","max-video-preview":"max-video-preview:-1"},"canonical":"https:\/\/www.ile-blanche.com\/en\/activities-ile-de-re\/thalasso-ile-de-re\/","og_locale":"en_US","og_type":"article","og_title":"Thalasso \u00eele de R\u00e9 | Spa \u00eele de R\u00e9 | Thalasso stay ile de R\u00e9","og_url":"https:\/\/www.ile-blanche.com\/en\/activities-ile-de-re\/thalasso-ile-de-re\/","og_site_name":"L&#039;\u00cele Blanche","article_modified_time":"2022-11-10T16:28:13+00:00","og_image":[{"width":1920,"height":480,"url":"https:\/\/www.ile-blanche.com\/wp-content\/uploads\/2022\/09\/yoga-ile-de-re-vacances.jpg","type":"image\/jpeg"}],"twitter_card":"summary_large_image","twitter_misc":{"Est. reading time":"5 minutes"},"schema":{"@context":"https:\/\/schema.org","@graph":[{"@type":"WebPage","@id":"https:\/\/www.ile-blanche.com\/en\/activities-ile-de-re\/thalasso-ile-de-re\/","url":"https:\/\/www.ile-blanche.com\/en\/activities-ile-de-re\/thalasso-ile-de-re\/","name":"Thalasso \u00eele de R\u00e9 | Spa \u00eele de R\u00e9 | Thalasso stay ile de R\u00e9","isPartOf":{"@id":"https:\/\/www.ile-blanche.com\/en\/#website"},"primaryImageOfPage":{"@id":"https:\/\/www.ile-blanche.com\/en\/activities-ile-de-re\/thalasso-ile-de-re\/#primaryimage"},"image":{"@id":"https:\/\/www.ile-blanche.com\/en\/activities-ile-de-re\/thalasso-ile-de-re\/#primaryimage"},"thumbnailUrl":"https:\/\/www.ile-blanche.com\/wp-content\/uploads\/2022\/09\/yoga-ile-de-re-vacances.jpg","datePublished":"2022-08-24T09:57:29+00:00","dateModified":"2022-11-10T16:28:13+00:00","breadcrumb":{"@id":"https:\/\/www.ile-blanche.com\/en\/activities-ile-de-re\/thalasso-ile-de-re\/#breadcrumb"},"inLanguage":"en-US","potentialAction":[{"@type":"ReadAction","target":["https:\/\/www.ile-blanche.com\/en\/activities-ile-de-re\/thalasso-ile-de-re\/"]}]},{"@type":"ImageObject","inLanguage":"en-US","@id":"https:\/\/www.ile-blanche.com\/en\/activities-ile-de-re\/thalasso-ile-de-re\/#primaryimage","url":"https:\/\/www.ile-blanche.com\/wp-content\/uploads\/2022\/09\/yoga-ile-de-re-vacances.jpg","contentUrl":"https:\/\/www.ile-blanche.com\/wp-content\/uploads\/2022\/09\/yoga-ile-de-re-vacances.jpg","width":1920,"height":480,"caption":"yoga ile de re vacances"},{"@type":"BreadcrumbList","@id":"https:\/\/www.ile-blanche.com\/en\/activities-ile-de-re\/thalasso-ile-de-re\/#breadcrumb","itemListElement":[{"@type":"ListItem","position":1,"name":"Campsite \u00cele de R\u00e9","item":"https:\/\/www.ile-blanche.com\/en\/"},{"@type":"ListItem","position":2,"name":"Ile de R\u00e9 activities","item":"https:\/\/www.ile-blanche.com\/en\/activities-ile-de-re\/"},{"@type":"ListItem","position":3,"name":"Thalasso \u00cele de R\u00e9"}]},{"@type":"WebSite","@id":"https:\/\/www.ile-blanche.com\/en\/#website","url":"https:\/\/www.ile-blanche.com\/en\/","name":"L'\u00cele Blanche","description":"","publisher":{"@id":"https:\/\/www.ile-blanche.com\/en\/#organization"},"potentialAction":[{"@type":"SearchAction","target":{"@type":"EntryPoint","urlTemplate":"https:\/\/www.ile-blanche.com\/en\/?s={search_term_string}"},"query-input":{"@type":"PropertyValueSpecification","valueRequired":true,"valueName":"search_term_string"}}],"inLanguage":"en-US"},{"@type":"Organization","@id":"https:\/\/www.ile-blanche.com\/en\/#organization","name":"L'\u00cele Blanche","url":"https:\/\/www.ile-blanche.com\/en\/","logo":{"@type":"ImageObject","inLanguage":"en-US","@id":"https:\/\/www.ile-blanche.com\/en\/#\/schema\/logo\/image\/","url":"https:\/\/www.ile-blanche.com\/wp-content\/uploads\/2022\/06\/cropped-logo-alt-ile-blanche.png","contentUrl":"https:\/\/www.ile-blanche.com\/wp-content\/uploads\/2022\/06\/cropped-logo-alt-ile-blanche.png","width":512,"height":512,"caption":"L'\u00cele Blanche"},"image":{"@id":"https:\/\/www.ile-blanche.com\/en\/#\/schema\/logo\/image\/"}}]}},"_links":{"self":[{"href":"https:\/\/www.ile-blanche.com\/en\/wp-json\/wp\/v2\/pages\/14520","targetHints":{"allow":["GET"]}}],"collection":[{"href":"https:\/\/www.ile-blanche.com\/en\/wp-json\/wp\/v2\/pages"}],"about":[{"href":"https:\/\/www.ile-blanche.com\/en\/wp-json\/wp\/v2\/types\/page"}],"author":[{"embeddable":true,"href":"https:\/\/www.ile-blanche.com\/en\/wp-json\/wp\/v2\/users\/1"}],"replies":[{"embeddable":true,"href":"https:\/\/www.ile-blanche.com\/en\/wp-json\/wp\/v2\/comments?post=14520"}],"version-history":[{"count":5,"href":"https:\/\/www.ile-blanche.com\/en\/wp-json\/wp\/v2\/pages\/14520\/revisions"}],"predecessor-version":[{"id":16449,"href":"https:\/\/www.ile-blanche.com\/en\/wp-json\/wp\/v2\/pages\/14520\/revisions\/16449"}],"up":[{"embeddable":true,"href":"https:\/\/www.ile-blanche.com\/en\/wp-json\/wp\/v2\/pages\/14337"}],"wp:featuredmedia":[{"embeddable":true,"href":"https:\/\/www.ile-blanche.com\/en\/wp-json\/wp\/v2\/media\/12856"}],"wp:attachment":[{"href":"https:\/\/www.ile-blanche.com\/en\/wp-json\/wp\/v2\/media?parent=14520"}],"wp:term":[{"taxonomy":"sujet","embeddable":true,"href":"https:\/\/www.ile-blanche.com\/en\/wp-json\/wp\/v2\/sujet?post=14520"}],"curies":[{"name":"wp","href":"https:\/\/api.w.org\/{rel}","templated":true}]}}