{"id":14515,"date":"2022-08-24T11:18:47","date_gmt":"2022-08-24T09:18:47","guid":{"rendered":"https:\/\/www.ile-blanche.com\/activities-ile-de-re\/activites-nautiques-ile-de-re\/"},"modified":"2022-11-10T17:28:47","modified_gmt":"2022-11-10T16:28:47","slug":"water-sports-ile-de-re","status":"publish","type":"page","link":"https:\/\/www.ile-blanche.com\/en\/activities-ile-de-re\/water-sports-ile-de-re\/","title":{"rendered":"Sports nautiques sur l\u2019\u00eele de R\u00e9"},"content":{"rendered":"<section id=\"ls-section-block_3d742119f99f445c2d85fd09ad711894\" class=\"ls-section  page-one home-fourth m-b-0\" >\n        <div class=\"container container--wide\">\n        \n\n<div class=\"wp-block-columns is-layout-flex wp-container-core-columns-is-layout-9d6595d7 wp-block-columns-is-layout-flex\">\n<div class=\"wp-block-column is-vertically-aligned-center is-layout-flow wp-block-column-is-layout-flow\">\n<figure class=\"wp-block-image size-full\"><a href=\"https:\/\/www.ile-blanche.com\/wp-content\/uploads\/2022\/09\/ski-nautique-re.jpg\"><img decoding=\"async\" width=\"900\" height=\"506\" src=\"https:\/\/www.ile-blanche.com\/wp-content\/uploads\/2022\/09\/ski-nautique-re.jpg\" alt=\"ski nautique re\" class=\"wp-image-12763\" srcset=\"https:\/\/www.ile-blanche.com\/wp-content\/uploads\/2022\/09\/ski-nautique-re.jpg 900w, https:\/\/www.ile-blanche.com\/wp-content\/uploads\/2022\/09\/ski-nautique-re-300x169.jpg 300w, https:\/\/www.ile-blanche.com\/wp-content\/uploads\/2022\/09\/ski-nautique-re-768x432.jpg 768w\" sizes=\"(max-width: 900px) 100vw, 900px\" \/><\/a><\/figure>\n<\/div>\n\n\n\n<div class=\"wp-block-column is-vertically-aligned-center is-layout-flow wp-block-column-is-layout-flow\">\n<h1 class=\"ls-heading wp-block-heading\">KITE-SURF \u00ceLE DE R\u00c9<\/h1>\n\n\n\n<h2 class=\"ls-heading wp-block-heading\">KITESURFING ON \u00ceLE DE R\u00c9<\/h2>\n\n\n\n<p class=\"ls-paragraph\">The Ile de R\u00e9 is a must-see destination off the coast of Charente Maritime for sea lovers. If you dream of beautiful beaches, idyllic landscapes, idleness and water sports, you are exactly at the right place.<\/p>\n\n\n\n<p class=\"ls-paragraph\">The island is surrounded by beautiful beaches, a paradise for many sea-related activities. Surfing, sailing, windsurfing, kitesurfing ile de R\u00e9 and many others are to be enjoyed without moderation.<\/p>\n\n\n\n<p class=\"ls-paragraph\">Discover the wild coasts to enjoy the sensations or the fine sandy beaches to sunbathe or the family beaches to spend good moments together not far from your <a href=\"\/en\/\">campsite ile de R\u00e9<\/a>. You will also find naturist beaches. The most beautiful beaches and the most beautiful spots in R\u00e9 are waiting for you!<\/p>\n<\/div>\n<\/div>\n\n\n    <\/div>\n<\/section>\n\n<section id=\"ls-section-block_18ba67228916896440824574761eb970\" class=\"ls-section  p-t-0 m-b-0 p-b-0\" >\n        <div class=\"container container--full\">\n        \n\n<div class=\"wp-block-columns is-layout-flex wp-container-core-columns-is-layout-9d6595d7 wp-block-columns-is-layout-flex\">\n<div class=\"wp-block-column is-vertically-aligned-center column-left is-layout-flow wp-block-column-is-layout-flow\" style=\"flex-basis:50%\">\n<h2 class=\"ls-heading wp-block-heading\">CHOOSE WINDSURFING ILE DE R\u00c9<\/h2>\n\n\n\n<p class=\"ls-paragraph\">Surfing and windsurfing enthusiasts will find their happiness by choosing the Ile de R\u00e9 as a vacation destination. The strong waves of some of its beaches are indeed ideal for the practice of these sports.<\/p>\n\n\n\n<p class=\"ls-paragraph\">The <strong>Grenette beach in Sainte Marie de R\u00e9<\/strong>, the Petit Bec beach and the Pointe de Lizay beach are for example very popular with surfers. If you want to learn or improve your skills on the Atlantic waves, discover the surf school SURF&#8217;IN RE on the beach of Pas des Boeufs in the village of Bois Plage in R\u00e9.<\/p>\n\n\n\n<p class=\"ls-paragraph\">Are you more of a windsurfer or kitesurfer on the island of R\u00e9? The wind and the beaches of Gros Jonc, Sablanceaux in Rivedoux and Pointe du Groin in Loix en R\u00e9 are a must. We simply let ourselves be carried by the winds.<\/p>\n<\/div>\n\n\n\n<div class=\"wp-block-column is-vertically-aligned-center is-layout-flow wp-block-column-is-layout-flow\" style=\"flex-basis:50%\">\n<figure class=\"wp-block-image size-full\"><img decoding=\"async\" width=\"990\" height=\"634\" src=\"https:\/\/www.ile-blanche.com\/wp-content\/uploads\/2022\/09\/windsurf-ile-de-re.jpg\" alt=\"windsurf ile de re\" class=\"wp-image-12769\" srcset=\"https:\/\/www.ile-blanche.com\/wp-content\/uploads\/2022\/09\/windsurf-ile-de-re.jpg 990w, https:\/\/www.ile-blanche.com\/wp-content\/uploads\/2022\/09\/windsurf-ile-de-re-300x192.jpg 300w, https:\/\/www.ile-blanche.com\/wp-content\/uploads\/2022\/09\/windsurf-ile-de-re-768x492.jpg 768w\" sizes=\"(max-width: 990px) 100vw, 990px\" \/><\/figure>\n<\/div>\n<\/div>\n\n\n    <\/div>\n<\/section>\n\n<section id=\"ls-section-block_87f3e1a5ba6728a86363c22964133574\" class=\"ls-section  m-t-0 p-t-0 m-b-0 p-b-0\" >\n        <div class=\"container container--full\">\n        \n\n<div class=\"wp-block-columns is-layout-flex wp-container-core-columns-is-layout-9d6595d7 wp-block-columns-is-layout-flex\">\n<div class=\"wp-block-column is-vertically-aligned-top is-layout-flow wp-block-column-is-layout-flow\" style=\"flex-basis:50%\">\n<figure class=\"wp-block-image size-full\"><img decoding=\"async\" width=\"990\" height=\"634\" src=\"https:\/\/www.ile-blanche.com\/wp-content\/uploads\/2022\/09\/paddle-vacances-ile-de-re.jpg\" alt=\"paddle vacances ile de re\" class=\"wp-image-12780\" srcset=\"https:\/\/www.ile-blanche.com\/wp-content\/uploads\/2022\/09\/paddle-vacances-ile-de-re.jpg 990w, https:\/\/www.ile-blanche.com\/wp-content\/uploads\/2022\/09\/paddle-vacances-ile-de-re-300x192.jpg 300w, https:\/\/www.ile-blanche.com\/wp-content\/uploads\/2022\/09\/paddle-vacances-ile-de-re-768x492.jpg 768w\" sizes=\"(max-width: 990px) 100vw, 990px\" \/><\/figure>\n<\/div>\n\n\n\n<div class=\"wp-block-column is-vertically-aligned-center column-right is-layout-flow wp-block-column-is-layout-flow\" style=\"flex-basis:50%\">\n<h2 class=\"ls-heading wp-block-heading\">ILE DE R\u00c9 SAILING : THE LEGENDARY RHETAIS SAILBOAT<\/h2>\n\n\n\n<p class=\"ls-paragraph\">The Ile de R\u00e9 is also the perfect place for sailing. The sailing boats allow everyone to choose their favorite activity between windsurfing, dinghy, catamaran or sand yacht for the less daring. The water sports centers rent the necessary equipment and offer courses and training for all ages.<\/p>\n\n\n\n<p class=\"ls-paragraph\">If you have time, let yourself be tempted by a catamaran tour of the Ile de Re, to discover the Bucheron bank and the Fiers d&#8217;Ars. Other nautical activities are offered to you during your vacations in Re.<\/p>\n\n\n\n<p class=\"ls-paragraph\">When you are not walking between land and sea or visiting the local heritage, the beaches of Ile de R\u00e9 invite you to <strong>canoeing<\/strong>, fishing, water skiing, jetskiing, bodyboarding, <strong>stand up paddle<\/strong> and much more, the opportunity for you to enjoy the sun.<\/p>\n<\/div>\n<\/div>\n\n\n    <\/div>\n<\/section>\n\n<section id=\"ls-section-block_cba6f1d452c3d344bdd7804588928b4d\" class=\"ls-section  home-eighth m-b-0\" >\n        <div class=\"container container--wide\">\n        \n\n<div id=\"ls-heading ls-titre-div-block_15032c1e1d746318ded0d42788be5e63\" class=\"ls-titre-div aligncenter h2-like\" >\n    DISCOVER THE AREA<\/div>\n\n\n<div id=\"ls-maillage-block_106adb6083d08a7f0da075ae0edcbf51\" class=\"ls-maillage cta-style-normal\" data-rows=\"3\">\r\n    <div class=\"wp-block-columns\"><div class=\"wp-block-column\"><div class=\"ls-cta\">\n\n<a href=\"https:\/\/www.ile-blanche.com\/en\/activities-ile-de-re\/inter-islands-cruises\/\" target=\"\" rel=\"noopener\" class=\"ls-cta__link\">\n\n\t<div class=\"ls-cta__image\"><img decoding=\"async\" src=\"https:\/\/www.ile-blanche.com\/wp-content\/uploads\/2022\/09\/croisieres-inter-iles-768x492.jpg\" alt=\"croisieres inter iles\"><\/div>\t<span class=\"ile-blanche-right-arrow\"><\/span>\n\t<div class=\"ls-cta__title\">\n\t\t> Inter Island Cruises\t<\/div>\n\n\t\n<\/a><\/div><\/div><div class=\"wp-block-column\"><div class=\"ls-cta\">\n\n<a href=\"https:\/\/www.ile-blanche.com\/en\/activities-ile-de-re\/thalasso-ile-de-re\/\" target=\"\" rel=\"noopener\" class=\"ls-cta__link\">\n\n\t<div class=\"ls-cta__image\"><img decoding=\"async\" src=\"https:\/\/www.ile-blanche.com\/wp-content\/uploads\/2022\/09\/yoga-ile-de-re-768x432.jpg\" alt=\"yoga ile de re\"><\/div>\t<span class=\"ile-blanche-right-arrow\"><\/span>\n\t<div class=\"ls-cta__title\">\n\t\t> Thalasso \u00cele de R\u00e9\t<\/div>\n\n\t\n<\/a><\/div><\/div><\/div><\/div>\n\n    <\/div>\n<\/section>","protected":false},"excerpt":{"rendered":"","protected":false},"author":1,"featured_media":12776,"parent":14337,"menu_order":0,"comment_status":"closed","ping_status":"closed","template":"","meta":{"_acf_changed":false,"footnotes":""},"sujet":[],"class_list":["post-14515","page","type-page","status-publish","has-post-thumbnail","hentry"],"acf":[],"yoast_head":"<!-- This site is optimized with the Yoast SEO plugin v25.3 - https:\/\/yoast.com\/wordpress\/plugins\/seo\/ -->\n<title>Kitesurf \u00eele de R\u00e9 | Sailing school Ile de R\u00e9 | Sailboat ile de R\u00e9<\/title>\n<meta name=\"robots\" content=\"index, follow, max-snippet:-1, max-image-preview:large, max-video-preview:-1\" \/>\n<link rel=\"canonical\" href=\"https:\/\/www.ile-blanche.com\/en\/activities-ile-de-re\/water-sports-ile-de-re\/\" \/>\n<meta property=\"og:locale\" content=\"en_US\" \/>\n<meta property=\"og:type\" content=\"article\" \/>\n<meta property=\"og:title\" content=\"Kitesurf \u00eele de R\u00e9 | Sailing school Ile de R\u00e9 | Sailboat ile de R\u00e9\" \/>\n<meta property=\"og:url\" content=\"https:\/\/www.ile-blanche.com\/en\/activities-ile-de-re\/water-sports-ile-de-re\/\" \/>\n<meta property=\"og:site_name\" content=\"L&#039;\u00cele Blanche\" \/>\n<meta property=\"article:modified_time\" content=\"2022-11-10T16:28:47+00:00\" \/>\n<meta property=\"og:image\" content=\"https:\/\/www.ile-blanche.com\/wp-content\/uploads\/2022\/09\/canoe-vacances-ile-de-re.jpg\" \/>\n\t<meta property=\"og:image:width\" content=\"1920\" \/>\n\t<meta property=\"og:image:height\" content=\"480\" \/>\n\t<meta property=\"og:image:type\" content=\"image\/jpeg\" \/>\n<meta name=\"twitter:card\" content=\"summary_large_image\" \/>\n<meta name=\"twitter:label1\" content=\"Est. reading time\" \/>\n\t<meta name=\"twitter:data1\" content=\"3 minutes\" \/>\n<script type=\"application\/ld+json\" class=\"yoast-schema-graph\">{\"@context\":\"https:\/\/schema.org\",\"@graph\":[{\"@type\":\"WebPage\",\"@id\":\"https:\/\/www.ile-blanche.com\/en\/activities-ile-de-re\/water-sports-ile-de-re\/\",\"url\":\"https:\/\/www.ile-blanche.com\/en\/activities-ile-de-re\/water-sports-ile-de-re\/\",\"name\":\"Kitesurf \u00eele de R\u00e9 | Sailing school Ile de R\u00e9 | Sailboat ile de R\u00e9\",\"isPartOf\":{\"@id\":\"https:\/\/www.ile-blanche.com\/en\/#website\"},\"primaryImageOfPage\":{\"@id\":\"https:\/\/www.ile-blanche.com\/en\/activities-ile-de-re\/water-sports-ile-de-re\/#primaryimage\"},\"image\":{\"@id\":\"https:\/\/www.ile-blanche.com\/en\/activities-ile-de-re\/water-sports-ile-de-re\/#primaryimage\"},\"thumbnailUrl\":\"https:\/\/www.ile-blanche.com\/wp-content\/uploads\/2022\/09\/canoe-vacances-ile-de-re.jpg\",\"datePublished\":\"2022-08-24T09:18:47+00:00\",\"dateModified\":\"2022-11-10T16:28:47+00:00\",\"breadcrumb\":{\"@id\":\"https:\/\/www.ile-blanche.com\/en\/activities-ile-de-re\/water-sports-ile-de-re\/#breadcrumb\"},\"inLanguage\":\"en-US\",\"potentialAction\":[{\"@type\":\"ReadAction\",\"target\":[\"https:\/\/www.ile-blanche.com\/en\/activities-ile-de-re\/water-sports-ile-de-re\/\"]}]},{\"@type\":\"ImageObject\",\"inLanguage\":\"en-US\",\"@id\":\"https:\/\/www.ile-blanche.com\/en\/activities-ile-de-re\/water-sports-ile-de-re\/#primaryimage\",\"url\":\"https:\/\/www.ile-blanche.com\/wp-content\/uploads\/2022\/09\/canoe-vacances-ile-de-re.jpg\",\"contentUrl\":\"https:\/\/www.ile-blanche.com\/wp-content\/uploads\/2022\/09\/canoe-vacances-ile-de-re.jpg\",\"width\":1920,\"height\":480,\"caption\":\"canoe vacances ile de re\"},{\"@type\":\"BreadcrumbList\",\"@id\":\"https:\/\/www.ile-blanche.com\/en\/activities-ile-de-re\/water-sports-ile-de-re\/#breadcrumb\",\"itemListElement\":[{\"@type\":\"ListItem\",\"position\":1,\"name\":\"Campsite \u00cele de R\u00e9\",\"item\":\"https:\/\/www.ile-blanche.com\/en\/\"},{\"@type\":\"ListItem\",\"position\":2,\"name\":\"Ile de R\u00e9 activities\",\"item\":\"https:\/\/www.ile-blanche.com\/en\/activities-ile-de-re\/\"},{\"@type\":\"ListItem\",\"position\":3,\"name\":\"Water sports on Ile de R\u00e9\"}]},{\"@type\":\"WebSite\",\"@id\":\"https:\/\/www.ile-blanche.com\/en\/#website\",\"url\":\"https:\/\/www.ile-blanche.com\/en\/\",\"name\":\"L'\u00cele Blanche\",\"description\":\"\",\"publisher\":{\"@id\":\"https:\/\/www.ile-blanche.com\/en\/#organization\"},\"potentialAction\":[{\"@type\":\"SearchAction\",\"target\":{\"@type\":\"EntryPoint\",\"urlTemplate\":\"https:\/\/www.ile-blanche.com\/en\/?s={search_term_string}\"},\"query-input\":{\"@type\":\"PropertyValueSpecification\",\"valueRequired\":true,\"valueName\":\"search_term_string\"}}],\"inLanguage\":\"en-US\"},{\"@type\":\"Organization\",\"@id\":\"https:\/\/www.ile-blanche.com\/en\/#organization\",\"name\":\"L'\u00cele Blanche\",\"url\":\"https:\/\/www.ile-blanche.com\/en\/\",\"logo\":{\"@type\":\"ImageObject\",\"inLanguage\":\"en-US\",\"@id\":\"https:\/\/www.ile-blanche.com\/en\/#\/schema\/logo\/image\/\",\"url\":\"https:\/\/www.ile-blanche.com\/wp-content\/uploads\/2022\/06\/cropped-logo-alt-ile-blanche.png\",\"contentUrl\":\"https:\/\/www.ile-blanche.com\/wp-content\/uploads\/2022\/06\/cropped-logo-alt-ile-blanche.png\",\"width\":512,\"height\":512,\"caption\":\"L'\u00cele Blanche\"},\"image\":{\"@id\":\"https:\/\/www.ile-blanche.com\/en\/#\/schema\/logo\/image\/\"}}]}<\/script>\n<!-- \/ Yoast SEO plugin. -->","yoast_head_json":{"title":"Kitesurf \u00eele de R\u00e9 | Sailing school Ile de R\u00e9 | Sailboat ile de R\u00e9","robots":{"index":"index","follow":"follow","max-snippet":"max-snippet:-1","max-image-preview":"max-image-preview:large","max-video-preview":"max-video-preview:-1"},"canonical":"https:\/\/www.ile-blanche.com\/en\/activities-ile-de-re\/water-sports-ile-de-re\/","og_locale":"en_US","og_type":"article","og_title":"Kitesurf \u00eele de R\u00e9 | Sailing school Ile de R\u00e9 | Sailboat ile de R\u00e9","og_url":"https:\/\/www.ile-blanche.com\/en\/activities-ile-de-re\/water-sports-ile-de-re\/","og_site_name":"L&#039;\u00cele Blanche","article_modified_time":"2022-11-10T16:28:47+00:00","og_image":[{"width":1920,"height":480,"url":"https:\/\/www.ile-blanche.com\/wp-content\/uploads\/2022\/09\/canoe-vacances-ile-de-re.jpg","type":"image\/jpeg"}],"twitter_card":"summary_large_image","twitter_misc":{"Est. reading time":"3 minutes"},"schema":{"@context":"https:\/\/schema.org","@graph":[{"@type":"WebPage","@id":"https:\/\/www.ile-blanche.com\/en\/activities-ile-de-re\/water-sports-ile-de-re\/","url":"https:\/\/www.ile-blanche.com\/en\/activities-ile-de-re\/water-sports-ile-de-re\/","name":"Kitesurf \u00eele de R\u00e9 | Sailing school Ile de R\u00e9 | Sailboat ile de R\u00e9","isPartOf":{"@id":"https:\/\/www.ile-blanche.com\/en\/#website"},"primaryImageOfPage":{"@id":"https:\/\/www.ile-blanche.com\/en\/activities-ile-de-re\/water-sports-ile-de-re\/#primaryimage"},"image":{"@id":"https:\/\/www.ile-blanche.com\/en\/activities-ile-de-re\/water-sports-ile-de-re\/#primaryimage"},"thumbnailUrl":"https:\/\/www.ile-blanche.com\/wp-content\/uploads\/2022\/09\/canoe-vacances-ile-de-re.jpg","datePublished":"2022-08-24T09:18:47+00:00","dateModified":"2022-11-10T16:28:47+00:00","breadcrumb":{"@id":"https:\/\/www.ile-blanche.com\/en\/activities-ile-de-re\/water-sports-ile-de-re\/#breadcrumb"},"inLanguage":"en-US","potentialAction":[{"@type":"ReadAction","target":["https:\/\/www.ile-blanche.com\/en\/activities-ile-de-re\/water-sports-ile-de-re\/"]}]},{"@type":"ImageObject","inLanguage":"en-US","@id":"https:\/\/www.ile-blanche.com\/en\/activities-ile-de-re\/water-sports-ile-de-re\/#primaryimage","url":"https:\/\/www.ile-blanche.com\/wp-content\/uploads\/2022\/09\/canoe-vacances-ile-de-re.jpg","contentUrl":"https:\/\/www.ile-blanche.com\/wp-content\/uploads\/2022\/09\/canoe-vacances-ile-de-re.jpg","width":1920,"height":480,"caption":"canoe vacances ile de re"},{"@type":"BreadcrumbList","@id":"https:\/\/www.ile-blanche.com\/en\/activities-ile-de-re\/water-sports-ile-de-re\/#breadcrumb","itemListElement":[{"@type":"ListItem","position":1,"name":"Campsite \u00cele de R\u00e9","item":"https:\/\/www.ile-blanche.com\/en\/"},{"@type":"ListItem","position":2,"name":"Ile de R\u00e9 activities","item":"https:\/\/www.ile-blanche.com\/en\/activities-ile-de-re\/"},{"@type":"ListItem","position":3,"name":"Water sports on Ile de R\u00e9"}]},{"@type":"WebSite","@id":"https:\/\/www.ile-blanche.com\/en\/#website","url":"https:\/\/www.ile-blanche.com\/en\/","name":"L'\u00cele Blanche","description":"","publisher":{"@id":"https:\/\/www.ile-blanche.com\/en\/#organization"},"potentialAction":[{"@type":"SearchAction","target":{"@type":"EntryPoint","urlTemplate":"https:\/\/www.ile-blanche.com\/en\/?s={search_term_string}"},"query-input":{"@type":"PropertyValueSpecification","valueRequired":true,"valueName":"search_term_string"}}],"inLanguage":"en-US"},{"@type":"Organization","@id":"https:\/\/www.ile-blanche.com\/en\/#organization","name":"L'\u00cele Blanche","url":"https:\/\/www.ile-blanche.com\/en\/","logo":{"@type":"ImageObject","inLanguage":"en-US","@id":"https:\/\/www.ile-blanche.com\/en\/#\/schema\/logo\/image\/","url":"https:\/\/www.ile-blanche.com\/wp-content\/uploads\/2022\/06\/cropped-logo-alt-ile-blanche.png","contentUrl":"https:\/\/www.ile-blanche.com\/wp-content\/uploads\/2022\/06\/cropped-logo-alt-ile-blanche.png","width":512,"height":512,"caption":"L'\u00cele Blanche"},"image":{"@id":"https:\/\/www.ile-blanche.com\/en\/#\/schema\/logo\/image\/"}}]}},"_links":{"self":[{"href":"https:\/\/www.ile-blanche.com\/en\/wp-json\/wp\/v2\/pages\/14515","targetHints":{"allow":["GET"]}}],"collection":[{"href":"https:\/\/www.ile-blanche.com\/en\/wp-json\/wp\/v2\/pages"}],"about":[{"href":"https:\/\/www.ile-blanche.com\/en\/wp-json\/wp\/v2\/types\/page"}],"author":[{"embeddable":true,"href":"https:\/\/www.ile-blanche.com\/en\/wp-json\/wp\/v2\/users\/1"}],"replies":[{"embeddable":true,"href":"https:\/\/www.ile-blanche.com\/en\/wp-json\/wp\/v2\/comments?post=14515"}],"version-history":[{"count":5,"href":"https:\/\/www.ile-blanche.com\/en\/wp-json\/wp\/v2\/pages\/14515\/revisions"}],"predecessor-version":[{"id":16450,"href":"https:\/\/www.ile-blanche.com\/en\/wp-json\/wp\/v2\/pages\/14515\/revisions\/16450"}],"up":[{"embeddable":true,"href":"https:\/\/www.ile-blanche.com\/en\/wp-json\/wp\/v2\/pages\/14337"}],"wp:featuredmedia":[{"embeddable":true,"href":"https:\/\/www.ile-blanche.com\/en\/wp-json\/wp\/v2\/media\/12776"}],"wp:attachment":[{"href":"https:\/\/www.ile-blanche.com\/en\/wp-json\/wp\/v2\/media?parent=14515"}],"wp:term":[{"taxonomy":"sujet","embeddable":true,"href":"https:\/\/www.ile-blanche.com\/en\/wp-json\/wp\/v2\/sujet?post=14515"}],"curies":[{"name":"wp","href":"https:\/\/api.w.org\/{rel}","templated":true}]}}