{"id":14504,"date":"2022-08-24T10:38:05","date_gmt":"2022-08-24T08:38:05","guid":{"rendered":"https:\/\/www.ile-blanche.com\/activities-ile-de-re\/velo-ile-de-re\/"},"modified":"2025-09-02T14:17:00","modified_gmt":"2025-09-02T12:17:00","slug":"bicycle-ile-de-re","status":"publish","type":"page","link":"https:\/\/www.ile-blanche.com\/en\/activities-ile-de-re\/bicycle-ile-de-re\/","title":{"rendered":"Se d\u00e9placer en v\u00e9lo sur l&#8217;\u00eele de R\u00e9"},"content":{"rendered":"<section id=\"ls-section-block_fe31e5044261e5c4ff445a51093a37fd\" class=\"ls-section  page-one home-fourth m-b-0\" >\n        <div class=\"container container--wide\">\n        \n\n<div class=\"wp-block-columns is-layout-flex wp-container-core-columns-is-layout-9d6595d7 wp-block-columns-is-layout-flex\">\n<div class=\"wp-block-column is-vertically-aligned-center is-layout-flow wp-block-column-is-layout-flow\">\n<figure class=\"wp-block-image size-full\"><a href=\"https:\/\/www.ile-blanche.com\/wp-content\/uploads\/2022\/09\/velo-randonnee.jpg\"><img decoding=\"async\" width=\"900\" height=\"506\" src=\"https:\/\/www.ile-blanche.com\/wp-content\/uploads\/2022\/09\/velo-randonnee.jpg\" alt=\"velo randonnee\" class=\"wp-image-12722\" srcset=\"https:\/\/www.ile-blanche.com\/wp-content\/uploads\/2022\/09\/velo-randonnee.jpg 900w, https:\/\/www.ile-blanche.com\/wp-content\/uploads\/2022\/09\/velo-randonnee-300x169.jpg 300w, https:\/\/www.ile-blanche.com\/wp-content\/uploads\/2022\/09\/velo-randonnee-768x432.jpg 768w\" sizes=\"(max-width: 900px) 100vw, 900px\" \/><\/a><\/figure>\n<\/div>\n\n\n\n<div class=\"wp-block-column is-vertically-aligned-center is-layout-flow wp-block-column-is-layout-flow\">\n<h1 class=\"ls__heading wp-block-heading\">THE BICYCLE PATHS OF THE ISLAND OF RE<\/h1>\n\n\n\n<h2 class=\"ls__heading wp-block-heading\">CYCLE TRACK ILE DE R\u00c9 : MORE INFORMATION<\/h2>\n\n\n\n<p class=\"ls-paragraph\">You have surely heard about the numerous bicycle paths on the island of R\u00e9? From our <a href=\"\/en\/\">campsite in La Flotte-en-R\u00e9<\/a>, let yourself be tempted by the discovery of the island through the bike paths with friends or family, one of the many activities to do on the island of R\u00e9.<\/p>\n\n\n\n<p class=\"ls-paragraph\">This piece of land that proudly advances into the ocean is a paradise for bicycle touring. The tranquility of the island of R\u00e9 naturally invites vacationers to adopt a more peaceful lifestyle.&nbsp;That&#8217;s why during their vacation stay, visitors are delighted to take advantage of our campsite&#8217;s bicycle rental service and gladly abandon their cars in favor of the saddle and pedals.<\/p>\n<\/div>\n<\/div>\n\n\n    <\/div>\n<\/section>\n\n<section id=\"ls-section-block_1d2d3015924fe39bad91e8b337969d28\" class=\"ls-section  p-t-0 m-b-0 p-b-0\" >\n        <div class=\"container container--full\">\n        \n\n<div class=\"wp-block-columns is-layout-flex wp-container-core-columns-is-layout-9d6595d7 wp-block-columns-is-layout-flex\">\n<div class=\"wp-block-column is-vertically-aligned-center column-left is-layout-flow wp-block-column-is-layout-flow\" style=\"flex-basis:50%\">\n<p class=\"ls-paragraph\">Indeed, to make the most of the superb landscapes of the Retais, riding a bicycle with or without electric assistance, or a mountain bike, makes the trips much more pleasant. Moreover, bicycles are always easier to handle, so you can take advantage of the secret corners at the end of the hiking trails for a privileged experience.<\/p>\n\n\n\n<p class=\"ls-paragraph\">It also allows you to go green and develop good habits. You can naturally adapt the rhythm of your rides, without worrying about time constraints and in complete safety on the bike paths.<\/p>\n\n\n\n<p class=\"ls-paragraph\">Cycling on the island of R\u00e9 is undoubtedly the best way to discover all that makes the territory of R\u00e9 a charming destination.<br>Are you interested in cycling around the island of R\u00e9? Discover our bike rental service on the island of R\u00e9.<\/p>\n<\/div>\n\n\n\n<div class=\"wp-block-column is-vertically-aligned-center is-layout-flow wp-block-column-is-layout-flow\" style=\"flex-basis:50%\">\n<figure class=\"wp-block-image size-full\"><img decoding=\"async\" width=\"990\" height=\"634\" src=\"https:\/\/www.ile-blanche.com\/wp-content\/uploads\/2022\/09\/sentier-velo-ile-de-re.jpg\" alt=\"sentier velo ile de re\" class=\"wp-image-12735\" srcset=\"https:\/\/www.ile-blanche.com\/wp-content\/uploads\/2022\/09\/sentier-velo-ile-de-re.jpg 990w, https:\/\/www.ile-blanche.com\/wp-content\/uploads\/2022\/09\/sentier-velo-ile-de-re-300x192.jpg 300w, https:\/\/www.ile-blanche.com\/wp-content\/uploads\/2022\/09\/sentier-velo-ile-de-re-768x492.jpg 768w\" sizes=\"(max-width: 990px) 100vw, 990px\" \/><\/figure>\n<\/div>\n<\/div>\n\n\n    <\/div>\n<\/section>\n\n<section id=\"ls-section-block_a0f6b8808523e152700af9f09d90bf0e\" class=\"ls-section  m-t-0 p-t-0 m-b-0 p-b-0\" >\n        <div class=\"container container--full\">\n        \n\n<div class=\"wp-block-columns is-layout-flex wp-container-core-columns-is-layout-9d6595d7 wp-block-columns-is-layout-flex\">\n<div class=\"wp-block-column is-vertically-aligned-top is-layout-flow wp-block-column-is-layout-flow\" style=\"flex-basis:50%\">\n<figure class=\"wp-block-image size-full\"><img decoding=\"async\" width=\"990\" height=\"634\" src=\"https:\/\/www.ile-blanche.com\/wp-content\/uploads\/2022\/09\/randonnee-a-velo-re.jpg\" alt=\"randonnee a velo re\" class=\"wp-image-12745\" srcset=\"https:\/\/www.ile-blanche.com\/wp-content\/uploads\/2022\/09\/randonnee-a-velo-re.jpg 990w, https:\/\/www.ile-blanche.com\/wp-content\/uploads\/2022\/09\/randonnee-a-velo-re-300x192.jpg 300w, https:\/\/www.ile-blanche.com\/wp-content\/uploads\/2022\/09\/randonnee-a-velo-re-768x492.jpg 768w\" sizes=\"(max-width: 990px) 100vw, 990px\" \/><\/figure>\n<\/div>\n\n\n\n<div class=\"wp-block-column is-vertically-aligned-center column-right is-layout-flow wp-block-column-is-layout-flow\" style=\"flex-basis:50%\">\n<h2 class=\"ls__heading wp-block-heading\">DISCOVER THE BIKE PATH MAP OF \u00ceLE DE R\u00c9<\/h2>\n\n\n\n<p class=\"ls-paragraph\">The \u00eele de R\u00e9 is crisscrossed from east to west and from north to south by more than 100 km of bicycle paths. They run through pine woods, along beaches and between salt marshes and vineyards, allowing cyclists to explore the island at their own pace.<\/p>\n\n\n\n<p class=\"ls-paragraph\">No less than 20 cycling routes to choose from, laid out in the heart of nature, await young and old cyclists with an adventurous soul in the heart of the island.<\/p>\n<\/div>\n<\/div>\n\n\n    <\/div>\n<\/section>\n\n<section id=\"ls-section-block_a0f6b8808523e152700af9f09d90bf0e\" class=\"ls-section  m-t-0 p-t-0 m-b-0 p-b-0\" >\n        <div class=\"container container--full\">\n        \n\n<div class=\"wp-block-columns is-layout-flex wp-container-core-columns-is-layout-9d6595d7 wp-block-columns-is-layout-flex\">\n<div class=\"wp-block-column is-vertically-aligned-center column-left is-layout-flow wp-block-column-is-layout-flow\" style=\"flex-basis:50%\">\n<p class=\"ls-paragraph\">The most athletic will be able to cycle around the island of R\u00e9, a route rich in discoveries, very pleasant to do thanks to the many possible stops along the route, from cycle track to cycle track on the island of R\u00e9.<\/p>\n\n\n\n<p class=\"ls-paragraph\">This is an opportunity for you to soak up the atmosphere and beauty of the island. The guide to cycling routes is available on the <a href=\"https:\/\/www.holidays-iledere.co.uk\/organizing-activities-and-leisure\/itineraries-walks-and-hikes\/\">official website of the island of R\u00e9<\/a> and from the Tourist Office, or can be downloaded below.<\/p>\n\n\n\r\n<a href=\"\/wp-content\/uploads\/2022\/06\/WEB-ILE-DE-RE-CARTE-PISTESCYCLABLES_2020.pdf\" id=\"ls-button-block_648c00ea4540937ee38822bd4673f595\" target=\"_blank\" rel=\"noopener\" class=\"ls-button\">\r\n    <span>\r\n        <i class='ile-blanche-right-arrow'><\/i>\r\n        Bicycle map on \u00cele de R\u00e9    <\/span>\r\n<\/a><\/div>\n\n\n\n<div class=\"wp-block-column is-vertically-aligned-top is-layout-flow wp-block-column-is-layout-flow\" style=\"flex-basis:50%\"><div class=\"wp-block-image\">\n<figure class=\"aligncenter size-full\"><img decoding=\"async\" width=\"990\" height=\"634\" src=\"https:\/\/www.ile-blanche.com\/wp-content\/uploads\/2022\/09\/promenade-a-velo-re.jpg\" alt=\"promenade a velo re\" class=\"wp-image-12751\" srcset=\"https:\/\/www.ile-blanche.com\/wp-content\/uploads\/2022\/09\/promenade-a-velo-re.jpg 990w, https:\/\/www.ile-blanche.com\/wp-content\/uploads\/2022\/09\/promenade-a-velo-re-300x192.jpg 300w, https:\/\/www.ile-blanche.com\/wp-content\/uploads\/2022\/09\/promenade-a-velo-re-768x492.jpg 768w\" sizes=\"(max-width: 990px) 100vw, 990px\" \/><\/figure>\n<\/div><\/div>\n<\/div>\n\n\n    <\/div>\n<\/section>\n\n<section id=\"ls-section-block_a0f6b8808523e152700af9f09d90bf0e\" class=\"ls-section  m-t-0 p-t-0 m-b-0 p-b-0\" >\n        <div class=\"container container--full\">\n        \n\n<div class=\"wp-block-columns is-layout-flex wp-container-core-columns-is-layout-9d6595d7 wp-block-columns-is-layout-flex\">\n<div class=\"wp-block-column is-vertically-aligned-top is-layout-flow wp-block-column-is-layout-flow\" style=\"flex-basis:50%\">\n<figure class=\"wp-block-image size-full\"><img decoding=\"async\" width=\"990\" height=\"634\" src=\"https:\/\/www.ile-blanche.com\/wp-content\/uploads\/2022\/09\/promenade-plage-velo-re.jpg\" alt=\"promenade plage velo re\" class=\"wp-image-12757\" srcset=\"https:\/\/www.ile-blanche.com\/wp-content\/uploads\/2022\/09\/promenade-plage-velo-re.jpg 990w, https:\/\/www.ile-blanche.com\/wp-content\/uploads\/2022\/09\/promenade-plage-velo-re-300x192.jpg 300w, https:\/\/www.ile-blanche.com\/wp-content\/uploads\/2022\/09\/promenade-plage-velo-re-768x492.jpg 768w\" sizes=\"(max-width: 990px) 100vw, 990px\" \/><\/figure>\n<\/div>\n\n\n\n<div class=\"wp-block-column is-vertically-aligned-center column-right is-layout-flow wp-block-column-is-layout-flow\" style=\"flex-basis:50%\">\n<h2 class=\"ls__heading wp-block-heading\">\u00ceLE DE R\u00c9 BIKE PATH: INFORMATION AND ADVICE<\/h2>\n\n\n\n<p class=\"ls-paragraph\">You will find here all the useful information concerning <strong>the bicycle paths of the island<\/strong> of R\u00e9 :<\/p>\n\n\n\n<ul class=\"ls-list wp-block-list\">\n\n<li>Wearing a helmet is mandatory for children<\/li>\n\n\n<li>Control your speed<\/li>\n\n\n<li>Be sure to mark the stop sign<\/li>\n\n\n<li>Be vigilant with your children<\/li>\n\n\n<li>Be careful to drive on the right side of the tracks<\/li>\n\n<\/ul>\n<\/div>\n<\/div>\n\n\n    <\/div>\n<\/section>","protected":false},"excerpt":{"rendered":"","protected":false},"author":1,"featured_media":12730,"parent":14337,"menu_order":0,"comment_status":"closed","ping_status":"closed","template":"","meta":{"_acf_changed":false,"footnotes":""},"sujet":[],"class_list":["post-14504","page","type-page","status-publish","has-post-thumbnail","hentry"],"acf":[],"yoast_head":"<!-- This site is optimized with the Yoast SEO plugin v25.3 - https:\/\/yoast.com\/wordpress\/plugins\/seo\/ -->\n<title>Bike path Ile de R\u00e9 | Map of bicycle path on the Ile de R\u00e9<\/title>\n<meta name=\"robots\" content=\"index, follow, max-snippet:-1, max-image-preview:large, max-video-preview:-1\" \/>\n<link rel=\"canonical\" href=\"https:\/\/www.ile-blanche.com\/en\/activities-ile-de-re\/bicycle-ile-de-re\/\" \/>\n<meta property=\"og:locale\" content=\"en_US\" \/>\n<meta property=\"og:type\" content=\"article\" \/>\n<meta property=\"og:title\" content=\"Bike path Ile de R\u00e9 | Map of bicycle path on the Ile de R\u00e9\" \/>\n<meta property=\"og:url\" content=\"https:\/\/www.ile-blanche.com\/en\/activities-ile-de-re\/bicycle-ile-de-re\/\" \/>\n<meta property=\"og:site_name\" content=\"L&#039;\u00cele Blanche\" \/>\n<meta property=\"article:modified_time\" content=\"2025-09-02T12:17:00+00:00\" \/>\n<meta property=\"og:image\" content=\"https:\/\/www.ile-blanche.com\/wp-content\/uploads\/2022\/09\/velo-sur-ile-de-re.jpg\" \/>\n\t<meta property=\"og:image:width\" content=\"1920\" \/>\n\t<meta property=\"og:image:height\" content=\"480\" \/>\n\t<meta property=\"og:image:type\" content=\"image\/jpeg\" \/>\n<meta name=\"twitter:card\" content=\"summary_large_image\" \/>\n<meta name=\"twitter:label1\" content=\"Est. reading time\" \/>\n\t<meta name=\"twitter:data1\" content=\"4 minutes\" \/>\n<script type=\"application\/ld+json\" class=\"yoast-schema-graph\">{\"@context\":\"https:\/\/schema.org\",\"@graph\":[{\"@type\":\"WebPage\",\"@id\":\"https:\/\/www.ile-blanche.com\/en\/activities-ile-de-re\/bicycle-ile-de-re\/\",\"url\":\"https:\/\/www.ile-blanche.com\/en\/activities-ile-de-re\/bicycle-ile-de-re\/\",\"name\":\"Bike path Ile de R\u00e9 | Map of bicycle path on the Ile de R\u00e9\",\"isPartOf\":{\"@id\":\"https:\/\/www.ile-blanche.com\/en\/#website\"},\"primaryImageOfPage\":{\"@id\":\"https:\/\/www.ile-blanche.com\/en\/activities-ile-de-re\/bicycle-ile-de-re\/#primaryimage\"},\"image\":{\"@id\":\"https:\/\/www.ile-blanche.com\/en\/activities-ile-de-re\/bicycle-ile-de-re\/#primaryimage\"},\"thumbnailUrl\":\"https:\/\/www.ile-blanche.com\/wp-content\/uploads\/2022\/09\/velo-sur-ile-de-re.jpg\",\"datePublished\":\"2022-08-24T08:38:05+00:00\",\"dateModified\":\"2025-09-02T12:17:00+00:00\",\"breadcrumb\":{\"@id\":\"https:\/\/www.ile-blanche.com\/en\/activities-ile-de-re\/bicycle-ile-de-re\/#breadcrumb\"},\"inLanguage\":\"en-US\",\"potentialAction\":[{\"@type\":\"ReadAction\",\"target\":[\"https:\/\/www.ile-blanche.com\/en\/activities-ile-de-re\/bicycle-ile-de-re\/\"]}]},{\"@type\":\"ImageObject\",\"inLanguage\":\"en-US\",\"@id\":\"https:\/\/www.ile-blanche.com\/en\/activities-ile-de-re\/bicycle-ile-de-re\/#primaryimage\",\"url\":\"https:\/\/www.ile-blanche.com\/wp-content\/uploads\/2022\/09\/velo-sur-ile-de-re.jpg\",\"contentUrl\":\"https:\/\/www.ile-blanche.com\/wp-content\/uploads\/2022\/09\/velo-sur-ile-de-re.jpg\",\"width\":1920,\"height\":480,\"caption\":\"velo sur ile de re\"},{\"@type\":\"BreadcrumbList\",\"@id\":\"https:\/\/www.ile-blanche.com\/en\/activities-ile-de-re\/bicycle-ile-de-re\/#breadcrumb\",\"itemListElement\":[{\"@type\":\"ListItem\",\"position\":1,\"name\":\"Campsite \u00cele de R\u00e9\",\"item\":\"https:\/\/www.ile-blanche.com\/en\/\"},{\"@type\":\"ListItem\",\"position\":2,\"name\":\"Ile de R\u00e9 activities\",\"item\":\"https:\/\/www.ile-blanche.com\/en\/activities-ile-de-re\/\"},{\"@type\":\"ListItem\",\"position\":3,\"name\":\"\u00cele de R\u00e9 bicycle path\"}]},{\"@type\":\"WebSite\",\"@id\":\"https:\/\/www.ile-blanche.com\/en\/#website\",\"url\":\"https:\/\/www.ile-blanche.com\/en\/\",\"name\":\"L'\u00cele Blanche\",\"description\":\"\",\"publisher\":{\"@id\":\"https:\/\/www.ile-blanche.com\/en\/#organization\"},\"potentialAction\":[{\"@type\":\"SearchAction\",\"target\":{\"@type\":\"EntryPoint\",\"urlTemplate\":\"https:\/\/www.ile-blanche.com\/en\/?s={search_term_string}\"},\"query-input\":{\"@type\":\"PropertyValueSpecification\",\"valueRequired\":true,\"valueName\":\"search_term_string\"}}],\"inLanguage\":\"en-US\"},{\"@type\":\"Organization\",\"@id\":\"https:\/\/www.ile-blanche.com\/en\/#organization\",\"name\":\"L'\u00cele Blanche\",\"url\":\"https:\/\/www.ile-blanche.com\/en\/\",\"logo\":{\"@type\":\"ImageObject\",\"inLanguage\":\"en-US\",\"@id\":\"https:\/\/www.ile-blanche.com\/en\/#\/schema\/logo\/image\/\",\"url\":\"https:\/\/www.ile-blanche.com\/wp-content\/uploads\/2022\/06\/cropped-logo-alt-ile-blanche.png\",\"contentUrl\":\"https:\/\/www.ile-blanche.com\/wp-content\/uploads\/2022\/06\/cropped-logo-alt-ile-blanche.png\",\"width\":512,\"height\":512,\"caption\":\"L'\u00cele Blanche\"},\"image\":{\"@id\":\"https:\/\/www.ile-blanche.com\/en\/#\/schema\/logo\/image\/\"}}]}<\/script>\n<!-- \/ Yoast SEO plugin. -->","yoast_head_json":{"title":"Bike path Ile de R\u00e9 | Map of bicycle path on the Ile de R\u00e9","robots":{"index":"index","follow":"follow","max-snippet":"max-snippet:-1","max-image-preview":"max-image-preview:large","max-video-preview":"max-video-preview:-1"},"canonical":"https:\/\/www.ile-blanche.com\/en\/activities-ile-de-re\/bicycle-ile-de-re\/","og_locale":"en_US","og_type":"article","og_title":"Bike path Ile de R\u00e9 | Map of bicycle path on the Ile de R\u00e9","og_url":"https:\/\/www.ile-blanche.com\/en\/activities-ile-de-re\/bicycle-ile-de-re\/","og_site_name":"L&#039;\u00cele Blanche","article_modified_time":"2025-09-02T12:17:00+00:00","og_image":[{"width":1920,"height":480,"url":"https:\/\/www.ile-blanche.com\/wp-content\/uploads\/2022\/09\/velo-sur-ile-de-re.jpg","type":"image\/jpeg"}],"twitter_card":"summary_large_image","twitter_misc":{"Est. reading time":"4 minutes"},"schema":{"@context":"https:\/\/schema.org","@graph":[{"@type":"WebPage","@id":"https:\/\/www.ile-blanche.com\/en\/activities-ile-de-re\/bicycle-ile-de-re\/","url":"https:\/\/www.ile-blanche.com\/en\/activities-ile-de-re\/bicycle-ile-de-re\/","name":"Bike path Ile de R\u00e9 | Map of bicycle path on the Ile de R\u00e9","isPartOf":{"@id":"https:\/\/www.ile-blanche.com\/en\/#website"},"primaryImageOfPage":{"@id":"https:\/\/www.ile-blanche.com\/en\/activities-ile-de-re\/bicycle-ile-de-re\/#primaryimage"},"image":{"@id":"https:\/\/www.ile-blanche.com\/en\/activities-ile-de-re\/bicycle-ile-de-re\/#primaryimage"},"thumbnailUrl":"https:\/\/www.ile-blanche.com\/wp-content\/uploads\/2022\/09\/velo-sur-ile-de-re.jpg","datePublished":"2022-08-24T08:38:05+00:00","dateModified":"2025-09-02T12:17:00+00:00","breadcrumb":{"@id":"https:\/\/www.ile-blanche.com\/en\/activities-ile-de-re\/bicycle-ile-de-re\/#breadcrumb"},"inLanguage":"en-US","potentialAction":[{"@type":"ReadAction","target":["https:\/\/www.ile-blanche.com\/en\/activities-ile-de-re\/bicycle-ile-de-re\/"]}]},{"@type":"ImageObject","inLanguage":"en-US","@id":"https:\/\/www.ile-blanche.com\/en\/activities-ile-de-re\/bicycle-ile-de-re\/#primaryimage","url":"https:\/\/www.ile-blanche.com\/wp-content\/uploads\/2022\/09\/velo-sur-ile-de-re.jpg","contentUrl":"https:\/\/www.ile-blanche.com\/wp-content\/uploads\/2022\/09\/velo-sur-ile-de-re.jpg","width":1920,"height":480,"caption":"velo sur ile de re"},{"@type":"BreadcrumbList","@id":"https:\/\/www.ile-blanche.com\/en\/activities-ile-de-re\/bicycle-ile-de-re\/#breadcrumb","itemListElement":[{"@type":"ListItem","position":1,"name":"Campsite \u00cele de R\u00e9","item":"https:\/\/www.ile-blanche.com\/en\/"},{"@type":"ListItem","position":2,"name":"Ile de R\u00e9 activities","item":"https:\/\/www.ile-blanche.com\/en\/activities-ile-de-re\/"},{"@type":"ListItem","position":3,"name":"\u00cele de R\u00e9 bicycle path"}]},{"@type":"WebSite","@id":"https:\/\/www.ile-blanche.com\/en\/#website","url":"https:\/\/www.ile-blanche.com\/en\/","name":"L'\u00cele Blanche","description":"","publisher":{"@id":"https:\/\/www.ile-blanche.com\/en\/#organization"},"potentialAction":[{"@type":"SearchAction","target":{"@type":"EntryPoint","urlTemplate":"https:\/\/www.ile-blanche.com\/en\/?s={search_term_string}"},"query-input":{"@type":"PropertyValueSpecification","valueRequired":true,"valueName":"search_term_string"}}],"inLanguage":"en-US"},{"@type":"Organization","@id":"https:\/\/www.ile-blanche.com\/en\/#organization","name":"L'\u00cele Blanche","url":"https:\/\/www.ile-blanche.com\/en\/","logo":{"@type":"ImageObject","inLanguage":"en-US","@id":"https:\/\/www.ile-blanche.com\/en\/#\/schema\/logo\/image\/","url":"https:\/\/www.ile-blanche.com\/wp-content\/uploads\/2022\/06\/cropped-logo-alt-ile-blanche.png","contentUrl":"https:\/\/www.ile-blanche.com\/wp-content\/uploads\/2022\/06\/cropped-logo-alt-ile-blanche.png","width":512,"height":512,"caption":"L'\u00cele Blanche"},"image":{"@id":"https:\/\/www.ile-blanche.com\/en\/#\/schema\/logo\/image\/"}}]}},"_links":{"self":[{"href":"https:\/\/www.ile-blanche.com\/en\/wp-json\/wp\/v2\/pages\/14504","targetHints":{"allow":["GET"]}}],"collection":[{"href":"https:\/\/www.ile-blanche.com\/en\/wp-json\/wp\/v2\/pages"}],"about":[{"href":"https:\/\/www.ile-blanche.com\/en\/wp-json\/wp\/v2\/types\/page"}],"author":[{"embeddable":true,"href":"https:\/\/www.ile-blanche.com\/en\/wp-json\/wp\/v2\/users\/1"}],"replies":[{"embeddable":true,"href":"https:\/\/www.ile-blanche.com\/en\/wp-json\/wp\/v2\/comments?post=14504"}],"version-history":[{"count":13,"href":"https:\/\/www.ile-blanche.com\/en\/wp-json\/wp\/v2\/pages\/14504\/revisions"}],"predecessor-version":[{"id":33755,"href":"https:\/\/www.ile-blanche.com\/en\/wp-json\/wp\/v2\/pages\/14504\/revisions\/33755"}],"up":[{"embeddable":true,"href":"https:\/\/www.ile-blanche.com\/en\/wp-json\/wp\/v2\/pages\/14337"}],"wp:featuredmedia":[{"embeddable":true,"href":"https:\/\/www.ile-blanche.com\/en\/wp-json\/wp\/v2\/media\/12730"}],"wp:attachment":[{"href":"https:\/\/www.ile-blanche.com\/en\/wp-json\/wp\/v2\/media?parent=14504"}],"wp:term":[{"taxonomy":"sujet","embeddable":true,"href":"https:\/\/www.ile-blanche.com\/en\/wp-json\/wp\/v2\/sujet?post=14504"}],"curies":[{"name":"wp","href":"https:\/\/api.w.org\/{rel}","templated":true}]}}