{"id":14487,"date":"2022-08-23T15:37:06","date_gmt":"2022-08-23T13:37:06","guid":{"rendered":"https:\/\/www.ile-blanche.com\/activities-ile-de-re\/vins-ile-de-re\/"},"modified":"2022-11-10T17:22:38","modified_gmt":"2022-11-10T16:22:38","slug":"wines-ile-de-re","status":"publish","type":"page","link":"https:\/\/www.ile-blanche.com\/en\/activities-ile-de-re\/wines-ile-de-re\/","title":{"rendered":"Les vins de l\u2019\u00cele de R\u00e9"},"content":{"rendered":"<section id=\"ls-section-block_7ebcb3477e6389e9bfda0171a0b95b53\" class=\"ls-section  page-one home-fourth m-b-0\" >\n        <div class=\"container container--wide\">\n        \n\n<div class=\"wp-block-columns is-layout-flex wp-container-core-columns-is-layout-9d6595d7 wp-block-columns-is-layout-flex\">\n<div class=\"wp-block-column is-vertically-aligned-center is-layout-flow wp-block-column-is-layout-flow\">\n<figure class=\"wp-block-image size-full\"><a href=\"https:\/\/www.ile-blanche.com\/wp-content\/uploads\/2022\/09\/vins-ile-de-re.jpg\"><img decoding=\"async\" width=\"900\" height=\"506\" src=\"https:\/\/www.ile-blanche.com\/wp-content\/uploads\/2022\/09\/vins-ile-de-re.jpg\" alt=\"vins ile de re\" class=\"wp-image-12553\" srcset=\"https:\/\/www.ile-blanche.com\/wp-content\/uploads\/2022\/09\/vins-ile-de-re.jpg 900w, https:\/\/www.ile-blanche.com\/wp-content\/uploads\/2022\/09\/vins-ile-de-re-300x169.jpg 300w, https:\/\/www.ile-blanche.com\/wp-content\/uploads\/2022\/09\/vins-ile-de-re-768x432.jpg 768w\" sizes=\"(max-width: 900px) 100vw, 900px\" \/><\/a><\/figure>\n<\/div>\n\n\n\n<div class=\"wp-block-column is-vertically-aligned-center is-layout-flow wp-block-column-is-layout-flow\">\n<h1 class=\"ls-heading wp-block-heading\">THE WINE FROM \u00ceLE DE R\u00c9 IN CHARENTE-MARITIME<\/h1>\n\n\n\n<h2 class=\"ls-heading wp-block-heading\">VITICULTURE ON ILE DE R\u00c9<\/h2>\n\n\n\n<p class=\"ls-paragraph\">Viticulture occupies an important place in the cultural heritage of the island of R\u00e9, reflecting over the years the rooting of men on this territory. We find here grape varieties with typical flavors, which come from vineyards rich in limestone or clay-limestone soils, covered with aeolian sand and fed by marine alluvium.<\/p>\n\n\n\n<p class=\"ls-paragraph\">The stay is a great opportunity to discover the best wines of the island of R\u00e9. Take advantage of this opportunity to talk with the winegrowers who will be happy to share their work and their passion with you. Tastings of the island&#8217;s tasty liquors are also part of the program.<\/p>\n<\/div>\n<\/div>\n\n\n    <\/div>\n<\/section>\n\n<section id=\"ls-section-block_0405dad91ab7dcf5ad6aca27df3b5c59\" class=\"ls-section  p-t-0 m-b-0 p-b-0\" >\n        <div class=\"container container--full\">\n        \n\n<div class=\"wp-block-columns is-layout-flex wp-container-core-columns-is-layout-9d6595d7 wp-block-columns-is-layout-flex\">\n<div class=\"wp-block-column is-vertically-aligned-center column-left is-layout-flow wp-block-column-is-layout-flow\" style=\"flex-basis:50%\">\n<p class=\"ls-paragraph\">The climate of the island of R\u00e9 is favourable to the blossoming of the different grape varieties. The mild temperatures, the proximity to the ocean and the more than 2,000 hours of sunshine per year all contribute to the production of good wines.<\/p>\n\n\n\n<p class=\"ls-paragraph\">The vineyards here extend over several hundred hectares. The land is rich in limestone and marine alluvium, especially in the south of the island.<\/p>\n\n\n\n<p class=\"ls-paragraph\">White wines are produced here from ugni-blanc, colombard, chardonnay or sauvignon. For the reds and ros\u00e9s, the winemakers use black merlot, cabernet franc, cabernet sauvignon or tannat.<\/p>\n<\/div>\n\n\n\n<div class=\"wp-block-column is-vertically-aligned-center is-layout-flow wp-block-column-is-layout-flow\" style=\"flex-basis:50%\">\n<figure class=\"wp-block-image size-full\"><img decoding=\"async\" width=\"990\" height=\"634\" src=\"https:\/\/www.ile-blanche.com\/wp-content\/uploads\/2022\/09\/vignes-ile-de-re.jpg\" alt=\"vignes ile de re\" class=\"wp-image-12558\" srcset=\"https:\/\/www.ile-blanche.com\/wp-content\/uploads\/2022\/09\/vignes-ile-de-re.jpg 990w, https:\/\/www.ile-blanche.com\/wp-content\/uploads\/2022\/09\/vignes-ile-de-re-300x192.jpg 300w, https:\/\/www.ile-blanche.com\/wp-content\/uploads\/2022\/09\/vignes-ile-de-re-768x492.jpg 768w\" sizes=\"(max-width: 990px) 100vw, 990px\" \/><\/figure>\n<\/div>\n<\/div>\n\n\n    <\/div>\n<\/section>\n\n<section id=\"ls-section-block_224fe1812a6d3022543a7e9d116d80d0\" class=\"ls-section  m-t-0 p-t-0 m-b-0 p-b-0\" >\n        <div class=\"container container--full\">\n        \n\n<div class=\"wp-block-columns is-layout-flex wp-container-core-columns-is-layout-9d6595d7 wp-block-columns-is-layout-flex\">\n<div class=\"wp-block-column is-vertically-aligned-top is-layout-flow wp-block-column-is-layout-flow\" style=\"flex-basis:50%\">\n<figure class=\"wp-block-image size-full\"><img decoding=\"async\" width=\"990\" height=\"634\" src=\"https:\/\/www.ile-blanche.com\/wp-content\/uploads\/2022\/09\/vin-rouge-ile-de-re.jpg\" alt=\"vin rouge ile de re\" class=\"wp-image-12660\" srcset=\"https:\/\/www.ile-blanche.com\/wp-content\/uploads\/2022\/09\/vin-rouge-ile-de-re.jpg 990w, https:\/\/www.ile-blanche.com\/wp-content\/uploads\/2022\/09\/vin-rouge-ile-de-re-300x192.jpg 300w, https:\/\/www.ile-blanche.com\/wp-content\/uploads\/2022\/09\/vin-rouge-ile-de-re-768x492.jpg 768w\" sizes=\"(max-width: 990px) 100vw, 990px\" \/><\/figure>\n<\/div>\n\n\n\n<div class=\"wp-block-column is-vertically-aligned-center column-right is-layout-flow wp-block-column-is-layout-flow\" style=\"flex-basis:50%\">\n<h2 class=\"ls-heading wp-block-heading\">THE DIFFERENT GRAPE VARIETIES OF \u00ceLE DE R\u00c9<\/h2>\n\n\n\n<p class=\"ls-paragraph\">The vineyards of R\u00e9 la Blanche cover a total area of 650 hectares, concentrated mainly in the southern part of the island. The local conditions allow a diversity of grape varieties to flourish.<\/p>\n\n\n\n<p class=\"ls-paragraph\">The black and white grape varieties &#8211; Merlot, Cabernet Franc, Cabernet Sauvignon, Negrette, Chardonnay, Sauvignon and the grape varieties used to make Cognac in Ugni Blanc &#8211; share this area.<\/p>\n\n\n\n<p class=\"ls-paragraph\">About 35 to 40 hectoliters of wine, pineau and cognac per hectare are produced here each year. The Ile de R\u00e9 can also boast of producing quality wines.<\/p>\n<\/div>\n<\/div>\n\n\n    <\/div>\n<\/section>\n\n<section id=\"ls-section-block_224fe1812a6d3022543a7e9d116d80d0\" class=\"ls-section  m-t-0 p-t-0 m-b-0 p-b-0\" >\n        <div class=\"container container--full\">\n        \n\n<div class=\"wp-block-columns is-layout-flex wp-container-core-columns-is-layout-9d6595d7 wp-block-columns-is-layout-flex\">\n<div class=\"wp-block-column is-vertically-aligned-center column-left is-layout-flow wp-block-column-is-layout-flow\" style=\"flex-basis:50%\">\n<p class=\"ls-paragraph\">The Ile de R\u00e9 wines from the Cooperative&#8217;s terroir include the best. The fruit aromas vary according to the different AOC (Appellation d&#8217;Origine Contr\u00f4l\u00e9e) vineyards and wine growers who work the fruit in their own way.<\/p>\n\n\n\n<p class=\"ls-paragraph\">Some winemakers produce a very powerful local wine while others seek the sweetness of the fruit. If you are a wine connoisseur or simply wish to discover the flavors of the island, tastings are a must during your vacation on \u00eele de R\u00e9.<\/p>\n<\/div>\n\n\n\n<div class=\"wp-block-column is-vertically-aligned-top is-layout-flow wp-block-column-is-layout-flow\" style=\"flex-basis:50%\"><div class=\"wp-block-image\">\n<figure class=\"aligncenter size-full\"><img decoding=\"async\" width=\"990\" height=\"634\" src=\"https:\/\/www.ile-blanche.com\/wp-content\/uploads\/2022\/09\/vignobles-re.jpg\" alt=\"vignobles re\" class=\"wp-image-12670\" srcset=\"https:\/\/www.ile-blanche.com\/wp-content\/uploads\/2022\/09\/vignobles-re.jpg 990w, https:\/\/www.ile-blanche.com\/wp-content\/uploads\/2022\/09\/vignobles-re-300x192.jpg 300w, https:\/\/www.ile-blanche.com\/wp-content\/uploads\/2022\/09\/vignobles-re-768x492.jpg 768w\" sizes=\"(max-width: 990px) 100vw, 990px\" \/><\/figure>\n<\/div><\/div>\n<\/div>\n\n\n    <\/div>\n<\/section>\n\n<section id=\"ls-section-block_224fe1812a6d3022543a7e9d116d80d0\" class=\"ls-section  m-t-0 p-t-0 m-b-0 p-b-0\" >\n        <div class=\"container container--full\">\n        \n\n<div class=\"wp-block-columns is-layout-flex wp-container-core-columns-is-layout-9d6595d7 wp-block-columns-is-layout-flex\">\n<div class=\"wp-block-column is-vertically-aligned-top is-layout-flow wp-block-column-is-layout-flow\" style=\"flex-basis:50%\">\n<figure class=\"wp-block-image size-full\"><img decoding=\"async\" width=\"990\" height=\"634\" src=\"https:\/\/www.ile-blanche.com\/wp-content\/uploads\/2022\/09\/degustation-vins-re.jpg\" alt=\"degustation vins re\" class=\"wp-image-12699\" srcset=\"https:\/\/www.ile-blanche.com\/wp-content\/uploads\/2022\/09\/degustation-vins-re.jpg 990w, https:\/\/www.ile-blanche.com\/wp-content\/uploads\/2022\/09\/degustation-vins-re-300x192.jpg 300w, https:\/\/www.ile-blanche.com\/wp-content\/uploads\/2022\/09\/degustation-vins-re-768x492.jpg 768w\" sizes=\"(max-width: 990px) 100vw, 990px\" \/><\/figure>\n<\/div>\n\n\n\n<div class=\"wp-block-column is-vertically-aligned-center column-right is-layout-flow wp-block-column-is-layout-flow\" style=\"flex-basis:50%\">\n<h2 class=\"ls-heading wp-block-heading\">TASTING OF THE WINES OF THE ILE DE RE<\/h2>\n\n\n\n<p class=\"ls-paragraph\">The<strong> wines of the Ile de R\u00e9<\/strong> are distinguished by their unique typicity. Pineau, Cognac, still wines or sparkling wines are likely to surprise your taste buds, discovering them is part of the many <strong>activities on \u00eele de R\u00e9<\/strong>.<\/p>\n\n\n\n<p class=\"ls-paragraph\">But you absolutely must taste the Ros\u00e9 des Dunes from the Voile range and the Pineau Ilrh\u00e9a.<br>The red wine Petit Sergent and the white wine Royal, also from the Voile range, are also to be tasted.<\/p>\n\n\n\n<p class=\"ls-paragraph\">The Soif d&#8217;Evasion range, much more recent, also includes high quality red, ros\u00e9 and white wines. You will certainly appreciate the ile de R\u00e9 vintage wines like the Gouverneur, the Ultimium or the Trousse Chemise white or ros\u00e9.<\/p>\n<\/div>\n<\/div>\n\n\n    <\/div>\n<\/section>\n\n<section id=\"ls-section-block_224fe1812a6d3022543a7e9d116d80d0\" class=\"ls-section  m-t-0 p-t-0 m-b-0 p-b-0\" >\n        <div class=\"container container--full\">\n        \n\n<div class=\"wp-block-columns is-layout-flex wp-container-core-columns-is-layout-9d6595d7 wp-block-columns-is-layout-flex\">\n<div class=\"wp-block-column is-vertically-aligned-center column-left is-layout-flow wp-block-column-is-layout-flow\" style=\"flex-basis:50%\">\n<h2 class=\"ls-heading wp-block-heading\">WHAT ARE THE BEST WINES OF THE ISLAND OF RE ?<\/h2>\n\n\n\n<p class=\"ls-paragraph\">It is difficult to choose the best wines of \u00eele de R\u00e9! There are varietal and blended wines, Cognac, pineaux, organic wines\u2026 What do they have in common? They all have a taste of summer that will give you the impression of admiring an endless red sunset.<\/p>\n\n\n\n<p class=\"ls-paragraph\">Ideal with seafood, Ros\u00e9 des Dunes is a complex and thirst-quenching wine that has won several awards. A blend of Cabernet Franc, Merlot and Cabernet Sauvignon, its coral pink color and fruity taste will seduce ros\u00e9 lovers. It is the perfect summer wine.<\/p>\n<\/div>\n\n\n\n<div class=\"wp-block-column is-vertically-aligned-top is-layout-flow wp-block-column-is-layout-flow\" style=\"flex-basis:50%\"><div class=\"wp-block-image\">\n<figure class=\"aligncenter size-full\"><img decoding=\"async\" width=\"990\" height=\"634\" src=\"https:\/\/www.ile-blanche.com\/wp-content\/uploads\/2022\/09\/raisin-blanc-re.jpg\" alt=\"raisin blanc re\" class=\"wp-image-12680\" srcset=\"https:\/\/www.ile-blanche.com\/wp-content\/uploads\/2022\/09\/raisin-blanc-re.jpg 990w, https:\/\/www.ile-blanche.com\/wp-content\/uploads\/2022\/09\/raisin-blanc-re-300x192.jpg 300w, https:\/\/www.ile-blanche.com\/wp-content\/uploads\/2022\/09\/raisin-blanc-re-768x492.jpg 768w\" sizes=\"(max-width: 990px) 100vw, 990px\" \/><\/figure>\n<\/div><\/div>\n<\/div>\n\n\n    <\/div>\n<\/section>\n\n<section id=\"ls-section-block_224fe1812a6d3022543a7e9d116d80d0\" class=\"ls-section  m-t-0 p-t-0 m-b-0 p-b-0\" >\n        <div class=\"container container--full\">\n        \n\n<div class=\"wp-block-columns is-layout-flex wp-container-core-columns-is-layout-9d6595d7 wp-block-columns-is-layout-flex\">\n<div class=\"wp-block-column is-vertically-aligned-top is-layout-flow wp-block-column-is-layout-flow\" style=\"flex-basis:50%\">\n<figure class=\"wp-block-image size-full\"><img decoding=\"async\" width=\"990\" height=\"634\" src=\"https:\/\/www.ile-blanche.com\/wp-content\/uploads\/2022\/09\/ile-de-re-vignobles.jpg\" alt=\"ile de re vignobles\" class=\"wp-image-12690\" srcset=\"https:\/\/www.ile-blanche.com\/wp-content\/uploads\/2022\/09\/ile-de-re-vignobles.jpg 990w, https:\/\/www.ile-blanche.com\/wp-content\/uploads\/2022\/09\/ile-de-re-vignobles-300x192.jpg 300w, https:\/\/www.ile-blanche.com\/wp-content\/uploads\/2022\/09\/ile-de-re-vignobles-768x492.jpg 768w\" sizes=\"(max-width: 990px) 100vw, 990px\" \/><\/figure>\n<\/div>\n\n\n\n<div class=\"wp-block-column is-vertically-aligned-center column-right is-layout-flow wp-block-column-is-layout-flow\" style=\"flex-basis:50%\">\n<ul class=\"ls-list wp-block-list\">\n<li>Ilrh\u00e9a blanc is the pineau of the island of R\u00e9, made from ugni-blanc. It excels with desserts. Ilrh\u00e9a also exists in pineau ros\u00e9.<\/li>\n<\/ul>\n\n\n\n<ul class=\"ls-list wp-block-list\">\n<li>Le Trousse Chemise blanc est un vin mousseux \u00e0 base de chardonnnay \u00e9labor\u00e9 de mani\u00e8re traditionnelle. Sa belle robe jaune paille et ses fines bulles en font un bon vin d\u2019ap\u00e9ritif ou de dessert.<br>Soif d\u2019Evasion est une gamme de vins de c\u00e9page de l\u2019\u00eele de R\u00e9 dont le sauvignon frais et puissant est \u00e0 essayer.<\/li>\n<\/ul>\n\n\n\n<ul class=\"ls-list wp-block-list\">\n<li>And then there is of course Cognac, whose XO Isle de R\u00e9, 10 years old, will accompany the end of your meals thanks to its citrus and honey flavors and its superb mahogany color.<\/li>\n<\/ul>\n\n\n\n<p class=\"ls-paragraph\">Do not hesitate to discover the vineyards of R\u00e9 during your <a href=\"\/en\/\">campsite vacations on the island of R\u00e9<\/a>. You can easily meet the winemakers who will let you taste their best creations and visit the Ile de R\u00e9 wine cooperative located between Sainte-Marie-de-R\u00e9 and Le Bois-Plage-en-R\u00e9 for free.<\/p>\n<\/div>\n<\/div>\n\n\n    <\/div>\n<\/section>\n\n<section id=\"ls-section-block_d78e2295776da8e3e785edcb9aec21d3\" class=\"ls-section  home-eighth m-b-0\" >\n        <div class=\"container container--wide\">\n        \n\n<div id=\"ls-heading ls-titre-div-block_26f74ab2bbffeef4fe281f535538fc2a\" class=\"ls-titre-div aligncenter h2-like\" >\n    DISCOVER THE AREA<\/div>\n\n\n<div id=\"ls-maillage-block_08b514683f13207c0a0922ae092e32d5\" class=\"ls-maillage cta-style-normal\" data-rows=\"3\">\r\n    <div class=\"wp-block-columns\"><div class=\"wp-block-column\"><div class=\"ls-cta\">\n\n<a href=\"https:\/\/www.ile-blanche.com\/en\/activities-ile-de-re\/inter-islands-cruises\/\" target=\"\" rel=\"noopener\" class=\"ls-cta__link\">\n\n\t<div class=\"ls-cta__image\"><img decoding=\"async\" src=\"https:\/\/www.ile-blanche.com\/wp-content\/uploads\/2022\/09\/croisieres-inter-iles-768x492.jpg\" alt=\"croisieres inter iles\"><\/div>\t<span class=\"ile-blanche-right-arrow\"><\/span>\n\t<div class=\"ls-cta__title\">\n\t\t> Inter Island Cruises\t<\/div>\n\n\t\n<\/a><\/div><\/div><div class=\"wp-block-column\"><div class=\"ls-cta\">\n\n<a href=\"https:\/\/www.ile-blanche.com\/en\/activities-ile-de-re\/bicycle-ile-de-re\/\" target=\"\" rel=\"noopener\" class=\"ls-cta__link\">\n\n\t<div class=\"ls-cta__image\"><img decoding=\"async\" src=\"https:\/\/www.ile-blanche.com\/wp-content\/uploads\/2022\/09\/velo-randonnee-768x432.jpg\" alt=\"velo randonnee\"><\/div>\t<span class=\"ile-blanche-right-arrow\"><\/span>\n\t<div class=\"ls-cta__title\">\n\t\t> Cycling on the Ile de R\u00e9\t<\/div>\n\n\t\n<\/a><\/div><\/div><\/div><\/div>\n\n    <\/div>\n<\/section>","protected":false},"excerpt":{"rendered":"","protected":false},"author":1,"featured_media":12650,"parent":14337,"menu_order":0,"comment_status":"closed","ping_status":"closed","template":"","meta":{"_acf_changed":false,"footnotes":""},"sujet":[],"class_list":["post-14487","page","type-page","status-publish","has-post-thumbnail","hentry"],"acf":[],"yoast_head":"<!-- This site is optimized with the Yoast SEO plugin v25.3 - https:\/\/yoast.com\/wordpress\/plugins\/seo\/ -->\n<title>Wines Ile de R\u00e9 | Discover the wines of the Ile de R\u00e9 | Ile de R\u00e9 Cooperative<\/title>\n<meta name=\"robots\" content=\"index, follow, max-snippet:-1, max-image-preview:large, max-video-preview:-1\" \/>\n<link rel=\"canonical\" href=\"https:\/\/www.ile-blanche.com\/en\/activities-ile-de-re\/wines-ile-de-re\/\" \/>\n<meta property=\"og:locale\" content=\"en_US\" \/>\n<meta property=\"og:type\" content=\"article\" \/>\n<meta property=\"og:title\" content=\"Wines Ile de R\u00e9 | Discover the wines of the Ile de R\u00e9 | Ile de R\u00e9 Cooperative\" \/>\n<meta property=\"og:url\" content=\"https:\/\/www.ile-blanche.com\/en\/activities-ile-de-re\/wines-ile-de-re\/\" \/>\n<meta property=\"og:site_name\" content=\"L&#039;\u00cele Blanche\" \/>\n<meta property=\"article:modified_time\" content=\"2022-11-10T16:22:38+00:00\" \/>\n<meta property=\"og:image\" content=\"https:\/\/www.ile-blanche.com\/wp-content\/uploads\/2022\/09\/vins-blancs-ile-de-re.jpg\" \/>\n\t<meta property=\"og:image:width\" content=\"1920\" \/>\n\t<meta property=\"og:image:height\" content=\"480\" \/>\n\t<meta property=\"og:image:type\" content=\"image\/jpeg\" \/>\n<meta name=\"twitter:card\" content=\"summary_large_image\" \/>\n<meta name=\"twitter:label1\" content=\"Est. reading time\" \/>\n\t<meta name=\"twitter:data1\" content=\"6 minutes\" \/>\n<script type=\"application\/ld+json\" class=\"yoast-schema-graph\">{\"@context\":\"https:\/\/schema.org\",\"@graph\":[{\"@type\":\"WebPage\",\"@id\":\"https:\/\/www.ile-blanche.com\/en\/activities-ile-de-re\/wines-ile-de-re\/\",\"url\":\"https:\/\/www.ile-blanche.com\/en\/activities-ile-de-re\/wines-ile-de-re\/\",\"name\":\"Wines Ile de R\u00e9 | Discover the wines of the Ile de R\u00e9 | Ile de R\u00e9 Cooperative\",\"isPartOf\":{\"@id\":\"https:\/\/www.ile-blanche.com\/en\/#website\"},\"primaryImageOfPage\":{\"@id\":\"https:\/\/www.ile-blanche.com\/en\/activities-ile-de-re\/wines-ile-de-re\/#primaryimage\"},\"image\":{\"@id\":\"https:\/\/www.ile-blanche.com\/en\/activities-ile-de-re\/wines-ile-de-re\/#primaryimage\"},\"thumbnailUrl\":\"https:\/\/www.ile-blanche.com\/wp-content\/uploads\/2022\/09\/vins-blancs-ile-de-re.jpg\",\"datePublished\":\"2022-08-23T13:37:06+00:00\",\"dateModified\":\"2022-11-10T16:22:38+00:00\",\"breadcrumb\":{\"@id\":\"https:\/\/www.ile-blanche.com\/en\/activities-ile-de-re\/wines-ile-de-re\/#breadcrumb\"},\"inLanguage\":\"en-US\",\"potentialAction\":[{\"@type\":\"ReadAction\",\"target\":[\"https:\/\/www.ile-blanche.com\/en\/activities-ile-de-re\/wines-ile-de-re\/\"]}]},{\"@type\":\"ImageObject\",\"inLanguage\":\"en-US\",\"@id\":\"https:\/\/www.ile-blanche.com\/en\/activities-ile-de-re\/wines-ile-de-re\/#primaryimage\",\"url\":\"https:\/\/www.ile-blanche.com\/wp-content\/uploads\/2022\/09\/vins-blancs-ile-de-re.jpg\",\"contentUrl\":\"https:\/\/www.ile-blanche.com\/wp-content\/uploads\/2022\/09\/vins-blancs-ile-de-re.jpg\",\"width\":1920,\"height\":480,\"caption\":\"vins blancs ile de re\"},{\"@type\":\"BreadcrumbList\",\"@id\":\"https:\/\/www.ile-blanche.com\/en\/activities-ile-de-re\/wines-ile-de-re\/#breadcrumb\",\"itemListElement\":[{\"@type\":\"ListItem\",\"position\":1,\"name\":\"Campsite \u00cele de R\u00e9\",\"item\":\"https:\/\/www.ile-blanche.com\/en\/\"},{\"@type\":\"ListItem\",\"position\":2,\"name\":\"Ile de R\u00e9 activities\",\"item\":\"https:\/\/www.ile-blanche.com\/en\/activities-ile-de-re\/\"},{\"@type\":\"ListItem\",\"position\":3,\"name\":\"wines from \u00cele de R\u00e9\"}]},{\"@type\":\"WebSite\",\"@id\":\"https:\/\/www.ile-blanche.com\/en\/#website\",\"url\":\"https:\/\/www.ile-blanche.com\/en\/\",\"name\":\"L'\u00cele Blanche\",\"description\":\"\",\"publisher\":{\"@id\":\"https:\/\/www.ile-blanche.com\/en\/#organization\"},\"potentialAction\":[{\"@type\":\"SearchAction\",\"target\":{\"@type\":\"EntryPoint\",\"urlTemplate\":\"https:\/\/www.ile-blanche.com\/en\/?s={search_term_string}\"},\"query-input\":{\"@type\":\"PropertyValueSpecification\",\"valueRequired\":true,\"valueName\":\"search_term_string\"}}],\"inLanguage\":\"en-US\"},{\"@type\":\"Organization\",\"@id\":\"https:\/\/www.ile-blanche.com\/en\/#organization\",\"name\":\"L'\u00cele Blanche\",\"url\":\"https:\/\/www.ile-blanche.com\/en\/\",\"logo\":{\"@type\":\"ImageObject\",\"inLanguage\":\"en-US\",\"@id\":\"https:\/\/www.ile-blanche.com\/en\/#\/schema\/logo\/image\/\",\"url\":\"https:\/\/www.ile-blanche.com\/wp-content\/uploads\/2022\/06\/cropped-logo-alt-ile-blanche.png\",\"contentUrl\":\"https:\/\/www.ile-blanche.com\/wp-content\/uploads\/2022\/06\/cropped-logo-alt-ile-blanche.png\",\"width\":512,\"height\":512,\"caption\":\"L'\u00cele Blanche\"},\"image\":{\"@id\":\"https:\/\/www.ile-blanche.com\/en\/#\/schema\/logo\/image\/\"}}]}<\/script>\n<!-- \/ Yoast SEO plugin. -->","yoast_head_json":{"title":"Wines Ile de R\u00e9 | Discover the wines of the Ile de R\u00e9 | Ile de R\u00e9 Cooperative","robots":{"index":"index","follow":"follow","max-snippet":"max-snippet:-1","max-image-preview":"max-image-preview:large","max-video-preview":"max-video-preview:-1"},"canonical":"https:\/\/www.ile-blanche.com\/en\/activities-ile-de-re\/wines-ile-de-re\/","og_locale":"en_US","og_type":"article","og_title":"Wines Ile de R\u00e9 | Discover the wines of the Ile de R\u00e9 | Ile de R\u00e9 Cooperative","og_url":"https:\/\/www.ile-blanche.com\/en\/activities-ile-de-re\/wines-ile-de-re\/","og_site_name":"L&#039;\u00cele Blanche","article_modified_time":"2022-11-10T16:22:38+00:00","og_image":[{"width":1920,"height":480,"url":"https:\/\/www.ile-blanche.com\/wp-content\/uploads\/2022\/09\/vins-blancs-ile-de-re.jpg","type":"image\/jpeg"}],"twitter_card":"summary_large_image","twitter_misc":{"Est. reading time":"6 minutes"},"schema":{"@context":"https:\/\/schema.org","@graph":[{"@type":"WebPage","@id":"https:\/\/www.ile-blanche.com\/en\/activities-ile-de-re\/wines-ile-de-re\/","url":"https:\/\/www.ile-blanche.com\/en\/activities-ile-de-re\/wines-ile-de-re\/","name":"Wines Ile de R\u00e9 | Discover the wines of the Ile de R\u00e9 | Ile de R\u00e9 Cooperative","isPartOf":{"@id":"https:\/\/www.ile-blanche.com\/en\/#website"},"primaryImageOfPage":{"@id":"https:\/\/www.ile-blanche.com\/en\/activities-ile-de-re\/wines-ile-de-re\/#primaryimage"},"image":{"@id":"https:\/\/www.ile-blanche.com\/en\/activities-ile-de-re\/wines-ile-de-re\/#primaryimage"},"thumbnailUrl":"https:\/\/www.ile-blanche.com\/wp-content\/uploads\/2022\/09\/vins-blancs-ile-de-re.jpg","datePublished":"2022-08-23T13:37:06+00:00","dateModified":"2022-11-10T16:22:38+00:00","breadcrumb":{"@id":"https:\/\/www.ile-blanche.com\/en\/activities-ile-de-re\/wines-ile-de-re\/#breadcrumb"},"inLanguage":"en-US","potentialAction":[{"@type":"ReadAction","target":["https:\/\/www.ile-blanche.com\/en\/activities-ile-de-re\/wines-ile-de-re\/"]}]},{"@type":"ImageObject","inLanguage":"en-US","@id":"https:\/\/www.ile-blanche.com\/en\/activities-ile-de-re\/wines-ile-de-re\/#primaryimage","url":"https:\/\/www.ile-blanche.com\/wp-content\/uploads\/2022\/09\/vins-blancs-ile-de-re.jpg","contentUrl":"https:\/\/www.ile-blanche.com\/wp-content\/uploads\/2022\/09\/vins-blancs-ile-de-re.jpg","width":1920,"height":480,"caption":"vins blancs ile de re"},{"@type":"BreadcrumbList","@id":"https:\/\/www.ile-blanche.com\/en\/activities-ile-de-re\/wines-ile-de-re\/#breadcrumb","itemListElement":[{"@type":"ListItem","position":1,"name":"Campsite \u00cele de R\u00e9","item":"https:\/\/www.ile-blanche.com\/en\/"},{"@type":"ListItem","position":2,"name":"Ile de R\u00e9 activities","item":"https:\/\/www.ile-blanche.com\/en\/activities-ile-de-re\/"},{"@type":"ListItem","position":3,"name":"wines from \u00cele de R\u00e9"}]},{"@type":"WebSite","@id":"https:\/\/www.ile-blanche.com\/en\/#website","url":"https:\/\/www.ile-blanche.com\/en\/","name":"L'\u00cele Blanche","description":"","publisher":{"@id":"https:\/\/www.ile-blanche.com\/en\/#organization"},"potentialAction":[{"@type":"SearchAction","target":{"@type":"EntryPoint","urlTemplate":"https:\/\/www.ile-blanche.com\/en\/?s={search_term_string}"},"query-input":{"@type":"PropertyValueSpecification","valueRequired":true,"valueName":"search_term_string"}}],"inLanguage":"en-US"},{"@type":"Organization","@id":"https:\/\/www.ile-blanche.com\/en\/#organization","name":"L'\u00cele Blanche","url":"https:\/\/www.ile-blanche.com\/en\/","logo":{"@type":"ImageObject","inLanguage":"en-US","@id":"https:\/\/www.ile-blanche.com\/en\/#\/schema\/logo\/image\/","url":"https:\/\/www.ile-blanche.com\/wp-content\/uploads\/2022\/06\/cropped-logo-alt-ile-blanche.png","contentUrl":"https:\/\/www.ile-blanche.com\/wp-content\/uploads\/2022\/06\/cropped-logo-alt-ile-blanche.png","width":512,"height":512,"caption":"L'\u00cele Blanche"},"image":{"@id":"https:\/\/www.ile-blanche.com\/en\/#\/schema\/logo\/image\/"}}]}},"_links":{"self":[{"href":"https:\/\/www.ile-blanche.com\/en\/wp-json\/wp\/v2\/pages\/14487","targetHints":{"allow":["GET"]}}],"collection":[{"href":"https:\/\/www.ile-blanche.com\/en\/wp-json\/wp\/v2\/pages"}],"about":[{"href":"https:\/\/www.ile-blanche.com\/en\/wp-json\/wp\/v2\/types\/page"}],"author":[{"embeddable":true,"href":"https:\/\/www.ile-blanche.com\/en\/wp-json\/wp\/v2\/users\/1"}],"replies":[{"embeddable":true,"href":"https:\/\/www.ile-blanche.com\/en\/wp-json\/wp\/v2\/comments?post=14487"}],"version-history":[{"count":4,"href":"https:\/\/www.ile-blanche.com\/en\/wp-json\/wp\/v2\/pages\/14487\/revisions"}],"predecessor-version":[{"id":16441,"href":"https:\/\/www.ile-blanche.com\/en\/wp-json\/wp\/v2\/pages\/14487\/revisions\/16441"}],"up":[{"embeddable":true,"href":"https:\/\/www.ile-blanche.com\/en\/wp-json\/wp\/v2\/pages\/14337"}],"wp:featuredmedia":[{"embeddable":true,"href":"https:\/\/www.ile-blanche.com\/en\/wp-json\/wp\/v2\/media\/12650"}],"wp:attachment":[{"href":"https:\/\/www.ile-blanche.com\/en\/wp-json\/wp\/v2\/media?parent=14487"}],"wp:term":[{"taxonomy":"sujet","embeddable":true,"href":"https:\/\/www.ile-blanche.com\/en\/wp-json\/wp\/v2\/sujet?post=14487"}],"curies":[{"name":"wp","href":"https:\/\/api.w.org\/{rel}","templated":true}]}}