{"id":14483,"date":"2022-08-23T15:31:24","date_gmt":"2022-08-23T13:31:24","guid":{"rendered":"https:\/\/www.ile-blanche.com\/activities-ile-de-re\/specialites-gastronomiques-rhetaises\/"},"modified":"2022-11-10T17:24:52","modified_gmt":"2022-11-10T16:24:52","slug":"gastronomic-specialties-rhetaises","status":"publish","type":"page","link":"https:\/\/www.ile-blanche.com\/en\/activities-ile-de-re\/gastronomic-specialties-rhetaises\/","title":{"rendered":"Les sp\u00e9cialit\u00e9s gastronomiques Rh\u00e9taises"},"content":{"rendered":"<section id=\"ls-section-block_170d7c1dd094aa7f6248d31f6e054b18\" class=\"ls-section  page-one home-fourth m-b-0\" >\n        <div class=\"container container--wide\">\n        \n\n<div class=\"wp-block-columns is-layout-flex wp-container-core-columns-is-layout-9d6595d7 wp-block-columns-is-layout-flex\">\n<div class=\"wp-block-column is-vertically-aligned-center is-layout-flow wp-block-column-is-layout-flow\">\n<figure class=\"wp-block-image size-full\"><a href=\"https:\/\/www.ile-blanche.com\/wp-content\/uploads\/2022\/09\/specialite-re-huitres.jpg\"><img decoding=\"async\" width=\"900\" height=\"506\" src=\"https:\/\/www.ile-blanche.com\/wp-content\/uploads\/2022\/09\/specialite-re-huitres.jpg\" alt=\"specialite re huitres\" class=\"wp-image-12523\" srcset=\"https:\/\/www.ile-blanche.com\/wp-content\/uploads\/2022\/09\/specialite-re-huitres.jpg 900w, https:\/\/www.ile-blanche.com\/wp-content\/uploads\/2022\/09\/specialite-re-huitres-300x169.jpg 300w, https:\/\/www.ile-blanche.com\/wp-content\/uploads\/2022\/09\/specialite-re-huitres-768x432.jpg 768w\" sizes=\"(max-width: 900px) 100vw, 900px\" \/><\/a><\/figure>\n<\/div>\n\n\n\n<div class=\"wp-block-column is-vertically-aligned-center is-layout-flow wp-block-column-is-layout-flow\">\n<h1 class=\"ls-heading wp-block-heading\">THE GASTRONOMIC SPECIALTIES OF \u00ceLE DE R\u00c9<\/h1>\n\n\n\n<p class=\"ls-paragraph\">Like every country, \u00eele de R\u00e9 also has its culinary specialties. Since it is surrounded by a vast ocean, fishing is the most favored among the many specialties of Ile de R\u00e9.<\/p>\n\n\n\n<p class=\"ls-paragraph\">If you like oysters in particular, so much the better, because they are part of most of the recipes of the Ile de R\u00e9 gastronomy. In general, the inhabitants of R\u00e9 are used to accompanying oysters with wine, a real treat for the taste buds.<\/p>\n\n\n\n<p class=\"ls-paragraph\">You too should not miss the opportunity to <a href=\"https:\/\/www.ile-blanche.com\/en\/activities-ile-de-re\/oysters-ile-de-re\/\">taste oysters<\/a> in one of the best restaurants of the island during your stay.<\/p>\n<\/div>\n<\/div>\n\n\n    <\/div>\n<\/section>\n\n<section id=\"ls-section-block_cea6f3bf7a50eb8aaeb54a5f6a63917a\" class=\"ls-section  p-t-0 m-b-0 p-b-0\" >\n        <div class=\"container container--full\">\n        \n\n<div class=\"wp-block-columns is-layout-flex wp-container-core-columns-is-layout-9d6595d7 wp-block-columns-is-layout-flex\">\n<div class=\"wp-block-column is-vertically-aligned-center column-left is-layout-flow wp-block-column-is-layout-flow\" style=\"flex-basis:50%\">\n<h2 class=\"ls-heading wp-block-heading\">DISCOVER ILE DE R\u00c9 SPECIALTIES DURING YOUR STAY<\/h2>\n\n\n\n<p class=\"ls-paragraph\">Not only the famous oysters, but also clams and mussels are an <strong>Ile de R\u00e9<\/strong> specialty to be enjoyed during a meal with family or friends.<\/p>\n\n\n\n<p class=\"ls-paragraph\">They have a unique taste, to be discovered or rediscovered for the greatest pleasure of gourmets.<\/p>\n\n\n\n<p class=\"ls-paragraph\">You can also treat yourself during your stay with its panel of consumable sea products such as crabs, shrimps, squids and so many other seafoods offered \u00e0 la carte that you will see in the restaurants of R\u00e9.<\/p>\n<\/div>\n\n\n\n<div class=\"wp-block-column is-vertically-aligned-center is-layout-flow wp-block-column-is-layout-flow\" style=\"flex-basis:50%\">\n<figure class=\"wp-block-image size-full\"><img decoding=\"async\" width=\"990\" height=\"634\" src=\"https:\/\/www.ile-blanche.com\/wp-content\/uploads\/2022\/09\/palourdes-ile-de-re.jpg\" alt=\"palourdes ile de re\" class=\"wp-image-12528\" srcset=\"https:\/\/www.ile-blanche.com\/wp-content\/uploads\/2022\/09\/palourdes-ile-de-re.jpg 990w, https:\/\/www.ile-blanche.com\/wp-content\/uploads\/2022\/09\/palourdes-ile-de-re-300x192.jpg 300w, https:\/\/www.ile-blanche.com\/wp-content\/uploads\/2022\/09\/palourdes-ile-de-re-768x492.jpg 768w\" sizes=\"(max-width: 990px) 100vw, 990px\" \/><\/figure>\n<\/div>\n<\/div>\n\n\n    <\/div>\n<\/section>\n\n<section id=\"ls-section-block_b1feda20604ee41520a6924253e4c970\" class=\"ls-section  m-t-0 p-t-0 m-b-0 p-b-0\" >\n        <div class=\"container container--full\">\n        \n\n<div class=\"wp-block-columns is-layout-flex wp-container-core-columns-is-layout-9d6595d7 wp-block-columns-is-layout-flex\">\n<div class=\"wp-block-column is-vertically-aligned-top is-layout-flow wp-block-column-is-layout-flow\" style=\"flex-basis:50%\">\n<figure class=\"wp-block-image size-full\"><img decoding=\"async\" width=\"990\" height=\"634\" src=\"https:\/\/www.ile-blanche.com\/wp-content\/uploads\/2022\/09\/fleur-de-sel-ile-de-re.jpg\" alt=\"fleur de sel ile de re\" class=\"wp-image-12533\" srcset=\"https:\/\/www.ile-blanche.com\/wp-content\/uploads\/2022\/09\/fleur-de-sel-ile-de-re.jpg 990w, https:\/\/www.ile-blanche.com\/wp-content\/uploads\/2022\/09\/fleur-de-sel-ile-de-re-300x192.jpg 300w, https:\/\/www.ile-blanche.com\/wp-content\/uploads\/2022\/09\/fleur-de-sel-ile-de-re-768x492.jpg 768w\" sizes=\"(max-width: 990px) 100vw, 990px\" \/><\/figure>\n<\/div>\n\n\n\n<div class=\"wp-block-column is-vertically-aligned-center column-right is-layout-flow wp-block-column-is-layout-flow\" style=\"flex-basis:50%\">\n<h2 class=\"ls-heading wp-block-heading\">SPECIALITIES OF THE ISLAND OF RE : LOCAL PRODUCTS<\/h2>\n\n\n\n<p class=\"ls-paragraph\">Salt farming is a historical activity on the island of R\u00e9, present since the 12th century and which experienced a considerable boom in the 15th century. It is probably the symbol of the specialties of the island of R\u00e9.<\/p>\n\n\n\n<p class=\"ls-paragraph\">Today, the salt workers of R\u00e9 perpetuate an age-old know-how that contributes to the identity of the island. The fleur de sel is one of the most famous specialties of the island of R\u00e9.<\/p>\n<\/div>\n<\/div>\n\n\n    <\/div>\n<\/section>\n\n<section id=\"ls-section-block_b1feda20604ee41520a6924253e4c970\" class=\"ls-section  m-t-0 p-t-0 m-b-0 p-b-0\" >\n        <div class=\"container container--full\">\n        \n\n<div class=\"wp-block-columns is-layout-flex wp-container-core-columns-is-layout-9d6595d7 wp-block-columns-is-layout-flex\">\n<div class=\"wp-block-column is-vertically-aligned-center column-left is-layout-flow wp-block-column-is-layout-flow\" style=\"flex-basis:50%\">\n<p class=\"ls-paragraph\">Also known as the &#8220;green gold&#8221; of the island, the salicorne is another product to discover, a must in the gastronomy of the island of R\u00e9: also harvested in the salt marshes, this plant is sometimes called &#8220;gherkin of the sea&#8221; for its iodized character and its salty taste.<\/p>\n\n\n\n<p class=\"ls-paragraph\">The island of R\u00e9 is also famous for its oyster farms: oysters raised at sea are best enjoyed directly from the producer, facing the ocean.<\/p>\n\n\n\n<p class=\"ls-paragraph\">Viticulture and market gardening are also age-old activities on the island. The wines of the island of R\u00e9 come from more than 600 hectares of vineyards spread between the villages and the salt marshes.<\/p>\n\n\n\n<p class=\"ls-paragraph\">Ideal territory for wine tourism, \u00eele de R\u00e9 invites you to visit its <strong>wine growers<\/strong> to taste white and ros\u00e9 wines from the Charente region, cognacs and pineaux.<\/p>\n<\/div>\n\n\n\n<div class=\"wp-block-column is-vertically-aligned-top is-layout-flow wp-block-column-is-layout-flow\" style=\"flex-basis:50%\"><div class=\"wp-block-image\">\n<figure class=\"aligncenter size-full\"><img decoding=\"async\" width=\"990\" height=\"634\" src=\"https:\/\/www.ile-blanche.com\/wp-content\/uploads\/2022\/09\/salicorne-ile-de-re.jpg\" alt=\"salicorne ile de re\" class=\"wp-image-12538\" srcset=\"https:\/\/www.ile-blanche.com\/wp-content\/uploads\/2022\/09\/salicorne-ile-de-re.jpg 990w, https:\/\/www.ile-blanche.com\/wp-content\/uploads\/2022\/09\/salicorne-ile-de-re-300x192.jpg 300w, https:\/\/www.ile-blanche.com\/wp-content\/uploads\/2022\/09\/salicorne-ile-de-re-768x492.jpg 768w\" sizes=\"(max-width: 990px) 100vw, 990px\" \/><\/figure>\n<\/div><\/div>\n<\/div>\n\n\n    <\/div>\n<\/section>\n\n<section id=\"ls-section-block_85286d74bdca7694c2ed0f4a4d1e148f\" class=\"ls-section  home-eighth m-b-0\" >\n        <div class=\"container container--wide\">\n        \n\n<div id=\"ls-heading ls-titre-div-block_872d5169d8829186cda85885a748acf0\" class=\"ls-titre-div aligncenter h2-like\" >\n    DISCOVER THE AREA<\/div>\n\n\n<div id=\"ls-maillage-block_94141131e0570add911380ccebfe61ac\" class=\"ls-maillage cta-style-normal\" data-rows=\"3\">\r\n    <div class=\"wp-block-columns\"><div class=\"wp-block-column\"><div class=\"ls-cta\">\n\n<a href=\"https:\/\/www.ile-blanche.com\/en\/activities-ile-de-re\/fireworks-island-re\/\" target=\"\" rel=\"noopener\" class=\"ls-cta__link\">\n\n\t<div class=\"ls-cta__image\"><img decoding=\"async\" src=\"https:\/\/www.ile-blanche.com\/wp-content\/uploads\/2022\/08\/sortie-ile-de-re-soiree-768x432.jpg\" alt=\"sortie ile de re soiree\"><\/div>\t<span class=\"ile-blanche-right-arrow\"><\/span>\n\t<div class=\"ls-cta__title\">\n\t\t> Fireworks on the island of R\u00e9\t<\/div>\n\n\t\n<\/a><\/div><\/div><\/div><\/div>\n\n    <\/div>\n<\/section>","protected":false},"excerpt":{"rendered":"","protected":false},"author":1,"featured_media":12549,"parent":14337,"menu_order":0,"comment_status":"closed","ping_status":"closed","template":"","meta":{"_acf_changed":false,"footnotes":""},"sujet":[],"class_list":["post-14483","page","type-page","status-publish","has-post-thumbnail","hentry"],"acf":[],"yoast_head":"<!-- This site is optimized with the Yoast SEO plugin v25.3 - https:\/\/yoast.com\/wordpress\/plugins\/seo\/ -->\n<title>Ile de R\u00e9 specialties | Gastronomy Ile de R\u00e9 | Ile de R\u00e9 cooking<\/title>\n<meta name=\"robots\" content=\"index, follow, max-snippet:-1, max-image-preview:large, max-video-preview:-1\" \/>\n<link rel=\"canonical\" href=\"https:\/\/www.ile-blanche.com\/en\/activities-ile-de-re\/gastronomic-specialties-rhetaises\/\" \/>\n<meta property=\"og:locale\" content=\"en_US\" \/>\n<meta property=\"og:type\" content=\"article\" \/>\n<meta property=\"og:title\" content=\"Ile de R\u00e9 specialties | Gastronomy Ile de R\u00e9 | Ile de R\u00e9 cooking\" \/>\n<meta property=\"og:url\" content=\"https:\/\/www.ile-blanche.com\/en\/activities-ile-de-re\/gastronomic-specialties-rhetaises\/\" \/>\n<meta property=\"og:site_name\" content=\"L&#039;\u00cele Blanche\" \/>\n<meta property=\"article:modified_time\" content=\"2022-11-10T16:24:52+00:00\" \/>\n<meta property=\"og:image\" content=\"https:\/\/www.ile-blanche.com\/wp-content\/uploads\/2022\/09\/ile-de-re-salicorne.jpg\" \/>\n\t<meta property=\"og:image:width\" content=\"1920\" \/>\n\t<meta property=\"og:image:height\" content=\"480\" \/>\n\t<meta property=\"og:image:type\" content=\"image\/jpeg\" \/>\n<meta name=\"twitter:card\" content=\"summary_large_image\" \/>\n<meta name=\"twitter:label1\" content=\"Est. reading time\" \/>\n\t<meta name=\"twitter:data1\" content=\"3 minutes\" \/>\n<script type=\"application\/ld+json\" class=\"yoast-schema-graph\">{\"@context\":\"https:\/\/schema.org\",\"@graph\":[{\"@type\":\"WebPage\",\"@id\":\"https:\/\/www.ile-blanche.com\/en\/activities-ile-de-re\/gastronomic-specialties-rhetaises\/\",\"url\":\"https:\/\/www.ile-blanche.com\/en\/activities-ile-de-re\/gastronomic-specialties-rhetaises\/\",\"name\":\"Ile de R\u00e9 specialties | Gastronomy Ile de R\u00e9 | Ile de R\u00e9 cooking\",\"isPartOf\":{\"@id\":\"https:\/\/www.ile-blanche.com\/en\/#website\"},\"primaryImageOfPage\":{\"@id\":\"https:\/\/www.ile-blanche.com\/en\/activities-ile-de-re\/gastronomic-specialties-rhetaises\/#primaryimage\"},\"image\":{\"@id\":\"https:\/\/www.ile-blanche.com\/en\/activities-ile-de-re\/gastronomic-specialties-rhetaises\/#primaryimage\"},\"thumbnailUrl\":\"https:\/\/www.ile-blanche.com\/wp-content\/uploads\/2022\/09\/ile-de-re-salicorne.jpg\",\"datePublished\":\"2022-08-23T13:31:24+00:00\",\"dateModified\":\"2022-11-10T16:24:52+00:00\",\"breadcrumb\":{\"@id\":\"https:\/\/www.ile-blanche.com\/en\/activities-ile-de-re\/gastronomic-specialties-rhetaises\/#breadcrumb\"},\"inLanguage\":\"en-US\",\"potentialAction\":[{\"@type\":\"ReadAction\",\"target\":[\"https:\/\/www.ile-blanche.com\/en\/activities-ile-de-re\/gastronomic-specialties-rhetaises\/\"]}]},{\"@type\":\"ImageObject\",\"inLanguage\":\"en-US\",\"@id\":\"https:\/\/www.ile-blanche.com\/en\/activities-ile-de-re\/gastronomic-specialties-rhetaises\/#primaryimage\",\"url\":\"https:\/\/www.ile-blanche.com\/wp-content\/uploads\/2022\/09\/ile-de-re-salicorne.jpg\",\"contentUrl\":\"https:\/\/www.ile-blanche.com\/wp-content\/uploads\/2022\/09\/ile-de-re-salicorne.jpg\",\"width\":1920,\"height\":480,\"caption\":\"ile de re salicorne\"},{\"@type\":\"BreadcrumbList\",\"@id\":\"https:\/\/www.ile-blanche.com\/en\/activities-ile-de-re\/gastronomic-specialties-rhetaises\/#breadcrumb\",\"itemListElement\":[{\"@type\":\"ListItem\",\"position\":1,\"name\":\"Campsite \u00cele de R\u00e9\",\"item\":\"https:\/\/www.ile-blanche.com\/en\/\"},{\"@type\":\"ListItem\",\"position\":2,\"name\":\"Ile de R\u00e9 activities\",\"item\":\"https:\/\/www.ile-blanche.com\/en\/activities-ile-de-re\/\"},{\"@type\":\"ListItem\",\"position\":3,\"name\":\"Speciality Ile de R\u00e9\"}]},{\"@type\":\"WebSite\",\"@id\":\"https:\/\/www.ile-blanche.com\/en\/#website\",\"url\":\"https:\/\/www.ile-blanche.com\/en\/\",\"name\":\"L'\u00cele Blanche\",\"description\":\"\",\"publisher\":{\"@id\":\"https:\/\/www.ile-blanche.com\/en\/#organization\"},\"potentialAction\":[{\"@type\":\"SearchAction\",\"target\":{\"@type\":\"EntryPoint\",\"urlTemplate\":\"https:\/\/www.ile-blanche.com\/en\/?s={search_term_string}\"},\"query-input\":{\"@type\":\"PropertyValueSpecification\",\"valueRequired\":true,\"valueName\":\"search_term_string\"}}],\"inLanguage\":\"en-US\"},{\"@type\":\"Organization\",\"@id\":\"https:\/\/www.ile-blanche.com\/en\/#organization\",\"name\":\"L'\u00cele Blanche\",\"url\":\"https:\/\/www.ile-blanche.com\/en\/\",\"logo\":{\"@type\":\"ImageObject\",\"inLanguage\":\"en-US\",\"@id\":\"https:\/\/www.ile-blanche.com\/en\/#\/schema\/logo\/image\/\",\"url\":\"https:\/\/www.ile-blanche.com\/wp-content\/uploads\/2022\/06\/cropped-logo-alt-ile-blanche.png\",\"contentUrl\":\"https:\/\/www.ile-blanche.com\/wp-content\/uploads\/2022\/06\/cropped-logo-alt-ile-blanche.png\",\"width\":512,\"height\":512,\"caption\":\"L'\u00cele Blanche\"},\"image\":{\"@id\":\"https:\/\/www.ile-blanche.com\/en\/#\/schema\/logo\/image\/\"}}]}<\/script>\n<!-- \/ Yoast SEO plugin. -->","yoast_head_json":{"title":"Ile de R\u00e9 specialties | Gastronomy Ile de R\u00e9 | Ile de R\u00e9 cooking","robots":{"index":"index","follow":"follow","max-snippet":"max-snippet:-1","max-image-preview":"max-image-preview:large","max-video-preview":"max-video-preview:-1"},"canonical":"https:\/\/www.ile-blanche.com\/en\/activities-ile-de-re\/gastronomic-specialties-rhetaises\/","og_locale":"en_US","og_type":"article","og_title":"Ile de R\u00e9 specialties | Gastronomy Ile de R\u00e9 | Ile de R\u00e9 cooking","og_url":"https:\/\/www.ile-blanche.com\/en\/activities-ile-de-re\/gastronomic-specialties-rhetaises\/","og_site_name":"L&#039;\u00cele Blanche","article_modified_time":"2022-11-10T16:24:52+00:00","og_image":[{"width":1920,"height":480,"url":"https:\/\/www.ile-blanche.com\/wp-content\/uploads\/2022\/09\/ile-de-re-salicorne.jpg","type":"image\/jpeg"}],"twitter_card":"summary_large_image","twitter_misc":{"Est. reading time":"3 minutes"},"schema":{"@context":"https:\/\/schema.org","@graph":[{"@type":"WebPage","@id":"https:\/\/www.ile-blanche.com\/en\/activities-ile-de-re\/gastronomic-specialties-rhetaises\/","url":"https:\/\/www.ile-blanche.com\/en\/activities-ile-de-re\/gastronomic-specialties-rhetaises\/","name":"Ile de R\u00e9 specialties | Gastronomy Ile de R\u00e9 | Ile de R\u00e9 cooking","isPartOf":{"@id":"https:\/\/www.ile-blanche.com\/en\/#website"},"primaryImageOfPage":{"@id":"https:\/\/www.ile-blanche.com\/en\/activities-ile-de-re\/gastronomic-specialties-rhetaises\/#primaryimage"},"image":{"@id":"https:\/\/www.ile-blanche.com\/en\/activities-ile-de-re\/gastronomic-specialties-rhetaises\/#primaryimage"},"thumbnailUrl":"https:\/\/www.ile-blanche.com\/wp-content\/uploads\/2022\/09\/ile-de-re-salicorne.jpg","datePublished":"2022-08-23T13:31:24+00:00","dateModified":"2022-11-10T16:24:52+00:00","breadcrumb":{"@id":"https:\/\/www.ile-blanche.com\/en\/activities-ile-de-re\/gastronomic-specialties-rhetaises\/#breadcrumb"},"inLanguage":"en-US","potentialAction":[{"@type":"ReadAction","target":["https:\/\/www.ile-blanche.com\/en\/activities-ile-de-re\/gastronomic-specialties-rhetaises\/"]}]},{"@type":"ImageObject","inLanguage":"en-US","@id":"https:\/\/www.ile-blanche.com\/en\/activities-ile-de-re\/gastronomic-specialties-rhetaises\/#primaryimage","url":"https:\/\/www.ile-blanche.com\/wp-content\/uploads\/2022\/09\/ile-de-re-salicorne.jpg","contentUrl":"https:\/\/www.ile-blanche.com\/wp-content\/uploads\/2022\/09\/ile-de-re-salicorne.jpg","width":1920,"height":480,"caption":"ile de re salicorne"},{"@type":"BreadcrumbList","@id":"https:\/\/www.ile-blanche.com\/en\/activities-ile-de-re\/gastronomic-specialties-rhetaises\/#breadcrumb","itemListElement":[{"@type":"ListItem","position":1,"name":"Campsite \u00cele de R\u00e9","item":"https:\/\/www.ile-blanche.com\/en\/"},{"@type":"ListItem","position":2,"name":"Ile de R\u00e9 activities","item":"https:\/\/www.ile-blanche.com\/en\/activities-ile-de-re\/"},{"@type":"ListItem","position":3,"name":"Speciality Ile de R\u00e9"}]},{"@type":"WebSite","@id":"https:\/\/www.ile-blanche.com\/en\/#website","url":"https:\/\/www.ile-blanche.com\/en\/","name":"L'\u00cele Blanche","description":"","publisher":{"@id":"https:\/\/www.ile-blanche.com\/en\/#organization"},"potentialAction":[{"@type":"SearchAction","target":{"@type":"EntryPoint","urlTemplate":"https:\/\/www.ile-blanche.com\/en\/?s={search_term_string}"},"query-input":{"@type":"PropertyValueSpecification","valueRequired":true,"valueName":"search_term_string"}}],"inLanguage":"en-US"},{"@type":"Organization","@id":"https:\/\/www.ile-blanche.com\/en\/#organization","name":"L'\u00cele Blanche","url":"https:\/\/www.ile-blanche.com\/en\/","logo":{"@type":"ImageObject","inLanguage":"en-US","@id":"https:\/\/www.ile-blanche.com\/en\/#\/schema\/logo\/image\/","url":"https:\/\/www.ile-blanche.com\/wp-content\/uploads\/2022\/06\/cropped-logo-alt-ile-blanche.png","contentUrl":"https:\/\/www.ile-blanche.com\/wp-content\/uploads\/2022\/06\/cropped-logo-alt-ile-blanche.png","width":512,"height":512,"caption":"L'\u00cele Blanche"},"image":{"@id":"https:\/\/www.ile-blanche.com\/en\/#\/schema\/logo\/image\/"}}]}},"_links":{"self":[{"href":"https:\/\/www.ile-blanche.com\/en\/wp-json\/wp\/v2\/pages\/14483","targetHints":{"allow":["GET"]}}],"collection":[{"href":"https:\/\/www.ile-blanche.com\/en\/wp-json\/wp\/v2\/pages"}],"about":[{"href":"https:\/\/www.ile-blanche.com\/en\/wp-json\/wp\/v2\/types\/page"}],"author":[{"embeddable":true,"href":"https:\/\/www.ile-blanche.com\/en\/wp-json\/wp\/v2\/users\/1"}],"replies":[{"embeddable":true,"href":"https:\/\/www.ile-blanche.com\/en\/wp-json\/wp\/v2\/comments?post=14483"}],"version-history":[{"count":3,"href":"https:\/\/www.ile-blanche.com\/en\/wp-json\/wp\/v2\/pages\/14483\/revisions"}],"predecessor-version":[{"id":16443,"href":"https:\/\/www.ile-blanche.com\/en\/wp-json\/wp\/v2\/pages\/14483\/revisions\/16443"}],"up":[{"embeddable":true,"href":"https:\/\/www.ile-blanche.com\/en\/wp-json\/wp\/v2\/pages\/14337"}],"wp:featuredmedia":[{"embeddable":true,"href":"https:\/\/www.ile-blanche.com\/en\/wp-json\/wp\/v2\/media\/12549"}],"wp:attachment":[{"href":"https:\/\/www.ile-blanche.com\/en\/wp-json\/wp\/v2\/media?parent=14483"}],"wp:term":[{"taxonomy":"sujet","embeddable":true,"href":"https:\/\/www.ile-blanche.com\/en\/wp-json\/wp\/v2\/sujet?post=14483"}],"curies":[{"name":"wp","href":"https:\/\/api.w.org\/{rel}","templated":true}]}}