{"id":14464,"date":"2022-08-23T14:59:35","date_gmt":"2022-08-23T12:59:35","guid":{"rendered":"https:\/\/www.ile-blanche.com\/activities-ile-de-re\/markets-ile-de-re\/"},"modified":"2022-11-04T15:50:39","modified_gmt":"2022-11-04T14:50:39","slug":"markets-ile-de-re","status":"publish","type":"page","link":"https:\/\/www.ile-blanche.com\/en\/activities-ile-de-re\/markets-ile-de-re\/","title":{"rendered":"Les march\u00e9s de l\u2019\u00eele de R\u00e9"},"content":{"rendered":"<section id=\"ls-section-block_62bac022a2a01\" class=\"ls-section  page-one home-fourth m-b-0\" >\n        <div class=\"container container--wide\">\n        \n\n<div class=\"wp-block-columns is-layout-flex wp-container-core-columns-is-layout-9d6595d7 wp-block-columns-is-layout-flex\">\n<div class=\"wp-block-column is-vertically-aligned-center is-layout-flow wp-block-column-is-layout-flow\">\n<figure class=\"wp-block-image size-full\"><a href=\"https:\/\/www.ile-blanche.com\/wp-content\/uploads\/2022\/09\/stand-marche-ile-de-re.jpg\"><img decoding=\"async\" width=\"900\" height=\"506\" src=\"https:\/\/www.ile-blanche.com\/wp-content\/uploads\/2022\/09\/stand-marche-ile-de-re.jpg\" alt=\"stand marche ile de re\" class=\"wp-image-12463\" srcset=\"https:\/\/www.ile-blanche.com\/wp-content\/uploads\/2022\/09\/stand-marche-ile-de-re.jpg 900w, https:\/\/www.ile-blanche.com\/wp-content\/uploads\/2022\/09\/stand-marche-ile-de-re-300x169.jpg 300w, https:\/\/www.ile-blanche.com\/wp-content\/uploads\/2022\/09\/stand-marche-ile-de-re-768x432.jpg 768w\" sizes=\"(max-width: 900px) 100vw, 900px\" \/><\/a><\/figure>\n<\/div>\n\n\n\n<div class=\"wp-block-column is-vertically-aligned-center is-layout-flow wp-block-column-is-layout-flow\">\n<h1 class=\"ls-heading wp-block-heading\">THE MARKETS ON \u00ceLE DE R\u00c9<\/h1>\n\n\n\n<h2 class=\"ls-heading wp-block-heading\">\u00ceLE DE R\u00c9&#8217;S MARKET : THE DIFFERENT MARKETS<\/h2>\n\n\n\n<p class=\"ls-paragraph\">The experience of life on \u00eele R\u00e9 would not be complete if, during your campsite vacation on the island, you missed a visit to the market. It is here that you will get up close and personal with the local population and the authentic island life. The atmosphere of the markets on the \u00eele de R\u00e9 is unique, as are the good local products that can be found there.<\/p>\n\n\n\n<p class=\"ls-paragraph\">You will undoubtedly be charmed by the colorful stalls and the kindness of the craftsmen and producers. Each village in R\u00e9 has its own market and each one has its own particularities and is worth the trip.<br>Le Bois-Plage has the most complete market on the \u00eele de R\u00e9. We recommend that you bring the whole family to this fun activity on \u00eele de R\u00e9.&nbsp;<\/p>\n\n\n\n<p class=\"ls-paragraph\">The village of Ars-en-R\u00e9 has the most famous market in the area. The market of La Couarde is not to be outdone with its friendly atmosphere, and the small village of Loix allows you to shop in a much more peaceful and intimate atmosphere. In short, there is something for everyone!<\/p>\n<\/div>\n<\/div>\n\n\n    <\/div>\n<\/section>\n\n<section id=\"ls-section-block_63032a17cb320\" class=\"ls-section  p-t-0 m-b-0 p-b-0\" >\n        <div class=\"container container--full\">\n        \n\n<div class=\"wp-block-columns is-layout-flex wp-container-core-columns-is-layout-9d6595d7 wp-block-columns-is-layout-flex\">\n<div class=\"wp-block-column is-vertically-aligned-center column-left is-layout-flow wp-block-column-is-layout-flow\" style=\"flex-basis:50%\">\n<h2 class=\"ls-heading wp-block-heading\">MARKET DAYS IN L&#8217;\u00ceLE DE R\u00c9 :<\/h2>\n\n\n\n<p class=\"ls-paragraph\">For vacationers who like to have the option of shopping on the \u00eele de R\u00e9 every morning and all year round, you will find your happiness in these three villages: La Flotte-en-R\u00e9, Rivedoux and Sainte-Marie-de-R\u00e9.<\/p>\n\n\n\n<p class=\"ls-paragraph\">Our <strong>campsite in La Flotte-en-R\u00e9<\/strong> is ideally situated for this, as the other villages on the island only provide daily service during the high tourist season. In Ars-en-R\u00e9, the stalls are open every day in summer, but only on Tuesdays, Fridays and Saturdays in autumn and during the Easter vacations.<\/p>\n\n\n\n<p class=\"ls-paragraph\">In winter, you can enjoy local and seasonal products only on Tuesdays and Fridays. If you stay at Bois-Plage, the market is present every day from April to September.<\/p>\n<\/div>\n\n\n\n<div class=\"wp-block-column is-vertically-aligned-center is-layout-flow wp-block-column-is-layout-flow\" style=\"flex-basis:50%\">\n<figure class=\"wp-block-image size-full\"><img decoding=\"async\" width=\"990\" height=\"634\" src=\"https:\/\/www.ile-blanche.com\/wp-content\/uploads\/2022\/09\/marche-fruits-ile-de-re.jpg\" alt=\"marche fruits ile de re\" class=\"wp-image-12449\" srcset=\"https:\/\/www.ile-blanche.com\/wp-content\/uploads\/2022\/09\/marche-fruits-ile-de-re.jpg 990w, https:\/\/www.ile-blanche.com\/wp-content\/uploads\/2022\/09\/marche-fruits-ile-de-re-300x192.jpg 300w, https:\/\/www.ile-blanche.com\/wp-content\/uploads\/2022\/09\/marche-fruits-ile-de-re-768x492.jpg 768w\" sizes=\"(max-width: 990px) 100vw, 990px\" \/><\/figure>\n<\/div>\n<\/div>\n\n\n    <\/div>\n<\/section>\n\n<section id=\"ls-section-block_62fcc2ff7093c\" class=\"ls-section  m-t-0 p-t-0 m-b-0 p-b-0\" >\n        <div class=\"container container--full\">\n        \n\n<div class=\"wp-block-columns is-layout-flex wp-container-core-columns-is-layout-9d6595d7 wp-block-columns-is-layout-flex\">\n<div class=\"wp-block-column is-vertically-aligned-top is-layout-flow wp-block-column-is-layout-flow\" style=\"flex-basis:50%\">\n<figure class=\"wp-block-image size-full\"><img decoding=\"async\" width=\"990\" height=\"634\" src=\"https:\/\/www.ile-blanche.com\/wp-content\/uploads\/2022\/09\/marche-legumes-ile-de-re.jpg\" alt=\"marche legumes ile de re\" class=\"wp-image-12458\" srcset=\"https:\/\/www.ile-blanche.com\/wp-content\/uploads\/2022\/09\/marche-legumes-ile-de-re.jpg 990w, https:\/\/www.ile-blanche.com\/wp-content\/uploads\/2022\/09\/marche-legumes-ile-de-re-300x192.jpg 300w, https:\/\/www.ile-blanche.com\/wp-content\/uploads\/2022\/09\/marche-legumes-ile-de-re-768x492.jpg 768w\" sizes=\"(max-width: 990px) 100vw, 990px\" \/><\/figure>\n<\/div>\n\n\n\n<div class=\"wp-block-column is-vertically-aligned-center column-right is-layout-flow wp-block-column-is-layout-flow\" style=\"flex-basis:50%\">\n<p class=\"ls-paragraph\">Out of season, it opens only on Wednesdays, Thursdays, Saturdays and Sundays and in the heart of winter, you can count on this appointment on Wednesdays or Saturdays. The market of Saint-Martin-de-R\u00e9, remains closed for three weeks in January, but from mid-June to mid-September, it occupies the place every day. Outside these periods, it closes on Mondays.<\/p>\n\n\n\n<p class=\"ls-paragraph\">At La Couarde-sur-Mer, the market receives onlookers every day from mid-June to mid-September. The rest of the year, it opens on Wednesdays, Thursdays, Saturdays and Sundays. In winter, it is only open on Wednesdays or Saturdays.<\/p>\n\n\n\n<p class=\"ls-paragraph\">In the villages of Saint-Cl\u00e9ment-des-Baleines and Rivedoux Plage, in July and August, the <strong>market day on the Ile de R\u00e9 <\/strong>is every day ! Out of season, they open only on Tuesdays, Wednesdays, Fridays and Saturdays.<\/p>\n<\/div>\n<\/div>\n\n\n    <\/div>\n<\/section>\n\n<section id=\"ls-section-block_62fcc7fa7093d\" class=\"ls-section  m-t-0 p-t-0 m-b-0 p-b-0\" >\n        <div class=\"container container--full\">\n        \n\n<div class=\"wp-block-columns is-layout-flex wp-container-core-columns-is-layout-9d6595d7 wp-block-columns-is-layout-flex\">\n<div class=\"wp-block-column is-vertically-aligned-center column-left is-layout-flow wp-block-column-is-layout-flow\" style=\"flex-basis:50%\">\n<p class=\"ls-paragraph\">The village market of Portes-en-R\u00e9 is open every Tuesday, Thursday, Saturday and Sunday, from mid-June to mid-September.&nbsp;Outside of this period, you can go there on Wednesday, Saturday and Sunday.<\/p>\n\n\n\n<p class=\"ls-paragraph\">Loix-en-R\u00e9 has a daily market from July to mid-September, and on Tuesdays, Fridays and Saturdays during other periods.<\/p>\n\n\n\n<p class=\"ls-paragraph\">You thus have several options to go to <strong>a market on \u00eele de R\u00e9 on Sunday<\/strong>, or any other day of the week. Moreover, in summer, some communes offer night markets on \u00eele de R\u00e9. This is also what makes the reputation in July and August of La Flotte-en-R\u00e9, the village where the campsite L&#8217;\u00eele Blanche is located!<\/p>\n<\/div>\n\n\n\n<div class=\"wp-block-column is-vertically-aligned-top is-layout-flow wp-block-column-is-layout-flow\" style=\"flex-basis:50%\"><div class=\"wp-block-image\">\n<figure class=\"aligncenter size-full\"><img decoding=\"async\" width=\"990\" height=\"634\" src=\"https:\/\/www.ile-blanche.com\/wp-content\/uploads\/2022\/09\/marche-pres-du-camping-re.jpg\" alt=\"marche pres du camping re\" class=\"wp-image-12468\" srcset=\"https:\/\/www.ile-blanche.com\/wp-content\/uploads\/2022\/09\/marche-pres-du-camping-re.jpg 990w, https:\/\/www.ile-blanche.com\/wp-content\/uploads\/2022\/09\/marche-pres-du-camping-re-300x192.jpg 300w, https:\/\/www.ile-blanche.com\/wp-content\/uploads\/2022\/09\/marche-pres-du-camping-re-768x492.jpg 768w\" sizes=\"(max-width: 990px) 100vw, 990px\" \/><\/figure>\n<\/div><\/div>\n<\/div>\n\n\n    <\/div>\n<\/section>\n\n<section id=\"ls-section-block_62fdfb5ddaef9\" class=\"ls-section  m-t-0 p-t-0 m-b-0 p-b-0\" >\n        <div class=\"container container--full\">\n        \n\n<div class=\"wp-block-columns is-layout-flex wp-container-core-columns-is-layout-9d6595d7 wp-block-columns-is-layout-flex\">\n<div class=\"wp-block-column is-vertically-aligned-top is-layout-flow wp-block-column-is-layout-flow\" style=\"flex-basis:50%\">\n<figure class=\"wp-block-image size-full\"><img decoding=\"async\" width=\"990\" height=\"634\" src=\"https:\/\/www.ile-blanche.com\/wp-content\/uploads\/2022\/09\/marche-fruits-de-mer-ile-de-re.jpg\" alt=\"marche fruits de mer ile de re\" class=\"wp-image-12473\" srcset=\"https:\/\/www.ile-blanche.com\/wp-content\/uploads\/2022\/09\/marche-fruits-de-mer-ile-de-re.jpg 990w, https:\/\/www.ile-blanche.com\/wp-content\/uploads\/2022\/09\/marche-fruits-de-mer-ile-de-re-300x192.jpg 300w, https:\/\/www.ile-blanche.com\/wp-content\/uploads\/2022\/09\/marche-fruits-de-mer-ile-de-re-768x492.jpg 768w\" sizes=\"(max-width: 990px) 100vw, 990px\" \/><\/figure>\n<\/div>\n\n\n\n<div class=\"wp-block-column is-vertically-aligned-center column-right is-layout-flow wp-block-column-is-layout-flow\" style=\"flex-basis:50%\">\n<h2 class=\"ls-heading wp-block-heading\">MARKET ON \u00ceLE DE R\u00c9 : REGIONAL PRODUCTS<\/h2>\n\n\n\n<p class=\"ls-paragraph\">As an island, it is normal that the sea holds an important place on \u00eele de R\u00e9. It is without surprise, but with greed, that you will discover the stalls of any market of \u00eele de R\u00e9 giving pride of place to the local gastronomy.<\/p>\n\n\n\n<p class=\"ls-paragraph\">Fish, shellfish, <strong><a href=\"https:\/\/www.ile-blanche.com\/en\/activities-ile-de-re\/oysters-ile-de-re\/\">oysters<\/a><\/strong>, sea urchins, etc. will seem omnipresent. Don&#8217;t hesitate to ask our reception team for more information about <strong>the market days on the \u00eele de R\u00e9<\/strong>.<\/p>\n<\/div>\n<\/div>\n\n\n    <\/div>\n<\/section>\n\n<section id=\"ls-section-block_6304d41018346\" class=\"ls-section  m-t-0 p-t-0 m-b-0 p-b-0\" >\n        <div class=\"container container--full\">\n        \n\n<div class=\"wp-block-columns is-layout-flex wp-container-core-columns-is-layout-9d6595d7 wp-block-columns-is-layout-flex\">\n<div class=\"wp-block-column is-vertically-aligned-center column-left is-layout-flow wp-block-column-is-layout-flow\" style=\"flex-basis:50%\">\n<p class=\"ls-paragraph\">It would be a shame to miss the opportunity to taste the best of the local products! Beyond the sea products, the market gardeners&#8217; productions are also worth the detour. You will be delighted to be able to buy <strong>wines<\/strong>, salt, local cheeses of great quality, as well as organic fruits and vegetables.<\/p>\n\n\n\n<p class=\"ls-paragraph\">And for the pleasure of strolling between the market stalls, you can buy various objects and souvenirs such as costume jewelry, beach items, clothing, decorative items, etc.<\/p>\n<\/div>\n\n\n\n<div class=\"wp-block-column is-vertically-aligned-top is-layout-flow wp-block-column-is-layout-flow\" style=\"flex-basis:50%\"><div class=\"wp-block-image\">\n<figure class=\"aligncenter size-full\"><img decoding=\"async\" width=\"990\" height=\"634\" src=\"https:\/\/www.ile-blanche.com\/wp-content\/uploads\/2022\/09\/fromage-marche-ile-de-re.jpg\" alt=\"fromage marche ile de re\" class=\"wp-image-12478\" srcset=\"https:\/\/www.ile-blanche.com\/wp-content\/uploads\/2022\/09\/fromage-marche-ile-de-re.jpg 990w, https:\/\/www.ile-blanche.com\/wp-content\/uploads\/2022\/09\/fromage-marche-ile-de-re-300x192.jpg 300w, https:\/\/www.ile-blanche.com\/wp-content\/uploads\/2022\/09\/fromage-marche-ile-de-re-768x492.jpg 768w\" sizes=\"(max-width: 990px) 100vw, 990px\" \/><\/figure>\n<\/div><\/div>\n<\/div>\n\n\n    <\/div>\n<\/section>\n\n<section id=\"ls-section-block_62bac8f3a2a0c\" class=\"ls-section  home-eighth m-b-0\" >\n        <div class=\"container container--wide\">\n        \n\n<div id=\"ls-heading ls-titre-div-block_62c4466eacab7\" class=\"ls-titre-div aligncenter h2-like\" >\n    DISCOVER THE AREA<\/div>\n\n\n<div id=\"ls-maillage-block_62c4469bacab8\" class=\"ls-maillage cta-style-normal\" data-rows=\"3\">\r\n    <div class=\"wp-block-columns\"><div class=\"wp-block-column\"><div class=\"ls-cta\">\n\n<a href=\"https:\/\/www.ile-blanche.com\/en\/activities-ile-de-re\/the-donkeys-in-panties-in-saint-martin-de-re\/\" target=\"\" rel=\"noopener\" class=\"ls-cta__link\">\n\n\t<div class=\"ls-cta__image\"><img decoding=\"async\" src=\"https:\/\/www.ile-blanche.com\/wp-content\/uploads\/2022\/08\/anes-en-culotte-parc-ile-de-re-768x432.jpg\" alt=\"anes en culotte parc ile de re\"><\/div>\t<span class=\"ile-blanche-right-arrow\"><\/span>\n\t<div class=\"ls-cta__title\">\n\t\t> Donkeys in panties\t<\/div>\n\n\t\n<\/a><\/div><\/div><div class=\"wp-block-column\"><div class=\"ls-cta\">\n\n<a href=\"https:\/\/www.ile-blanche.com\/en\/activities-ile-de-re\/donin-caroussel-ars-en-re\/\" target=\"\" rel=\"noopener\" class=\"ls-cta__link\">\n\n\t<div class=\"ls-cta__image\"><img decoding=\"async\" src=\"https:\/\/www.ile-blanche.com\/wp-content\/uploads\/2022\/08\/manege-donin-ile-de-re-768x432.jpg\" alt=\"manege donin ile de re\"><\/div>\t<span class=\"ile-blanche-right-arrow\"><\/span>\n\t<div class=\"ls-cta__title\">\n\t\t> The Donin&#8217;s caroussel in Ars en R\u00e9\t<\/div>\n\n\t\n<\/a><\/div><\/div><\/div><\/div>\n\n    <\/div>\n<\/section>","protected":false},"excerpt":{"rendered":"","protected":false},"author":1,"featured_media":12455,"parent":14337,"menu_order":0,"comment_status":"closed","ping_status":"closed","template":"","meta":{"_acf_changed":false,"footnotes":""},"sujet":[],"class_list":["post-14464","page","type-page","status-publish","has-post-thumbnail","hentry"],"acf":[],"yoast_head":"<!-- This site is optimized with the Yoast SEO plugin v25.3 - https:\/\/yoast.com\/wordpress\/plugins\/seo\/ -->\n<title>The markets on \u00cele de R\u00e9 | \u00cele de R\u00e9 market day<\/title>\n<meta name=\"description\" content=\"Don&#039;t spend your campsite stay without going to the market on \u00cele de R\u00e9! You&#039;ll find an abundance of life, as well as exceptional products!\" \/>\n<meta name=\"robots\" content=\"index, follow, max-snippet:-1, max-image-preview:large, max-video-preview:-1\" \/>\n<link rel=\"canonical\" href=\"https:\/\/www.ile-blanche.com\/en\/activities-ile-de-re\/markets-ile-de-re\/\" \/>\n<meta property=\"og:locale\" content=\"en_US\" \/>\n<meta property=\"og:type\" content=\"article\" \/>\n<meta property=\"og:title\" content=\"The markets on \u00cele de R\u00e9 | \u00cele de R\u00e9 market day\" \/>\n<meta property=\"og:description\" content=\"Don&#039;t spend your campsite stay without going to the market on \u00cele de R\u00e9! You&#039;ll find an abundance of life, as well as exceptional products!\" \/>\n<meta property=\"og:url\" content=\"https:\/\/www.ile-blanche.com\/en\/activities-ile-de-re\/markets-ile-de-re\/\" \/>\n<meta property=\"og:site_name\" content=\"L&#039;\u00cele Blanche\" \/>\n<meta property=\"article:modified_time\" content=\"2022-11-04T14:50:39+00:00\" \/>\n<meta property=\"og:image\" content=\"https:\/\/www.ile-blanche.com\/wp-content\/uploads\/2022\/09\/jour-de-marche-ile-de-re.jpg\" \/>\n\t<meta property=\"og:image:width\" content=\"1920\" \/>\n\t<meta property=\"og:image:height\" content=\"480\" \/>\n\t<meta property=\"og:image:type\" content=\"image\/jpeg\" \/>\n<meta name=\"twitter:card\" content=\"summary_large_image\" \/>\n<meta name=\"twitter:label1\" content=\"Est. reading time\" \/>\n\t<meta name=\"twitter:data1\" content=\"5 minutes\" \/>\n<script type=\"application\/ld+json\" class=\"yoast-schema-graph\">{\"@context\":\"https:\/\/schema.org\",\"@graph\":[{\"@type\":\"WebPage\",\"@id\":\"https:\/\/www.ile-blanche.com\/en\/activities-ile-de-re\/markets-ile-de-re\/\",\"url\":\"https:\/\/www.ile-blanche.com\/en\/activities-ile-de-re\/markets-ile-de-re\/\",\"name\":\"The markets on \u00cele de R\u00e9 | \u00cele de R\u00e9 market day\",\"isPartOf\":{\"@id\":\"https:\/\/www.ile-blanche.com\/en\/#website\"},\"primaryImageOfPage\":{\"@id\":\"https:\/\/www.ile-blanche.com\/en\/activities-ile-de-re\/markets-ile-de-re\/#primaryimage\"},\"image\":{\"@id\":\"https:\/\/www.ile-blanche.com\/en\/activities-ile-de-re\/markets-ile-de-re\/#primaryimage\"},\"thumbnailUrl\":\"https:\/\/www.ile-blanche.com\/wp-content\/uploads\/2022\/09\/jour-de-marche-ile-de-re.jpg\",\"datePublished\":\"2022-08-23T12:59:35+00:00\",\"dateModified\":\"2022-11-04T14:50:39+00:00\",\"description\":\"Don't spend your campsite stay without going to the market on \u00cele de R\u00e9! You'll find an abundance of life, as well as exceptional products!\",\"breadcrumb\":{\"@id\":\"https:\/\/www.ile-blanche.com\/en\/activities-ile-de-re\/markets-ile-de-re\/#breadcrumb\"},\"inLanguage\":\"en-US\",\"potentialAction\":[{\"@type\":\"ReadAction\",\"target\":[\"https:\/\/www.ile-blanche.com\/en\/activities-ile-de-re\/markets-ile-de-re\/\"]}]},{\"@type\":\"ImageObject\",\"inLanguage\":\"en-US\",\"@id\":\"https:\/\/www.ile-blanche.com\/en\/activities-ile-de-re\/markets-ile-de-re\/#primaryimage\",\"url\":\"https:\/\/www.ile-blanche.com\/wp-content\/uploads\/2022\/09\/jour-de-marche-ile-de-re.jpg\",\"contentUrl\":\"https:\/\/www.ile-blanche.com\/wp-content\/uploads\/2022\/09\/jour-de-marche-ile-de-re.jpg\",\"width\":1920,\"height\":480,\"caption\":\"jour de marche ile de re\"},{\"@type\":\"BreadcrumbList\",\"@id\":\"https:\/\/www.ile-blanche.com\/en\/activities-ile-de-re\/markets-ile-de-re\/#breadcrumb\",\"itemListElement\":[{\"@type\":\"ListItem\",\"position\":1,\"name\":\"Campsite \u00cele de R\u00e9\",\"item\":\"https:\/\/www.ile-blanche.com\/en\/\"},{\"@type\":\"ListItem\",\"position\":2,\"name\":\"Ile de R\u00e9 activities\",\"item\":\"https:\/\/www.ile-blanche.com\/en\/activities-ile-de-re\/\"},{\"@type\":\"ListItem\",\"position\":3,\"name\":\"Markets on Ile de R\u00e9\"}]},{\"@type\":\"WebSite\",\"@id\":\"https:\/\/www.ile-blanche.com\/en\/#website\",\"url\":\"https:\/\/www.ile-blanche.com\/en\/\",\"name\":\"L'\u00cele Blanche\",\"description\":\"\",\"publisher\":{\"@id\":\"https:\/\/www.ile-blanche.com\/en\/#organization\"},\"potentialAction\":[{\"@type\":\"SearchAction\",\"target\":{\"@type\":\"EntryPoint\",\"urlTemplate\":\"https:\/\/www.ile-blanche.com\/en\/?s={search_term_string}\"},\"query-input\":{\"@type\":\"PropertyValueSpecification\",\"valueRequired\":true,\"valueName\":\"search_term_string\"}}],\"inLanguage\":\"en-US\"},{\"@type\":\"Organization\",\"@id\":\"https:\/\/www.ile-blanche.com\/en\/#organization\",\"name\":\"L'\u00cele Blanche\",\"url\":\"https:\/\/www.ile-blanche.com\/en\/\",\"logo\":{\"@type\":\"ImageObject\",\"inLanguage\":\"en-US\",\"@id\":\"https:\/\/www.ile-blanche.com\/en\/#\/schema\/logo\/image\/\",\"url\":\"https:\/\/www.ile-blanche.com\/wp-content\/uploads\/2022\/06\/cropped-logo-alt-ile-blanche.png\",\"contentUrl\":\"https:\/\/www.ile-blanche.com\/wp-content\/uploads\/2022\/06\/cropped-logo-alt-ile-blanche.png\",\"width\":512,\"height\":512,\"caption\":\"L'\u00cele Blanche\"},\"image\":{\"@id\":\"https:\/\/www.ile-blanche.com\/en\/#\/schema\/logo\/image\/\"}}]}<\/script>\n<!-- \/ Yoast SEO plugin. -->","yoast_head_json":{"title":"The markets on \u00cele de R\u00e9 | \u00cele de R\u00e9 market day","description":"Don't spend your campsite stay without going to the market on \u00cele de R\u00e9! You'll find an abundance of life, as well as exceptional products!","robots":{"index":"index","follow":"follow","max-snippet":"max-snippet:-1","max-image-preview":"max-image-preview:large","max-video-preview":"max-video-preview:-1"},"canonical":"https:\/\/www.ile-blanche.com\/en\/activities-ile-de-re\/markets-ile-de-re\/","og_locale":"en_US","og_type":"article","og_title":"The markets on \u00cele de R\u00e9 | \u00cele de R\u00e9 market day","og_description":"Don't spend your campsite stay without going to the market on \u00cele de R\u00e9! You'll find an abundance of life, as well as exceptional products!","og_url":"https:\/\/www.ile-blanche.com\/en\/activities-ile-de-re\/markets-ile-de-re\/","og_site_name":"L&#039;\u00cele Blanche","article_modified_time":"2022-11-04T14:50:39+00:00","og_image":[{"width":1920,"height":480,"url":"https:\/\/www.ile-blanche.com\/wp-content\/uploads\/2022\/09\/jour-de-marche-ile-de-re.jpg","type":"image\/jpeg"}],"twitter_card":"summary_large_image","twitter_misc":{"Est. reading time":"5 minutes"},"schema":{"@context":"https:\/\/schema.org","@graph":[{"@type":"WebPage","@id":"https:\/\/www.ile-blanche.com\/en\/activities-ile-de-re\/markets-ile-de-re\/","url":"https:\/\/www.ile-blanche.com\/en\/activities-ile-de-re\/markets-ile-de-re\/","name":"The markets on \u00cele de R\u00e9 | \u00cele de R\u00e9 market day","isPartOf":{"@id":"https:\/\/www.ile-blanche.com\/en\/#website"},"primaryImageOfPage":{"@id":"https:\/\/www.ile-blanche.com\/en\/activities-ile-de-re\/markets-ile-de-re\/#primaryimage"},"image":{"@id":"https:\/\/www.ile-blanche.com\/en\/activities-ile-de-re\/markets-ile-de-re\/#primaryimage"},"thumbnailUrl":"https:\/\/www.ile-blanche.com\/wp-content\/uploads\/2022\/09\/jour-de-marche-ile-de-re.jpg","datePublished":"2022-08-23T12:59:35+00:00","dateModified":"2022-11-04T14:50:39+00:00","description":"Don't spend your campsite stay without going to the market on \u00cele de R\u00e9! You'll find an abundance of life, as well as exceptional products!","breadcrumb":{"@id":"https:\/\/www.ile-blanche.com\/en\/activities-ile-de-re\/markets-ile-de-re\/#breadcrumb"},"inLanguage":"en-US","potentialAction":[{"@type":"ReadAction","target":["https:\/\/www.ile-blanche.com\/en\/activities-ile-de-re\/markets-ile-de-re\/"]}]},{"@type":"ImageObject","inLanguage":"en-US","@id":"https:\/\/www.ile-blanche.com\/en\/activities-ile-de-re\/markets-ile-de-re\/#primaryimage","url":"https:\/\/www.ile-blanche.com\/wp-content\/uploads\/2022\/09\/jour-de-marche-ile-de-re.jpg","contentUrl":"https:\/\/www.ile-blanche.com\/wp-content\/uploads\/2022\/09\/jour-de-marche-ile-de-re.jpg","width":1920,"height":480,"caption":"jour de marche ile de re"},{"@type":"BreadcrumbList","@id":"https:\/\/www.ile-blanche.com\/en\/activities-ile-de-re\/markets-ile-de-re\/#breadcrumb","itemListElement":[{"@type":"ListItem","position":1,"name":"Campsite \u00cele de R\u00e9","item":"https:\/\/www.ile-blanche.com\/en\/"},{"@type":"ListItem","position":2,"name":"Ile de R\u00e9 activities","item":"https:\/\/www.ile-blanche.com\/en\/activities-ile-de-re\/"},{"@type":"ListItem","position":3,"name":"Markets on Ile de R\u00e9"}]},{"@type":"WebSite","@id":"https:\/\/www.ile-blanche.com\/en\/#website","url":"https:\/\/www.ile-blanche.com\/en\/","name":"L'\u00cele Blanche","description":"","publisher":{"@id":"https:\/\/www.ile-blanche.com\/en\/#organization"},"potentialAction":[{"@type":"SearchAction","target":{"@type":"EntryPoint","urlTemplate":"https:\/\/www.ile-blanche.com\/en\/?s={search_term_string}"},"query-input":{"@type":"PropertyValueSpecification","valueRequired":true,"valueName":"search_term_string"}}],"inLanguage":"en-US"},{"@type":"Organization","@id":"https:\/\/www.ile-blanche.com\/en\/#organization","name":"L'\u00cele Blanche","url":"https:\/\/www.ile-blanche.com\/en\/","logo":{"@type":"ImageObject","inLanguage":"en-US","@id":"https:\/\/www.ile-blanche.com\/en\/#\/schema\/logo\/image\/","url":"https:\/\/www.ile-blanche.com\/wp-content\/uploads\/2022\/06\/cropped-logo-alt-ile-blanche.png","contentUrl":"https:\/\/www.ile-blanche.com\/wp-content\/uploads\/2022\/06\/cropped-logo-alt-ile-blanche.png","width":512,"height":512,"caption":"L'\u00cele Blanche"},"image":{"@id":"https:\/\/www.ile-blanche.com\/en\/#\/schema\/logo\/image\/"}}]}},"_links":{"self":[{"href":"https:\/\/www.ile-blanche.com\/en\/wp-json\/wp\/v2\/pages\/14464","targetHints":{"allow":["GET"]}}],"collection":[{"href":"https:\/\/www.ile-blanche.com\/en\/wp-json\/wp\/v2\/pages"}],"about":[{"href":"https:\/\/www.ile-blanche.com\/en\/wp-json\/wp\/v2\/types\/page"}],"author":[{"embeddable":true,"href":"https:\/\/www.ile-blanche.com\/en\/wp-json\/wp\/v2\/users\/1"}],"replies":[{"embeddable":true,"href":"https:\/\/www.ile-blanche.com\/en\/wp-json\/wp\/v2\/comments?post=14464"}],"version-history":[{"count":3,"href":"https:\/\/www.ile-blanche.com\/en\/wp-json\/wp\/v2\/pages\/14464\/revisions"}],"predecessor-version":[{"id":14470,"href":"https:\/\/www.ile-blanche.com\/en\/wp-json\/wp\/v2\/pages\/14464\/revisions\/14470"}],"up":[{"embeddable":true,"href":"https:\/\/www.ile-blanche.com\/en\/wp-json\/wp\/v2\/pages\/14337"}],"wp:featuredmedia":[{"embeddable":true,"href":"https:\/\/www.ile-blanche.com\/en\/wp-json\/wp\/v2\/media\/12455"}],"wp:attachment":[{"href":"https:\/\/www.ile-blanche.com\/en\/wp-json\/wp\/v2\/media?parent=14464"}],"wp:term":[{"taxonomy":"sujet","embeddable":true,"href":"https:\/\/www.ile-blanche.com\/en\/wp-json\/wp\/v2\/sujet?post=14464"}],"curies":[{"name":"wp","href":"https:\/\/api.w.org\/{rel}","templated":true}]}}