{"id":14456,"date":"2022-08-23T14:21:19","date_gmt":"2022-08-23T12:21:19","guid":{"rendered":"https:\/\/www.ile-blanche.com\/activities-ile-de-re\/marais-salants-ile-de-re\/"},"modified":"2022-11-10T17:27:49","modified_gmt":"2022-11-10T16:27:49","slug":"salt-marshes-ile-de-re","status":"publish","type":"page","link":"https:\/\/www.ile-blanche.com\/en\/activities-ile-de-re\/salt-marshes-ile-de-re\/","title":{"rendered":"Les marais salants de l\u2019\u00eele de R\u00e9"},"content":{"rendered":"<section id=\"ls-section-block_484995d6ba61a77c90f65be55705ac43\" class=\"ls-section  page-one home-fourth m-b-0\" >\n        <div class=\"container container--wide\">\n        \n\n<div class=\"wp-block-columns is-layout-flex wp-container-core-columns-is-layout-9d6595d7 wp-block-columns-is-layout-flex\">\n<div class=\"wp-block-column is-vertically-aligned-center is-layout-flow wp-block-column-is-layout-flow\">\n<figure class=\"wp-block-image size-full\"><a href=\"https:\/\/www.ile-blanche.com\/wp-content\/uploads\/2022\/08\/marais-salants-ile-de-re.jpg\"><img decoding=\"async\" width=\"990\" height=\"634\" src=\"https:\/\/www.ile-blanche.com\/wp-content\/uploads\/2022\/08\/marais-salants-ile-de-re.jpg\" alt=\"marais salants ile de re\" class=\"wp-image-11565\" srcset=\"https:\/\/www.ile-blanche.com\/wp-content\/uploads\/2022\/08\/marais-salants-ile-de-re.jpg 990w, https:\/\/www.ile-blanche.com\/wp-content\/uploads\/2022\/08\/marais-salants-ile-de-re-300x192.jpg 300w, https:\/\/www.ile-blanche.com\/wp-content\/uploads\/2022\/08\/marais-salants-ile-de-re-768x492.jpg 768w\" sizes=\"(max-width: 990px) 100vw, 990px\" \/><\/a><\/figure>\n<\/div>\n\n\n\n<div class=\"wp-block-column is-vertically-aligned-center is-layout-flow wp-block-column-is-layout-flow\">\n<h1 class=\"ls-heading wp-block-heading\">THE SALT MARSHES OF \u00ceLE DE R\u00c9<\/h1>\n\n\n\n<p class=\"ls-paragraph\">The <strong>Ile de R\u00e9 salt marshes<\/strong> are part of the island&#8217;s rich maritime heritage and are also one of the best known <strong>activities on the island<\/strong>. The production of artisanal sea salt is indeed a tradition perpetuated for generations on the island.<\/p>\n\n\n\n<p class=\"ls-paragraph\">The <strong>Ile de R\u00e9 salt marshes<\/strong> are thus part of the landscapes that make up the archipelago, along with the ocean, the natural environment and the villages full of charm.<\/p>\n\n\n\n<p class=\"ls-paragraph\">The salt marshes are mainly concentrated in the part of the island, especially in the heart of the Fier d&#8217;Ars and the Fosse de Loix.<\/p>\n<\/div>\n<\/div>\n\n\n    <\/div>\n<\/section>\n\n<section id=\"ls-section-block_ffe6eaec5768ef0a37e1372e3c168aa3\" class=\"ls-section  p-t-0 m-b-0 p-b-0\" >\n        <div class=\"container container--full\">\n        \n\n<div class=\"wp-block-columns is-layout-flex wp-container-core-columns-is-layout-9d6595d7 wp-block-columns-is-layout-flex\">\n<div class=\"wp-block-column is-vertically-aligned-center column-left is-layout-flow wp-block-column-is-layout-flow\" style=\"flex-basis:50%\">\n<h2 class=\"ls-heading wp-block-heading\">THE SALT MARSHES ECOMUSEUM OF \u00ceLE DE R\u00c9<\/h2>\n\n\n\n<p class=\"ls-paragraph\">From February 15 to November 11, the salt marshes ecomuseum invites you to discover the history and operation of the salt marshes of the R\u00e9 region in a lively and entertaining way. The Ile de R\u00e9 salt marshes ecomuseum is located on the edge of the Fier d&#8217;Ars in Loix. The visit, which lasts about an hour, includes an exhibition on the techniques of salt production and harvesting, including an explanatory model.<\/p>\n\n\n\n<p class=\"ls-paragraph\">A guide then accompanies you on the natural site of the salt marshes of the island of R\u00e9. This walk in the marshes is an opportunity to see the salt workers at work, but also to observe a fauna, especially ornithological, very diversified: egrets, geese or shelducks occupy the site according to the seasons. The store of the eco-museum proposes salt flower, saltwort, salted butter caramels, as well as a documentation on salt farming adapted to children and adults.<\/p>\n<\/div>\n\n\n\n<div class=\"wp-block-column is-vertically-aligned-center is-layout-flow wp-block-column-is-layout-flow\" style=\"flex-basis:50%\">\n<figure class=\"wp-block-image size-full\"><img decoding=\"async\" width=\"990\" height=\"634\" src=\"https:\/\/www.ile-blanche.com\/wp-content\/uploads\/2022\/08\/marais-salants-loix-en-re.jpg\" alt=\"marais salants loix en re\" class=\"wp-image-9868\" srcset=\"https:\/\/www.ile-blanche.com\/wp-content\/uploads\/2022\/08\/marais-salants-loix-en-re.jpg 990w, https:\/\/www.ile-blanche.com\/wp-content\/uploads\/2022\/08\/marais-salants-loix-en-re-300x192.jpg 300w, https:\/\/www.ile-blanche.com\/wp-content\/uploads\/2022\/08\/marais-salants-loix-en-re-768x492.jpg 768w\" sizes=\"(max-width: 990px) 100vw, 990px\" \/><\/figure>\n<\/div>\n<\/div>\n\n\n    <\/div>\n<\/section>\n\n<section id=\"ls-section-block_2e0398037411e32198b0d409a8f3055c\" class=\"ls-section  m-t-0 p-t-0 m-b-0 p-b-0\" >\n        <div class=\"container container--full\">\n        \n\n<div class=\"wp-block-columns is-layout-flex wp-container-core-columns-is-layout-9d6595d7 wp-block-columns-is-layout-flex\">\n<div class=\"wp-block-column is-vertically-aligned-top is-layout-flow wp-block-column-is-layout-flow\" style=\"flex-basis:50%\">\n<figure class=\"wp-block-image size-full\"><img decoding=\"async\" width=\"990\" height=\"634\" src=\"https:\/\/www.ile-blanche.com\/wp-content\/uploads\/2022\/08\/marais-fiers-d-ars.jpg\" alt=\"marais fiers d ars\" class=\"wp-image-10462\" srcset=\"https:\/\/www.ile-blanche.com\/wp-content\/uploads\/2022\/08\/marais-fiers-d-ars.jpg 990w, https:\/\/www.ile-blanche.com\/wp-content\/uploads\/2022\/08\/marais-fiers-d-ars-300x192.jpg 300w, https:\/\/www.ile-blanche.com\/wp-content\/uploads\/2022\/08\/marais-fiers-d-ars-768x492.jpg 768w\" sizes=\"(max-width: 990px) 100vw, 990px\" \/><\/figure>\n<\/div>\n\n\n\n<div class=\"wp-block-column is-vertically-aligned-center column-right is-layout-flow wp-block-column-is-layout-flow\" style=\"flex-basis:50%\">\n<h2 class=\"ls-heading wp-block-heading\">WHERE ARE THE SALT MARSHES OF THE \u00ceLE DE R\u00c9 ?<\/h2>\n\n\n\n<p class=\"ls-paragraph\">The salt marshes are a short distance from the campsite Ile de R\u00e9 l&#8217;Ile Blanche. It only takes a few minutes to walk the few kilometers that separate the domain from the Loix farm.<\/p>\n\n\n\n<p class=\"ls-paragraph\">Nevertheless, some smaller Ile de R\u00e9 salt marshes can be found here and there. Starting from the <a href=\"\/en\/\">campsite l&#8217;Ile Blanche<\/a>, you will be able to cross vineyards, villages, oyster beds and maritime landscapes to discover the salt marshes, which are famous on the Ile de R\u00e9.<\/p>\n\n\n\n<p class=\"ls-paragraph\">If some people opt for walking, others do not hesitate to take a few pedal turns through the ponds. A visit to the &#8220;Marais Salant&#8221; eco-museum is a must to learn more about the history and secrets of the salt marshes.<\/p>\n<\/div>\n<\/div>\n\n\n    <\/div>\n<\/section>\n\n<section id=\"ls-section-block_2e0398037411e32198b0d409a8f3055c\" class=\"ls-section  m-t-0 p-t-0 m-b-0 p-b-0\" >\n        <div class=\"container container--full\">\n        \n\n<div class=\"wp-block-columns is-layout-flex wp-container-core-columns-is-layout-9d6595d7 wp-block-columns-is-layout-flex\">\n<div class=\"wp-block-column is-vertically-aligned-center column-left is-layout-flow wp-block-column-is-layout-flow\" style=\"flex-basis:50%\">\n<h2 class=\"ls-heading wp-block-heading\">THE HISTORY OF SALT MARSHES ILE DE R\u00c9<\/h2>\n\n\n\n<p class=\"ls-paragraph\">In the 19th century, there were more than 1,000 salt producers on the island of R\u00e9, today there are only about 100.<br>Salt production developed over the centuries until the 19th century, when it reached its peak.<\/p>\n\n\n\n<p class=\"ls-paragraph\">At that time, the salt marshes covered 18% of the island&#8217;s surface and 30,000 tons of salt were produced each year.<br>Thereafter, production decreased due to the drying up of the marshes, lack of maintenance and competition from industrial production.<\/p>\n\n\n\n<p class=\"ls-paragraph\">It gradually resumed with the creation of a cooperative of sauni\u00e8re in the 1940s and today, 90 sauniers work in the summer to produce up to 10,000 tons of salt per year.<\/p>\n<\/div>\n\n\n\n<div class=\"wp-block-column is-vertically-aligned-top is-layout-flow wp-block-column-is-layout-flow\" style=\"flex-basis:50%\">\n<iframe width=\"100%\" height=\"450\" src=\"https:\/\/www.youtube.com\/embed\/-flXJ_9D6tY\" title=\"YouTube video player\" frameborder=\"0\" allow=\"accelerometer; autoplay; clipboard-write; encrypted-media; gyroscope; picture-in-picture\" allowfullscreen=\"\"><\/iframe>\n<\/div>\n<\/div>\n\n\n    <\/div>\n<\/section>\n\n<section id=\"ls-section-block_8c86dc54ef0eb82e374fd4a3543f3cb7\" class=\"ls-section  home-eighth m-b-0\" >\n        <div class=\"container container--wide\">\n        \n\n<div id=\"ls-heading ls-titre-div-block_288f8e68124e7f717dc460c3fa9eab7c\" class=\"ls-titre-div aligncenter h2-like\" >\n    DISCOVER THE AREA<\/div>\n\n\n<div id=\"ls-maillage-block_be4505cdef64637712aef58506a856df\" class=\"ls-maillage cta-style-normal\" data-rows=\"3\">\r\n    <div class=\"wp-block-columns\"><div class=\"wp-block-column\"><div class=\"ls-cta\">\n\n<a href=\"https:\/\/www.ile-blanche.com\/en\/activities-ile-de-re\/fishin-foreshore-island-of-re\/\" target=\"\" rel=\"noopener\" class=\"ls-cta__link\">\n\n\t<div class=\"ls-cta__image\"><img decoding=\"async\" src=\"https:\/\/www.ile-blanche.com\/wp-content\/uploads\/2022\/08\/ile-de-re-pecher-768x432.jpg\" alt=\"ile de re pecher\"><\/div>\t<span class=\"ile-blanche-right-arrow\"><\/span>\n\t<div class=\"ls-cta__title\">\n\t\t> Fishing on the Foreshore\t<\/div>\n\n\t\n<\/a><\/div><\/div><div class=\"wp-block-column\"><div class=\"ls-cta\">\n\n<a href=\"https:\/\/www.ile-blanche.com\/activites-ile-de-re\/musees-ile-de-re\/\" target=\"\" rel=\"noopener\" class=\"ls-cta__link\">\n\n\t<div class=\"ls-cta__image\"><img decoding=\"async\" src=\"https:\/\/www.ile-blanche.com\/wp-content\/uploads\/2022\/09\/visiter-musees-re-768x432.jpg\" alt=\"visiter musees re\"><\/div>\t<span class=\"ile-blanche-right-arrow\"><\/span>\n\t<div class=\"ls-cta__title\">\n\t\t> Les Mus\u00e9es de l&#8217;\u00eele de R\u00e9\t<\/div>\n\n\t\n<\/a><\/div><\/div><\/div><\/div>\n\n    <\/div>\n<\/section>","protected":false},"excerpt":{"rendered":"","protected":false},"author":1,"featured_media":12445,"parent":14337,"menu_order":0,"comment_status":"closed","ping_status":"closed","template":"","meta":{"_acf_changed":false,"footnotes":""},"sujet":[],"class_list":["post-14456","page","type-page","status-publish","has-post-thumbnail","hentry"],"acf":[],"yoast_head":"<!-- This site is optimized with the Yoast SEO plugin v25.3 - https:\/\/yoast.com\/wordpress\/plugins\/seo\/ -->\n<title>Visit the Ile de R\u00e9 salt marshes | Ecomuseum of the Ile de R\u00e9 salt marsh<\/title>\n<meta name=\"robots\" content=\"index, follow, max-snippet:-1, max-image-preview:large, max-video-preview:-1\" \/>\n<link rel=\"canonical\" href=\"https:\/\/www.ile-blanche.com\/en\/activities-ile-de-re\/salt-marshes-ile-de-re\/\" \/>\n<meta property=\"og:locale\" content=\"en_US\" \/>\n<meta property=\"og:type\" content=\"article\" \/>\n<meta property=\"og:title\" content=\"Visit the Ile de R\u00e9 salt marshes | Ecomuseum of the Ile de R\u00e9 salt marsh\" \/>\n<meta property=\"og:url\" content=\"https:\/\/www.ile-blanche.com\/en\/activities-ile-de-re\/salt-marshes-ile-de-re\/\" \/>\n<meta property=\"og:site_name\" content=\"L&#039;\u00cele Blanche\" \/>\n<meta property=\"article:modified_time\" content=\"2022-11-10T16:27:49+00:00\" \/>\n<meta property=\"og:image\" content=\"https:\/\/www.ile-blanche.com\/wp-content\/uploads\/2022\/08\/marais-salants-re.jpg\" \/>\n\t<meta property=\"og:image:width\" content=\"1920\" \/>\n\t<meta property=\"og:image:height\" content=\"480\" \/>\n\t<meta property=\"og:image:type\" content=\"image\/jpeg\" \/>\n<meta name=\"twitter:card\" content=\"summary_large_image\" \/>\n<meta name=\"twitter:label1\" content=\"Est. reading time\" \/>\n\t<meta name=\"twitter:data1\" content=\"4 minutes\" \/>\n<script type=\"application\/ld+json\" class=\"yoast-schema-graph\">{\"@context\":\"https:\/\/schema.org\",\"@graph\":[{\"@type\":\"WebPage\",\"@id\":\"https:\/\/www.ile-blanche.com\/en\/activities-ile-de-re\/salt-marshes-ile-de-re\/\",\"url\":\"https:\/\/www.ile-blanche.com\/en\/activities-ile-de-re\/salt-marshes-ile-de-re\/\",\"name\":\"Visit the Ile de R\u00e9 salt marshes | Ecomuseum of the Ile de R\u00e9 salt marsh\",\"isPartOf\":{\"@id\":\"https:\/\/www.ile-blanche.com\/en\/#website\"},\"primaryImageOfPage\":{\"@id\":\"https:\/\/www.ile-blanche.com\/en\/activities-ile-de-re\/salt-marshes-ile-de-re\/#primaryimage\"},\"image\":{\"@id\":\"https:\/\/www.ile-blanche.com\/en\/activities-ile-de-re\/salt-marshes-ile-de-re\/#primaryimage\"},\"thumbnailUrl\":\"https:\/\/www.ile-blanche.com\/wp-content\/uploads\/2022\/08\/marais-salants-re.jpg\",\"datePublished\":\"2022-08-23T12:21:19+00:00\",\"dateModified\":\"2022-11-10T16:27:49+00:00\",\"breadcrumb\":{\"@id\":\"https:\/\/www.ile-blanche.com\/en\/activities-ile-de-re\/salt-marshes-ile-de-re\/#breadcrumb\"},\"inLanguage\":\"en-US\",\"potentialAction\":[{\"@type\":\"ReadAction\",\"target\":[\"https:\/\/www.ile-blanche.com\/en\/activities-ile-de-re\/salt-marshes-ile-de-re\/\"]}]},{\"@type\":\"ImageObject\",\"inLanguage\":\"en-US\",\"@id\":\"https:\/\/www.ile-blanche.com\/en\/activities-ile-de-re\/salt-marshes-ile-de-re\/#primaryimage\",\"url\":\"https:\/\/www.ile-blanche.com\/wp-content\/uploads\/2022\/08\/marais-salants-re.jpg\",\"contentUrl\":\"https:\/\/www.ile-blanche.com\/wp-content\/uploads\/2022\/08\/marais-salants-re.jpg\",\"width\":1920,\"height\":480,\"caption\":\"marais salants re\"},{\"@type\":\"BreadcrumbList\",\"@id\":\"https:\/\/www.ile-blanche.com\/en\/activities-ile-de-re\/salt-marshes-ile-de-re\/#breadcrumb\",\"itemListElement\":[{\"@type\":\"ListItem\",\"position\":1,\"name\":\"Campsite \u00cele de R\u00e9\",\"item\":\"https:\/\/www.ile-blanche.com\/en\/\"},{\"@type\":\"ListItem\",\"position\":2,\"name\":\"Ile de R\u00e9 activities\",\"item\":\"https:\/\/www.ile-blanche.com\/en\/activities-ile-de-re\/\"},{\"@type\":\"ListItem\",\"position\":3,\"name\":\"The salt marshes\"}]},{\"@type\":\"WebSite\",\"@id\":\"https:\/\/www.ile-blanche.com\/en\/#website\",\"url\":\"https:\/\/www.ile-blanche.com\/en\/\",\"name\":\"L'\u00cele Blanche\",\"description\":\"\",\"publisher\":{\"@id\":\"https:\/\/www.ile-blanche.com\/en\/#organization\"},\"potentialAction\":[{\"@type\":\"SearchAction\",\"target\":{\"@type\":\"EntryPoint\",\"urlTemplate\":\"https:\/\/www.ile-blanche.com\/en\/?s={search_term_string}\"},\"query-input\":{\"@type\":\"PropertyValueSpecification\",\"valueRequired\":true,\"valueName\":\"search_term_string\"}}],\"inLanguage\":\"en-US\"},{\"@type\":\"Organization\",\"@id\":\"https:\/\/www.ile-blanche.com\/en\/#organization\",\"name\":\"L'\u00cele Blanche\",\"url\":\"https:\/\/www.ile-blanche.com\/en\/\",\"logo\":{\"@type\":\"ImageObject\",\"inLanguage\":\"en-US\",\"@id\":\"https:\/\/www.ile-blanche.com\/en\/#\/schema\/logo\/image\/\",\"url\":\"https:\/\/www.ile-blanche.com\/wp-content\/uploads\/2022\/06\/cropped-logo-alt-ile-blanche.png\",\"contentUrl\":\"https:\/\/www.ile-blanche.com\/wp-content\/uploads\/2022\/06\/cropped-logo-alt-ile-blanche.png\",\"width\":512,\"height\":512,\"caption\":\"L'\u00cele Blanche\"},\"image\":{\"@id\":\"https:\/\/www.ile-blanche.com\/en\/#\/schema\/logo\/image\/\"}}]}<\/script>\n<!-- \/ Yoast SEO plugin. -->","yoast_head_json":{"title":"Visit the Ile de R\u00e9 salt marshes | Ecomuseum of the Ile de R\u00e9 salt marsh","robots":{"index":"index","follow":"follow","max-snippet":"max-snippet:-1","max-image-preview":"max-image-preview:large","max-video-preview":"max-video-preview:-1"},"canonical":"https:\/\/www.ile-blanche.com\/en\/activities-ile-de-re\/salt-marshes-ile-de-re\/","og_locale":"en_US","og_type":"article","og_title":"Visit the Ile de R\u00e9 salt marshes | Ecomuseum of the Ile de R\u00e9 salt marsh","og_url":"https:\/\/www.ile-blanche.com\/en\/activities-ile-de-re\/salt-marshes-ile-de-re\/","og_site_name":"L&#039;\u00cele Blanche","article_modified_time":"2022-11-10T16:27:49+00:00","og_image":[{"width":1920,"height":480,"url":"https:\/\/www.ile-blanche.com\/wp-content\/uploads\/2022\/08\/marais-salants-re.jpg","type":"image\/jpeg"}],"twitter_card":"summary_large_image","twitter_misc":{"Est. reading time":"4 minutes"},"schema":{"@context":"https:\/\/schema.org","@graph":[{"@type":"WebPage","@id":"https:\/\/www.ile-blanche.com\/en\/activities-ile-de-re\/salt-marshes-ile-de-re\/","url":"https:\/\/www.ile-blanche.com\/en\/activities-ile-de-re\/salt-marshes-ile-de-re\/","name":"Visit the Ile de R\u00e9 salt marshes | Ecomuseum of the Ile de R\u00e9 salt marsh","isPartOf":{"@id":"https:\/\/www.ile-blanche.com\/en\/#website"},"primaryImageOfPage":{"@id":"https:\/\/www.ile-blanche.com\/en\/activities-ile-de-re\/salt-marshes-ile-de-re\/#primaryimage"},"image":{"@id":"https:\/\/www.ile-blanche.com\/en\/activities-ile-de-re\/salt-marshes-ile-de-re\/#primaryimage"},"thumbnailUrl":"https:\/\/www.ile-blanche.com\/wp-content\/uploads\/2022\/08\/marais-salants-re.jpg","datePublished":"2022-08-23T12:21:19+00:00","dateModified":"2022-11-10T16:27:49+00:00","breadcrumb":{"@id":"https:\/\/www.ile-blanche.com\/en\/activities-ile-de-re\/salt-marshes-ile-de-re\/#breadcrumb"},"inLanguage":"en-US","potentialAction":[{"@type":"ReadAction","target":["https:\/\/www.ile-blanche.com\/en\/activities-ile-de-re\/salt-marshes-ile-de-re\/"]}]},{"@type":"ImageObject","inLanguage":"en-US","@id":"https:\/\/www.ile-blanche.com\/en\/activities-ile-de-re\/salt-marshes-ile-de-re\/#primaryimage","url":"https:\/\/www.ile-blanche.com\/wp-content\/uploads\/2022\/08\/marais-salants-re.jpg","contentUrl":"https:\/\/www.ile-blanche.com\/wp-content\/uploads\/2022\/08\/marais-salants-re.jpg","width":1920,"height":480,"caption":"marais salants re"},{"@type":"BreadcrumbList","@id":"https:\/\/www.ile-blanche.com\/en\/activities-ile-de-re\/salt-marshes-ile-de-re\/#breadcrumb","itemListElement":[{"@type":"ListItem","position":1,"name":"Campsite \u00cele de R\u00e9","item":"https:\/\/www.ile-blanche.com\/en\/"},{"@type":"ListItem","position":2,"name":"Ile de R\u00e9 activities","item":"https:\/\/www.ile-blanche.com\/en\/activities-ile-de-re\/"},{"@type":"ListItem","position":3,"name":"The salt marshes"}]},{"@type":"WebSite","@id":"https:\/\/www.ile-blanche.com\/en\/#website","url":"https:\/\/www.ile-blanche.com\/en\/","name":"L'\u00cele Blanche","description":"","publisher":{"@id":"https:\/\/www.ile-blanche.com\/en\/#organization"},"potentialAction":[{"@type":"SearchAction","target":{"@type":"EntryPoint","urlTemplate":"https:\/\/www.ile-blanche.com\/en\/?s={search_term_string}"},"query-input":{"@type":"PropertyValueSpecification","valueRequired":true,"valueName":"search_term_string"}}],"inLanguage":"en-US"},{"@type":"Organization","@id":"https:\/\/www.ile-blanche.com\/en\/#organization","name":"L'\u00cele Blanche","url":"https:\/\/www.ile-blanche.com\/en\/","logo":{"@type":"ImageObject","inLanguage":"en-US","@id":"https:\/\/www.ile-blanche.com\/en\/#\/schema\/logo\/image\/","url":"https:\/\/www.ile-blanche.com\/wp-content\/uploads\/2022\/06\/cropped-logo-alt-ile-blanche.png","contentUrl":"https:\/\/www.ile-blanche.com\/wp-content\/uploads\/2022\/06\/cropped-logo-alt-ile-blanche.png","width":512,"height":512,"caption":"L'\u00cele Blanche"},"image":{"@id":"https:\/\/www.ile-blanche.com\/en\/#\/schema\/logo\/image\/"}}]}},"_links":{"self":[{"href":"https:\/\/www.ile-blanche.com\/en\/wp-json\/wp\/v2\/pages\/14456","targetHints":{"allow":["GET"]}}],"collection":[{"href":"https:\/\/www.ile-blanche.com\/en\/wp-json\/wp\/v2\/pages"}],"about":[{"href":"https:\/\/www.ile-blanche.com\/en\/wp-json\/wp\/v2\/types\/page"}],"author":[{"embeddable":true,"href":"https:\/\/www.ile-blanche.com\/en\/wp-json\/wp\/v2\/users\/1"}],"replies":[{"embeddable":true,"href":"https:\/\/www.ile-blanche.com\/en\/wp-json\/wp\/v2\/comments?post=14456"}],"version-history":[{"count":5,"href":"https:\/\/www.ile-blanche.com\/en\/wp-json\/wp\/v2\/pages\/14456\/revisions"}],"predecessor-version":[{"id":16448,"href":"https:\/\/www.ile-blanche.com\/en\/wp-json\/wp\/v2\/pages\/14456\/revisions\/16448"}],"up":[{"embeddable":true,"href":"https:\/\/www.ile-blanche.com\/en\/wp-json\/wp\/v2\/pages\/14337"}],"wp:featuredmedia":[{"embeddable":true,"href":"https:\/\/www.ile-blanche.com\/en\/wp-json\/wp\/v2\/media\/12445"}],"wp:attachment":[{"href":"https:\/\/www.ile-blanche.com\/en\/wp-json\/wp\/v2\/media?parent=14456"}],"wp:term":[{"taxonomy":"sujet","embeddable":true,"href":"https:\/\/www.ile-blanche.com\/en\/wp-json\/wp\/v2\/sujet?post=14456"}],"curies":[{"name":"wp","href":"https:\/\/api.w.org\/{rel}","templated":true}]}}