{"id":14381,"date":"2022-08-23T11:32:46","date_gmt":"2022-08-23T09:32:46","guid":{"rendered":"https:\/\/www.ile-blanche.com\/activities-ile-de-re\/peche-estran-ile-de-re\/"},"modified":"2022-11-10T17:29:14","modified_gmt":"2022-11-10T16:29:14","slug":"fishin-foreshore-island-of-re","status":"publish","type":"page","link":"https:\/\/www.ile-blanche.com\/en\/activities-ile-de-re\/fishin-foreshore-island-of-re\/","title":{"rendered":"La p\u00eache \u00e0 pied sur l\u2019Estran"},"content":{"rendered":"<section id=\"ls-section-block_d161bcd7d6ca7d5a3e66c6b201115591\" class=\"ls-section  page-one home-fourth m-b-0\" >\n        <div class=\"container container--wide\">\n        \n\n<div class=\"wp-block-columns is-layout-flex wp-container-core-columns-is-layout-9d6595d7 wp-block-columns-is-layout-flex\">\n<div class=\"wp-block-column is-vertically-aligned-center is-layout-flow wp-block-column-is-layout-flow\">\n<figure class=\"wp-block-image size-full\"><a href=\"https:\/\/www.ile-blanche.com\/wp-content\/uploads\/2022\/08\/peche-ile-de-re.jpg\"><img decoding=\"async\" width=\"900\" height=\"506\" src=\"https:\/\/www.ile-blanche.com\/wp-content\/uploads\/2022\/08\/peche-ile-de-re.jpg\" alt=\"peche ile de re\" class=\"wp-image-12345\" srcset=\"https:\/\/www.ile-blanche.com\/wp-content\/uploads\/2022\/08\/peche-ile-de-re.jpg 900w, https:\/\/www.ile-blanche.com\/wp-content\/uploads\/2022\/08\/peche-ile-de-re-300x169.jpg 300w, https:\/\/www.ile-blanche.com\/wp-content\/uploads\/2022\/08\/peche-ile-de-re-768x432.jpg 768w\" sizes=\"(max-width: 900px) 100vw, 900px\" \/><\/a><\/figure>\n<\/div>\n\n\n\n<div class=\"wp-block-column is-vertically-aligned-center is-layout-flow wp-block-column-is-layout-flow\">\n<h1 class=\"ls-heading wp-block-heading\">FORESHORE FISHING ON ESTRANG<\/h1>\n\n\n\n<p class=\"ls-paragraph\">If there are any activities that are not to be missed during your holiday on the Ile de R\u00e9, foreshore fishing is one of them. The foreshore is the area between the ocean levels at high and low tide. You will find these sandbanks accessible on foot at low tide in the various villages of the Ile de R\u00e9.<\/p>\n\n\n\n<p class=\"ls-paragraph\">From the <a href=\"\/en\/\">Ile Blanche campsite<\/a> you can walk to the public maritime areas of many villages, including La Flotte-en-R\u00e9, Saint-Martin-de-R\u00e9, Loix and Sainte-Marie-de-R\u00e9.<\/p>\n\n\n\n<p class=\"ls-paragraph\">You can take your children fishing on foot, which will make them very proud to collect shells on their own, unless you prefer to experience this in pairs or solo when the tide is right. However, remember to respect the foreshore and the rules to protect this maritime space.<\/p>\n<\/div>\n<\/div>\n\n\n    <\/div>\n<\/section>\n\n<section id=\"ls-section-block_00df0156addda69e2016eed129333502\" class=\"ls-section  p-t-0 m-b-0 p-b-0\" >\n        <div class=\"container container--full\">\n        \n\n<div class=\"wp-block-columns is-layout-flex wp-container-core-columns-is-layout-9d6595d7 wp-block-columns-is-layout-flex\">\n<div class=\"wp-block-column is-vertically-aligned-center column-left is-layout-flow wp-block-column-is-layout-flow\" style=\"flex-basis:50%\">\n<h2 class=\"ls-heading wp-block-heading\">WHAT TO FISH ON THE FORESHORE ON THE \u00ceLE DE R\u00c9 ?<\/h2>\n\n\n\n<p class=\"ls-paragraph\">As soon as the sea withdraws from the Ile de R\u00e9, the foreshore is filled with numerous finds to be fished. Enthusiasts and amateurs will have the opportunity to discover and collect shellfish, crabs and other seafood such as scallops, clams, mussels, cockles, oysters, razor clams, shrimps, crabs, spider crabs and crab.<\/p>\n\n\n\n<p class=\"ls-paragraph\">Note that these are the only fish products allowed.<br>Also remember to avoid the foreshore around the ports, the Lilleau des Niges nature reserve, the oyster beds, the fish locks and the northern beach of Rivedoux when fishing on foot on the Ile de R\u00e9.<\/p>\n<\/div>\n\n\n\n<div class=\"wp-block-column is-vertically-aligned-center is-layout-flow wp-block-column-is-layout-flow\" style=\"flex-basis:50%\">\n<figure class=\"wp-block-image size-full\"><img decoding=\"async\" width=\"990\" height=\"634\" src=\"https:\/\/www.ile-blanche.com\/wp-content\/uploads\/2022\/08\/estran-ile-de-re.jpg\" alt=\"estran ile de re\" class=\"wp-image-12350\" srcset=\"https:\/\/www.ile-blanche.com\/wp-content\/uploads\/2022\/08\/estran-ile-de-re.jpg 990w, https:\/\/www.ile-blanche.com\/wp-content\/uploads\/2022\/08\/estran-ile-de-re-300x192.jpg 300w, https:\/\/www.ile-blanche.com\/wp-content\/uploads\/2022\/08\/estran-ile-de-re-768x492.jpg 768w\" sizes=\"(max-width: 990px) 100vw, 990px\" \/><\/figure>\n<\/div>\n<\/div>\n\n\n    <\/div>\n<\/section>\n\n<section id=\"ls-section-block_d4379b824d8ccce4b44542f34590ba8c\" class=\"ls-section  m-t-0 p-t-0 m-b-0 p-b-0\" >\n        <div class=\"container container--full\">\n        \n\n<div class=\"wp-block-columns is-layout-flex wp-container-core-columns-is-layout-9d6595d7 wp-block-columns-is-layout-flex\">\n<div class=\"wp-block-column is-vertically-aligned-top is-layout-flow wp-block-column-is-layout-flow\" style=\"flex-basis:50%\">\n<figure class=\"wp-block-image size-full\"><img decoding=\"async\" width=\"990\" height=\"634\" src=\"https:\/\/www.ile-blanche.com\/wp-content\/uploads\/2022\/08\/peche-a-pied-ile-de-re-1.jpg\" alt=\"peche a pied ile de re\" class=\"wp-image-12355\" srcset=\"https:\/\/www.ile-blanche.com\/wp-content\/uploads\/2022\/08\/peche-a-pied-ile-de-re-1.jpg 990w, https:\/\/www.ile-blanche.com\/wp-content\/uploads\/2022\/08\/peche-a-pied-ile-de-re-1-300x192.jpg 300w, https:\/\/www.ile-blanche.com\/wp-content\/uploads\/2022\/08\/peche-a-pied-ile-de-re-1-768x492.jpg 768w\" sizes=\"(max-width: 990px) 100vw, 990px\" \/><\/figure>\n<\/div>\n\n\n\n<div class=\"wp-block-column is-vertically-aligned-center column-right is-layout-flow wp-block-column-is-layout-flow\" style=\"flex-basis:50%\">\n<h2 class=\"ls-heading wp-block-heading\">THE RULES TO RESPECT<\/h2>\n\n\n\n<p class=\"ls-paragraph\">In order to preserve the balance of the coastal ecosystem and the quality of the foreshore, fishing on foot is governed by a number of rules. For example, the maximum amount of seafood that can be collected is limited to 5 kg per person per day, and it is forbidden to sell it.<\/p>\n\n\n\n<p class=\"ls-paragraph\">Fishermen on foot are also required not to turn over stones, to leave shellfish with eggs and to release soft-shelled crabs. If you have dug holes or trenches in the sand to divert sea water, you must also fill them in.<\/p>\n\n\n\n<p class=\"ls-paragraph\">Always check the tide tables for safety instructions. Also avoid the coast in case of fog. When fishing alone, take a compass and a mobile phone with you. And above all, don&#8217;t forget to wear glasses, sun cream, a hat, boots and above all to drink water at regular intervals.<\/p>\n<\/div>\n<\/div>\n\n\n    <\/div>\n<\/section>\n\n<section id=\"ls-section-block_5c6bc35c7cc375d5b5d31a1f5dffe091\" class=\"ls-section  home-eighth m-b-0\" >\n        <div class=\"container container--wide\">\n        \n\n<div id=\"ls-heading ls-titre-div-block_8e4644f68a0ac828c036212a8d1a943e\" class=\"ls-titre-div aligncenter h2-like\" >\n    DISCOVER THE AREA<\/div>\n\n\n<div id=\"ls-maillage-block_a810c17745921ff8549f394c83ebfc3c\" class=\"ls-maillage cta-style-normal\" data-rows=\"3\">\r\n    <div class=\"wp-block-columns\"><div class=\"wp-block-column\"><div class=\"ls-cta\">\n\n<a href=\"https:\/\/www.ile-blanche.com\/en\/activities-ile-de-re\/salt-marshes-ile-de-re\/\" target=\"\" rel=\"noopener\" class=\"ls-cta__link\">\n\n\t<div class=\"ls-cta__image\"><img decoding=\"async\" src=\"https:\/\/www.ile-blanche.com\/wp-content\/uploads\/2022\/08\/marais-salants-couarde-768x492.jpg\" alt=\"marais salants couarde\"><\/div>\t<span class=\"ile-blanche-right-arrow\"><\/span>\n\t<div class=\"ls-cta__title\">\n\t\t> Salt marshes\t<\/div>\n\n\t\n<\/a><\/div><\/div><div class=\"wp-block-column\"><div class=\"ls-cta\">\n\n<a href=\"https:\/\/www.ile-blanche.com\/en\/activities-ile-de-re\/hiking-ile-de-re\/\" target=\"\" rel=\"noopener\" class=\"ls-cta__link\">\n\n\t<div class=\"ls-cta__image\"><img decoding=\"async\" src=\"https:\/\/www.ile-blanche.com\/wp-content\/uploads\/2022\/09\/randonnee-a-pied-re-768x432.jpg\" alt=\"randonnee a pied re\"><\/div>\t<span class=\"ile-blanche-right-arrow\"><\/span>\n\t<div class=\"ls-cta__title\">\n\t\t> Hiking \u00eele de R\u00e9\t<\/div>\n\n\t\n<\/a><\/div><\/div><\/div><\/div>\n\n    <\/div>\n<\/section>","protected":false},"excerpt":{"rendered":"","protected":false},"author":1,"featured_media":12342,"parent":14337,"menu_order":0,"comment_status":"closed","ping_status":"closed","template":"","meta":{"_acf_changed":false,"footnotes":""},"sujet":[],"class_list":["post-14381","page","type-page","status-publish","has-post-thumbnail","hentry"],"acf":[],"yoast_head":"<!-- This site is optimized with the Yoast SEO plugin v25.3 - https:\/\/yoast.com\/wordpress\/plugins\/seo\/ -->\n<title>Fishing on the Foreshore | Fishing on the beaches of Isand of R\u00e9<\/title>\n<meta name=\"description\" content=\"Go fishing on foot in the foreshore of the Ile de R\u00e9 just a few minutes from our 4-star campsite in La Flotte. A fun family activity not to be missed!\" \/>\n<meta name=\"robots\" content=\"index, follow, max-snippet:-1, max-image-preview:large, max-video-preview:-1\" \/>\n<link rel=\"canonical\" href=\"https:\/\/www.ile-blanche.com\/en\/activities-ile-de-re\/fishin-foreshore-island-of-re\/\" \/>\n<meta property=\"og:locale\" content=\"en_US\" \/>\n<meta property=\"og:type\" content=\"article\" \/>\n<meta property=\"og:title\" content=\"Fishing on the Foreshore | Fishing on the beaches of Isand of R\u00e9\" \/>\n<meta property=\"og:description\" content=\"Go fishing on foot in the foreshore of the Ile de R\u00e9 just a few minutes from our 4-star campsite in La Flotte. A fun family activity not to be missed!\" \/>\n<meta property=\"og:url\" content=\"https:\/\/www.ile-blanche.com\/en\/activities-ile-de-re\/fishin-foreshore-island-of-re\/\" \/>\n<meta property=\"og:site_name\" content=\"L&#039;\u00cele Blanche\" \/>\n<meta property=\"article:modified_time\" content=\"2022-11-10T16:29:14+00:00\" \/>\n<meta property=\"og:image\" content=\"https:\/\/www.ile-blanche.com\/wp-content\/uploads\/2022\/08\/peche-a-pied-re.jpg\" \/>\n\t<meta property=\"og:image:width\" content=\"1920\" \/>\n\t<meta property=\"og:image:height\" content=\"480\" \/>\n\t<meta property=\"og:image:type\" content=\"image\/jpeg\" \/>\n<meta name=\"twitter:card\" content=\"summary_large_image\" \/>\n<meta name=\"twitter:label1\" content=\"Est. reading time\" \/>\n\t<meta name=\"twitter:data1\" content=\"3 minutes\" \/>\n<script type=\"application\/ld+json\" class=\"yoast-schema-graph\">{\"@context\":\"https:\/\/schema.org\",\"@graph\":[{\"@type\":\"WebPage\",\"@id\":\"https:\/\/www.ile-blanche.com\/en\/activities-ile-de-re\/fishin-foreshore-island-of-re\/\",\"url\":\"https:\/\/www.ile-blanche.com\/en\/activities-ile-de-re\/fishin-foreshore-island-of-re\/\",\"name\":\"Fishing on the Foreshore | Fishing on the beaches of Isand of R\u00e9\",\"isPartOf\":{\"@id\":\"https:\/\/www.ile-blanche.com\/en\/#website\"},\"primaryImageOfPage\":{\"@id\":\"https:\/\/www.ile-blanche.com\/en\/activities-ile-de-re\/fishin-foreshore-island-of-re\/#primaryimage\"},\"image\":{\"@id\":\"https:\/\/www.ile-blanche.com\/en\/activities-ile-de-re\/fishin-foreshore-island-of-re\/#primaryimage\"},\"thumbnailUrl\":\"https:\/\/www.ile-blanche.com\/wp-content\/uploads\/2022\/08\/peche-a-pied-re.jpg\",\"datePublished\":\"2022-08-23T09:32:46+00:00\",\"dateModified\":\"2022-11-10T16:29:14+00:00\",\"description\":\"Go fishing on foot in the foreshore of the Ile de R\u00e9 just a few minutes from our 4-star campsite in La Flotte. A fun family activity not to be missed!\",\"breadcrumb\":{\"@id\":\"https:\/\/www.ile-blanche.com\/en\/activities-ile-de-re\/fishin-foreshore-island-of-re\/#breadcrumb\"},\"inLanguage\":\"en-US\",\"potentialAction\":[{\"@type\":\"ReadAction\",\"target\":[\"https:\/\/www.ile-blanche.com\/en\/activities-ile-de-re\/fishin-foreshore-island-of-re\/\"]}]},{\"@type\":\"ImageObject\",\"inLanguage\":\"en-US\",\"@id\":\"https:\/\/www.ile-blanche.com\/en\/activities-ile-de-re\/fishin-foreshore-island-of-re\/#primaryimage\",\"url\":\"https:\/\/www.ile-blanche.com\/wp-content\/uploads\/2022\/08\/peche-a-pied-re.jpg\",\"contentUrl\":\"https:\/\/www.ile-blanche.com\/wp-content\/uploads\/2022\/08\/peche-a-pied-re.jpg\",\"width\":1920,\"height\":480,\"caption\":\"peche a pied re\"},{\"@type\":\"BreadcrumbList\",\"@id\":\"https:\/\/www.ile-blanche.com\/en\/activities-ile-de-re\/fishin-foreshore-island-of-re\/#breadcrumb\",\"itemListElement\":[{\"@type\":\"ListItem\",\"position\":1,\"name\":\"Campsite \u00cele de R\u00e9\",\"item\":\"https:\/\/www.ile-blanche.com\/en\/\"},{\"@type\":\"ListItem\",\"position\":2,\"name\":\"Ile de R\u00e9 activities\",\"item\":\"https:\/\/www.ile-blanche.com\/en\/activities-ile-de-re\/\"},{\"@type\":\"ListItem\",\"position\":3,\"name\":\"Fishing on the Foreshore\"}]},{\"@type\":\"WebSite\",\"@id\":\"https:\/\/www.ile-blanche.com\/en\/#website\",\"url\":\"https:\/\/www.ile-blanche.com\/en\/\",\"name\":\"L'\u00cele Blanche\",\"description\":\"\",\"publisher\":{\"@id\":\"https:\/\/www.ile-blanche.com\/en\/#organization\"},\"potentialAction\":[{\"@type\":\"SearchAction\",\"target\":{\"@type\":\"EntryPoint\",\"urlTemplate\":\"https:\/\/www.ile-blanche.com\/en\/?s={search_term_string}\"},\"query-input\":{\"@type\":\"PropertyValueSpecification\",\"valueRequired\":true,\"valueName\":\"search_term_string\"}}],\"inLanguage\":\"en-US\"},{\"@type\":\"Organization\",\"@id\":\"https:\/\/www.ile-blanche.com\/en\/#organization\",\"name\":\"L'\u00cele Blanche\",\"url\":\"https:\/\/www.ile-blanche.com\/en\/\",\"logo\":{\"@type\":\"ImageObject\",\"inLanguage\":\"en-US\",\"@id\":\"https:\/\/www.ile-blanche.com\/en\/#\/schema\/logo\/image\/\",\"url\":\"https:\/\/www.ile-blanche.com\/wp-content\/uploads\/2022\/06\/cropped-logo-alt-ile-blanche.png\",\"contentUrl\":\"https:\/\/www.ile-blanche.com\/wp-content\/uploads\/2022\/06\/cropped-logo-alt-ile-blanche.png\",\"width\":512,\"height\":512,\"caption\":\"L'\u00cele Blanche\"},\"image\":{\"@id\":\"https:\/\/www.ile-blanche.com\/en\/#\/schema\/logo\/image\/\"}}]}<\/script>\n<!-- \/ Yoast SEO plugin. -->","yoast_head_json":{"title":"Fishing on the Foreshore | Fishing on the beaches of Isand of R\u00e9","description":"Go fishing on foot in the foreshore of the Ile de R\u00e9 just a few minutes from our 4-star campsite in La Flotte. A fun family activity not to be missed!","robots":{"index":"index","follow":"follow","max-snippet":"max-snippet:-1","max-image-preview":"max-image-preview:large","max-video-preview":"max-video-preview:-1"},"canonical":"https:\/\/www.ile-blanche.com\/en\/activities-ile-de-re\/fishin-foreshore-island-of-re\/","og_locale":"en_US","og_type":"article","og_title":"Fishing on the Foreshore | Fishing on the beaches of Isand of R\u00e9","og_description":"Go fishing on foot in the foreshore of the Ile de R\u00e9 just a few minutes from our 4-star campsite in La Flotte. A fun family activity not to be missed!","og_url":"https:\/\/www.ile-blanche.com\/en\/activities-ile-de-re\/fishin-foreshore-island-of-re\/","og_site_name":"L&#039;\u00cele Blanche","article_modified_time":"2022-11-10T16:29:14+00:00","og_image":[{"width":1920,"height":480,"url":"https:\/\/www.ile-blanche.com\/wp-content\/uploads\/2022\/08\/peche-a-pied-re.jpg","type":"image\/jpeg"}],"twitter_card":"summary_large_image","twitter_misc":{"Est. reading time":"3 minutes"},"schema":{"@context":"https:\/\/schema.org","@graph":[{"@type":"WebPage","@id":"https:\/\/www.ile-blanche.com\/en\/activities-ile-de-re\/fishin-foreshore-island-of-re\/","url":"https:\/\/www.ile-blanche.com\/en\/activities-ile-de-re\/fishin-foreshore-island-of-re\/","name":"Fishing on the Foreshore | Fishing on the beaches of Isand of R\u00e9","isPartOf":{"@id":"https:\/\/www.ile-blanche.com\/en\/#website"},"primaryImageOfPage":{"@id":"https:\/\/www.ile-blanche.com\/en\/activities-ile-de-re\/fishin-foreshore-island-of-re\/#primaryimage"},"image":{"@id":"https:\/\/www.ile-blanche.com\/en\/activities-ile-de-re\/fishin-foreshore-island-of-re\/#primaryimage"},"thumbnailUrl":"https:\/\/www.ile-blanche.com\/wp-content\/uploads\/2022\/08\/peche-a-pied-re.jpg","datePublished":"2022-08-23T09:32:46+00:00","dateModified":"2022-11-10T16:29:14+00:00","description":"Go fishing on foot in the foreshore of the Ile de R\u00e9 just a few minutes from our 4-star campsite in La Flotte. A fun family activity not to be missed!","breadcrumb":{"@id":"https:\/\/www.ile-blanche.com\/en\/activities-ile-de-re\/fishin-foreshore-island-of-re\/#breadcrumb"},"inLanguage":"en-US","potentialAction":[{"@type":"ReadAction","target":["https:\/\/www.ile-blanche.com\/en\/activities-ile-de-re\/fishin-foreshore-island-of-re\/"]}]},{"@type":"ImageObject","inLanguage":"en-US","@id":"https:\/\/www.ile-blanche.com\/en\/activities-ile-de-re\/fishin-foreshore-island-of-re\/#primaryimage","url":"https:\/\/www.ile-blanche.com\/wp-content\/uploads\/2022\/08\/peche-a-pied-re.jpg","contentUrl":"https:\/\/www.ile-blanche.com\/wp-content\/uploads\/2022\/08\/peche-a-pied-re.jpg","width":1920,"height":480,"caption":"peche a pied re"},{"@type":"BreadcrumbList","@id":"https:\/\/www.ile-blanche.com\/en\/activities-ile-de-re\/fishin-foreshore-island-of-re\/#breadcrumb","itemListElement":[{"@type":"ListItem","position":1,"name":"Campsite \u00cele de R\u00e9","item":"https:\/\/www.ile-blanche.com\/en\/"},{"@type":"ListItem","position":2,"name":"Ile de R\u00e9 activities","item":"https:\/\/www.ile-blanche.com\/en\/activities-ile-de-re\/"},{"@type":"ListItem","position":3,"name":"Fishing on the Foreshore"}]},{"@type":"WebSite","@id":"https:\/\/www.ile-blanche.com\/en\/#website","url":"https:\/\/www.ile-blanche.com\/en\/","name":"L'\u00cele Blanche","description":"","publisher":{"@id":"https:\/\/www.ile-blanche.com\/en\/#organization"},"potentialAction":[{"@type":"SearchAction","target":{"@type":"EntryPoint","urlTemplate":"https:\/\/www.ile-blanche.com\/en\/?s={search_term_string}"},"query-input":{"@type":"PropertyValueSpecification","valueRequired":true,"valueName":"search_term_string"}}],"inLanguage":"en-US"},{"@type":"Organization","@id":"https:\/\/www.ile-blanche.com\/en\/#organization","name":"L'\u00cele Blanche","url":"https:\/\/www.ile-blanche.com\/en\/","logo":{"@type":"ImageObject","inLanguage":"en-US","@id":"https:\/\/www.ile-blanche.com\/en\/#\/schema\/logo\/image\/","url":"https:\/\/www.ile-blanche.com\/wp-content\/uploads\/2022\/06\/cropped-logo-alt-ile-blanche.png","contentUrl":"https:\/\/www.ile-blanche.com\/wp-content\/uploads\/2022\/06\/cropped-logo-alt-ile-blanche.png","width":512,"height":512,"caption":"L'\u00cele Blanche"},"image":{"@id":"https:\/\/www.ile-blanche.com\/en\/#\/schema\/logo\/image\/"}}]}},"_links":{"self":[{"href":"https:\/\/www.ile-blanche.com\/en\/wp-json\/wp\/v2\/pages\/14381","targetHints":{"allow":["GET"]}}],"collection":[{"href":"https:\/\/www.ile-blanche.com\/en\/wp-json\/wp\/v2\/pages"}],"about":[{"href":"https:\/\/www.ile-blanche.com\/en\/wp-json\/wp\/v2\/types\/page"}],"author":[{"embeddable":true,"href":"https:\/\/www.ile-blanche.com\/en\/wp-json\/wp\/v2\/users\/1"}],"replies":[{"embeddable":true,"href":"https:\/\/www.ile-blanche.com\/en\/wp-json\/wp\/v2\/comments?post=14381"}],"version-history":[{"count":7,"href":"https:\/\/www.ile-blanche.com\/en\/wp-json\/wp\/v2\/pages\/14381\/revisions"}],"predecessor-version":[{"id":16451,"href":"https:\/\/www.ile-blanche.com\/en\/wp-json\/wp\/v2\/pages\/14381\/revisions\/16451"}],"up":[{"embeddable":true,"href":"https:\/\/www.ile-blanche.com\/en\/wp-json\/wp\/v2\/pages\/14337"}],"wp:featuredmedia":[{"embeddable":true,"href":"https:\/\/www.ile-blanche.com\/en\/wp-json\/wp\/v2\/media\/12342"}],"wp:attachment":[{"href":"https:\/\/www.ile-blanche.com\/en\/wp-json\/wp\/v2\/media?parent=14381"}],"wp:term":[{"taxonomy":"sujet","embeddable":true,"href":"https:\/\/www.ile-blanche.com\/en\/wp-json\/wp\/v2\/sujet?post=14381"}],"curies":[{"name":"wp","href":"https:\/\/api.w.org\/{rel}","templated":true}]}}