{"id":14365,"date":"2022-08-23T10:37:00","date_gmt":"2022-08-23T08:37:00","guid":{"rendered":"https:\/\/www.ile-blanche.com\/activities-ile-de-re\/feux-dartifices-ile-re\/"},"modified":"2022-11-02T13:56:59","modified_gmt":"2022-11-02T12:56:59","slug":"fireworks-island-re","status":"publish","type":"page","link":"https:\/\/www.ile-blanche.com\/en\/activities-ile-de-re\/fireworks-island-re\/","title":{"rendered":"Feux d\u2019artifices sur l\u2019\u00eele de R\u00e9"},"content":{"rendered":"<section id=\"ls-section-block_62bac022a2a01\" class=\"ls-section  page-one home-fourth m-b-0\" >\n        <div class=\"container container--wide\">\n        \n\n<div class=\"wp-block-columns is-layout-flex wp-container-core-columns-is-layout-9d6595d7 wp-block-columns-is-layout-flex\">\n<div class=\"wp-block-column is-vertically-aligned-center is-layout-flow wp-block-column-is-layout-flow\">\n<figure class=\"wp-block-image size-full\"><a href=\"https:\/\/www.ile-blanche.com\/wp-content\/uploads\/2022\/08\/feux-dartifice-re.jpg\"><img decoding=\"async\" width=\"900\" height=\"506\" src=\"https:\/\/www.ile-blanche.com\/wp-content\/uploads\/2022\/08\/feux-dartifice-re.jpg\" alt=\"feux dartifice re\" class=\"wp-image-12298\" srcset=\"https:\/\/www.ile-blanche.com\/wp-content\/uploads\/2022\/08\/feux-dartifice-re.jpg 900w, https:\/\/www.ile-blanche.com\/wp-content\/uploads\/2022\/08\/feux-dartifice-re-300x169.jpg 300w, https:\/\/www.ile-blanche.com\/wp-content\/uploads\/2022\/08\/feux-dartifice-re-768x432.jpg 768w\" sizes=\"(max-width: 900px) 100vw, 900px\" \/><\/a><\/figure>\n<\/div>\n\n\n\n<div class=\"wp-block-column is-vertically-aligned-center is-layout-flow wp-block-column-is-layout-flow\">\n<h1 class=\"ls-heading wp-block-heading\">FIREWORKS ON THE \u00ceLE DE R\u00c9<\/h1>\n\n\n\n<p class=\"ls-paragraph\">In addition to the events organised throughout the island during the high season, don&#8217;t miss the fireworks on the \u00eele de R\u00e9 in summer during your holidays in the Retes.<\/p>\n\n\n\n<p class=\"ls-paragraph\">The locals know how to mark the beginning or the end of a festivity in style, notably by putting a little colour in the sky thanks to its legendary fireworks shows. Certainly, the \u00eele de R\u00e9 has everything to amaze tourists and islanders of all ages.<\/p>\n\n\n\n<p class=\"ls-paragraph\"><\/p>\n<\/div>\n<\/div>\n\n\n    <\/div>\n<\/section>\n\n<section id=\"ls-section-block_63032a17cb320\" class=\"ls-section  p-t-0 m-b-0 p-b-0\" >\n        <div class=\"container container--full\">\n        \n\n<div class=\"wp-block-columns is-layout-flex wp-container-core-columns-is-layout-9d6595d7 wp-block-columns-is-layout-flex\">\n<div class=\"wp-block-column is-vertically-aligned-center column-left is-layout-flow wp-block-column-is-layout-flow\" style=\"flex-basis:50%\">\n<div id=\"ls-heading ls-titre-div-block_6310b2b252a33\" class=\"ls-titre-div h2-like\" >\n    FIREWORKS PROGRAMME<\/div>\n\n\n\n<p class=\"ls-paragraph\">While staying on the \u00eele de R\u00e9 during the summer, you will have the opportunity to enjoy the fireworks of the \u00eele de R\u00e9 which illuminate the various celebrations. On the French National Day, the 10 villages of the \u00eele de R\u00e9 and their professional fireworkers launch fireworks at dusk, around 11pm.<\/p>\n\n\n\n<p class=\"ls-paragraph\">La Flotte-en-R\u00e9, where our campsite on the Ile de R\u00e9, L&#8217;\u00eele Blanche, is located, never misses this magical event that fills the eyes of children with festive sparkles. Celebrating 14 July on the Ile de R\u00e9, admiring the bouquets of stars above the sea to the sound of firecrackers, is sure to be a highlight of your campsite holiday.<\/p>\n\n\n\n<p class=\"ls-paragraph\">You can watch the fireworks on the beach or in the harbour with a drink with your family, friends or just the two of you. On this island paradise, the atmosphere is guaranteed.<\/p>\n\n\n\n<p class=\"ls-paragraph\">During the F\u00eate de la Mer, which takes place in mid-August, other fireworks on the Ile de R\u00e9 will also be on the programme to close the event and the summer season. Continue the festivities by heading to the port of Saint-Martin and enjoy the popular ball organised in the Barbette park.<\/p>\n<\/div>\n\n\n\n<div class=\"wp-block-column is-vertically-aligned-center is-layout-flow wp-block-column-is-layout-flow\" style=\"flex-basis:50%\">\n<figure class=\"wp-block-image size-full\"><img decoding=\"async\" width=\"990\" height=\"634\" src=\"https:\/\/www.ile-blanche.com\/wp-content\/uploads\/2022\/08\/ile-de-re-feux-dartifice.jpg\" alt=\"ile de re feux dartifice\" class=\"wp-image-12304\" srcset=\"https:\/\/www.ile-blanche.com\/wp-content\/uploads\/2022\/08\/ile-de-re-feux-dartifice.jpg 990w, https:\/\/www.ile-blanche.com\/wp-content\/uploads\/2022\/08\/ile-de-re-feux-dartifice-300x192.jpg 300w, https:\/\/www.ile-blanche.com\/wp-content\/uploads\/2022\/08\/ile-de-re-feux-dartifice-768x492.jpg 768w\" sizes=\"(max-width: 990px) 100vw, 990px\" \/><\/figure>\n<\/div>\n<\/div>\n\n\n    <\/div>\n<\/section>\n\n<section id=\"ls-section-block_62bac8f3a2a0c\" class=\"ls-section  home-eighth m-b-0\" >\n        <div class=\"container container--wide\">\n        \n\n<div id=\"ls-heading ls-titre-div-block_62c4466eacab7\" class=\"ls-titre-div aligncenter h2-like\" >\n    DISCOVER THE AREA<\/div>\n\n\n<div id=\"ls-maillage-block_62c4469bacab8\" class=\"ls-maillage cta-style-normal\" data-rows=\"3\">\r\n    <div class=\"wp-block-columns\"><div class=\"wp-block-column\"><div class=\"ls-cta\">\n\n<a href=\"https:\/\/www.ile-blanche.com\/en\/activities-ile-de-re\/gastronomic-specialties-rhetaises\/\" target=\"\" rel=\"noopener\" class=\"ls-cta__link\">\n\n\t<div class=\"ls-cta__image\"><img decoding=\"async\" src=\"https:\/\/www.ile-blanche.com\/wp-content\/uploads\/2022\/09\/sel-marais-re-768x432.jpg\" alt=\"sel marais re\"><\/div>\t<span class=\"ile-blanche-right-arrow\"><\/span>\n\t<div class=\"ls-cta__title\">\n\t\t> Ile de R\u00e9 cooking\t<\/div>\n\n\t\n<\/a><\/div><\/div><\/div><\/div>\n\n    <\/div>\n<\/section>","protected":false},"excerpt":{"rendered":"","protected":false},"author":1,"featured_media":12288,"parent":14337,"menu_order":0,"comment_status":"closed","ping_status":"closed","template":"","meta":{"_acf_changed":false,"footnotes":""},"sujet":[],"class_list":["post-14365","page","type-page","status-publish","has-post-thumbnail","hentry"],"acf":[],"yoast_head":"<!-- This site is optimized with the Yoast SEO plugin v25.3 - https:\/\/yoast.com\/wordpress\/plugins\/seo\/ -->\n<title>Fireworks on the \u00eele de R\u00e9 | 14 of July in La Flotte en R\u00e9<\/title>\n<meta name=\"description\" content=\"Watch the fireworks on the \u00eele de R\u00e9 from the beach during summer festivals such as 14 July and the Sea Festival!\" \/>\n<meta name=\"robots\" content=\"index, follow, max-snippet:-1, max-image-preview:large, max-video-preview:-1\" \/>\n<link rel=\"canonical\" href=\"https:\/\/www.ile-blanche.com\/en\/activities-ile-de-re\/fireworks-island-re\/\" \/>\n<meta property=\"og:locale\" content=\"en_US\" \/>\n<meta property=\"og:type\" content=\"article\" \/>\n<meta property=\"og:title\" content=\"Fireworks on the \u00eele de R\u00e9 | 14 of July in La Flotte en R\u00e9\" \/>\n<meta property=\"og:description\" content=\"Watch the fireworks on the \u00eele de R\u00e9 from the beach during summer festivals such as 14 July and the Sea Festival!\" \/>\n<meta property=\"og:url\" content=\"https:\/\/www.ile-blanche.com\/en\/activities-ile-de-re\/fireworks-island-re\/\" \/>\n<meta property=\"og:site_name\" content=\"L&#039;\u00cele Blanche\" \/>\n<meta property=\"article:modified_time\" content=\"2022-11-02T12:56:59+00:00\" \/>\n<meta property=\"og:image\" content=\"https:\/\/www.ile-blanche.com\/wp-content\/uploads\/2022\/08\/feux-dartifice-ile-de-re.jpg\" \/>\n\t<meta property=\"og:image:width\" content=\"1920\" \/>\n\t<meta property=\"og:image:height\" content=\"480\" \/>\n\t<meta property=\"og:image:type\" content=\"image\/jpeg\" \/>\n<meta name=\"twitter:card\" content=\"summary_large_image\" \/>\n<meta name=\"twitter:label1\" content=\"Est. reading time\" \/>\n\t<meta name=\"twitter:data1\" content=\"2 minutes\" \/>\n<script type=\"application\/ld+json\" class=\"yoast-schema-graph\">{\"@context\":\"https:\/\/schema.org\",\"@graph\":[{\"@type\":\"WebPage\",\"@id\":\"https:\/\/www.ile-blanche.com\/en\/activities-ile-de-re\/fireworks-island-re\/\",\"url\":\"https:\/\/www.ile-blanche.com\/en\/activities-ile-de-re\/fireworks-island-re\/\",\"name\":\"Fireworks on the \u00eele de R\u00e9 | 14 of July in La Flotte en R\u00e9\",\"isPartOf\":{\"@id\":\"https:\/\/www.ile-blanche.com\/en\/#website\"},\"primaryImageOfPage\":{\"@id\":\"https:\/\/www.ile-blanche.com\/en\/activities-ile-de-re\/fireworks-island-re\/#primaryimage\"},\"image\":{\"@id\":\"https:\/\/www.ile-blanche.com\/en\/activities-ile-de-re\/fireworks-island-re\/#primaryimage\"},\"thumbnailUrl\":\"https:\/\/www.ile-blanche.com\/wp-content\/uploads\/2022\/08\/feux-dartifice-ile-de-re.jpg\",\"datePublished\":\"2022-08-23T08:37:00+00:00\",\"dateModified\":\"2022-11-02T12:56:59+00:00\",\"description\":\"Watch the fireworks on the \u00eele de R\u00e9 from the beach during summer festivals such as 14 July and the Sea Festival!\",\"breadcrumb\":{\"@id\":\"https:\/\/www.ile-blanche.com\/en\/activities-ile-de-re\/fireworks-island-re\/#breadcrumb\"},\"inLanguage\":\"en-US\",\"potentialAction\":[{\"@type\":\"ReadAction\",\"target\":[\"https:\/\/www.ile-blanche.com\/en\/activities-ile-de-re\/fireworks-island-re\/\"]}]},{\"@type\":\"ImageObject\",\"inLanguage\":\"en-US\",\"@id\":\"https:\/\/www.ile-blanche.com\/en\/activities-ile-de-re\/fireworks-island-re\/#primaryimage\",\"url\":\"https:\/\/www.ile-blanche.com\/wp-content\/uploads\/2022\/08\/feux-dartifice-ile-de-re.jpg\",\"contentUrl\":\"https:\/\/www.ile-blanche.com\/wp-content\/uploads\/2022\/08\/feux-dartifice-ile-de-re.jpg\",\"width\":1920,\"height\":480,\"caption\":\"feux dartifice ile de re\"},{\"@type\":\"BreadcrumbList\",\"@id\":\"https:\/\/www.ile-blanche.com\/en\/activities-ile-de-re\/fireworks-island-re\/#breadcrumb\",\"itemListElement\":[{\"@type\":\"ListItem\",\"position\":1,\"name\":\"Campsite \u00cele de R\u00e9\",\"item\":\"https:\/\/www.ile-blanche.com\/en\/\"},{\"@type\":\"ListItem\",\"position\":2,\"name\":\"Ile de R\u00e9 activities\",\"item\":\"https:\/\/www.ile-blanche.com\/en\/activities-ile-de-re\/\"},{\"@type\":\"ListItem\",\"position\":3,\"name\":\"Fireworks on the island of R\u00e9\"}]},{\"@type\":\"WebSite\",\"@id\":\"https:\/\/www.ile-blanche.com\/en\/#website\",\"url\":\"https:\/\/www.ile-blanche.com\/en\/\",\"name\":\"L'\u00cele Blanche\",\"description\":\"\",\"publisher\":{\"@id\":\"https:\/\/www.ile-blanche.com\/en\/#organization\"},\"potentialAction\":[{\"@type\":\"SearchAction\",\"target\":{\"@type\":\"EntryPoint\",\"urlTemplate\":\"https:\/\/www.ile-blanche.com\/en\/?s={search_term_string}\"},\"query-input\":{\"@type\":\"PropertyValueSpecification\",\"valueRequired\":true,\"valueName\":\"search_term_string\"}}],\"inLanguage\":\"en-US\"},{\"@type\":\"Organization\",\"@id\":\"https:\/\/www.ile-blanche.com\/en\/#organization\",\"name\":\"L'\u00cele Blanche\",\"url\":\"https:\/\/www.ile-blanche.com\/en\/\",\"logo\":{\"@type\":\"ImageObject\",\"inLanguage\":\"en-US\",\"@id\":\"https:\/\/www.ile-blanche.com\/en\/#\/schema\/logo\/image\/\",\"url\":\"https:\/\/www.ile-blanche.com\/wp-content\/uploads\/2022\/06\/cropped-logo-alt-ile-blanche.png\",\"contentUrl\":\"https:\/\/www.ile-blanche.com\/wp-content\/uploads\/2022\/06\/cropped-logo-alt-ile-blanche.png\",\"width\":512,\"height\":512,\"caption\":\"L'\u00cele Blanche\"},\"image\":{\"@id\":\"https:\/\/www.ile-blanche.com\/en\/#\/schema\/logo\/image\/\"}}]}<\/script>\n<!-- \/ Yoast SEO plugin. -->","yoast_head_json":{"title":"Fireworks on the \u00eele de R\u00e9 | 14 of July in La Flotte en R\u00e9","description":"Watch the fireworks on the \u00eele de R\u00e9 from the beach during summer festivals such as 14 July and the Sea Festival!","robots":{"index":"index","follow":"follow","max-snippet":"max-snippet:-1","max-image-preview":"max-image-preview:large","max-video-preview":"max-video-preview:-1"},"canonical":"https:\/\/www.ile-blanche.com\/en\/activities-ile-de-re\/fireworks-island-re\/","og_locale":"en_US","og_type":"article","og_title":"Fireworks on the \u00eele de R\u00e9 | 14 of July in La Flotte en R\u00e9","og_description":"Watch the fireworks on the \u00eele de R\u00e9 from the beach during summer festivals such as 14 July and the Sea Festival!","og_url":"https:\/\/www.ile-blanche.com\/en\/activities-ile-de-re\/fireworks-island-re\/","og_site_name":"L&#039;\u00cele Blanche","article_modified_time":"2022-11-02T12:56:59+00:00","og_image":[{"width":1920,"height":480,"url":"https:\/\/www.ile-blanche.com\/wp-content\/uploads\/2022\/08\/feux-dartifice-ile-de-re.jpg","type":"image\/jpeg"}],"twitter_card":"summary_large_image","twitter_misc":{"Est. reading time":"2 minutes"},"schema":{"@context":"https:\/\/schema.org","@graph":[{"@type":"WebPage","@id":"https:\/\/www.ile-blanche.com\/en\/activities-ile-de-re\/fireworks-island-re\/","url":"https:\/\/www.ile-blanche.com\/en\/activities-ile-de-re\/fireworks-island-re\/","name":"Fireworks on the \u00eele de R\u00e9 | 14 of July in La Flotte en R\u00e9","isPartOf":{"@id":"https:\/\/www.ile-blanche.com\/en\/#website"},"primaryImageOfPage":{"@id":"https:\/\/www.ile-blanche.com\/en\/activities-ile-de-re\/fireworks-island-re\/#primaryimage"},"image":{"@id":"https:\/\/www.ile-blanche.com\/en\/activities-ile-de-re\/fireworks-island-re\/#primaryimage"},"thumbnailUrl":"https:\/\/www.ile-blanche.com\/wp-content\/uploads\/2022\/08\/feux-dartifice-ile-de-re.jpg","datePublished":"2022-08-23T08:37:00+00:00","dateModified":"2022-11-02T12:56:59+00:00","description":"Watch the fireworks on the \u00eele de R\u00e9 from the beach during summer festivals such as 14 July and the Sea Festival!","breadcrumb":{"@id":"https:\/\/www.ile-blanche.com\/en\/activities-ile-de-re\/fireworks-island-re\/#breadcrumb"},"inLanguage":"en-US","potentialAction":[{"@type":"ReadAction","target":["https:\/\/www.ile-blanche.com\/en\/activities-ile-de-re\/fireworks-island-re\/"]}]},{"@type":"ImageObject","inLanguage":"en-US","@id":"https:\/\/www.ile-blanche.com\/en\/activities-ile-de-re\/fireworks-island-re\/#primaryimage","url":"https:\/\/www.ile-blanche.com\/wp-content\/uploads\/2022\/08\/feux-dartifice-ile-de-re.jpg","contentUrl":"https:\/\/www.ile-blanche.com\/wp-content\/uploads\/2022\/08\/feux-dartifice-ile-de-re.jpg","width":1920,"height":480,"caption":"feux dartifice ile de re"},{"@type":"BreadcrumbList","@id":"https:\/\/www.ile-blanche.com\/en\/activities-ile-de-re\/fireworks-island-re\/#breadcrumb","itemListElement":[{"@type":"ListItem","position":1,"name":"Campsite \u00cele de R\u00e9","item":"https:\/\/www.ile-blanche.com\/en\/"},{"@type":"ListItem","position":2,"name":"Ile de R\u00e9 activities","item":"https:\/\/www.ile-blanche.com\/en\/activities-ile-de-re\/"},{"@type":"ListItem","position":3,"name":"Fireworks on the island of R\u00e9"}]},{"@type":"WebSite","@id":"https:\/\/www.ile-blanche.com\/en\/#website","url":"https:\/\/www.ile-blanche.com\/en\/","name":"L'\u00cele Blanche","description":"","publisher":{"@id":"https:\/\/www.ile-blanche.com\/en\/#organization"},"potentialAction":[{"@type":"SearchAction","target":{"@type":"EntryPoint","urlTemplate":"https:\/\/www.ile-blanche.com\/en\/?s={search_term_string}"},"query-input":{"@type":"PropertyValueSpecification","valueRequired":true,"valueName":"search_term_string"}}],"inLanguage":"en-US"},{"@type":"Organization","@id":"https:\/\/www.ile-blanche.com\/en\/#organization","name":"L'\u00cele Blanche","url":"https:\/\/www.ile-blanche.com\/en\/","logo":{"@type":"ImageObject","inLanguage":"en-US","@id":"https:\/\/www.ile-blanche.com\/en\/#\/schema\/logo\/image\/","url":"https:\/\/www.ile-blanche.com\/wp-content\/uploads\/2022\/06\/cropped-logo-alt-ile-blanche.png","contentUrl":"https:\/\/www.ile-blanche.com\/wp-content\/uploads\/2022\/06\/cropped-logo-alt-ile-blanche.png","width":512,"height":512,"caption":"L'\u00cele Blanche"},"image":{"@id":"https:\/\/www.ile-blanche.com\/en\/#\/schema\/logo\/image\/"}}]}},"_links":{"self":[{"href":"https:\/\/www.ile-blanche.com\/en\/wp-json\/wp\/v2\/pages\/14365","targetHints":{"allow":["GET"]}}],"collection":[{"href":"https:\/\/www.ile-blanche.com\/en\/wp-json\/wp\/v2\/pages"}],"about":[{"href":"https:\/\/www.ile-blanche.com\/en\/wp-json\/wp\/v2\/types\/page"}],"author":[{"embeddable":true,"href":"https:\/\/www.ile-blanche.com\/en\/wp-json\/wp\/v2\/users\/1"}],"replies":[{"embeddable":true,"href":"https:\/\/www.ile-blanche.com\/en\/wp-json\/wp\/v2\/comments?post=14365"}],"version-history":[{"count":8,"href":"https:\/\/www.ile-blanche.com\/en\/wp-json\/wp\/v2\/pages\/14365\/revisions"}],"predecessor-version":[{"id":14444,"href":"https:\/\/www.ile-blanche.com\/en\/wp-json\/wp\/v2\/pages\/14365\/revisions\/14444"}],"up":[{"embeddable":true,"href":"https:\/\/www.ile-blanche.com\/en\/wp-json\/wp\/v2\/pages\/14337"}],"wp:featuredmedia":[{"embeddable":true,"href":"https:\/\/www.ile-blanche.com\/en\/wp-json\/wp\/v2\/media\/12288"}],"wp:attachment":[{"href":"https:\/\/www.ile-blanche.com\/en\/wp-json\/wp\/v2\/media?parent=14365"}],"wp:term":[{"taxonomy":"sujet","embeddable":true,"href":"https:\/\/www.ile-blanche.com\/en\/wp-json\/wp\/v2\/sujet?post=14365"}],"curies":[{"name":"wp","href":"https:\/\/api.w.org\/{rel}","templated":true}]}}