{"id":14903,"date":"2022-11-04T14:43:43","date_gmt":"2022-11-04T13:43:43","guid":{"rendered":"https:\/\/www.ile-blanche.com\/mentions-legales\/"},"modified":"2022-11-08T12:17:19","modified_gmt":"2022-11-08T11:17:19","slug":"legal-mentions","status":"publish","type":"page","link":"https:\/\/www.ile-blanche.com\/de\/legal-mentions\/","title":{"rendered":"Mentions l\u00e9gales"},"content":{"rendered":"<section id=\"ls-section-block_a82fabe168ef146c651364d448cb668f\" class=\"ls-section \" >\n        <div class=\"container \">\n        \n\n<h1 class=\"ls__heading has-text-align-center wp-block-heading\">Rechtliche Hinweise<\/h1>\n\n\n\n<h2 class=\"ls__heading has-text-align-left ls__heading-undefined wp-block-heading\">Herausgeber der Seite<\/h2>\n\n\n\n<p class=\"ls-paragraph\">Camping \u00cele Blanche<br>9 chemin des Barbonniers<br>17630 La Flotte<\/p>\n\n\n\n<p class=\"ls-paragraph\">T\u00e9l : 05 46 09 52 43<\/p>\n\n\n\n<p class=\"ls-paragraph\">Directeur de publication : Aur\u00e9lie Patin<\/p>\n\n\n\n<p class=\"ls-paragraph\">Capital Social : 102 000,00 \u20ac<\/p>\n\n\n\n<p class=\"ls-paragraph\">Tva Intracommunautaire : FR06337733919<\/p>\n\n\n\n<p class=\"ls-paragraph\">Siret 33773391900019<\/p>\n\n\n\n<h2 class=\"ls__heading ls__heading-undefined m-t-6 wp-block-heading\">Umsetzung<\/h2>\n\n\n\n<p class=\"ls-paragraph\">GEEK TONIC<br>Repr\u00e9sent\u00e9e par M. Yohan Darmayan en sa qualit\u00e9 de G\u00e9rant<br>Si\u00e8ge social : 1 ALL PIERRE GEORGES LATECOERE 64200 BIARRITZ<br>T\u00e9l : 05 32 74 11 52<br>E-mail : support@geek-tonic.com<br>Site web : <a href=\"https:\/\/www.geek-tonic.com\/\">www.geek-tonic.com<\/a><br>SIRET : 79078282500034<br>APE : 6201Z<\/p>\n\n\n\n<h2 class=\"ls__heading ls__heading-undefined m-t-6 wp-block-heading\">Urheberrechte und Copyrights<\/h2>\n\n\n\n<p class=\"ls-paragraph\">Der gesamte Inhalt dieser Website unterliegt dem Urheberrecht sowie dem geistigen Eigentum der franz\u00f6sischen Gesetzgebung. Jegliche Vervielf\u00e4ltigung (einschlie\u00dflich Fotos, Icons und herunterladbarer Dokumente) ist ohne vorherige Zustimmung von GEEK TONIC untersagt. Die Vervielf\u00e4ltigung der gesamten oder eines Teils der Website auf einem elektronischen Datentr\u00e4ger in einem Papier- oder elektronischen Format ist untersagt. GEEK TONIC \u00fcbernimmt keine Verantwortung f\u00fcr den Inhalt auf der Website. GEEK TONIC \u00fcbernimmt auch keine Verantwortung f\u00fcr externe Links, die auf die vorliegende Seite verweisen.<\/p>\n\n\n\n<h2 class=\"ls__heading ls__heading-undefined m-t-6 wp-block-heading\" id=\"m-t-6\">Pers\u00f6nliche Daten und namentliche Informationen<\/h2>\n\n\n\n<p class=\"ls-paragraph\">Sie haben ein Recht auf Zugang, \u00c4nderung, Berichtigung und L\u00f6schung der Sie betreffenden Daten gem\u00e4\u00df Artikel 34 des Gesetzes &#8222;Informatique et Libert\u00e9s&#8220; Nr. 78-17 vom 6. Januar 1978, ge\u00e4ndert am 6. August 20018. Um dieses Recht auf Zugang zu entfalten, k\u00f6nnen Sie dies durch eine einfache schriftliche Anfrage an den Herausgeber der Website tun.<\/p>\n\n\n\n<h2 class=\"ls__heading ls__heading-undefined m-t-6 wp-block-heading\">Gesetzgebung<\/h2>\n\n\n\n<p class=\"ls-paragraph\">Gem\u00e4\u00df dem Gesetz vom 11. M\u00e4rz 1957 (Art. 41) und dem Gesetz \u00fcber geistiges Eigentum vom 1. Juli 1992 ist es verboten, einen Teil der Website ohne vorherige Genehmigung des Herausgebers der Website teilweise oder vollst\u00e4ndig zu reproduzieren. Logos, Visualisierungen, Fotos, Videos, Grafikcharts und Texte sind Eigentum ihrer jeweiligen Besitzer. Diese Website kann ohne ihr Wissen mit anderen Websites \u00fcber Hypermedia-Links verbunden worden sein. Der Herausgeber der Website \u00fcbernimmt keine Verantwortung f\u00fcr die Informationen, die auf diesen anderen Websites dargestellt werden. Der Internetnutzer erkennt an, dass die Nutzung dieser Website dem franz\u00f6sischen Recht unterliegt.<\/p>\n\n\n    <\/div>\n<\/section>","protected":false},"excerpt":{"rendered":"","protected":false},"author":1,"featured_media":0,"parent":0,"menu_order":0,"comment_status":"closed","ping_status":"closed","template":"","meta":{"_acf_changed":false,"footnotes":""},"sujet":[],"class_list":["post-14903","page","type-page","status-publish","hentry"],"acf":[],"yoast_head":"<!-- This site is optimized with the Yoast SEO plugin v25.3 - https:\/\/yoast.com\/wordpress\/plugins\/seo\/ -->\n<title>Mentions l\u00e9gales - L&#039;\u00cele Blanche<\/title>\n<meta name=\"robots\" content=\"noindex, nofollow\" \/>\n<meta property=\"og:locale\" content=\"de_DE\" \/>\n<meta property=\"og:type\" content=\"article\" \/>\n<meta property=\"og:title\" content=\"Mentions l\u00e9gales - L&#039;\u00cele Blanche\" \/>\n<meta property=\"og:url\" content=\"https:\/\/www.ile-blanche.com\/de\/legal-mentions\/\" \/>\n<meta property=\"og:site_name\" content=\"L&#039;\u00cele Blanche\" \/>\n<meta property=\"article:modified_time\" content=\"2022-11-08T11:17:19+00:00\" \/>\n<meta name=\"twitter:card\" content=\"summary_large_image\" \/>\n<meta name=\"twitter:label1\" content=\"Gesch\u00e4tzte Lesezeit\" \/>\n\t<meta name=\"twitter:data1\" content=\"2\u00a0Minuten\" \/>\n<script type=\"application\/ld+json\" class=\"yoast-schema-graph\">{\"@context\":\"https:\/\/schema.org\",\"@graph\":[{\"@type\":\"WebPage\",\"@id\":\"https:\/\/www.ile-blanche.com\/de\/legal-mentions\/\",\"url\":\"https:\/\/www.ile-blanche.com\/de\/legal-mentions\/\",\"name\":\"Mentions l\u00e9gales - L&#039;\u00cele Blanche\",\"isPartOf\":{\"@id\":\"https:\/\/www.ile-blanche.com\/de\/#website\"},\"datePublished\":\"2022-11-04T13:43:43+00:00\",\"dateModified\":\"2022-11-08T11:17:19+00:00\",\"breadcrumb\":{\"@id\":\"https:\/\/www.ile-blanche.com\/de\/legal-mentions\/#breadcrumb\"},\"inLanguage\":\"de\",\"potentialAction\":[{\"@type\":\"ReadAction\",\"target\":[\"https:\/\/www.ile-blanche.com\/de\/legal-mentions\/\"]}]},{\"@type\":\"BreadcrumbList\",\"@id\":\"https:\/\/www.ile-blanche.com\/de\/legal-mentions\/#breadcrumb\",\"itemListElement\":[{\"@type\":\"ListItem\",\"position\":1,\"name\":\"Campingplatz \u00cele de R\u00e9\",\"item\":\"https:\/\/www.ile-blanche.com\/de\/\"},{\"@type\":\"ListItem\",\"position\":2,\"name\":\"Mentions l\u00e9gales\"}]},{\"@type\":\"WebSite\",\"@id\":\"https:\/\/www.ile-blanche.com\/de\/#website\",\"url\":\"https:\/\/www.ile-blanche.com\/de\/\",\"name\":\"L'\u00cele Blanche\",\"description\":\"\",\"publisher\":{\"@id\":\"https:\/\/www.ile-blanche.com\/de\/#organization\"},\"potentialAction\":[{\"@type\":\"SearchAction\",\"target\":{\"@type\":\"EntryPoint\",\"urlTemplate\":\"https:\/\/www.ile-blanche.com\/de\/?s={search_term_string}\"},\"query-input\":{\"@type\":\"PropertyValueSpecification\",\"valueRequired\":true,\"valueName\":\"search_term_string\"}}],\"inLanguage\":\"de\"},{\"@type\":\"Organization\",\"@id\":\"https:\/\/www.ile-blanche.com\/de\/#organization\",\"name\":\"L'\u00cele Blanche\",\"url\":\"https:\/\/www.ile-blanche.com\/de\/\",\"logo\":{\"@type\":\"ImageObject\",\"inLanguage\":\"de\",\"@id\":\"https:\/\/www.ile-blanche.com\/de\/#\/schema\/logo\/image\/\",\"url\":\"https:\/\/www.ile-blanche.com\/wp-content\/uploads\/2022\/06\/cropped-logo-alt-ile-blanche.png\",\"contentUrl\":\"https:\/\/www.ile-blanche.com\/wp-content\/uploads\/2022\/06\/cropped-logo-alt-ile-blanche.png\",\"width\":512,\"height\":512,\"caption\":\"L'\u00cele Blanche\"},\"image\":{\"@id\":\"https:\/\/www.ile-blanche.com\/de\/#\/schema\/logo\/image\/\"}}]}<\/script>\n<!-- \/ Yoast SEO plugin. -->","yoast_head_json":{"title":"Mentions l\u00e9gales - L&#039;\u00cele Blanche","robots":{"index":"noindex","follow":"nofollow"},"og_locale":"de_DE","og_type":"article","og_title":"Mentions l\u00e9gales - L&#039;\u00cele Blanche","og_url":"https:\/\/www.ile-blanche.com\/de\/legal-mentions\/","og_site_name":"L&#039;\u00cele Blanche","article_modified_time":"2022-11-08T11:17:19+00:00","twitter_card":"summary_large_image","twitter_misc":{"Gesch\u00e4tzte Lesezeit":"2\u00a0Minuten"},"schema":{"@context":"https:\/\/schema.org","@graph":[{"@type":"WebPage","@id":"https:\/\/www.ile-blanche.com\/de\/legal-mentions\/","url":"https:\/\/www.ile-blanche.com\/de\/legal-mentions\/","name":"Mentions l\u00e9gales - L&#039;\u00cele Blanche","isPartOf":{"@id":"https:\/\/www.ile-blanche.com\/de\/#website"},"datePublished":"2022-11-04T13:43:43+00:00","dateModified":"2022-11-08T11:17:19+00:00","breadcrumb":{"@id":"https:\/\/www.ile-blanche.com\/de\/legal-mentions\/#breadcrumb"},"inLanguage":"de","potentialAction":[{"@type":"ReadAction","target":["https:\/\/www.ile-blanche.com\/de\/legal-mentions\/"]}]},{"@type":"BreadcrumbList","@id":"https:\/\/www.ile-blanche.com\/de\/legal-mentions\/#breadcrumb","itemListElement":[{"@type":"ListItem","position":1,"name":"Campingplatz \u00cele de R\u00e9","item":"https:\/\/www.ile-blanche.com\/de\/"},{"@type":"ListItem","position":2,"name":"Mentions l\u00e9gales"}]},{"@type":"WebSite","@id":"https:\/\/www.ile-blanche.com\/de\/#website","url":"https:\/\/www.ile-blanche.com\/de\/","name":"L'\u00cele Blanche","description":"","publisher":{"@id":"https:\/\/www.ile-blanche.com\/de\/#organization"},"potentialAction":[{"@type":"SearchAction","target":{"@type":"EntryPoint","urlTemplate":"https:\/\/www.ile-blanche.com\/de\/?s={search_term_string}"},"query-input":{"@type":"PropertyValueSpecification","valueRequired":true,"valueName":"search_term_string"}}],"inLanguage":"de"},{"@type":"Organization","@id":"https:\/\/www.ile-blanche.com\/de\/#organization","name":"L'\u00cele Blanche","url":"https:\/\/www.ile-blanche.com\/de\/","logo":{"@type":"ImageObject","inLanguage":"de","@id":"https:\/\/www.ile-blanche.com\/de\/#\/schema\/logo\/image\/","url":"https:\/\/www.ile-blanche.com\/wp-content\/uploads\/2022\/06\/cropped-logo-alt-ile-blanche.png","contentUrl":"https:\/\/www.ile-blanche.com\/wp-content\/uploads\/2022\/06\/cropped-logo-alt-ile-blanche.png","width":512,"height":512,"caption":"L'\u00cele Blanche"},"image":{"@id":"https:\/\/www.ile-blanche.com\/de\/#\/schema\/logo\/image\/"}}]}},"_links":{"self":[{"href":"https:\/\/www.ile-blanche.com\/de\/wp-json\/wp\/v2\/pages\/14903","targetHints":{"allow":["GET"]}}],"collection":[{"href":"https:\/\/www.ile-blanche.com\/de\/wp-json\/wp\/v2\/pages"}],"about":[{"href":"https:\/\/www.ile-blanche.com\/de\/wp-json\/wp\/v2\/types\/page"}],"author":[{"embeddable":true,"href":"https:\/\/www.ile-blanche.com\/de\/wp-json\/wp\/v2\/users\/1"}],"replies":[{"embeddable":true,"href":"https:\/\/www.ile-blanche.com\/de\/wp-json\/wp\/v2\/comments?post=14903"}],"version-history":[{"count":3,"href":"https:\/\/www.ile-blanche.com\/de\/wp-json\/wp\/v2\/pages\/14903\/revisions"}],"predecessor-version":[{"id":15528,"href":"https:\/\/www.ile-blanche.com\/de\/wp-json\/wp\/v2\/pages\/14903\/revisions\/15528"}],"wp:attachment":[{"href":"https:\/\/www.ile-blanche.com\/de\/wp-json\/wp\/v2\/media?parent=14903"}],"wp:term":[{"taxonomy":"sujet","embeddable":true,"href":"https:\/\/www.ile-blanche.com\/de\/wp-json\/wp\/v2\/sujet?post=14903"}],"curies":[{"name":"wp","href":"https:\/\/api.w.org\/{rel}","templated":true}]}}