{"id":14865,"date":"2022-11-04T14:07:53","date_gmt":"2022-11-04T13:07:53","guid":{"rendered":"https:\/\/www.ile-blanche.com\/nos-services\/"},"modified":"2022-11-10T17:30:04","modified_gmt":"2022-11-10T16:30:04","slug":"unsere-dienste","status":"publish","type":"page","link":"https:\/\/www.ile-blanche.com\/de\/unsere-dienste\/","title":{"rendered":"Nos services"},"content":{"rendered":"<section id=\"ls-section-block_14139a99160681ba20890473244d9fc2\" class=\"ls-section  page-one home-fourth m-b-0\" >\n        <div class=\"container container--wide\">\n        \n\n<div class=\"wp-block-columns is-layout-flex wp-container-core-columns-is-layout-9d6595d7 wp-block-columns-is-layout-flex\">\n<div class=\"wp-block-column is-vertically-aligned-center is-layout-flow wp-block-column-is-layout-flow\">\n<figure class=\"wp-block-image size-full\"><a href=\"https:\/\/www.ile-blanche.com\/wp-content\/uploads\/2022\/09\/accueil-reception-1.jpg\"><img decoding=\"async\" width=\"990\" height=\"634\" src=\"https:\/\/www.ile-blanche.com\/wp-content\/uploads\/2022\/09\/accueil-reception-1.jpg\" alt=\"Empfang Rezeption\" class=\"wp-image-14118\" srcset=\"https:\/\/www.ile-blanche.com\/wp-content\/uploads\/2022\/09\/accueil-reception-1.jpg 990w, https:\/\/www.ile-blanche.com\/wp-content\/uploads\/2022\/09\/accueil-reception-1-300x192.jpg 300w, https:\/\/www.ile-blanche.com\/wp-content\/uploads\/2022\/09\/accueil-reception-1-768x492.jpg 768w\" sizes=\"(max-width: 990px) 100vw, 990px\" \/><\/a><\/figure>\n<\/div>\n\n\n\n<div class=\"wp-block-column is-vertically-aligned-center is-layout-flow wp-block-column-is-layout-flow\">\n<h1 class=\"ls-heading wp-block-heading\">Die Dienstleistungen unseres campingplatzes<\/h1>\n\n\n\n<h2 class=\"ls-heading wp-block-heading\">Empfang und touristische Informationen<\/h2>\n\n\n\n<p class=\"ls-paragraph\">Das gesamte Team des Campingplatzes Ile Blanche gibt Ihnen gerne Auskunft \u00fcber Rad- und Wandertouren, Angeln, die Gastronomie von R\u00e9thaise, die unumg\u00e4nglichen Sehensw\u00fcrdigkeiten, die Natur und die Geschichte der Insel.<\/p>\n\n\n\n<p class=\"ls-paragraph\">Z\u00f6gern Sie nicht, uns an der Rezeption zu besuchen, um mehr zu erfahren!<\/p>\n<\/div>\n<\/div>\n\n\n    <\/div>\n<\/section>\n\n<section id=\"ls-section-block_318cea7cfd9d3a5d6337fd89b4e50f51\" class=\"ls-section  page-two home-second has-background has-color-4-background-color\" >\n        <div class=\"container container--full\">\n        \n\n<div class=\"wp-block-columns m-b-8 is-layout-flex wp-container-core-columns-is-layout-9d6595d7 wp-block-columns-is-layout-flex\">\n<div class=\"wp-block-column is-vertically-aligned-center column-left is-layout-flow wp-block-column-is-layout-flow\" style=\"flex-basis:33.33%\">\n<h2 class=\"ls-heading wp-block-heading\">Bibliothek<\/h2>\n\n\n\n<p class=\"ls-paragraph\">An der Rezeption stehen B\u00fccher und Comics f\u00fcr Kinder und Erwachsene zur freien Verf\u00fcgung, die auf Vertrauen und <strong>Austausch basieren<\/strong>. <\/p>\n\n\n\n<h2 class=\"ls__heading m-t-7 wp-block-heading\">Billard und Tischfu\u00dfball<\/h2>\n\n\n\n<p class=\"ls-paragraph\">In der Gastst\u00e4tte des campingplatzes Ile Blanche stehen Ihnen Billard und Tischfu\u00dfball zur Verf\u00fcgung, damit Sie sich austoben k\u00f6nnen!<\/p>\n\n\n\n<h2 class=\"ls-heading wp-block-heading\">&nbsp;<\/h2>\n<\/div>\n\n\n\n<div class=\"wp-block-column is-vertically-aligned-center is-layout-flow wp-block-column-is-layout-flow\" style=\"flex-basis:66.66%\">\n<figure class=\"wp-block-gallery has-nested-images columns-1 is-cropped galerie-image wp-block-gallery-1 is-layout-flex wp-block-gallery-is-layout-flex\">\n<figure class=\"wp-block-image size-full\"><a href=\"https:\/\/www.ile-blanche.com\/wp-content\/uploads\/2022\/08\/camping-baby-foot-ile-de-re.jpg\"><img decoding=\"async\" width=\"990\" height=\"634\" data-id=\"9144\" src=\"https:\/\/www.ile-blanche.com\/wp-content\/uploads\/2022\/08\/camping-baby-foot-ile-de-re.jpg\" alt=\"camping baby foot ile de re\" class=\"wp-image-9144\" srcset=\"https:\/\/www.ile-blanche.com\/wp-content\/uploads\/2022\/08\/camping-baby-foot-ile-de-re.jpg 990w, https:\/\/www.ile-blanche.com\/wp-content\/uploads\/2022\/08\/camping-baby-foot-ile-de-re-300x192.jpg 300w, https:\/\/www.ile-blanche.com\/wp-content\/uploads\/2022\/08\/camping-baby-foot-ile-de-re-768x492.jpg 768w\" sizes=\"(max-width: 990px) 100vw, 990px\" \/><\/a><\/figure>\n\n\n\n<figure class=\"wp-block-image size-full\"><a href=\"https:\/\/www.ile-blanche.com\/wp-content\/uploads\/2022\/09\/marche-babyfoot.jpg\"><img decoding=\"async\" width=\"990\" height=\"634\" data-id=\"14124\" src=\"https:\/\/www.ile-blanche.com\/wp-content\/uploads\/2022\/09\/marche-babyfoot.jpg\" alt=\"babyfoot\" class=\"wp-image-14124\" srcset=\"https:\/\/www.ile-blanche.com\/wp-content\/uploads\/2022\/09\/marche-babyfoot.jpg 990w, https:\/\/www.ile-blanche.com\/wp-content\/uploads\/2022\/09\/marche-babyfoot-300x192.jpg 300w, https:\/\/www.ile-blanche.com\/wp-content\/uploads\/2022\/09\/marche-babyfoot-768x492.jpg 768w\" sizes=\"(max-width: 990px) 100vw, 990px\" \/><\/a><\/figure>\n\n\n\n<figure class=\"wp-block-image size-full\"><a href=\"https:\/\/www.ile-blanche.com\/wp-content\/uploads\/2022\/09\/activites-enfants.jpg\"><img decoding=\"async\" width=\"990\" height=\"634\" data-id=\"14176\" src=\"https:\/\/www.ile-blanche.com\/wp-content\/uploads\/2022\/09\/activites-enfants.jpg\" alt=\"Kinderaktivit\u00e4ten\" class=\"wp-image-14176\" srcset=\"https:\/\/www.ile-blanche.com\/wp-content\/uploads\/2022\/09\/activites-enfants.jpg 990w, https:\/\/www.ile-blanche.com\/wp-content\/uploads\/2022\/09\/activites-enfants-300x192.jpg 300w, https:\/\/www.ile-blanche.com\/wp-content\/uploads\/2022\/09\/activites-enfants-768x492.jpg 768w\" sizes=\"(max-width: 990px) 100vw, 990px\" \/><\/a><\/figure>\n<\/figure>\n<\/div>\n<\/div>\n\n\n    <\/div>\n<\/section>\n\n<section id=\"ls-section-block_982361cadd943c59c824d99e24a0605a\" class=\"ls-section  home-seventh \" >\n        <div class=\"container container--full\">\n        \n\n<div class=\"wp-block-columns are-vertically-aligned-center is-layout-flex wp-container-core-columns-is-layout-9d6595d7 wp-block-columns-is-layout-flex\">\n<div class=\"wp-block-column is-vertically-aligned-center is-layout-flow wp-block-column-is-layout-flow\" style=\"flex-basis:66.66%\">\n<figure class=\"wp-block-image size-full\"><img decoding=\"async\" width=\"990\" height=\"634\" src=\"https:\/\/www.ile-blanche.com\/wp-content\/uploads\/2022\/09\/location-barbecue-plancha.jpg\" alt=\"vermietung grill plancha\" class=\"wp-image-14164\" srcset=\"https:\/\/www.ile-blanche.com\/wp-content\/uploads\/2022\/09\/location-barbecue-plancha.jpg 990w, https:\/\/www.ile-blanche.com\/wp-content\/uploads\/2022\/09\/location-barbecue-plancha-300x192.jpg 300w, https:\/\/www.ile-blanche.com\/wp-content\/uploads\/2022\/09\/location-barbecue-plancha-768x492.jpg 768w\" sizes=\"(max-width: 990px) 100vw, 990px\" \/><\/figure>\n<\/div>\n\n\n\n<div class=\"wp-block-column is-vertically-aligned-center column-right is-layout-flow wp-block-column-is-layout-flow\" style=\"flex-basis:33.33%\">\n<h2 class=\"ls-heading wp-block-heading\">Verleih von Grills und Planchas<\/h2>\n\n\n\n<p class=\"ls-paragraph\">Wenn Sie an einem Sommerabend mit Ihrer Familie oder Ihren Freunden im Freien essen m\u00f6chten, k\u00f6nnen Sie bei uns <strong>Planchas mieten<\/strong>, die sich ideal zum Kochen von Fisch und Fleisch eignen. Der Preis betr\u00e4gt 5 \u20ac pro Tag oder 25 \u20ac pro Woche.<\/p>\n\n\n\n<p class=\"ls-paragraph\">Dies ist die perfekte Gelegenheit, um sich vor Ihrem Mobilheim auf dem <a href=\"\/de\/\">campingplatz in \u00cele-de-R\u00e9<\/a> zu treffen und gemeinsam zu <strong>grillen<\/strong>!<\/p>\n\n\n\n<h2 class=\"ls__heading m-t-7 wp-block-heading\">WIFI<\/h2>\n\n\n\n<p class=\"ls-paragraph\">Wifi ist auf dem gesamten campingplatz verf\u00fcgbar, ebenso wie in der Rezeption, auf der Terrasse und in der Gastst\u00e4tte. <\/p>\n<\/div>\n<\/div>\n\n\n    <\/div>\n<\/section>\n\n<section id=\"ls-section-block_ffcecf5b5ee7864ed3d0b3167c8f6b74\" class=\"ls-section  page-four has-background-image has-p-t p-t-20\" >\n    <div class=\"ls-section__background-image opacity-100\"><img decoding=\"async\" src=\"https:\/\/www.ile-blanche.com\/wp-content\/uploads\/2022\/09\/sanitaire.jpg\" alt=\"sanitaires\"><\/div>    <div class=\"container container--wide\">\n        \n\n<div class=\"wp-block-columns is-layout-flex wp-container-core-columns-is-layout-9d6595d7 wp-block-columns-is-layout-flex\">\n<div class=\"wp-block-column is-layout-flow wp-block-column-is-layout-flow\">\n<h2 class=\"ls-heading wp-block-heading\">Sanit\u00e4re Einrichtungen<\/h2>\n\n\n\n<p class=\"ls-paragraph has-color-white-color has-text-color\">Der Sanit\u00e4rbereich ist im Juli und August w\u00e4hrend der Schulferien ge\u00f6ffnet. Duschen und Toiletten werden dort t\u00e4glich gereinigt, damit Sie sich wohlf\u00fchlen.<\/p>\n<\/div>\n<\/div>\n\n\n    <\/div>\n<\/section>\n\n<section id=\"ls-section-block_318cea7cfd9d3a5d6337fd89b4e50f51\" class=\"ls-section  page-two home-second has-background has-color-4-background-color\" >\n        <div class=\"container container--full\">\n        \n\n<div class=\"wp-block-columns m-b-8 is-layout-flex wp-container-core-columns-is-layout-9d6595d7 wp-block-columns-is-layout-flex\">\n<div class=\"wp-block-column is-vertically-aligned-center column-left is-layout-flow wp-block-column-is-layout-flow\" style=\"flex-basis:33.33%\">\n<h2 class=\"ls-heading wp-block-heading\">W\u00e4scherei<\/h2>\n\n\n\n<p class=\"ls-paragraph\">Der <strong>Waschsalon<\/strong> ist w\u00e4hrend der gesamten \u00d6ffnungszeiten des campingplatzes ge\u00f6ffnet, Waschmaschinen und Trockner k\u00f6nnen mit M\u00fcnzen benutzt werden.<\/p>\n\n\n\n<p class=\"ls-paragraph\"><\/p>\n\n\n\n<h2 class=\"ls__heading m-t-7 wp-block-heading\">Brotdepot<\/h2>\n\n\n\n<p class=\"ls-paragraph\">Das <strong>Brotdepot<\/strong> und Geb\u00e4cklager ist w\u00e4hrend der Schulferien aktiv, wobei Sie am Vortag f\u00fcr den n\u00e4chsten Tag in der Gastst\u00e4tte oder an der Rezeption reservieren k\u00f6nnen. <\/p>\n<\/div>\n\n\n\n<div class=\"wp-block-column is-vertically-aligned-center is-layout-flow wp-block-column-is-layout-flow\" style=\"flex-basis:66.66%\">\n<figure class=\"wp-block-gallery has-nested-images columns-1 is-cropped galerie-image wp-block-gallery-2 is-layout-flex wp-block-gallery-is-layout-flex\">\n<figure class=\"wp-block-image size-full\"><a href=\"https:\/\/www.ile-blanche.com\/wp-content\/uploads\/2022\/09\/laverie.jpg\"><img decoding=\"async\" width=\"990\" height=\"634\" data-id=\"14105\" src=\"https:\/\/www.ile-blanche.com\/wp-content\/uploads\/2022\/09\/laverie.jpg\" alt=\"W\u00e4scherei\" class=\"wp-image-14105\" srcset=\"https:\/\/www.ile-blanche.com\/wp-content\/uploads\/2022\/09\/laverie.jpg 990w, https:\/\/www.ile-blanche.com\/wp-content\/uploads\/2022\/09\/laverie-300x192.jpg 300w, https:\/\/www.ile-blanche.com\/wp-content\/uploads\/2022\/09\/laverie-768x492.jpg 768w\" sizes=\"(max-width: 990px) 100vw, 990px\" \/><\/a><\/figure>\n\n\n\n<figure class=\"wp-block-image size-full\"><a href=\"https:\/\/www.ile-blanche.com\/wp-content\/uploads\/2022\/09\/viennoiseries.jpg\"><img decoding=\"async\" width=\"990\" height=\"634\" data-id=\"14137\" src=\"https:\/\/www.ile-blanche.com\/wp-content\/uploads\/2022\/09\/viennoiseries.jpg\" alt=\"Geb\u00e4ck\" class=\"wp-image-14137\" srcset=\"https:\/\/www.ile-blanche.com\/wp-content\/uploads\/2022\/09\/viennoiseries.jpg 990w, https:\/\/www.ile-blanche.com\/wp-content\/uploads\/2022\/09\/viennoiseries-300x192.jpg 300w, https:\/\/www.ile-blanche.com\/wp-content\/uploads\/2022\/09\/viennoiseries-768x492.jpg 768w\" sizes=\"(max-width: 990px) 100vw, 990px\" \/><\/a><\/figure>\n\n\n\n<figure class=\"wp-block-image size-full\"><a href=\"https:\/\/www.ile-blanche.com\/wp-content\/uploads\/2022\/09\/depot-de-pain.jpg\"><img decoding=\"async\" width=\"990\" height=\"634\" data-id=\"14132\" src=\"https:\/\/www.ile-blanche.com\/wp-content\/uploads\/2022\/09\/depot-de-pain.jpg\" alt=\"Brotdepot\" class=\"wp-image-14132\" srcset=\"https:\/\/www.ile-blanche.com\/wp-content\/uploads\/2022\/09\/depot-de-pain.jpg 990w, https:\/\/www.ile-blanche.com\/wp-content\/uploads\/2022\/09\/depot-de-pain-300x192.jpg 300w, https:\/\/www.ile-blanche.com\/wp-content\/uploads\/2022\/09\/depot-de-pain-768x492.jpg 768w\" sizes=\"(max-width: 990px) 100vw, 990px\" \/><\/a><\/figure>\n\n\n\n<figure class=\"wp-block-image size-full\"><a href=\"https:\/\/www.ile-blanche.com\/wp-content\/uploads\/2022\/09\/pain.jpg\"><img decoding=\"async\" width=\"990\" height=\"634\" data-id=\"14141\" src=\"https:\/\/www.ile-blanche.com\/wp-content\/uploads\/2022\/09\/pain.jpg\" alt=\"Brot\" class=\"wp-image-14141\" srcset=\"https:\/\/www.ile-blanche.com\/wp-content\/uploads\/2022\/09\/pain.jpg 990w, https:\/\/www.ile-blanche.com\/wp-content\/uploads\/2022\/09\/pain-300x192.jpg 300w, https:\/\/www.ile-blanche.com\/wp-content\/uploads\/2022\/09\/pain-768x492.jpg 768w\" sizes=\"(max-width: 990px) 100vw, 990px\" \/><\/a><\/figure>\n<\/figure>\n<\/div>\n<\/div>\n\n\n    <\/div>\n<\/section>\n\n<section id=\"ls-section-block_06ba476a1c12d7dd5cb8411e9e47ecc3\" class=\"ls-section  home-eighth m-b-0\" >\n        <div class=\"container container--wide\">\n        \n\n<div id=\"ls-heading ls-titre-div-block_3a8a15f5f760de159e18bb15941b4d9b\" class=\"ls-titre-div aligncenter h2-like\" >\n    Entdecken Sie die Snackbar, die Animationen &amp; Aktivit\u00e4ten auf dem campingplatz<\/div>\n\n\n<div id=\"ls-maillage-block_4dcc05719868e7364ec08cdf5af320fc\" class=\"ls-maillage cta-style-normal\" data-rows=\"3\">\r\n    <div class=\"wp-block-columns\"><div class=\"wp-block-column\"><div class=\"ls-cta\">\n\n<a href=\"https:\/\/www.ile-blanche.com\/de\/snack-und-gastronomie\/\" target=\"\" rel=\"noopener\" class=\"ls-cta__link\">\n\n\t<div class=\"ls-cta__image\"><img decoding=\"async\" src=\"https:\/\/www.ile-blanche.com\/wp-content\/uploads\/2022\/08\/restaurant-terasse-ile-de-re.jpg\" alt=\"restaurant-terrasse-ile-de-re\"><\/div>\t<span class=\"ile-blanche-right-arrow\"><\/span>\n\t<div class=\"ls-cta__title\">\n\t\t> Snacks und Gastst\u00e4tten\t<\/div>\n\n\t\n<\/a><\/div><\/div><div class=\"wp-block-column\"><div class=\"ls-cta\">\n\n<a href=\"https:\/\/www.ile-blanche.com\/de\/vermietung-fahrrad\/\" target=\"\" rel=\"noopener\" class=\"ls-cta__link\">\n\n\t<div class=\"ls-cta__image\"><img decoding=\"async\" src=\"https:\/\/www.ile-blanche.com\/wp-content\/uploads\/2022\/08\/location-velo-ile-de-re.jpg\" alt=\"location velo ile de re\"><\/div>\t<span class=\"ile-blanche-right-arrow\"><\/span>\n\t<div class=\"ls-cta__title\">\n\t\t> FAHRRADVERLEIH\t<\/div>\n\n\t\n<\/a><\/div><\/div><div class=\"wp-block-column\"><div class=\"ls-cta\">\n\n<a href=\"https:\/\/www.ile-blanche.com\/de\/freizeit-und-unterhaltung\/\" target=\"\" rel=\"noopener\" class=\"ls-cta__link\">\n\n\t<div class=\"ls-cta__image\"><img decoding=\"async\" src=\"https:\/\/www.ile-blanche.com\/wp-content\/uploads\/2022\/09\/animation-camping-re.jpg\" alt=\"animation camping re\"><\/div>\t<span class=\"ile-blanche-right-arrow\"><\/span>\n\t<div class=\"ls-cta__title\">\n\t\t> Freizeit und Aktivit\u00e4ten\t<\/div>\n\n\t\n<\/a><\/div><\/div><\/div><\/div>\n\n    <\/div>\n<\/section>","protected":false},"excerpt":{"rendered":"","protected":false},"author":1,"featured_media":14096,"parent":0,"menu_order":0,"comment_status":"closed","ping_status":"closed","template":"","meta":{"_acf_changed":false,"footnotes":""},"sujet":[],"class_list":["post-14865","page","type-page","status-publish","has-post-thumbnail","hentry"],"acf":[],"yoast_head":"<!-- This site is optimized with the Yoast SEO plugin v25.3 - https:\/\/yoast.com\/wordpress\/plugins\/seo\/ -->\n<title>Familiencampingplatz \u00cele de R\u00e9 | Entdecken Sie unsere Leistungen<\/title>\n<meta name=\"robots\" content=\"index, follow, max-snippet:-1, max-image-preview:large, max-video-preview:-1\" \/>\n<link rel=\"canonical\" href=\"https:\/\/www.ile-blanche.com\/de\/unsere-dienste\/\" \/>\n<meta property=\"og:locale\" content=\"de_DE\" \/>\n<meta property=\"og:type\" content=\"article\" \/>\n<meta property=\"og:title\" content=\"Familiencampingplatz \u00cele de R\u00e9 | Entdecken Sie unsere Leistungen\" \/>\n<meta property=\"og:url\" content=\"https:\/\/www.ile-blanche.com\/de\/unsere-dienste\/\" \/>\n<meta property=\"og:site_name\" content=\"L&#039;\u00cele Blanche\" \/>\n<meta property=\"article:modified_time\" content=\"2022-11-10T16:30:04+00:00\" \/>\n<meta property=\"og:image\" content=\"https:\/\/www.ile-blanche.com\/wp-content\/uploads\/2022\/09\/reception-camping-ile-blanche-1.jpg\" \/>\n\t<meta property=\"og:image:width\" content=\"1900\" \/>\n\t<meta property=\"og:image:height\" content=\"480\" \/>\n\t<meta property=\"og:image:type\" content=\"image\/jpeg\" \/>\n<meta name=\"twitter:card\" content=\"summary_large_image\" \/>\n<meta name=\"twitter:label1\" content=\"Gesch\u00e4tzte Lesezeit\" \/>\n\t<meta name=\"twitter:data1\" content=\"4\u00a0Minuten\" \/>\n<script type=\"application\/ld+json\" class=\"yoast-schema-graph\">{\"@context\":\"https:\/\/schema.org\",\"@graph\":[{\"@type\":\"WebPage\",\"@id\":\"https:\/\/www.ile-blanche.com\/de\/unsere-dienste\/\",\"url\":\"https:\/\/www.ile-blanche.com\/de\/unsere-dienste\/\",\"name\":\"Familiencampingplatz \u00cele de R\u00e9 | Entdecken Sie unsere Leistungen\",\"isPartOf\":{\"@id\":\"https:\/\/www.ile-blanche.com\/de\/#website\"},\"primaryImageOfPage\":{\"@id\":\"https:\/\/www.ile-blanche.com\/de\/unsere-dienste\/#primaryimage\"},\"image\":{\"@id\":\"https:\/\/www.ile-blanche.com\/de\/unsere-dienste\/#primaryimage\"},\"thumbnailUrl\":\"https:\/\/www.ile-blanche.com\/wp-content\/uploads\/2022\/09\/reception-camping-ile-blanche-1.jpg\",\"datePublished\":\"2022-11-04T13:07:53+00:00\",\"dateModified\":\"2022-11-10T16:30:04+00:00\",\"breadcrumb\":{\"@id\":\"https:\/\/www.ile-blanche.com\/de\/unsere-dienste\/#breadcrumb\"},\"inLanguage\":\"de\",\"potentialAction\":[{\"@type\":\"ReadAction\",\"target\":[\"https:\/\/www.ile-blanche.com\/de\/unsere-dienste\/\"]}]},{\"@type\":\"ImageObject\",\"inLanguage\":\"de\",\"@id\":\"https:\/\/www.ile-blanche.com\/de\/unsere-dienste\/#primaryimage\",\"url\":\"https:\/\/www.ile-blanche.com\/wp-content\/uploads\/2022\/09\/reception-camping-ile-blanche-1.jpg\",\"contentUrl\":\"https:\/\/www.ile-blanche.com\/wp-content\/uploads\/2022\/09\/reception-camping-ile-blanche-1.jpg\",\"width\":1900,\"height\":480,\"caption\":\"reception camping ile blanche\"},{\"@type\":\"BreadcrumbList\",\"@id\":\"https:\/\/www.ile-blanche.com\/de\/unsere-dienste\/#breadcrumb\",\"itemListElement\":[{\"@type\":\"ListItem\",\"position\":1,\"name\":\"Campingplatz \u00cele de R\u00e9\",\"item\":\"https:\/\/www.ile-blanche.com\/de\/\"},{\"@type\":\"ListItem\",\"position\":2,\"name\":\"Die Dienstleistungen des campingplatzes\"}]},{\"@type\":\"WebSite\",\"@id\":\"https:\/\/www.ile-blanche.com\/de\/#website\",\"url\":\"https:\/\/www.ile-blanche.com\/de\/\",\"name\":\"L'\u00cele Blanche\",\"description\":\"\",\"publisher\":{\"@id\":\"https:\/\/www.ile-blanche.com\/de\/#organization\"},\"potentialAction\":[{\"@type\":\"SearchAction\",\"target\":{\"@type\":\"EntryPoint\",\"urlTemplate\":\"https:\/\/www.ile-blanche.com\/de\/?s={search_term_string}\"},\"query-input\":{\"@type\":\"PropertyValueSpecification\",\"valueRequired\":true,\"valueName\":\"search_term_string\"}}],\"inLanguage\":\"de\"},{\"@type\":\"Organization\",\"@id\":\"https:\/\/www.ile-blanche.com\/de\/#organization\",\"name\":\"L'\u00cele Blanche\",\"url\":\"https:\/\/www.ile-blanche.com\/de\/\",\"logo\":{\"@type\":\"ImageObject\",\"inLanguage\":\"de\",\"@id\":\"https:\/\/www.ile-blanche.com\/de\/#\/schema\/logo\/image\/\",\"url\":\"https:\/\/www.ile-blanche.com\/wp-content\/uploads\/2022\/06\/cropped-logo-alt-ile-blanche.png\",\"contentUrl\":\"https:\/\/www.ile-blanche.com\/wp-content\/uploads\/2022\/06\/cropped-logo-alt-ile-blanche.png\",\"width\":512,\"height\":512,\"caption\":\"L'\u00cele Blanche\"},\"image\":{\"@id\":\"https:\/\/www.ile-blanche.com\/de\/#\/schema\/logo\/image\/\"}}]}<\/script>\n<!-- \/ Yoast SEO plugin. -->","yoast_head_json":{"title":"Familiencampingplatz \u00cele de R\u00e9 | Entdecken Sie unsere Leistungen","robots":{"index":"index","follow":"follow","max-snippet":"max-snippet:-1","max-image-preview":"max-image-preview:large","max-video-preview":"max-video-preview:-1"},"canonical":"https:\/\/www.ile-blanche.com\/de\/unsere-dienste\/","og_locale":"de_DE","og_type":"article","og_title":"Familiencampingplatz \u00cele de R\u00e9 | Entdecken Sie unsere Leistungen","og_url":"https:\/\/www.ile-blanche.com\/de\/unsere-dienste\/","og_site_name":"L&#039;\u00cele Blanche","article_modified_time":"2022-11-10T16:30:04+00:00","og_image":[{"width":1900,"height":480,"url":"https:\/\/www.ile-blanche.com\/wp-content\/uploads\/2022\/09\/reception-camping-ile-blanche-1.jpg","type":"image\/jpeg"}],"twitter_card":"summary_large_image","twitter_misc":{"Gesch\u00e4tzte Lesezeit":"4\u00a0Minuten"},"schema":{"@context":"https:\/\/schema.org","@graph":[{"@type":"WebPage","@id":"https:\/\/www.ile-blanche.com\/de\/unsere-dienste\/","url":"https:\/\/www.ile-blanche.com\/de\/unsere-dienste\/","name":"Familiencampingplatz \u00cele de R\u00e9 | Entdecken Sie unsere Leistungen","isPartOf":{"@id":"https:\/\/www.ile-blanche.com\/de\/#website"},"primaryImageOfPage":{"@id":"https:\/\/www.ile-blanche.com\/de\/unsere-dienste\/#primaryimage"},"image":{"@id":"https:\/\/www.ile-blanche.com\/de\/unsere-dienste\/#primaryimage"},"thumbnailUrl":"https:\/\/www.ile-blanche.com\/wp-content\/uploads\/2022\/09\/reception-camping-ile-blanche-1.jpg","datePublished":"2022-11-04T13:07:53+00:00","dateModified":"2022-11-10T16:30:04+00:00","breadcrumb":{"@id":"https:\/\/www.ile-blanche.com\/de\/unsere-dienste\/#breadcrumb"},"inLanguage":"de","potentialAction":[{"@type":"ReadAction","target":["https:\/\/www.ile-blanche.com\/de\/unsere-dienste\/"]}]},{"@type":"ImageObject","inLanguage":"de","@id":"https:\/\/www.ile-blanche.com\/de\/unsere-dienste\/#primaryimage","url":"https:\/\/www.ile-blanche.com\/wp-content\/uploads\/2022\/09\/reception-camping-ile-blanche-1.jpg","contentUrl":"https:\/\/www.ile-blanche.com\/wp-content\/uploads\/2022\/09\/reception-camping-ile-blanche-1.jpg","width":1900,"height":480,"caption":"reception camping ile blanche"},{"@type":"BreadcrumbList","@id":"https:\/\/www.ile-blanche.com\/de\/unsere-dienste\/#breadcrumb","itemListElement":[{"@type":"ListItem","position":1,"name":"Campingplatz \u00cele de R\u00e9","item":"https:\/\/www.ile-blanche.com\/de\/"},{"@type":"ListItem","position":2,"name":"Die Dienstleistungen des campingplatzes"}]},{"@type":"WebSite","@id":"https:\/\/www.ile-blanche.com\/de\/#website","url":"https:\/\/www.ile-blanche.com\/de\/","name":"L'\u00cele Blanche","description":"","publisher":{"@id":"https:\/\/www.ile-blanche.com\/de\/#organization"},"potentialAction":[{"@type":"SearchAction","target":{"@type":"EntryPoint","urlTemplate":"https:\/\/www.ile-blanche.com\/de\/?s={search_term_string}"},"query-input":{"@type":"PropertyValueSpecification","valueRequired":true,"valueName":"search_term_string"}}],"inLanguage":"de"},{"@type":"Organization","@id":"https:\/\/www.ile-blanche.com\/de\/#organization","name":"L'\u00cele Blanche","url":"https:\/\/www.ile-blanche.com\/de\/","logo":{"@type":"ImageObject","inLanguage":"de","@id":"https:\/\/www.ile-blanche.com\/de\/#\/schema\/logo\/image\/","url":"https:\/\/www.ile-blanche.com\/wp-content\/uploads\/2022\/06\/cropped-logo-alt-ile-blanche.png","contentUrl":"https:\/\/www.ile-blanche.com\/wp-content\/uploads\/2022\/06\/cropped-logo-alt-ile-blanche.png","width":512,"height":512,"caption":"L'\u00cele Blanche"},"image":{"@id":"https:\/\/www.ile-blanche.com\/de\/#\/schema\/logo\/image\/"}}]}},"_links":{"self":[{"href":"https:\/\/www.ile-blanche.com\/de\/wp-json\/wp\/v2\/pages\/14865","targetHints":{"allow":["GET"]}}],"collection":[{"href":"https:\/\/www.ile-blanche.com\/de\/wp-json\/wp\/v2\/pages"}],"about":[{"href":"https:\/\/www.ile-blanche.com\/de\/wp-json\/wp\/v2\/types\/page"}],"author":[{"embeddable":true,"href":"https:\/\/www.ile-blanche.com\/de\/wp-json\/wp\/v2\/users\/1"}],"replies":[{"embeddable":true,"href":"https:\/\/www.ile-blanche.com\/de\/wp-json\/wp\/v2\/comments?post=14865"}],"version-history":[{"count":6,"href":"https:\/\/www.ile-blanche.com\/de\/wp-json\/wp\/v2\/pages\/14865\/revisions"}],"predecessor-version":[{"id":16453,"href":"https:\/\/www.ile-blanche.com\/de\/wp-json\/wp\/v2\/pages\/14865\/revisions\/16453"}],"wp:featuredmedia":[{"embeddable":true,"href":"https:\/\/www.ile-blanche.com\/de\/wp-json\/wp\/v2\/media\/14096"}],"wp:attachment":[{"href":"https:\/\/www.ile-blanche.com\/de\/wp-json\/wp\/v2\/media?parent=14865"}],"wp:term":[{"taxonomy":"sujet","embeddable":true,"href":"https:\/\/www.ile-blanche.com\/de\/wp-json\/wp\/v2\/sujet?post=14865"}],"curies":[{"name":"wp","href":"https:\/\/api.w.org\/{rel}","templated":true}]}}