{"id":14842,"date":"2022-11-04T13:10:03","date_gmt":"2022-11-04T12:10:03","guid":{"rendered":"https:\/\/www.ile-blanche.com\/snack-et-restauration\/"},"modified":"2022-11-08T15:56:29","modified_gmt":"2022-11-08T14:56:29","slug":"snack-und-gastronomie","status":"publish","type":"page","link":"https:\/\/www.ile-blanche.com\/de\/snack-und-gastronomie\/","title":{"rendered":"Snack et restauration"},"content":{"rendered":"<section id=\"ls-section-block_c85133ca2fdcac5b291741fbd41077ef\" class=\"ls-section  page-one home-fourth m-b-0\" >\n        <div class=\"container container--wide\">\n        \n\n<div class=\"wp-block-columns is-layout-flex wp-container-core-columns-is-layout-9d6595d7 wp-block-columns-is-layout-flex\">\n<div class=\"wp-block-column is-vertically-aligned-center is-layout-flow wp-block-column-is-layout-flow\">\n<figure class=\"wp-block-image size-full\"><a href=\"https:\/\/www.ile-blanche.com\/wp-content\/uploads\/2022\/08\/bar-ile-de-re.jpg\"><img decoding=\"async\" width=\"990\" height=\"634\" src=\"https:\/\/www.ile-blanche.com\/wp-content\/uploads\/2022\/08\/bar-ile-de-re.jpg\" alt=\"bar ile de re\" class=\"wp-image-9020\" srcset=\"https:\/\/www.ile-blanche.com\/wp-content\/uploads\/2022\/08\/bar-ile-de-re.jpg 990w, https:\/\/www.ile-blanche.com\/wp-content\/uploads\/2022\/08\/bar-ile-de-re-300x192.jpg 300w, https:\/\/www.ile-blanche.com\/wp-content\/uploads\/2022\/08\/bar-ile-de-re-768x492.jpg 768w\" sizes=\"(max-width: 990px) 100vw, 990px\" \/><\/a><\/figure>\n<\/div>\n\n\n\n<div class=\"wp-block-column is-vertically-aligned-center is-layout-flow wp-block-column-is-layout-flow\">\n<h1 class=\"ls-heading wp-block-heading\">Snacks und Gastst\u00e4tten<\/h1>\n\n\n\n<h2 class=\"ls-heading wp-block-heading\">Ihre Gastst\u00e4tte auf der \u00cele de R\u00e9 in La Flotte<\/h2>\n\n\n\n<p class=\"ls-paragraph\">Sie suchen eine <strong>Gastst\u00e4tte in La Flotte en R\u00e9<\/strong>?<\/p>\n\n\n\n<p class=\"ls-paragraph\"><strong>Ein freundlicher und herzlicher Empfang<\/strong> erwartet Sie im <strong>Poseidon<\/strong>!!!<\/p>\n\n\n\n<p class=\"ls-paragraph\">Auf der Terrasse oder in unserem gro\u00dfen Panoramasaal k\u00f6nnen Sie sich erfrischen und essen, w\u00e4hrend Sie den <strong>Spielplatz<\/strong> und das <strong>Schwimmbad<\/strong> im Auge behalten.<\/p>\n\n\n\n<p class=\"ls-paragraph\">Jeden Tag wird das Men\u00fc der Gastst\u00e4tte La Flotte en R\u00e9 angezeigt , die Speisekarte mit hausgemachten Pizzen sowie kleinen Snacks. F\u00fcr die s\u00fc\u00dfen Gel\u00fcste: Hausgemachte Desserts und Eis stehen zu Ihrer Verf\u00fcgung. Entscheiden Sie sich f\u00fcr ein Eis und genie\u00dfen Sie es an einem der Str\u00e4nde des Atlantischen Ozeans.<\/p>\n<\/div>\n<\/div>\n\n\n    <\/div>\n<\/section>\n\n<section id=\"ls-section-block_80ed312f4eca85708b25f81346ca26c7\" class=\"ls-section  page-two home-second has-background has-color-4-background-color\" >\n        <div class=\"container container--full\">\n        \n\n<div class=\"wp-block-columns m-b-8 is-layout-flex wp-container-core-columns-is-layout-9d6595d7 wp-block-columns-is-layout-flex\">\n<div class=\"wp-block-column is-vertically-aligned-center column-left is-layout-flow wp-block-column-is-layout-flow\" style=\"flex-basis:33.33%\">\n<p class=\"ls-paragraph\">Nat\u00fcrlich k\u00f6nnen Sie auch die <strong>Terrasse<\/strong> der Gastst\u00e4tte La Flotte en R\u00e9 unweit des Dorfzentrums nutzen.<\/p>\n\n\n\n<p class=\"ls-paragraph\">Z\u00f6gern Sie nicht, uns f\u00fcr Ihr Aperitif-Dinner anzufragen: Ein garantierter Erfolg f\u00fcr Ihre Abende unter Freunden oder mit der Familie !!!!<\/p>\n\n\n\n<p class=\"ls-paragraph\">F\u00fcr Ihr morgendliches Baguette stellt Ihnen das Ile Blanche, <a href=\"\/de\/\">Campingplatz Ile de R\u00e9<\/a>, w\u00e4hrend der Schulferien ein Brot- und Geb\u00e4ckdepot zur Verf\u00fcgung.<\/p>\n<\/div>\n\n\n\n<div class=\"wp-block-column is-vertically-aligned-center is-layout-flow wp-block-column-is-layout-flow\" style=\"flex-basis:66.66%\">\n<figure class=\"wp-block-gallery has-nested-images columns-1 is-cropped galerie-image wp-block-gallery-1 is-layout-flex wp-block-gallery-is-layout-flex\">\n<figure class=\"wp-block-image size-full\"><a href=\"https:\/\/www.ile-blanche.com\/wp-content\/uploads\/2022\/08\/snack-charente-maritime.jpg\"><img decoding=\"async\" width=\"990\" height=\"634\" data-id=\"9030\" src=\"https:\/\/www.ile-blanche.com\/wp-content\/uploads\/2022\/08\/snack-charente-maritime.jpg\" alt=\"snacks charente maritime\" class=\"wp-image-9030\" srcset=\"https:\/\/www.ile-blanche.com\/wp-content\/uploads\/2022\/08\/snack-charente-maritime.jpg 990w, https:\/\/www.ile-blanche.com\/wp-content\/uploads\/2022\/08\/snack-charente-maritime-300x192.jpg 300w, https:\/\/www.ile-blanche.com\/wp-content\/uploads\/2022\/08\/snack-charente-maritime-768x492.jpg 768w\" sizes=\"(max-width: 990px) 100vw, 990px\" \/><\/a><\/figure>\n\n\n\n<figure class=\"wp-block-image size-full\"><a href=\"https:\/\/www.ile-blanche.com\/wp-content\/uploads\/2022\/08\/restaurant-local-ile-de-re.jpg\"><img decoding=\"async\" data-id=\"9045\" src=\"https:\/\/www.ile-blanche.com\/wp-content\/uploads\/2022\/08\/restaurant-local-ile-de-re.jpg\" alt=\"lokale Gastst\u00e4tte ile de re\" class=\"wp-image-9045\"\/><\/a><\/figure>\n\n\n\n<figure class=\"wp-block-image size-full\"><a href=\"https:\/\/www.ile-blanche.com\/wp-content\/uploads\/2022\/08\/restauration-ile-de-re.jpg\"><img decoding=\"async\" width=\"990\" height=\"634\" data-id=\"9026\" src=\"https:\/\/www.ile-blanche.com\/wp-content\/uploads\/2022\/08\/restauration-ile-de-re.jpg\" alt=\"Gastst\u00e4tte ile de re\" class=\"wp-image-9026\" srcset=\"https:\/\/www.ile-blanche.com\/wp-content\/uploads\/2022\/08\/restauration-ile-de-re.jpg 990w, https:\/\/www.ile-blanche.com\/wp-content\/uploads\/2022\/08\/restauration-ile-de-re-300x192.jpg 300w, https:\/\/www.ile-blanche.com\/wp-content\/uploads\/2022\/08\/restauration-ile-de-re-768x492.jpg 768w\" sizes=\"(max-width: 990px) 100vw, 990px\" \/><\/a><\/figure>\n\n\n\n<figure class=\"wp-block-image size-full\"><a href=\"https:\/\/www.ile-blanche.com\/wp-content\/uploads\/2022\/08\/bar-charente-maritime.jpg\"><img decoding=\"async\" width=\"990\" height=\"634\" data-id=\"9038\" src=\"https:\/\/www.ile-blanche.com\/wp-content\/uploads\/2022\/08\/bar-charente-maritime.jpg\" alt=\"bar charente maritime\" class=\"wp-image-9038\" srcset=\"https:\/\/www.ile-blanche.com\/wp-content\/uploads\/2022\/08\/bar-charente-maritime.jpg 990w, https:\/\/www.ile-blanche.com\/wp-content\/uploads\/2022\/08\/bar-charente-maritime-300x192.jpg 300w, https:\/\/www.ile-blanche.com\/wp-content\/uploads\/2022\/08\/bar-charente-maritime-768x492.jpg 768w\" sizes=\"(max-width: 990px) 100vw, 990px\" \/><\/a><\/figure>\n<\/figure>\n<\/div>\n<\/div>\n\n\n    <\/div>\n<\/section>\n\n<section id=\"ls-section-block_929b90aa8592d8726e851ce21fa55943\" class=\"ls-section  home-seventh\" >\n        <div class=\"container container--full\">\n        \n\n<div class=\"wp-block-columns are-vertically-aligned-center is-layout-flex wp-container-core-columns-is-layout-9d6595d7 wp-block-columns-is-layout-flex\">\n<div class=\"wp-block-column is-vertically-aligned-center is-layout-flow wp-block-column-is-layout-flow\" style=\"flex-basis:66.66%\">\n<figure class=\"wp-block-image size-full\"><img decoding=\"async\" width=\"990\" height=\"634\" src=\"https:\/\/www.ile-blanche.com\/wp-content\/uploads\/2022\/08\/snack-ile-de-re.jpg\" alt=\"snack ile de re\" class=\"wp-image-9002\" srcset=\"https:\/\/www.ile-blanche.com\/wp-content\/uploads\/2022\/08\/snack-ile-de-re.jpg 990w, https:\/\/www.ile-blanche.com\/wp-content\/uploads\/2022\/08\/snack-ile-de-re-300x192.jpg 300w, https:\/\/www.ile-blanche.com\/wp-content\/uploads\/2022\/08\/snack-ile-de-re-768x492.jpg 768w\" sizes=\"(max-width: 990px) 100vw, 990px\" \/><\/figure>\n<\/div>\n\n\n\n<div class=\"wp-block-column is-vertically-aligned-center column-right is-layout-flow wp-block-column-is-layout-flow\" style=\"flex-basis:33.33%\">\n<h2 class=\"ls-heading wp-block-heading\">Gastst\u00e4tte La Flotte en R\u00e9: Men\u00fcs und Formeln<\/h2>\n\n\n\n<p class=\"ls-paragraph\">In unserer Gastst\u00e4tte a Flotte en R\u00e9 finden Feinschmecker eine appetitliche Karte mit Snacks und Gerichten zum Mitnehmen: Aromen, die an Urlaub erinnern!<\/p>\n\n\n\n<p class=\"ls-paragraph\">Fishburger, gegrillter Fisch oder Fleisch, Moules marini\u00e8res bereichern die Speisekarte neben den unvermeidlichen Pommes frites.<\/p>\n\n\n\n<p class=\"ls-paragraph\">Auch unsere Pizzakarte ist sehr vielf\u00e4ltig, sodass f\u00fcr jeden etwas dabei ist: 3-K\u00e4se, Chorizo oder K\u00f6nigin, mit einem Dutzend verschiedener Vorschl\u00e4ge wird der Geschmack eines jeden getroffen.<\/p>\n\n\n\n<p class=\"ls-paragraph\">Gerichte, die Sie mit der <strong>Familie<\/strong> in guter Stimmung auf unserer angenehmen, sonnigen und von Palmen ges\u00e4umten Terrasse teilen k\u00f6nnen.<\/p>\n<\/div>\n<\/div>\n\n\n    <\/div>\n<\/section>\n\n<section id=\"ls-section-block_13a88005ed8fac876beb7b9dc45707fb\" class=\"ls-section  page-four has-background-image\" >\n    <div class=\"ls-section__background-image opacity-100\"><img decoding=\"async\" src=\"https:\/\/www.ile-blanche.com\/wp-content\/uploads\/2022\/08\/gastronomie-charente-maritime.jpg\" alt=\"gastronomie charente maritime\"><\/div>    <div class=\"container container--wide\">\n        \n\n<div class=\"wp-block-columns is-layout-flex wp-container-core-columns-is-layout-9d6595d7 wp-block-columns-is-layout-flex\">\n<div class=\"wp-block-column is-layout-flow wp-block-column-is-layout-flow\">\n<h2 class=\"ls-heading wp-block-heading\">Probieren Sie die lokalen Geschm\u00e4cker der Ile de R\u00e9<\/h2>\n\n\n\n<p class=\"ls-paragraph\">Im Au\u00dfenbereich und im Barraum laden <strong>Billard<\/strong> und <strong>Tischfu\u00dfball<\/strong> dazu ein, die Wartezeit bis zum Essen mit einer Partie zu \u00fcberbr\u00fccken.<\/p>\n\n\n\n<p class=\"ls-paragraph\">Eine aufwendigere K\u00fcche wird Ihnen von unserem K\u00fcchenchef angeboten, wenn Sie sich um eine richtige Mahlzeit versammeln und die lokalen Aromen probieren m\u00f6chten: Das Tagesmen\u00fc, das mit frischen Produkten und hausgemachten Zubereitungen zubereitet wird, variiert je nach Ankunft und Inspiration des K\u00fcchenchefs.<\/p>\n\n\n\n<p class=\"ls-paragraph\">Um <strong>Geschmack und Geselligkeit<\/strong> zu verbinden, werden w\u00e4hrend der Schulferien regelm\u00e4\u00dfig Themenessen am Abend angeboten (Cr\u00eapes-Abend, Muschelabend etc.).<\/p>\n<\/div>\n<\/div>\n\n\n    <\/div>\n<\/section>\n\n<section id=\"ls-section-block_c85133ca2fdcac5b291741fbd41077ef\" class=\"ls-section  page-one home-fourth m-b-0\" >\n        <div class=\"container container--wide\">\n        \n\n<div class=\"wp-block-columns is-layout-flex wp-container-core-columns-is-layout-9d6595d7 wp-block-columns-is-layout-flex\">\n<div class=\"wp-block-column is-vertically-aligned-center is-layout-flow wp-block-column-is-layout-flow\">\n<figure class=\"wp-block-image size-full\"><a href=\"https:\/\/www.ile-blanche.com\/wp-content\/uploads\/2022\/08\/restaurant-charente-maritime.jpg\"><img decoding=\"async\" width=\"990\" height=\"634\" src=\"https:\/\/www.ile-blanche.com\/wp-content\/uploads\/2022\/08\/restaurant-charente-maritime.jpg\" alt=\"Gastst\u00e4tte charente maritime\" class=\"wp-image-8958\" srcset=\"https:\/\/www.ile-blanche.com\/wp-content\/uploads\/2022\/08\/restaurant-charente-maritime.jpg 990w, https:\/\/www.ile-blanche.com\/wp-content\/uploads\/2022\/08\/restaurant-charente-maritime-300x192.jpg 300w, https:\/\/www.ile-blanche.com\/wp-content\/uploads\/2022\/08\/restaurant-charente-maritime-768x492.jpg 768w\" sizes=\"(max-width: 990px) 100vw, 990px\" \/><\/a><\/figure>\n<\/div>\n\n\n\n<div class=\"wp-block-column is-vertically-aligned-center is-layout-flow wp-block-column-is-layout-flow\">\n<h2 class=\"ls-heading wp-block-heading\">Verleih von Grills und Planchas<\/h2>\n\n\n\n<p class=\"ls-paragraph\">Um an Ihren Sommerabenden ein Essen mit der Familie oder mit Freunden im Freien zu genie\u00dfen, bieten wir Ihnen den Verleih von Grills und Planchas zum Preis von 5\u20ac pro Tag oder 25\u20ac pro Woche an.<\/p>\n\n\n\n<p class=\"ls-paragraph\">Dies ist die perfekte Gelegenheit, um sich vor Ihrem Mobilheim auf dem campingplatz in \u00cele-de-R\u00e9 zu treffen und gemeinsam zu grillen!<\/p>\n<\/div>\n<\/div>\n\n\n    <\/div>\n<\/section>\n\n<section id=\"ls-section-block_7e0420f8274f38619dd7d30a068ffb4c\" class=\"ls-section  home-eighth m-b-0\" >\n        <div class=\"container container--wide\">\n        \n    <\/div>\n<\/section>","protected":false},"excerpt":{"rendered":"","protected":false},"author":1,"featured_media":8995,"parent":0,"menu_order":0,"comment_status":"closed","ping_status":"closed","template":"","meta":{"_acf_changed":false,"footnotes":""},"sujet":[],"class_list":["post-14842","page","type-page","status-publish","has-post-thumbnail","hentry"],"acf":[],"yoast_head":"<!-- This site is optimized with the Yoast SEO plugin v25.3 - https:\/\/yoast.com\/wordpress\/plugins\/seo\/ -->\n<title>Gastst\u00e4tte La Flotte en R\u00e9 | \u00cele de R\u00e9 | Speisekarte und Preise<\/title>\n<meta name=\"description\" content=\"Erfahren Sie mehr \u00fcber die Gastst\u00e4tte auf dem campingplatz Ile Blanche, der auf der Ile de R\u00e9 liegt. Genie\u00dfen Sie die gro\u00dfe Terrasse und die regionalen Gerichte.\" \/>\n<meta name=\"robots\" content=\"index, follow, max-snippet:-1, max-image-preview:large, max-video-preview:-1\" \/>\n<link rel=\"canonical\" href=\"https:\/\/www.ile-blanche.com\/de\/snack-und-gastronomie\/\" \/>\n<meta property=\"og:locale\" content=\"de_DE\" \/>\n<meta property=\"og:type\" content=\"article\" \/>\n<meta property=\"og:title\" content=\"Gastst\u00e4tte La Flotte en R\u00e9 | \u00cele de R\u00e9 | Speisekarte und Preise\" \/>\n<meta property=\"og:description\" content=\"Erfahren Sie mehr \u00fcber die Gastst\u00e4tte auf dem campingplatz Ile Blanche, der auf der Ile de R\u00e9 liegt. Genie\u00dfen Sie die gro\u00dfe Terrasse und die regionalen Gerichte.\" \/>\n<meta property=\"og:url\" content=\"https:\/\/www.ile-blanche.com\/de\/snack-und-gastronomie\/\" \/>\n<meta property=\"og:site_name\" content=\"L&#039;\u00cele Blanche\" \/>\n<meta property=\"article:modified_time\" content=\"2022-11-08T14:56:29+00:00\" \/>\n<meta property=\"og:image\" content=\"https:\/\/www.ile-blanche.com\/wp-content\/uploads\/2022\/08\/restaurant-ile-de-re.jpg\" \/>\n\t<meta property=\"og:image:width\" content=\"1920\" \/>\n\t<meta property=\"og:image:height\" content=\"480\" \/>\n\t<meta property=\"og:image:type\" content=\"image\/jpeg\" \/>\n<meta name=\"twitter:card\" content=\"summary_large_image\" \/>\n<meta name=\"twitter:label1\" content=\"Gesch\u00e4tzte Lesezeit\" \/>\n\t<meta name=\"twitter:data1\" content=\"4\u00a0Minuten\" \/>\n<script type=\"application\/ld+json\" class=\"yoast-schema-graph\">{\"@context\":\"https:\/\/schema.org\",\"@graph\":[{\"@type\":\"WebPage\",\"@id\":\"https:\/\/www.ile-blanche.com\/de\/snack-und-gastronomie\/\",\"url\":\"https:\/\/www.ile-blanche.com\/de\/snack-und-gastronomie\/\",\"name\":\"Gastst\u00e4tte La Flotte en R\u00e9 | \u00cele de R\u00e9 | Speisekarte und Preise\",\"isPartOf\":{\"@id\":\"https:\/\/www.ile-blanche.com\/de\/#website\"},\"primaryImageOfPage\":{\"@id\":\"https:\/\/www.ile-blanche.com\/de\/snack-und-gastronomie\/#primaryimage\"},\"image\":{\"@id\":\"https:\/\/www.ile-blanche.com\/de\/snack-und-gastronomie\/#primaryimage\"},\"thumbnailUrl\":\"https:\/\/www.ile-blanche.com\/wp-content\/uploads\/2022\/08\/restaurant-ile-de-re.jpg\",\"datePublished\":\"2022-11-04T12:10:03+00:00\",\"dateModified\":\"2022-11-08T14:56:29+00:00\",\"description\":\"Erfahren Sie mehr \u00fcber die Gastst\u00e4tte auf dem campingplatz Ile Blanche, der auf der Ile de R\u00e9 liegt. Genie\u00dfen Sie die gro\u00dfe Terrasse und die regionalen Gerichte.\",\"breadcrumb\":{\"@id\":\"https:\/\/www.ile-blanche.com\/de\/snack-und-gastronomie\/#breadcrumb\"},\"inLanguage\":\"de\",\"potentialAction\":[{\"@type\":\"ReadAction\",\"target\":[\"https:\/\/www.ile-blanche.com\/de\/snack-und-gastronomie\/\"]}]},{\"@type\":\"ImageObject\",\"inLanguage\":\"de\",\"@id\":\"https:\/\/www.ile-blanche.com\/de\/snack-und-gastronomie\/#primaryimage\",\"url\":\"https:\/\/www.ile-blanche.com\/wp-content\/uploads\/2022\/08\/restaurant-ile-de-re.jpg\",\"contentUrl\":\"https:\/\/www.ile-blanche.com\/wp-content\/uploads\/2022\/08\/restaurant-ile-de-re.jpg\",\"width\":1920,\"height\":480,\"caption\":\"restaurant ile de re\"},{\"@type\":\"BreadcrumbList\",\"@id\":\"https:\/\/www.ile-blanche.com\/de\/snack-und-gastronomie\/#breadcrumb\",\"itemListElement\":[{\"@type\":\"ListItem\",\"position\":1,\"name\":\"Campingplatz \u00cele de R\u00e9\",\"item\":\"https:\/\/www.ile-blanche.com\/de\/\"},{\"@type\":\"ListItem\",\"position\":2,\"name\":\"La Flotte en R\u00e9 Gastst\u00e4tte\"}]},{\"@type\":\"WebSite\",\"@id\":\"https:\/\/www.ile-blanche.com\/de\/#website\",\"url\":\"https:\/\/www.ile-blanche.com\/de\/\",\"name\":\"L'\u00cele Blanche\",\"description\":\"\",\"publisher\":{\"@id\":\"https:\/\/www.ile-blanche.com\/de\/#organization\"},\"potentialAction\":[{\"@type\":\"SearchAction\",\"target\":{\"@type\":\"EntryPoint\",\"urlTemplate\":\"https:\/\/www.ile-blanche.com\/de\/?s={search_term_string}\"},\"query-input\":{\"@type\":\"PropertyValueSpecification\",\"valueRequired\":true,\"valueName\":\"search_term_string\"}}],\"inLanguage\":\"de\"},{\"@type\":\"Organization\",\"@id\":\"https:\/\/www.ile-blanche.com\/de\/#organization\",\"name\":\"L'\u00cele Blanche\",\"url\":\"https:\/\/www.ile-blanche.com\/de\/\",\"logo\":{\"@type\":\"ImageObject\",\"inLanguage\":\"de\",\"@id\":\"https:\/\/www.ile-blanche.com\/de\/#\/schema\/logo\/image\/\",\"url\":\"https:\/\/www.ile-blanche.com\/wp-content\/uploads\/2022\/06\/cropped-logo-alt-ile-blanche.png\",\"contentUrl\":\"https:\/\/www.ile-blanche.com\/wp-content\/uploads\/2022\/06\/cropped-logo-alt-ile-blanche.png\",\"width\":512,\"height\":512,\"caption\":\"L'\u00cele Blanche\"},\"image\":{\"@id\":\"https:\/\/www.ile-blanche.com\/de\/#\/schema\/logo\/image\/\"}}]}<\/script>\n<!-- \/ Yoast SEO plugin. -->","yoast_head_json":{"title":"Gastst\u00e4tte La Flotte en R\u00e9 | \u00cele de R\u00e9 | Speisekarte und Preise","description":"Erfahren Sie mehr \u00fcber die Gastst\u00e4tte auf dem campingplatz Ile Blanche, der auf der Ile de R\u00e9 liegt. Genie\u00dfen Sie die gro\u00dfe Terrasse und die regionalen Gerichte.","robots":{"index":"index","follow":"follow","max-snippet":"max-snippet:-1","max-image-preview":"max-image-preview:large","max-video-preview":"max-video-preview:-1"},"canonical":"https:\/\/www.ile-blanche.com\/de\/snack-und-gastronomie\/","og_locale":"de_DE","og_type":"article","og_title":"Gastst\u00e4tte La Flotte en R\u00e9 | \u00cele de R\u00e9 | Speisekarte und Preise","og_description":"Erfahren Sie mehr \u00fcber die Gastst\u00e4tte auf dem campingplatz Ile Blanche, der auf der Ile de R\u00e9 liegt. Genie\u00dfen Sie die gro\u00dfe Terrasse und die regionalen Gerichte.","og_url":"https:\/\/www.ile-blanche.com\/de\/snack-und-gastronomie\/","og_site_name":"L&#039;\u00cele Blanche","article_modified_time":"2022-11-08T14:56:29+00:00","og_image":[{"width":1920,"height":480,"url":"https:\/\/www.ile-blanche.com\/wp-content\/uploads\/2022\/08\/restaurant-ile-de-re.jpg","type":"image\/jpeg"}],"twitter_card":"summary_large_image","twitter_misc":{"Gesch\u00e4tzte Lesezeit":"4\u00a0Minuten"},"schema":{"@context":"https:\/\/schema.org","@graph":[{"@type":"WebPage","@id":"https:\/\/www.ile-blanche.com\/de\/snack-und-gastronomie\/","url":"https:\/\/www.ile-blanche.com\/de\/snack-und-gastronomie\/","name":"Gastst\u00e4tte La Flotte en R\u00e9 | \u00cele de R\u00e9 | Speisekarte und Preise","isPartOf":{"@id":"https:\/\/www.ile-blanche.com\/de\/#website"},"primaryImageOfPage":{"@id":"https:\/\/www.ile-blanche.com\/de\/snack-und-gastronomie\/#primaryimage"},"image":{"@id":"https:\/\/www.ile-blanche.com\/de\/snack-und-gastronomie\/#primaryimage"},"thumbnailUrl":"https:\/\/www.ile-blanche.com\/wp-content\/uploads\/2022\/08\/restaurant-ile-de-re.jpg","datePublished":"2022-11-04T12:10:03+00:00","dateModified":"2022-11-08T14:56:29+00:00","description":"Erfahren Sie mehr \u00fcber die Gastst\u00e4tte auf dem campingplatz Ile Blanche, der auf der Ile de R\u00e9 liegt. Genie\u00dfen Sie die gro\u00dfe Terrasse und die regionalen Gerichte.","breadcrumb":{"@id":"https:\/\/www.ile-blanche.com\/de\/snack-und-gastronomie\/#breadcrumb"},"inLanguage":"de","potentialAction":[{"@type":"ReadAction","target":["https:\/\/www.ile-blanche.com\/de\/snack-und-gastronomie\/"]}]},{"@type":"ImageObject","inLanguage":"de","@id":"https:\/\/www.ile-blanche.com\/de\/snack-und-gastronomie\/#primaryimage","url":"https:\/\/www.ile-blanche.com\/wp-content\/uploads\/2022\/08\/restaurant-ile-de-re.jpg","contentUrl":"https:\/\/www.ile-blanche.com\/wp-content\/uploads\/2022\/08\/restaurant-ile-de-re.jpg","width":1920,"height":480,"caption":"restaurant ile de re"},{"@type":"BreadcrumbList","@id":"https:\/\/www.ile-blanche.com\/de\/snack-und-gastronomie\/#breadcrumb","itemListElement":[{"@type":"ListItem","position":1,"name":"Campingplatz \u00cele de R\u00e9","item":"https:\/\/www.ile-blanche.com\/de\/"},{"@type":"ListItem","position":2,"name":"La Flotte en R\u00e9 Gastst\u00e4tte"}]},{"@type":"WebSite","@id":"https:\/\/www.ile-blanche.com\/de\/#website","url":"https:\/\/www.ile-blanche.com\/de\/","name":"L'\u00cele Blanche","description":"","publisher":{"@id":"https:\/\/www.ile-blanche.com\/de\/#organization"},"potentialAction":[{"@type":"SearchAction","target":{"@type":"EntryPoint","urlTemplate":"https:\/\/www.ile-blanche.com\/de\/?s={search_term_string}"},"query-input":{"@type":"PropertyValueSpecification","valueRequired":true,"valueName":"search_term_string"}}],"inLanguage":"de"},{"@type":"Organization","@id":"https:\/\/www.ile-blanche.com\/de\/#organization","name":"L'\u00cele Blanche","url":"https:\/\/www.ile-blanche.com\/de\/","logo":{"@type":"ImageObject","inLanguage":"de","@id":"https:\/\/www.ile-blanche.com\/de\/#\/schema\/logo\/image\/","url":"https:\/\/www.ile-blanche.com\/wp-content\/uploads\/2022\/06\/cropped-logo-alt-ile-blanche.png","contentUrl":"https:\/\/www.ile-blanche.com\/wp-content\/uploads\/2022\/06\/cropped-logo-alt-ile-blanche.png","width":512,"height":512,"caption":"L'\u00cele Blanche"},"image":{"@id":"https:\/\/www.ile-blanche.com\/de\/#\/schema\/logo\/image\/"}}]}},"_links":{"self":[{"href":"https:\/\/www.ile-blanche.com\/de\/wp-json\/wp\/v2\/pages\/14842","targetHints":{"allow":["GET"]}}],"collection":[{"href":"https:\/\/www.ile-blanche.com\/de\/wp-json\/wp\/v2\/pages"}],"about":[{"href":"https:\/\/www.ile-blanche.com\/de\/wp-json\/wp\/v2\/types\/page"}],"author":[{"embeddable":true,"href":"https:\/\/www.ile-blanche.com\/de\/wp-json\/wp\/v2\/users\/1"}],"replies":[{"embeddable":true,"href":"https:\/\/www.ile-blanche.com\/de\/wp-json\/wp\/v2\/comments?post=14842"}],"version-history":[{"count":8,"href":"https:\/\/www.ile-blanche.com\/de\/wp-json\/wp\/v2\/pages\/14842\/revisions"}],"predecessor-version":[{"id":16112,"href":"https:\/\/www.ile-blanche.com\/de\/wp-json\/wp\/v2\/pages\/14842\/revisions\/16112"}],"wp:featuredmedia":[{"embeddable":true,"href":"https:\/\/www.ile-blanche.com\/de\/wp-json\/wp\/v2\/media\/8995"}],"wp:attachment":[{"href":"https:\/\/www.ile-blanche.com\/de\/wp-json\/wp\/v2\/media?parent=14842"}],"wp:term":[{"taxonomy":"sujet","embeddable":true,"href":"https:\/\/www.ile-blanche.com\/de\/wp-json\/wp\/v2\/sujet?post=14842"}],"curies":[{"name":"wp","href":"https:\/\/api.w.org\/{rel}","templated":true}]}}