{"id":14803,"date":"2022-11-04T10:55:50","date_gmt":"2022-11-04T09:55:50","guid":{"rendered":"https:\/\/www.ile-blanche.com\/contact-et-acces\/"},"modified":"2022-11-10T17:33:28","modified_gmt":"2022-11-10T16:33:28","slug":"kontakt-infos","status":"publish","type":"page","link":"https:\/\/www.ile-blanche.com\/de\/kontakt-infos\/","title":{"rendered":"Contact et acc\u00e8s"},"content":{"rendered":"<section id=\"ls-section-block_e5759732a22d6711cdea13c21f8f64eb\" class=\"ls-section  has-background has-color-white-background-color has-p-b p-b-0\" >\n        <div class=\"container \">\n        \n\n<h1 class=\"ls__heading has-text-align-center wp-block-heading\">KONTAKT &amp; INFOS<\/h1>\n\n\n    <\/div>\n<\/section>\n\n<section id=\"ls-section-block_69b312f81c0ab8726780591fa47998d2\" class=\"ls-section  has-background has-color-4-background-color\" >\n        <div class=\"container container--wide\">\n        \n\n<div class=\"wp-block-columns is-layout-flex wp-container-core-columns-is-layout-9d6595d7 wp-block-columns-is-layout-flex\">\n<div class=\"wp-block-column is-layout-flow wp-block-column-is-layout-flow\">\n<div class=\"wpcf7 no-js\" id=\"wpcf7-f15001-o1\" lang=\"fr-FR\" dir=\"ltr\">\n<div class=\"screen-reader-response\"><p role=\"status\" aria-live=\"polite\" aria-atomic=\"true\"><\/p> <ul><\/ul><\/div>\n<form action=\"\/de\/wp-json\/wp\/v2\/pages\/14803#wpcf7-f15001-o1\" method=\"post\" class=\"wpcf7-form init\" aria-label=\"Formulaire de contact\" novalidate=\"novalidate\" data-status=\"init\">\n<div style=\"display: none;\">\n<input type=\"hidden\" name=\"_wpcf7\" value=\"15001\" \/>\n<input type=\"hidden\" name=\"_wpcf7_version\" value=\"5.9.8\" \/>\n<input type=\"hidden\" name=\"_wpcf7_locale\" value=\"fr_FR\" \/>\n<input type=\"hidden\" name=\"_wpcf7_unit_tag\" value=\"wpcf7-f15001-o1\" \/>\n<input type=\"hidden\" name=\"_wpcf7_container_post\" value=\"0\" \/>\n<input type=\"hidden\" name=\"_wpcf7_posted_data_hash\" value=\"\" \/>\n<input type=\"hidden\" name=\"_wpcf7_recaptcha_response\" value=\"\" \/>\n<\/div>\n<p><label> Su Zahl<br \/>\n<span class=\"wpcf7-form-control-wrap\" data-name=\"your-name\"><input size=\"40\" maxlength=\"400\" class=\"wpcf7-form-control wpcf7-text wpcf7-validates-as-required\" aria-required=\"true\" aria-invalid=\"false\" value=\"\" type=\"text\" name=\"your-name\" \/><\/span> <\/label>\n<\/p>\n<p><label> Ihre E-Mail Adresse<br \/>\n<span class=\"wpcf7-form-control-wrap\" data-name=\"your-email\"><input size=\"40\" maxlength=\"400\" class=\"wpcf7-form-control wpcf7-email wpcf7-validates-as-required wpcf7-text wpcf7-validates-as-email\" aria-required=\"true\" aria-invalid=\"false\" value=\"\" type=\"email\" name=\"your-email\" \/><\/span> <\/label>\n<\/p>\n<p><label> Thema<br \/>\n<span class=\"wpcf7-form-control-wrap\" data-name=\"your-subject\"><input size=\"40\" maxlength=\"400\" class=\"wpcf7-form-control wpcf7-text wpcf7-validates-as-required\" aria-required=\"true\" aria-invalid=\"false\" value=\"\" type=\"text\" name=\"your-subject\" \/><\/span> <\/label>\n<\/p>\n<p><label> Ihre Nachricht<br \/>\n<span class=\"wpcf7-form-control-wrap\" data-name=\"your-message\"><textarea cols=\"40\" rows=\"10\" maxlength=\"2000\" class=\"wpcf7-form-control wpcf7-textarea\" aria-invalid=\"false\" name=\"your-message\"><\/textarea><\/span> <\/label><br \/>\n<span class=\"wpcf7-form-control-wrap\" data-name=\"acceptance-553\"><span class=\"wpcf7-form-control wpcf7-acceptance\"><span class=\"wpcf7-list-item\"><label><input type=\"checkbox\" name=\"acceptance-553\" value=\"1\" aria-invalid=\"false\" \/><span class=\"wpcf7-list-item-label\">Durch Ankreuzen dieses K\u00e4stchens erkl\u00e4re ich mich mit die <a href=\"\/de\/datenschutzrichtlinie\/\" rel=\"nofollow\" target=\"_blank\">Datenschutzbestimmungen<\/a> dieser Website.<\/span><\/label><\/span><\/span><\/span><br \/>\n<input class=\"wpcf7-form-control wpcf7-submit has-spinner\" type=\"submit\" value=\"Submit\" \/>\n<\/p><div class=\"wpcf7-response-output\" aria-hidden=\"true\"><\/div>\n<\/form>\n<\/div>\n\n<\/div>\n\n\n\n<div class=\"wp-block-column is-vertically-aligned-center is-layout-flow wp-block-column-is-layout-flow\">\n<h2 class=\"ls-heading wp-block-heading\">Um den campingplatz zu kontaktieren<\/h2>\n\n\n\n<p class=\"ls-paragraph\">Unser Team h\u00f6rt Ihnen zu und kann Sie telefonisch unter <strong>05 46 09 52 43<\/strong> oder per E-Mail an <strong>contact@ile-blanche.com<\/strong> beraten.<\/p>\n\n\n\n<p class=\"ls-paragraph\">Ein praktisches Online-Kontaktformular erm\u00f6glicht es Ihnen, mit wenigen Klicks eine Anfrage oder ein Anliegen zu formulieren.<\/p>\n\n\n\n<p class=\"ls-paragraph\">Wir werden Ihnen so schnell wie m\u00f6glich antworten.<\/p>\n\n\n\n<p class=\"ls-paragraph\">Bitte wenden Sie sich an uns, wenn Sie <strong>weitere Informationen<\/strong> \u00fcber unsere Unterk\u00fcnfte, Einrichtungen oder den Betrieb unseres Campingplatzes ben\u00f6tigen.<\/p>\n\n\n\n<p class=\"ls-paragraph\">Wir k\u00f6nnen Sie auch dabei begleiten, Ihre Online-Buchung durchzuf\u00fchren oder Ihnen bei der Auswahl helfen.<\/p>\n<\/div>\n<\/div>\n\n\n    <\/div>\n<\/section>\n\n<section id=\"ls-section-block_5dcf123d84e325700c49011a3f1b8abc\" class=\"ls-section  p-t-0 has-background has-color-white-background-color\" >\n        <div class=\"container container--full\">\n        \n\n<div class=\"wp-block-columns is-layout-flex wp-container-core-columns-is-layout-9d6595d7 wp-block-columns-is-layout-flex\">\n<div class=\"wp-block-column is-vertically-aligned-center p-l-6 is-layout-flow wp-block-column-is-layout-flow\">\n<h2 class=\"ls__heading has-color-white-color has-text-color wp-block-heading\"><mark style=\"background-color:rgba(0, 0, 0, 0)\" class=\"has-inline-color has-color-1-color\">Wie kommt man zum campingplatz l&#8217;Ile Blanche?<\/mark><\/h2>\n\n\n\n<p class=\"ls-paragraph\"><strong>Adresse<\/strong>: 9 Chemin des Bardonni\u00e8res<br>17630 La Flotte en R\u00e9<br><strong>GPS :<\/strong> 46.189546,-1.349886<\/p>\n\n\n\n<p class=\"ls-paragraph\">Der <a href=\"\/de\/\">Campingplatz Ile Blanche<\/a> auf der \u00cele de R\u00e9 empf\u00e4ngt Sie in einer gesch\u00fctzten Naturlandschaft. Genie\u00dfen Sie einen sch\u00f6nen Urlaub am Meer mit der Familie oder Freunden in diesem Vier-Sterne-Haus im Westen von La Flotte, 8 km von der Br\u00fccke entfernt, die die Ile de R\u00e9 mit dem Festland verbindet.<\/p>\n\n\n\n<p class=\"ls-paragraph\">Wenn Sie mit dem Auto auf die Insel kommen, m\u00fcssen Sie die D 735 von Rivedoux Plage aus nehmen. Diese Route f\u00fchrt Sie entlang der K\u00fcste und um das Dorf La Flotte-en-R\u00e9 herum bis zu Ihrem Ziel.<\/p>\n\n\n\n<p class=\"ls-paragraph\">Der Zug ist ein weiteres praktisches Fortbewegungsmittel. In diesem Fall bedienen TGV und TER, die aus Paris, Nantes oder Bordeaux kommen, den Bahnhof von La Rochelle, der 12 km von der Br\u00fccke entfernt liegt.<\/p>\n\n\n\n<p class=\"ls-paragraph\">Die zehn D\u00f6rfer, aus denen die Ile de R\u00e9 besteht, werden \u00fcbrigens das ganze Jahr \u00fcber von der Buslinie 3\/3E bedient.<\/p>\n\n\n\n<p class=\"ls-paragraph\">Die Buslinie 3\/3E f\u00e4hrt das ganze Jahr \u00fcber in alle zehn D\u00f6rfer der Insel. Schlie\u00dflich befindet sich der Flughafen La Rochelle &#8211; Ile de R\u00e9 an der K\u00fcste und ist nur wenige Schritte von der Br\u00fccke entfernt. Sie k\u00f6nnen nach der Landung auf verschiedenen Wegen auf die Insel gelangen (Taxi, Bus, Fahrrad&#8230;).<\/p>\n<\/div>\n\n\n\n<div class=\"wp-block-column is-layout-flow wp-block-column-is-layout-flow\">\n<iframe src=\"https:\/\/www.google.com\/maps\/embed?pb=!1m18!1m12!1m3!1d260974.05516419484!2d-1.4231266278395!3d46.20771650519509!2m3!1f0!2f0!3f0!3m2!1i1024!2i768!4f13.1!3m3!1m2!1s0x4803f8b308005a47%3A0x7a5853b82a866319!2sCamping%20%C3%AEle%20Blanche%20-%20Ile%20de%20R%C3%A9!5e0!3m2!1sfr!2sfr!4v1661501261298!5m2!1sfr!2sfr\" width=\"100%\" height=\"600\" style=\"border:0;\" allowfullscreen=\"\" loading=\"lazy\" referrerpolicy=\"no-referrer-when-downgrade\"><\/iframe>\n<\/div>\n<\/div>\n\n\n    <\/div>\n<\/section>\n\n<section id=\"ls-section-block_8839fec9b3a42cd2e3120b38538f2be4\" class=\"ls-section  has-background has-color-4-background-color\" >\n        <div class=\"container \">\n        \n\n<h2 class=\"ls__heading has-text-align-center wp-block-heading\">Um Ihren Urlaub auf der Ile Blanche zu buchen<\/h2>\n\n\n\n<p class=\"ls-paragraph has-text-align-center\">Es ist ganz einfach, Ihr <strong>Mietobjekt<\/strong> direkt von unserer Website aus zu buchen: Sehen Sie sich die Verf\u00fcgbarkeit an, indem Sie Ihre Daten und den gew\u00fcnschten Aufenthaltstyp in die angeheftete Leiste oben auf Ihrem Bildschirm eingeben. Informieren Sie sich \u00fcber unsere Vorschl\u00e4ge, ihre <strong>Preise<\/strong> und w\u00e4hlen Sie das f\u00fcr Sie passende Angebot. Ihre Buchung wird dann mit wenigen Klicks abgeschlossen. Die sichere Zahlung auf der Website erm\u00f6glicht es Ihnen, die Anzahlung online zu leisten. <\/p>\n\n\n    <\/div>\n<\/section>","protected":false},"excerpt":{"rendered":"","protected":false},"author":1,"featured_media":11435,"parent":0,"menu_order":0,"comment_status":"closed","ping_status":"closed","template":"","meta":{"_acf_changed":false,"footnotes":""},"sujet":[],"class_list":["post-14803","page","type-page","status-publish","has-post-thumbnail","hentry"],"acf":[],"yoast_head":"<!-- This site is optimized with the Yoast SEO plugin v25.3 - https:\/\/yoast.com\/wordpress\/plugins\/seo\/ -->\n<title>Wie komme ich nach La Flotte en R\u00e9? Kontakt und Anreise zu L&#039;Ile Blanche<\/title>\n<meta name=\"description\" content=\"Wie komme ich zum campingplatz Ile Blanche? Mit welchen Transportmitteln? Wir haben alle Antworten auf Ihre Fragen f\u00fcr Sie ausgew\u00e4hlt.\" \/>\n<meta name=\"robots\" content=\"index, follow, max-snippet:-1, max-image-preview:large, max-video-preview:-1\" \/>\n<link rel=\"canonical\" href=\"https:\/\/www.ile-blanche.com\/de\/kontakt-infos\/\" \/>\n<meta property=\"og:locale\" content=\"de_DE\" \/>\n<meta property=\"og:type\" content=\"article\" \/>\n<meta property=\"og:title\" content=\"Wie komme ich nach La Flotte en R\u00e9? Kontakt und Anreise zu L&#039;Ile Blanche\" \/>\n<meta property=\"og:description\" content=\"Wie komme ich zum campingplatz Ile Blanche? Mit welchen Transportmitteln? Wir haben alle Antworten auf Ihre Fragen f\u00fcr Sie ausgew\u00e4hlt.\" \/>\n<meta property=\"og:url\" content=\"https:\/\/www.ile-blanche.com\/de\/kontakt-infos\/\" \/>\n<meta property=\"og:site_name\" content=\"L&#039;\u00cele Blanche\" \/>\n<meta property=\"article:modified_time\" content=\"2022-11-10T16:33:28+00:00\" \/>\n<meta property=\"og:image\" content=\"https:\/\/www.ile-blanche.com\/wp-content\/uploads\/2022\/08\/contact-camping-ile-blanche.jpg\" \/>\n\t<meta property=\"og:image:width\" content=\"1905\" \/>\n\t<meta property=\"og:image:height\" content=\"480\" \/>\n\t<meta property=\"og:image:type\" content=\"image\/jpeg\" \/>\n<meta name=\"twitter:card\" content=\"summary_large_image\" \/>\n<meta name=\"twitter:label1\" content=\"Gesch\u00e4tzte Lesezeit\" \/>\n\t<meta name=\"twitter:data1\" content=\"2\u00a0Minuten\" \/>\n<script type=\"application\/ld+json\" class=\"yoast-schema-graph\">{\"@context\":\"https:\/\/schema.org\",\"@graph\":[{\"@type\":\"WebPage\",\"@id\":\"https:\/\/www.ile-blanche.com\/de\/kontakt-infos\/\",\"url\":\"https:\/\/www.ile-blanche.com\/de\/kontakt-infos\/\",\"name\":\"Wie komme ich nach La Flotte en R\u00e9? Kontakt und Anreise zu L'Ile Blanche\",\"isPartOf\":{\"@id\":\"https:\/\/www.ile-blanche.com\/de\/#website\"},\"primaryImageOfPage\":{\"@id\":\"https:\/\/www.ile-blanche.com\/de\/kontakt-infos\/#primaryimage\"},\"image\":{\"@id\":\"https:\/\/www.ile-blanche.com\/de\/kontakt-infos\/#primaryimage\"},\"thumbnailUrl\":\"https:\/\/www.ile-blanche.com\/wp-content\/uploads\/2022\/08\/contact-camping-ile-blanche.jpg\",\"datePublished\":\"2022-11-04T09:55:50+00:00\",\"dateModified\":\"2022-11-10T16:33:28+00:00\",\"description\":\"Wie komme ich zum campingplatz Ile Blanche? Mit welchen Transportmitteln? Wir haben alle Antworten auf Ihre Fragen f\u00fcr Sie ausgew\u00e4hlt.\",\"breadcrumb\":{\"@id\":\"https:\/\/www.ile-blanche.com\/de\/kontakt-infos\/#breadcrumb\"},\"inLanguage\":\"de\",\"potentialAction\":[{\"@type\":\"ReadAction\",\"target\":[\"https:\/\/www.ile-blanche.com\/de\/kontakt-infos\/\"]}]},{\"@type\":\"ImageObject\",\"inLanguage\":\"de\",\"@id\":\"https:\/\/www.ile-blanche.com\/de\/kontakt-infos\/#primaryimage\",\"url\":\"https:\/\/www.ile-blanche.com\/wp-content\/uploads\/2022\/08\/contact-camping-ile-blanche.jpg\",\"contentUrl\":\"https:\/\/www.ile-blanche.com\/wp-content\/uploads\/2022\/08\/contact-camping-ile-blanche.jpg\",\"width\":1905,\"height\":480,\"caption\":\"contact camping ile blanche\"},{\"@type\":\"BreadcrumbList\",\"@id\":\"https:\/\/www.ile-blanche.com\/de\/kontakt-infos\/#breadcrumb\",\"itemListElement\":[{\"@type\":\"ListItem\",\"position\":1,\"name\":\"Campingplatz \u00cele de R\u00e9\",\"item\":\"https:\/\/www.ile-blanche.com\/de\/\"},{\"@type\":\"ListItem\",\"position\":2,\"name\":\"Zugang zur Ile Blanche\"}]},{\"@type\":\"WebSite\",\"@id\":\"https:\/\/www.ile-blanche.com\/de\/#website\",\"url\":\"https:\/\/www.ile-blanche.com\/de\/\",\"name\":\"L'\u00cele Blanche\",\"description\":\"\",\"publisher\":{\"@id\":\"https:\/\/www.ile-blanche.com\/de\/#organization\"},\"potentialAction\":[{\"@type\":\"SearchAction\",\"target\":{\"@type\":\"EntryPoint\",\"urlTemplate\":\"https:\/\/www.ile-blanche.com\/de\/?s={search_term_string}\"},\"query-input\":{\"@type\":\"PropertyValueSpecification\",\"valueRequired\":true,\"valueName\":\"search_term_string\"}}],\"inLanguage\":\"de\"},{\"@type\":\"Organization\",\"@id\":\"https:\/\/www.ile-blanche.com\/de\/#organization\",\"name\":\"L'\u00cele Blanche\",\"url\":\"https:\/\/www.ile-blanche.com\/de\/\",\"logo\":{\"@type\":\"ImageObject\",\"inLanguage\":\"de\",\"@id\":\"https:\/\/www.ile-blanche.com\/de\/#\/schema\/logo\/image\/\",\"url\":\"https:\/\/www.ile-blanche.com\/wp-content\/uploads\/2022\/06\/cropped-logo-alt-ile-blanche.png\",\"contentUrl\":\"https:\/\/www.ile-blanche.com\/wp-content\/uploads\/2022\/06\/cropped-logo-alt-ile-blanche.png\",\"width\":512,\"height\":512,\"caption\":\"L'\u00cele Blanche\"},\"image\":{\"@id\":\"https:\/\/www.ile-blanche.com\/de\/#\/schema\/logo\/image\/\"}}]}<\/script>\n<!-- \/ Yoast SEO plugin. -->","yoast_head_json":{"title":"Wie komme ich nach La Flotte en R\u00e9? Kontakt und Anreise zu L'Ile Blanche","description":"Wie komme ich zum campingplatz Ile Blanche? Mit welchen Transportmitteln? Wir haben alle Antworten auf Ihre Fragen f\u00fcr Sie ausgew\u00e4hlt.","robots":{"index":"index","follow":"follow","max-snippet":"max-snippet:-1","max-image-preview":"max-image-preview:large","max-video-preview":"max-video-preview:-1"},"canonical":"https:\/\/www.ile-blanche.com\/de\/kontakt-infos\/","og_locale":"de_DE","og_type":"article","og_title":"Wie komme ich nach La Flotte en R\u00e9? Kontakt und Anreise zu L'Ile Blanche","og_description":"Wie komme ich zum campingplatz Ile Blanche? Mit welchen Transportmitteln? Wir haben alle Antworten auf Ihre Fragen f\u00fcr Sie ausgew\u00e4hlt.","og_url":"https:\/\/www.ile-blanche.com\/de\/kontakt-infos\/","og_site_name":"L&#039;\u00cele Blanche","article_modified_time":"2022-11-10T16:33:28+00:00","og_image":[{"width":1905,"height":480,"url":"https:\/\/www.ile-blanche.com\/wp-content\/uploads\/2022\/08\/contact-camping-ile-blanche.jpg","type":"image\/jpeg"}],"twitter_card":"summary_large_image","twitter_misc":{"Gesch\u00e4tzte Lesezeit":"2\u00a0Minuten"},"schema":{"@context":"https:\/\/schema.org","@graph":[{"@type":"WebPage","@id":"https:\/\/www.ile-blanche.com\/de\/kontakt-infos\/","url":"https:\/\/www.ile-blanche.com\/de\/kontakt-infos\/","name":"Wie komme ich nach La Flotte en R\u00e9? Kontakt und Anreise zu L'Ile Blanche","isPartOf":{"@id":"https:\/\/www.ile-blanche.com\/de\/#website"},"primaryImageOfPage":{"@id":"https:\/\/www.ile-blanche.com\/de\/kontakt-infos\/#primaryimage"},"image":{"@id":"https:\/\/www.ile-blanche.com\/de\/kontakt-infos\/#primaryimage"},"thumbnailUrl":"https:\/\/www.ile-blanche.com\/wp-content\/uploads\/2022\/08\/contact-camping-ile-blanche.jpg","datePublished":"2022-11-04T09:55:50+00:00","dateModified":"2022-11-10T16:33:28+00:00","description":"Wie komme ich zum campingplatz Ile Blanche? Mit welchen Transportmitteln? Wir haben alle Antworten auf Ihre Fragen f\u00fcr Sie ausgew\u00e4hlt.","breadcrumb":{"@id":"https:\/\/www.ile-blanche.com\/de\/kontakt-infos\/#breadcrumb"},"inLanguage":"de","potentialAction":[{"@type":"ReadAction","target":["https:\/\/www.ile-blanche.com\/de\/kontakt-infos\/"]}]},{"@type":"ImageObject","inLanguage":"de","@id":"https:\/\/www.ile-blanche.com\/de\/kontakt-infos\/#primaryimage","url":"https:\/\/www.ile-blanche.com\/wp-content\/uploads\/2022\/08\/contact-camping-ile-blanche.jpg","contentUrl":"https:\/\/www.ile-blanche.com\/wp-content\/uploads\/2022\/08\/contact-camping-ile-blanche.jpg","width":1905,"height":480,"caption":"contact camping ile blanche"},{"@type":"BreadcrumbList","@id":"https:\/\/www.ile-blanche.com\/de\/kontakt-infos\/#breadcrumb","itemListElement":[{"@type":"ListItem","position":1,"name":"Campingplatz \u00cele de R\u00e9","item":"https:\/\/www.ile-blanche.com\/de\/"},{"@type":"ListItem","position":2,"name":"Zugang zur Ile Blanche"}]},{"@type":"WebSite","@id":"https:\/\/www.ile-blanche.com\/de\/#website","url":"https:\/\/www.ile-blanche.com\/de\/","name":"L'\u00cele Blanche","description":"","publisher":{"@id":"https:\/\/www.ile-blanche.com\/de\/#organization"},"potentialAction":[{"@type":"SearchAction","target":{"@type":"EntryPoint","urlTemplate":"https:\/\/www.ile-blanche.com\/de\/?s={search_term_string}"},"query-input":{"@type":"PropertyValueSpecification","valueRequired":true,"valueName":"search_term_string"}}],"inLanguage":"de"},{"@type":"Organization","@id":"https:\/\/www.ile-blanche.com\/de\/#organization","name":"L'\u00cele Blanche","url":"https:\/\/www.ile-blanche.com\/de\/","logo":{"@type":"ImageObject","inLanguage":"de","@id":"https:\/\/www.ile-blanche.com\/de\/#\/schema\/logo\/image\/","url":"https:\/\/www.ile-blanche.com\/wp-content\/uploads\/2022\/06\/cropped-logo-alt-ile-blanche.png","contentUrl":"https:\/\/www.ile-blanche.com\/wp-content\/uploads\/2022\/06\/cropped-logo-alt-ile-blanche.png","width":512,"height":512,"caption":"L'\u00cele Blanche"},"image":{"@id":"https:\/\/www.ile-blanche.com\/de\/#\/schema\/logo\/image\/"}}]}},"_links":{"self":[{"href":"https:\/\/www.ile-blanche.com\/de\/wp-json\/wp\/v2\/pages\/14803","targetHints":{"allow":["GET"]}}],"collection":[{"href":"https:\/\/www.ile-blanche.com\/de\/wp-json\/wp\/v2\/pages"}],"about":[{"href":"https:\/\/www.ile-blanche.com\/de\/wp-json\/wp\/v2\/types\/page"}],"author":[{"embeddable":true,"href":"https:\/\/www.ile-blanche.com\/de\/wp-json\/wp\/v2\/users\/1"}],"replies":[{"embeddable":true,"href":"https:\/\/www.ile-blanche.com\/de\/wp-json\/wp\/v2\/comments?post=14803"}],"version-history":[{"count":8,"href":"https:\/\/www.ile-blanche.com\/de\/wp-json\/wp\/v2\/pages\/14803\/revisions"}],"predecessor-version":[{"id":16463,"href":"https:\/\/www.ile-blanche.com\/de\/wp-json\/wp\/v2\/pages\/14803\/revisions\/16463"}],"wp:featuredmedia":[{"embeddable":true,"href":"https:\/\/www.ile-blanche.com\/de\/wp-json\/wp\/v2\/media\/11435"}],"wp:attachment":[{"href":"https:\/\/www.ile-blanche.com\/de\/wp-json\/wp\/v2\/media?parent=14803"}],"wp:term":[{"taxonomy":"sujet","embeddable":true,"href":"https:\/\/www.ile-blanche.com\/de\/wp-json\/wp\/v2\/sujet?post=14803"}],"curies":[{"name":"wp","href":"https:\/\/api.w.org\/{rel}","templated":true}]}}