{"id":14738,"date":"2022-06-27T14:19:49","date_gmt":"2022-06-27T12:19:49","guid":{"rendered":"https:\/\/www.ile-blanche.com\/el-parque-acuatico\/"},"modified":"2022-11-10T17:31:30","modified_gmt":"2022-11-10T16:31:30","slug":"der-wasserpark","status":"publish","type":"page","link":"https:\/\/www.ile-blanche.com\/de\/der-wasserpark\/","title":{"rendered":"Espace aquatique"},"content":{"rendered":"<section id=\"ls-section-block_934d3083f663e2a206c250463ebf06f2\" class=\"ls-section  page-one home-fourth m-b-0\" >\n        <div class=\"container container--wide\">\n        \n\n<div class=\"wp-block-columns are-vertically-aligned-center is-layout-flex wp-container-core-columns-is-layout-9d6595d7 wp-block-columns-is-layout-flex\">\n<div class=\"wp-block-column is-vertically-aligned-center is-layout-flow wp-block-column-is-layout-flow\">\n<iframe loading=\"lazy\" title=\"Aquatische Zone - Campingplatz \u00cele Blanche (\u00cele de R\u00e9)\" width=\"100%\" height=\"450\" src=\"https:\/\/www.youtube.com\/embed\/ev2OLT3nvlU?feature=oembed\" frameborder=\"0\" allow=\"accelerometer; autoplay; clipboard-write; encrypted-media; gyroscope; picture-in-picture\" allowfullscreen=\"\" class=\"video\"><\/iframe>\n<\/div>\n\n\n\n<div class=\"wp-block-column is-vertically-aligned-center is-layout-flow wp-block-column-is-layout-flow\">\n<h1 class=\"ls-heading wp-block-heading\">CAMPINGPLATZ MIT SCHWIMMBAD AUF DER \u00ceLE DE R\u00c9 IN CHARENTE-MARITIME<\/h1>\n\n\n\n<p class=\"ls-paragraph\">Der Aufenthalt <strong>auf einem Campingplatz mit Schwimmbad<\/strong> auf der Ile de R\u00e9 ist das T\u00fcpfelchen auf dem i. Obwohl wir vom Meer umgeben sind, w\u00e4re das Urlaubsbild ohne einen Pool mit frischem t\u00fcrkisfarbenem Wasser unvollst\u00e4ndig, oder?<\/p>\n\n\n\n<p class=\"ls-paragraph\">Die ganze Familie kann den von April bis September auf 28\u00b0 beheizten Innen- und Au\u00dfenpool, den Wellnessbereich f\u00fcr Erwachsene und den Kinderbereich mit Wasserspielen genie\u00dfen. Auf dem <a href=\"\/de\/\">Campingplatz Ile Blanche<\/a> gibt es etwas f\u00fcr die ganze Familie!<\/p>\n<\/div>\n<\/div>\n\n\n    <\/div>\n<\/section>\n\n<section id=\"ls-section-block_a75c4713889fe95913eb0f43e125293e\" class=\"ls-section  page-two home-second has-background has-color-4-background-color\" >\n        <div class=\"container container--full\">\n        \n\n<div class=\"wp-block-columns are-vertically-aligned-center m-b-8 is-layout-flex wp-container-core-columns-is-layout-9d6595d7 wp-block-columns-is-layout-flex\">\n<div class=\"wp-block-column is-vertically-aligned-center column-left is-layout-flow wp-block-column-is-layout-flow\" style=\"flex-basis:33.33%\">\n<h2 class=\"ls-heading wp-block-heading\">Ein klimatisierter Wassersportbereich im Herzen der Insel R\u00e9<\/h2>\n\n\n\n<p class=\"ls-paragraph\">Der Campingplatz L&#8217;\u00eele Blanche verf\u00fcgt \u00fcber ein auf 28\u00b0 <strong>beheiztes Hallenbad<\/strong>, ein aufregendes Wasserspiel f\u00fcr unvergessliche Familienmomente, in dem Sie auch an Regentagen schwimmen k\u00f6nnen. Das neue ergonomische Schwimmbecken mit zwei verschiedenen Tiefen und einem angepassten Einstieg wird allen gefallen.<\/p>\n\n\n\n<p class=\"ls-paragraph\">Camper, die in komfortablen Unterk\u00fcnften \u00fcbernachten, k\u00f6nnen sich auch im Schatten oder in der Sonne auf den Liegest\u00fchlen am Schwimmbad entspannen. In der Hochsaison, w\u00e4hrend der Schulferien, werden Aktivit\u00e4ten wie Pilates, Wassergymnastik und Meditations-Automassage angeboten.<br>Unser Wasserbereich wurde im Jahr 2022 komplett renoviert.<\/p>\n<\/div>\n\n\n\n<div class=\"wp-block-column is-vertically-aligned-center is-layout-flow wp-block-column-is-layout-flow\" style=\"flex-basis:66.66%\">\n<figure class=\"wp-block-gallery has-nested-images columns-1 is-cropped galerie-image wp-block-gallery-1 is-layout-flex wp-block-gallery-is-layout-flex\">\n<figure class=\"wp-block-image size-full\"><a href=\"https:\/\/www.ile-blanche.com\/wp-content\/uploads\/2022\/09\/piscine-couverte-vacances-ile-de-re.jpg\"><img decoding=\"async\" width=\"900\" height=\"600\" data-id=\"13381\" src=\"https:\/\/www.ile-blanche.com\/wp-content\/uploads\/2022\/09\/piscine-couverte-vacances-ile-de-re.jpg\" alt=\"hallenbad ferien ile de re\" class=\"wp-image-13381\" srcset=\"https:\/\/www.ile-blanche.com\/wp-content\/uploads\/2022\/09\/piscine-couverte-vacances-ile-de-re.jpg 900w, https:\/\/www.ile-blanche.com\/wp-content\/uploads\/2022\/09\/piscine-couverte-vacances-ile-de-re-300x200.jpg 300w, https:\/\/www.ile-blanche.com\/wp-content\/uploads\/2022\/09\/piscine-couverte-vacances-ile-de-re-768x512.jpg 768w\" sizes=\"(max-width: 900px) 100vw, 900px\" \/><\/a><\/figure>\n\n\n\n<figure class=\"wp-block-image size-full\"><a href=\"https:\/\/www.ile-blanche.com\/wp-content\/uploads\/2022\/09\/aquagym.jpg\"><img decoding=\"async\" width=\"990\" height=\"634\" data-id=\"14182\" src=\"https:\/\/www.ile-blanche.com\/wp-content\/uploads\/2022\/09\/aquagym.jpg\" alt=\"aqua-gym\" class=\"wp-image-14182\" srcset=\"https:\/\/www.ile-blanche.com\/wp-content\/uploads\/2022\/09\/aquagym.jpg 990w, https:\/\/www.ile-blanche.com\/wp-content\/uploads\/2022\/09\/aquagym-300x192.jpg 300w, https:\/\/www.ile-blanche.com\/wp-content\/uploads\/2022\/09\/aquagym-768x492.jpg 768w\" sizes=\"(max-width: 990px) 100vw, 990px\" \/><\/a><\/figure>\n\n\n\n<figure class=\"wp-block-image size-full\"><a href=\"https:\/\/www.ile-blanche.com\/wp-content\/uploads\/2022\/09\/terrasse-piscine.jpg\"><img decoding=\"async\" width=\"990\" height=\"634\" data-id=\"13586\" src=\"https:\/\/www.ile-blanche.com\/wp-content\/uploads\/2022\/09\/terrasse-piscine.jpg\" alt=\"terraza de la piscina\" class=\"wp-image-13586\" srcset=\"https:\/\/www.ile-blanche.com\/wp-content\/uploads\/2022\/09\/terrasse-piscine.jpg 990w, https:\/\/www.ile-blanche.com\/wp-content\/uploads\/2022\/09\/terrasse-piscine-300x192.jpg 300w, https:\/\/www.ile-blanche.com\/wp-content\/uploads\/2022\/09\/terrasse-piscine-768x492.jpg 768w\" sizes=\"(max-width: 990px) 100vw, 990px\" \/><\/a><\/figure>\n\n\n\n<figure class=\"wp-block-image size-full\"><a href=\"https:\/\/www.ile-blanche.com\/wp-content\/uploads\/2022\/09\/parc-aquatique-ile-de-re.jpg\"><img decoding=\"async\" width=\"990\" height=\"634\" data-id=\"13596\" src=\"https:\/\/www.ile-blanche.com\/wp-content\/uploads\/2022\/09\/parc-aquatique-ile-de-re.jpg\" alt=\"wasserpark ile de re\" class=\"wp-image-13596\" srcset=\"https:\/\/www.ile-blanche.com\/wp-content\/uploads\/2022\/09\/parc-aquatique-ile-de-re.jpg 990w, https:\/\/www.ile-blanche.com\/wp-content\/uploads\/2022\/09\/parc-aquatique-ile-de-re-300x192.jpg 300w, https:\/\/www.ile-blanche.com\/wp-content\/uploads\/2022\/09\/parc-aquatique-ile-de-re-768x492.jpg 768w\" sizes=\"(max-width: 990px) 100vw, 990px\" \/><\/a><\/figure>\n<\/figure>\n<\/div>\n<\/div>\n\n\n    <\/div>\n<\/section>\n\n<section id=\"ls-section-block_8f3f1352b6423fe9cdee8958cd508f0f\" class=\"ls-section  home-seventh \" >\n        <div class=\"container container--full\">\n        \n\n<div class=\"wp-block-columns are-vertically-aligned-center is-layout-flex wp-container-core-columns-is-layout-9d6595d7 wp-block-columns-is-layout-flex\">\n<div class=\"wp-block-column is-vertically-aligned-center is-layout-flow wp-block-column-is-layout-flow\" style=\"flex-basis:66.66%\">\n<figure class=\"wp-block-image size-large\"><img decoding=\"async\" width=\"1024\" height=\"683\" src=\"https:\/\/www.ile-blanche.com\/wp-content\/uploads\/2022\/09\/jacuzzi-spa-ile-de-re-1024x683.jpg\" alt=\"jacuzzi spa ile de re\" class=\"wp-image-14028\" srcset=\"https:\/\/www.ile-blanche.com\/wp-content\/uploads\/2022\/09\/jacuzzi-spa-ile-de-re-1024x683.jpg 1024w, https:\/\/www.ile-blanche.com\/wp-content\/uploads\/2022\/09\/jacuzzi-spa-ile-de-re-300x200.jpg 300w, https:\/\/www.ile-blanche.com\/wp-content\/uploads\/2022\/09\/jacuzzi-spa-ile-de-re-768x512.jpg 768w, https:\/\/www.ile-blanche.com\/wp-content\/uploads\/2022\/09\/jacuzzi-spa-ile-de-re.jpg 1200w\" sizes=\"(max-width: 1024px) 100vw, 1024px\" \/><\/figure>\n<\/div>\n\n\n\n<div class=\"wp-block-column is-vertically-aligned-center column-right is-layout-flow wp-block-column-is-layout-flow\" style=\"flex-basis:33.33%\">\n<h2 class=\"ls-heading wp-block-heading\">Ein Entspannungsbereich f\u00fcr mehr Wohlbefinden<\/h2>\n\n\n\n<p class=\"ls-paragraph\">F\u00fcr die Entspannung der Erwachsenen bieten wir einen Wellnessbereich mit <strong>jacuzzi<\/strong> <strong>sauna<\/strong> und <strong>solarium<\/strong> kommen Sie und genie\u00dfen Sie die regenerierenden Blasen des <strong>Jacuzzi f\u00fcr 8 Personen<\/strong>Entgiften Sie sich in der Sauna, gefolgt von der balinesischen kalten Dusche (kardioanregend und sehr wohltuend f\u00fcr den K\u00f6rper) und entspannen Sie sich schlie\u00dflich im Solarium, umgeben von Blumen und Pflanzen, um sich zu regenerieren. <\/p>\n\n\n\n<p class=\"ls-paragraph\">Eine wohlverdiente Urlaubspause, eine echte Erholungskur!<\/p>\n<\/div>\n<\/div>\n\n\n    <\/div>\n<\/section>\n\n<section id=\"ls-section-block_892b16e8cc3e970d83715933167afc76\" class=\"ls-section  page-four has-background-image has-p-t p-t-13\" >\n    <div class=\"ls-section__background-image opacity-100\"><img decoding=\"async\" src=\"https:\/\/www.ile-blanche.com\/wp-content\/uploads\/2022\/09\/jeux-deau-camping-ile-de-re.jpg\" alt=\"jeux deau camping ile de re\"><\/div>    <div class=\"container container--wide\">\n        \n\n<h2 class=\"ls__heading has-text-align-left wp-block-heading\">Ein Kinderbereich mit Wasserspielen<\/h2>\n\n\n\n<p class=\"ls-paragraph has-text-align-left\">Auch die Kinder kommen auf dem Campingplatz Ile Blanche auf ihre Kosten, denn hier gibt es einen neuen <strong>Wasserspielplatz<\/strong> mit einem sicheren <strong>Planschbecken f\u00fcr die Kleinsten<\/strong>. Lulu, die Schildkr\u00f6te, die Marienk\u00e4ferfamilie und Rose, das Nilpferd, warten auf Sie, um mit Ihnen und Ihren Freunden unvergessliche Momente zu erleben! <\/p>\n\n\n\n<p class=\"ls-paragraph has-text-align-left\">Ein Spiel- und Badebereich, ideal f\u00fcr Spa\u00df.<\/p>\n\n\n    <\/div>\n<\/section>\n\n<section id=\"ls-section-block_2fdbdf53507373688a135324b2b60f11\" class=\"ls-section  home-eighth m-b-0\" >\n        <div class=\"container container--wide\">\n        \n\n<div id=\"ls-heading ls-titre-div-block_cd69f12f4185d865e60c39748baf93b7\" class=\"ls-titre-div aligncenter h2-like\" >\n    Direkter Zugang zum Meer und zu unseren Freizeitangeboten auf der Insel R\u00e9<\/div>\n\n\n<div id=\"ls-maillage-block_42ca5a4ac1d5bb17106cec5b2fc11bc2\" class=\"ls-maillage cta-style-normal\" data-rows=\"3\">\r\n    <div class=\"wp-block-columns\"><div class=\"wp-block-column\"><div class=\"ls-cta\">\n\n<a href=\"https:\/\/www.ile-blanche.com\/de\/meereskuste\/\" target=\"\" rel=\"noopener\" class=\"ls-cta__link\">\n\n\t<div class=\"ls-cta__image\"><img decoding=\"async\" src=\"https:\/\/www.ile-blanche.com\/wp-content\/uploads\/2022\/08\/hebergement-bord-mer-ile-de-re.jpg\" alt=\"hebergement bord mer ile de re\"><\/div>\t<span class=\"ile-blanche-right-arrow\"><\/span>\n\t<div class=\"ls-cta__title\">\n\t\t> Campingpl\u00e4tze am Meer\t<\/div>\n\n\t\n<\/a><\/div><\/div><div class=\"wp-block-column\"><div class=\"ls-cta\">\n\n<a href=\"https:\/\/www.ile-blanche.com\/de\/snack-und-gastronomie\/\" target=\"\" rel=\"noopener\" class=\"ls-cta__link\">\n\n\t<div class=\"ls-cta__image\"><img decoding=\"async\" src=\"https:\/\/www.ile-blanche.com\/wp-content\/uploads\/2022\/08\/restaurant-terasse-ile-de-re.jpg\" alt=\"restaurant-terrasse-ile-de-re\"><\/div>\t<span class=\"ile-blanche-right-arrow\"><\/span>\n\t<div class=\"ls-cta__title\">\n\t\t> Snacks und Gastst\u00e4tten\t<\/div>\n\n\t\n<\/a><\/div><\/div><div class=\"wp-block-column\"><div class=\"ls-cta\">\n\n<a href=\"https:\/\/www.ile-blanche.com\/de\/freizeit-und-unterhaltung\/\" target=\"\" rel=\"noopener\" class=\"ls-cta__link\">\n\n\t<div class=\"ls-cta__image\"><img decoding=\"async\" src=\"https:\/\/www.ile-blanche.com\/wp-content\/uploads\/2022\/09\/animation-camping-re.jpg\" alt=\"animation camping re\"><\/div>\t<span class=\"ile-blanche-right-arrow\"><\/span>\n\t<div class=\"ls-cta__title\">\n\t\t> Freizeit und Aktivit\u00e4ten\t<\/div>\n\n\t\n<\/a><\/div><\/div><\/div><\/div>\n\n    <\/div>\n<\/section>","protected":false},"excerpt":{"rendered":"","protected":false},"author":1,"featured_media":13375,"parent":0,"menu_order":0,"comment_status":"closed","ping_status":"closed","template":"","meta":{"_acf_changed":false,"footnotes":""},"sujet":[],"class_list":["post-14738","page","type-page","status-publish","has-post-thumbnail","hentry"],"acf":[],"yoast_head":"<!-- This site is optimized with the Yoast SEO plugin v25.3 - https:\/\/yoast.com\/wordpress\/plugins\/seo\/ -->\n<title>Camping auf der Ile de R\u00e9 mit beheiztem Hallenbad in La Flotte en R\u00e9<\/title>\n<meta name=\"description\" content=\"Genie\u00dfen Sie einen Moment der Entspannung im Schwimmbad des Campingplatzes L&#039;\u00eele Blanche. Beheizte Innen- und Au\u00dfenschwimmb\u00e4der\" \/>\n<meta name=\"robots\" content=\"index, follow, max-snippet:-1, max-image-preview:large, max-video-preview:-1\" \/>\n<link rel=\"canonical\" href=\"https:\/\/www.ile-blanche.com\/de\/der-wasserpark\/\" \/>\n<meta property=\"og:locale\" content=\"de_DE\" \/>\n<meta property=\"og:type\" content=\"article\" \/>\n<meta property=\"og:title\" content=\"Camping auf der Ile de R\u00e9 mit beheiztem Hallenbad in La Flotte en R\u00e9\" \/>\n<meta property=\"og:description\" content=\"Genie\u00dfen Sie einen Moment der Entspannung im Schwimmbad des Campingplatzes L&#039;\u00eele Blanche. Beheizte Innen- und Au\u00dfenschwimmb\u00e4der\" \/>\n<meta property=\"og:url\" content=\"https:\/\/www.ile-blanche.com\/de\/der-wasserpark\/\" \/>\n<meta property=\"og:site_name\" content=\"L&#039;\u00cele Blanche\" \/>\n<meta property=\"article:modified_time\" content=\"2022-11-10T16:31:30+00:00\" \/>\n<meta property=\"og:image\" content=\"https:\/\/www.ile-blanche.com\/wp-content\/uploads\/2022\/09\/camping-ile-de-re-piscine.jpg\" \/>\n\t<meta property=\"og:image:width\" content=\"1920\" \/>\n\t<meta property=\"og:image:height\" content=\"480\" \/>\n\t<meta property=\"og:image:type\" content=\"image\/jpeg\" \/>\n<meta name=\"twitter:card\" content=\"summary_large_image\" \/>\n<meta name=\"twitter:label1\" content=\"Gesch\u00e4tzte Lesezeit\" \/>\n\t<meta name=\"twitter:data1\" content=\"3\u00a0Minuten\" \/>\n<script type=\"application\/ld+json\" class=\"yoast-schema-graph\">{\"@context\":\"https:\/\/schema.org\",\"@graph\":[{\"@type\":\"WebPage\",\"@id\":\"https:\/\/www.ile-blanche.com\/de\/der-wasserpark\/\",\"url\":\"https:\/\/www.ile-blanche.com\/de\/der-wasserpark\/\",\"name\":\"Camping auf der Ile de R\u00e9 mit beheiztem Hallenbad in La Flotte en R\u00e9\",\"isPartOf\":{\"@id\":\"https:\/\/www.ile-blanche.com\/de\/#website\"},\"primaryImageOfPage\":{\"@id\":\"https:\/\/www.ile-blanche.com\/de\/der-wasserpark\/#primaryimage\"},\"image\":{\"@id\":\"https:\/\/www.ile-blanche.com\/de\/der-wasserpark\/#primaryimage\"},\"thumbnailUrl\":\"https:\/\/www.ile-blanche.com\/wp-content\/uploads\/2022\/09\/camping-ile-de-re-piscine.jpg\",\"datePublished\":\"2022-06-27T12:19:49+00:00\",\"dateModified\":\"2022-11-10T16:31:30+00:00\",\"description\":\"Genie\u00dfen Sie einen Moment der Entspannung im Schwimmbad des Campingplatzes L'\u00eele Blanche. Beheizte Innen- und Au\u00dfenschwimmb\u00e4der\",\"breadcrumb\":{\"@id\":\"https:\/\/www.ile-blanche.com\/de\/der-wasserpark\/#breadcrumb\"},\"inLanguage\":\"de\",\"potentialAction\":[{\"@type\":\"ReadAction\",\"target\":[\"https:\/\/www.ile-blanche.com\/de\/der-wasserpark\/\"]}]},{\"@type\":\"ImageObject\",\"inLanguage\":\"de\",\"@id\":\"https:\/\/www.ile-blanche.com\/de\/der-wasserpark\/#primaryimage\",\"url\":\"https:\/\/www.ile-blanche.com\/wp-content\/uploads\/2022\/09\/camping-ile-de-re-piscine.jpg\",\"contentUrl\":\"https:\/\/www.ile-blanche.com\/wp-content\/uploads\/2022\/09\/camping-ile-de-re-piscine.jpg\",\"width\":1920,\"height\":480,\"caption\":\"camping ile de re piscine\"},{\"@type\":\"BreadcrumbList\",\"@id\":\"https:\/\/www.ile-blanche.com\/de\/der-wasserpark\/#breadcrumb\",\"itemListElement\":[{\"@type\":\"ListItem\",\"position\":1,\"name\":\"Campingplatz \u00cele de R\u00e9\",\"item\":\"https:\/\/www.ile-blanche.com\/de\/\"},{\"@type\":\"ListItem\",\"position\":2,\"name\":\"Campingplatz mit Schwimmbad Ile de R\u00e9\"}]},{\"@type\":\"WebSite\",\"@id\":\"https:\/\/www.ile-blanche.com\/de\/#website\",\"url\":\"https:\/\/www.ile-blanche.com\/de\/\",\"name\":\"L'\u00cele Blanche\",\"description\":\"\",\"publisher\":{\"@id\":\"https:\/\/www.ile-blanche.com\/de\/#organization\"},\"potentialAction\":[{\"@type\":\"SearchAction\",\"target\":{\"@type\":\"EntryPoint\",\"urlTemplate\":\"https:\/\/www.ile-blanche.com\/de\/?s={search_term_string}\"},\"query-input\":{\"@type\":\"PropertyValueSpecification\",\"valueRequired\":true,\"valueName\":\"search_term_string\"}}],\"inLanguage\":\"de\"},{\"@type\":\"Organization\",\"@id\":\"https:\/\/www.ile-blanche.com\/de\/#organization\",\"name\":\"L'\u00cele Blanche\",\"url\":\"https:\/\/www.ile-blanche.com\/de\/\",\"logo\":{\"@type\":\"ImageObject\",\"inLanguage\":\"de\",\"@id\":\"https:\/\/www.ile-blanche.com\/de\/#\/schema\/logo\/image\/\",\"url\":\"https:\/\/www.ile-blanche.com\/wp-content\/uploads\/2022\/06\/cropped-logo-alt-ile-blanche.png\",\"contentUrl\":\"https:\/\/www.ile-blanche.com\/wp-content\/uploads\/2022\/06\/cropped-logo-alt-ile-blanche.png\",\"width\":512,\"height\":512,\"caption\":\"L'\u00cele Blanche\"},\"image\":{\"@id\":\"https:\/\/www.ile-blanche.com\/de\/#\/schema\/logo\/image\/\"}}]}<\/script>\n<!-- \/ Yoast SEO plugin. -->","yoast_head_json":{"title":"Camping auf der Ile de R\u00e9 mit beheiztem Hallenbad in La Flotte en R\u00e9","description":"Genie\u00dfen Sie einen Moment der Entspannung im Schwimmbad des Campingplatzes L'\u00eele Blanche. Beheizte Innen- und Au\u00dfenschwimmb\u00e4der","robots":{"index":"index","follow":"follow","max-snippet":"max-snippet:-1","max-image-preview":"max-image-preview:large","max-video-preview":"max-video-preview:-1"},"canonical":"https:\/\/www.ile-blanche.com\/de\/der-wasserpark\/","og_locale":"de_DE","og_type":"article","og_title":"Camping auf der Ile de R\u00e9 mit beheiztem Hallenbad in La Flotte en R\u00e9","og_description":"Genie\u00dfen Sie einen Moment der Entspannung im Schwimmbad des Campingplatzes L'\u00eele Blanche. Beheizte Innen- und Au\u00dfenschwimmb\u00e4der","og_url":"https:\/\/www.ile-blanche.com\/de\/der-wasserpark\/","og_site_name":"L&#039;\u00cele Blanche","article_modified_time":"2022-11-10T16:31:30+00:00","og_image":[{"width":1920,"height":480,"url":"https:\/\/www.ile-blanche.com\/wp-content\/uploads\/2022\/09\/camping-ile-de-re-piscine.jpg","type":"image\/jpeg"}],"twitter_card":"summary_large_image","twitter_misc":{"Gesch\u00e4tzte Lesezeit":"3\u00a0Minuten"},"schema":{"@context":"https:\/\/schema.org","@graph":[{"@type":"WebPage","@id":"https:\/\/www.ile-blanche.com\/de\/der-wasserpark\/","url":"https:\/\/www.ile-blanche.com\/de\/der-wasserpark\/","name":"Camping auf der Ile de R\u00e9 mit beheiztem Hallenbad in La Flotte en R\u00e9","isPartOf":{"@id":"https:\/\/www.ile-blanche.com\/de\/#website"},"primaryImageOfPage":{"@id":"https:\/\/www.ile-blanche.com\/de\/der-wasserpark\/#primaryimage"},"image":{"@id":"https:\/\/www.ile-blanche.com\/de\/der-wasserpark\/#primaryimage"},"thumbnailUrl":"https:\/\/www.ile-blanche.com\/wp-content\/uploads\/2022\/09\/camping-ile-de-re-piscine.jpg","datePublished":"2022-06-27T12:19:49+00:00","dateModified":"2022-11-10T16:31:30+00:00","description":"Genie\u00dfen Sie einen Moment der Entspannung im Schwimmbad des Campingplatzes L'\u00eele Blanche. Beheizte Innen- und Au\u00dfenschwimmb\u00e4der","breadcrumb":{"@id":"https:\/\/www.ile-blanche.com\/de\/der-wasserpark\/#breadcrumb"},"inLanguage":"de","potentialAction":[{"@type":"ReadAction","target":["https:\/\/www.ile-blanche.com\/de\/der-wasserpark\/"]}]},{"@type":"ImageObject","inLanguage":"de","@id":"https:\/\/www.ile-blanche.com\/de\/der-wasserpark\/#primaryimage","url":"https:\/\/www.ile-blanche.com\/wp-content\/uploads\/2022\/09\/camping-ile-de-re-piscine.jpg","contentUrl":"https:\/\/www.ile-blanche.com\/wp-content\/uploads\/2022\/09\/camping-ile-de-re-piscine.jpg","width":1920,"height":480,"caption":"camping ile de re piscine"},{"@type":"BreadcrumbList","@id":"https:\/\/www.ile-blanche.com\/de\/der-wasserpark\/#breadcrumb","itemListElement":[{"@type":"ListItem","position":1,"name":"Campingplatz \u00cele de R\u00e9","item":"https:\/\/www.ile-blanche.com\/de\/"},{"@type":"ListItem","position":2,"name":"Campingplatz mit Schwimmbad Ile de R\u00e9"}]},{"@type":"WebSite","@id":"https:\/\/www.ile-blanche.com\/de\/#website","url":"https:\/\/www.ile-blanche.com\/de\/","name":"L'\u00cele Blanche","description":"","publisher":{"@id":"https:\/\/www.ile-blanche.com\/de\/#organization"},"potentialAction":[{"@type":"SearchAction","target":{"@type":"EntryPoint","urlTemplate":"https:\/\/www.ile-blanche.com\/de\/?s={search_term_string}"},"query-input":{"@type":"PropertyValueSpecification","valueRequired":true,"valueName":"search_term_string"}}],"inLanguage":"de"},{"@type":"Organization","@id":"https:\/\/www.ile-blanche.com\/de\/#organization","name":"L'\u00cele Blanche","url":"https:\/\/www.ile-blanche.com\/de\/","logo":{"@type":"ImageObject","inLanguage":"de","@id":"https:\/\/www.ile-blanche.com\/de\/#\/schema\/logo\/image\/","url":"https:\/\/www.ile-blanche.com\/wp-content\/uploads\/2022\/06\/cropped-logo-alt-ile-blanche.png","contentUrl":"https:\/\/www.ile-blanche.com\/wp-content\/uploads\/2022\/06\/cropped-logo-alt-ile-blanche.png","width":512,"height":512,"caption":"L'\u00cele Blanche"},"image":{"@id":"https:\/\/www.ile-blanche.com\/de\/#\/schema\/logo\/image\/"}}]}},"_links":{"self":[{"href":"https:\/\/www.ile-blanche.com\/de\/wp-json\/wp\/v2\/pages\/14738","targetHints":{"allow":["GET"]}}],"collection":[{"href":"https:\/\/www.ile-blanche.com\/de\/wp-json\/wp\/v2\/pages"}],"about":[{"href":"https:\/\/www.ile-blanche.com\/de\/wp-json\/wp\/v2\/types\/page"}],"author":[{"embeddable":true,"href":"https:\/\/www.ile-blanche.com\/de\/wp-json\/wp\/v2\/users\/1"}],"replies":[{"embeddable":true,"href":"https:\/\/www.ile-blanche.com\/de\/wp-json\/wp\/v2\/comments?post=14738"}],"version-history":[{"count":20,"href":"https:\/\/www.ile-blanche.com\/de\/wp-json\/wp\/v2\/pages\/14738\/revisions"}],"predecessor-version":[{"id":16457,"href":"https:\/\/www.ile-blanche.com\/de\/wp-json\/wp\/v2\/pages\/14738\/revisions\/16457"}],"wp:featuredmedia":[{"embeddable":true,"href":"https:\/\/www.ile-blanche.com\/de\/wp-json\/wp\/v2\/media\/13375"}],"wp:attachment":[{"href":"https:\/\/www.ile-blanche.com\/de\/wp-json\/wp\/v2\/media?parent=14738"}],"wp:term":[{"taxonomy":"sujet","embeddable":true,"href":"https:\/\/www.ile-blanche.com\/de\/wp-json\/wp\/v2\/sujet?post=14738"}],"curies":[{"name":"wp","href":"https:\/\/api.w.org\/{rel}","templated":true}]}}